{"id":14110,"date":"2024-09-02T09:51:56","date_gmt":"2024-09-02T09:51:56","guid":{"rendered":"https:\/\/www.elementvape.de\/?post_type=product&#038;p=14110"},"modified":"2024-10-15T03:05:46","modified_gmt":"2024-10-15T03:05:46","slug":"waspe-15000-puffs-mixed-berries-e-zigarette-zollfrei-und-zu-hervorragenden-grosshandelspreisen-fuer-den-perfekten-beerenmix","status":"publish","type":"product","link":"https:\/\/www.elementvape.de\/da\/produkt\/waspe-15000-puffs-mixed-berries-e-zigarette-zollfrei-und-zu-hervorragenden-grosshandelspreisen-fuer-den-perfekten-beerenmix\/","title":{"rendered":"WASPE 15000 PUFFS Mixed Berries E-cigaret Toldfri og til fremragende engrospriser for det perfekte b\u00e6rermix"},"content":{"rendered":"<div class=\"flex-shrink-0 flex flex-col relative items-end\">\n<div>\n<div class=\"pt-0\">\n<div class=\"gizmo-bot-avatar flex h-8 w-8 items-center justify-center overflow-hidden rounded-full\">\n<div class=\"relative p-1 rounded-sm flex items-center justify-center bg-token-main-surface-primary text-token-text-primary h-8 w-8\"><\/div>\n<\/div>\n<\/div>\n<\/div>\n<\/div>\n<div class=\"group\/conversation-turn relative flex w-full min-w-0 flex-col agent-turn\">\n<div class=\"flex-col gap-1 md:gap-3\">\n<div class=\"flex max-w-full flex-col flex-grow\">\n<div class=\"min-h-[20px] text-message flex w-full flex-col items-end gap-2 break-words [.text-message+&amp;]:mt-5 overflow-x-auto whitespace-normal\" dir=\"auto\" data-message-author-role=\"assistant\" data-message-id=\"60055b15-8105-4e42-b71b-cc0228dc23af\">\n<div class=\"flex w-full flex-col gap-1 empty:hidden first:pt-[3px]\">\n<div class=\"markdown prose w-full break-words dark:prose-invert light\">\n<h3>WASPE 15000 PUFFS Blandede B\u00e6r E-cigaret \u2013 Toldfri og til fremragende engrospriser for den perfekte b\u00e6rblanding<\/h3>\n<p>WASPE 15000 PUFFS Blandede B\u00e6r E-cigaret er det ideelle valg for alle, der elsker den fulde smag af en saftig b\u00e6rblanding. Denne <strong><a href=\"https:\/\/www.elementvape.de\/da\/c\/einweg-zigarette\/\" target=\"_blank\" rel=\"noopener\">Engangs e-cigaret<\/a><\/strong> kombinerer aromaerne af forskellige b\u00e6r til en harmonisk og intens damperoplevelse, der vil begejstre dine kunder. Nu til toldfri priser og til fremragende engrospriser, tilbyder dette produkt en fremragende mulighed for at give dine kunder en f\u00f8rsteklasses damperoplevelse og samtidig drage fordel af attraktive profitmarginer.<\/p>\n<h3 style=\"text-align: center;\">En rig b\u00e6rblanding for fuld nydelse<\/h3>\n<p><img loading=\"lazy\" decoding=\"async\" class=\"size-medium wp-image-14113 alignleft\" src=\"https:\/\/www.elementvape.de\/wp-content\/uploads\/2024\/09\/1-4-257x300.jpg\" alt=\"1 (4)\" width=\"257\" height=\"300\" srcset=\"https:\/\/www.elementvape.de\/wp-content\/uploads\/2024\/09\/1-4-257x300.jpg 257w, https:\/\/www.elementvape.de\/wp-content\/uploads\/2024\/09\/1-4-878x1024.jpg 878w, https:\/\/www.elementvape.de\/wp-content\/uploads\/2024\/09\/1-4-768x896.jpg 768w, https:\/\/www.elementvape.de\/wp-content\/uploads\/2024\/09\/1-4-1317x1536.jpg 1317w, https:\/\/www.elementvape.de\/wp-content\/uploads\/2024\/09\/1-4-1755x2048.jpg 1755w, https:\/\/www.elementvape.de\/wp-content\/uploads\/2024\/09\/1-4-600x700.jpg 600w\" sizes=\"(max-width: 257px) 100vw, 257px\" \/><\/p>\n<p>Smagsblandingen af WASPE 15000 PUFFS Blandede B\u00e6r <strong><a href=\"https:\/\/www.elementvape.de\/da\/\" target=\"_blank\" rel=\"noopener\">E-cigaret<\/a><\/strong> forener aromaerne af jordb\u00e6r, bl\u00e5b\u00e6r, hindb\u00e6r og andre vilde b\u00e6r til en frugtig eksplosion, der ved hver drag giver en intens smagsoplevelse. De forskellige b\u00e6raromaer supplerer hinanden perfekt og tilbyder en afbalanceret blanding af s\u00f8dme, syre og friskhed, hvilket er ideelt for b\u00e5de elskere af frugtige smage og damper, der \u00f8nsker at pr\u00f8ve noget nyt.<\/p>\n<p>Med en kapacitet p\u00e5 imponerende 15.000 drag tilbyder WASPE 15000 PUFFS en fremragende holdbarhed. Denne h\u00f8je kapacitet sikrer, at dine kunder f\u00e5r lang gl\u00e6de af deres k\u00f8b uden at skulle bekymre sig om hyppig genopfyldning eller udskiftning af enheden. Takket v\u00e6re 22 ml e-juice tilbyder denne e-cigaret ikke kun meget damp, men ogs\u00e5 en konstant og intens smag helt til sidste drag.<\/p>\n<p>WASPE 15000 PUFFS Blandede B\u00e6r E-cigaret f\u00e5s i flere N-Intensiv: 2% og 5%. Dette udvalg giver brugerne mulighed for at v\u00e6lge deres foretrukne N-Intensiv, s\u00e5 b\u00e5de nikotinfri nydere og dem, der s\u00f8ger en st\u00e6rkere N-Intensiv, kan finde den rette mulighed. Fleksibiliteten i N-Intensiv g\u00f8r dette produkt s\u00e6rligt attraktivt for en bred m\u00e5lgruppe.<\/p>\n<h4 style=\"text-align: center;\">Moderne teknologi og enkel betjening<\/h4>\n<p><img loading=\"lazy\" decoding=\"async\" class=\"wp-image-14112 alignright\" src=\"https:\/\/www.elementvape.de\/wp-content\/uploads\/2024\/09\/1-3-257x300.jpg\" alt=\"1 (3)\" width=\"288\" height=\"336\" srcset=\"https:\/\/www.elementvape.de\/wp-content\/uploads\/2024\/09\/1-3-257x300.jpg 257w, https:\/\/www.elementvape.de\/wp-content\/uploads\/2024\/09\/1-3-878x1024.jpg 878w, https:\/\/www.elementvape.de\/wp-content\/uploads\/2024\/09\/1-3-768x896.jpg 768w, https:\/\/www.elementvape.de\/wp-content\/uploads\/2024\/09\/1-3-1317x1536.jpg 1317w, https:\/\/www.elementvape.de\/wp-content\/uploads\/2024\/09\/1-3-1755x2048.jpg 1755w, https:\/\/www.elementvape.de\/wp-content\/uploads\/2024\/09\/1-3-600x700.jpg 600w\" sizes=\"(max-width: 288px) 100vw, 288px\" \/><\/p>\n<p>Udstyret med et 650mAh batteri, der oplades via en Type-C-port, tilbyder WASPE 15000 PUFFS ikke kun lang driftstid, men ogs\u00e5 en hurtig og enkel opladningsmulighed. Den indbyggede sk\u00e6rm viser batteristatus og den resterende m\u00e6ngde e-juice, hvilket sikrer nem brug. Det kompakte og ergonomiske design g\u00f8r denne e-cigaret til et ideelt valg til brug p\u00e5 farten og i hverdagen.<\/p>\n<p>Den toldfri tilg\u00e6ngelighed af WASPE 15000 PUFFS Blandede B\u00e6r E-cigaret er en stor fordel for forhandlere, da det v\u00e6sentligt reducerer importomkostningerne. Dette giver dig mulighed for at tilbyde produktet til meget konkurrencedygtige priser og samtidig maksimere dine profitmarginer. Med de fremragende engrospriser kan du tilbyde dine kunder et f\u00f8rsteklasses produkt til en attraktiv pris, hvilket vil \u00f8ge b\u00e5de dine salgstal og kundetilfredshed.<\/p>\n<p>WASPE 15000 PUFFS Blandede B\u00e6r E-cigaret er det perfekte valg for alle, der elsker den rige og frugtige smag af b\u00e6r. Takket v\u00e6re kombinationen af intense aromaer, holdbar ydeevne og brugervenlig teknologi tilbyder dette produkt en fremragende damperoplevelse. Den toldfri levering og de attraktive engrospriser g\u00f8r det ogs\u00e5 til et f\u00f8rsteklasses valg for forhandlere, der \u00f8nsker at udvide deres sortiment og tilbyde deres kunder et premiumprodukt.<\/p>\n<\/div>\n<\/div>\n<\/div>\n<\/div>\n<\/div>\n<\/div>","protected":false},"excerpt":{"rendered":"<p>WASPE 15000 PUFFS Mixed Berries E-Zigarette &#8211; Zollfrei und zu hervorragenden Gro\u00dfhandelspreisen f\u00fcr den perfekten Beerenmix Die WASPE 15000 PUFFS Mixed Berries E-Zigarette ist die ideale Wahl f\u00fcr alle, die den vollen Geschmack eines saftigen Beerenmixes lieben. Diese Einweg E-Zigarette kombiniert die Aromen verschiedener Beeren zu einem harmonischen und intensiven Dampferlebnis, das Ihre Kunden begeistern [&hellip;]<\/p>","protected":false},"featured_media":14111,"template":"","meta":{"inline_featured_image":false},"product_cat":[15,78,735,746,741,733,750,737,736,749,752,756,744,755,738,751,723],"product_tag":[710,674],"tiered_pricing_type":"fixed","tiered_pricing_fixed_rules":[],"tiered_pricing_percentage_rules":[],"tiered_pricing_minimum":1,"_administrator_tiered_pricing_type":"fixed","_administrator_tiered_pricing_fixed_rules":[],"_editor_tiered_pricing_type":"fixed","_editor_tiered_pricing_fixed_rules":[],"_author_tiered_pricing_type":"fixed","_author_tiered_pricing_fixed_rules":[],"_contributor_tiered_pricing_type":"fixed","_contributor_tiered_pricing_fixed_rules":[],"_subscriber_tiered_pricing_type":"fixed","_subscriber_tiered_pricing_fixed_rules":[],"_customer_tiered_pricing_type":"fixed","_customer_tiered_pricing_fixed_rules":[],"_shop_manager_tiered_pricing_type":"fixed","_shop_manager_tiered_pricing_fixed_rules":[],"_wpseo_manager_tiered_pricing_type":"fixed","_wpseo_manager_tiered_pricing_fixed_rules":[],"_wpseo_editor_tiered_pricing_type":"fixed","_wpseo_editor_tiered_pricing_fixed_rules":[],"_wholesale_customer_tiered_pricing_type":"fixed","_wholesale_customer_tiered_pricing_fixed_rules":[],"_marketer_tiered_pricing_type":"fixed","_marketer_tiered_pricing_fixed_rules":[],"_sales_manager_tiered_pricing_type":"fixed","_sales_manager_tiered_pricing_fixed_rules":[],"_sales_rep_tiered_pricing_type":"fixed","_sales_rep_tiered_pricing_fixed_rules":[],"yoast_head":"<!-- This site is optimized with the Yoast SEO plugin v23.3 - https:\/\/yoast.com\/wordpress\/plugins\/seo\/ -->\n<title>WASPE 15000 PUFFS Mixed Berries E-Zigarette Zollfrei und zu hervorragenden Gro\u00dfhandelspreisen f\u00fcr den perfekten Beerenmix | ElementVape.de<\/title>\n<meta name=\"description\" content=\"Wir bieten WASPE 15000 PUFFS Mixed Berries E-Zigarette Zollfrei und zu hervorragenden Gro\u00dfhandelspreisen f\u00fcr den perfekten Beerenmix , Elementvape.de akzeptieren Gro\u00df-und Einzelhandel Bestellungen.\" \/>\n<meta name=\"robots\" content=\"index, follow, max-snippet:-1, max-image-preview:large, max-video-preview:-1\" \/>\n<link rel=\"canonical\" href=\"https:\/\/www.elementvape.de\/da\/produkt\/waspe-15000-puffs-mixed-berries-e-zigarette-zollfrei-und-zu-hervorragenden-grosshandelspreisen-fuer-den-perfekten-beerenmix\/\" \/>\n<meta property=\"og:locale\" content=\"da_DK\" \/>\n<meta property=\"og:type\" content=\"article\" \/>\n<meta property=\"og:title\" content=\"WASPE 15000 PUFFS Mixed Berries E-Zigarette Zollfrei und zu hervorragenden Gro\u00dfhandelspreisen f\u00fcr den perfekten Beerenmix | ElementVape.de\" \/>\n<meta property=\"og:description\" content=\"Wir bieten WASPE 15000 PUFFS Mixed Berries E-Zigarette Zollfrei und zu hervorragenden Gro\u00dfhandelspreisen f\u00fcr den perfekten Beerenmix , Elementvape.de akzeptieren Gro\u00df-und Einzelhandel Bestellungen.\" \/>\n<meta property=\"og:url\" content=\"https:\/\/www.elementvape.de\/da\/produkt\/waspe-15000-puffs-mixed-berries-e-zigarette-zollfrei-und-zu-hervorragenden-grosshandelspreisen-fuer-den-perfekten-beerenmix\/\" \/>\n<meta property=\"og:site_name\" content=\"ElementVape.de\" \/>\n<meta property=\"article:modified_time\" content=\"2024-10-15T03:05:46+00:00\" \/>\n<meta property=\"og:image\" content=\"https:\/\/www.elementvape.de\/wp-content\/uploads\/2024\/09\/green-apple-watermelon-ice.jpg\" \/>\n\t<meta property=\"og:image:width\" content=\"2000\" \/>\n\t<meta property=\"og:image:height\" content=\"2000\" \/>\n\t<meta property=\"og:image:type\" content=\"image\/jpeg\" \/>\n<meta name=\"twitter:card\" content=\"summary_large_image\" \/>\n<meta name=\"twitter:label1\" content=\"Est. reading time\" \/>\n\t<meta name=\"twitter:data1\" content=\"4 minutter\" \/>\n<script type=\"application\/ld+json\" class=\"yoast-schema-graph\">{\"@context\":\"https:\/\/schema.org\",\"@graph\":[{\"@type\":\"WebPage\",\"@id\":\"https:\/\/www.elementvape.de\/pl\/produkt\/waspe-15000-puffs-mixed-berries-e-zigarette-zollfrei-und-zu-hervorragenden-grosshandelspreisen-fuer-den-perfekten-beerenmix\/\",\"url\":\"https:\/\/www.elementvape.de\/pl\/produkt\/waspe-15000-puffs-mixed-berries-e-zigarette-zollfrei-und-zu-hervorragenden-grosshandelspreisen-fuer-den-perfekten-beerenmix\/\",\"name\":\"WASPE 15000 PUFFS Mixed Berries E-Zigarette Zollfrei und zu hervorragenden Gro\u00dfhandelspreisen f\u00fcr den perfekten Beerenmix | ElementVape.de\",\"isPartOf\":{\"@id\":\"https:\/\/www.elementvape.de\/#website\"},\"primaryImageOfPage\":{\"@id\":\"https:\/\/www.elementvape.de\/pl\/produkt\/waspe-15000-puffs-mixed-berries-e-zigarette-zollfrei-und-zu-hervorragenden-grosshandelspreisen-fuer-den-perfekten-beerenmix\/#primaryimage\"},\"image\":{\"@id\":\"https:\/\/www.elementvape.de\/pl\/produkt\/waspe-15000-puffs-mixed-berries-e-zigarette-zollfrei-und-zu-hervorragenden-grosshandelspreisen-fuer-den-perfekten-beerenmix\/#primaryimage\"},\"thumbnailUrl\":\"https:\/\/www.elementvape.de\/wp-content\/uploads\/2024\/09\/green-apple-watermelon-ice.jpg\",\"datePublished\":\"2024-09-02T09:51:56+00:00\",\"dateModified\":\"2024-10-15T03:05:46+00:00\",\"description\":\"Wir bieten WASPE 15000 PUFFS Mixed Berries E-Zigarette Zollfrei und zu hervorragenden Gro\u00dfhandelspreisen f\u00fcr den perfekten Beerenmix , Elementvape.de akzeptieren Gro\u00df-und Einzelhandel Bestellungen.\",\"breadcrumb\":{\"@id\":\"https:\/\/www.elementvape.de\/pl\/produkt\/waspe-15000-puffs-mixed-berries-e-zigarette-zollfrei-und-zu-hervorragenden-grosshandelspreisen-fuer-den-perfekten-beerenmix\/#breadcrumb\"},\"inLanguage\":\"da-DK\",\"potentialAction\":[{\"@type\":\"ReadAction\",\"target\":[\"https:\/\/www.elementvape.de\/pl\/produkt\/waspe-15000-puffs-mixed-berries-e-zigarette-zollfrei-und-zu-hervorragenden-grosshandelspreisen-fuer-den-perfekten-beerenmix\/\"]}]},{\"@type\":\"ImageObject\",\"inLanguage\":\"da-DK\",\"@id\":\"https:\/\/www.elementvape.de\/pl\/produkt\/waspe-15000-puffs-mixed-berries-e-zigarette-zollfrei-und-zu-hervorragenden-grosshandelspreisen-fuer-den-perfekten-beerenmix\/#primaryimage\",\"url\":\"https:\/\/www.elementvape.de\/wp-content\/uploads\/2024\/09\/green-apple-watermelon-ice.jpg\",\"contentUrl\":\"https:\/\/www.elementvape.de\/wp-content\/uploads\/2024\/09\/green-apple-watermelon-ice.jpg\",\"width\":2000,\"height\":2000,\"caption\":\"green apple watermelon ice\"},{\"@type\":\"BreadcrumbList\",\"@id\":\"https:\/\/www.elementvape.de\/pl\/produkt\/waspe-15000-puffs-mixed-berries-e-zigarette-zollfrei-und-zu-hervorragenden-grosshandelspreisen-fuer-den-perfekten-beerenmix\/#breadcrumb\",\"itemListElement\":[{\"@type\":\"ListItem\",\"position\":1,\"name\":\"Home\",\"item\":\"https:\/\/www.elementvape.de\/\"},{\"@type\":\"ListItem\",\"position\":2,\"name\":\"Shop\",\"item\":\"https:\/\/www.elementvape.de\/shop\/\"},{\"@type\":\"ListItem\",\"position\":3,\"name\":\"WASPE 15000 PUFFS Mixed Berries E-Zigarette Zollfrei und zu hervorragenden Gro\u00dfhandelspreisen f\u00fcr den perfekten Beerenmix\"}]},{\"@type\":\"WebSite\",\"@id\":\"https:\/\/www.elementvape.de\/#website\",\"url\":\"https:\/\/www.elementvape.de\/\",\"name\":\"ElementVape.de\",\"description\":\"\",\"publisher\":{\"@id\":\"https:\/\/www.elementvape.de\/#organization\"},\"potentialAction\":[{\"@type\":\"SearchAction\",\"target\":{\"@type\":\"EntryPoint\",\"urlTemplate\":\"https:\/\/www.elementvape.de\/?s={search_term_string}\"},\"query-input\":\"required name=search_term_string\"}],\"inLanguage\":\"da-DK\"},{\"@type\":\"Organization\",\"@id\":\"https:\/\/www.elementvape.de\/#organization\",\"name\":\"ElementVape.DE\",\"url\":\"https:\/\/www.elementvape.de\/\",\"logo\":{\"@type\":\"ImageObject\",\"inLanguage\":\"da-DK\",\"@id\":\"https:\/\/www.elementvape.de\/#\/schema\/logo\/image\/\",\"url\":\"https:\/\/www.elementvape.de\/wp-content\/uploads\/2024\/09\/cropped-1elementvape-3.png\",\"contentUrl\":\"https:\/\/www.elementvape.de\/wp-content\/uploads\/2024\/09\/cropped-1elementvape-3.png\",\"width\":285,\"height\":228,\"caption\":\"ElementVape.DE\"},\"image\":{\"@id\":\"https:\/\/www.elementvape.de\/#\/schema\/logo\/image\/\"}}]}<\/script>\n<!-- \/ Yoast SEO plugin. -->","yoast_head_json":{"title":"WASPE 15000 PUFFS Mixed Berries E-Zigarette Zollfrei und zu hervorragenden Gro\u00dfhandelspreisen f\u00fcr den perfekten Beerenmix | ElementVape.de","description":"Wir bieten WASPE 15000 PUFFS Mixed Berries E-Zigarette Zollfrei und zu hervorragenden Gro\u00dfhandelspreisen f\u00fcr den perfekten Beerenmix , Elementvape.de akzeptieren Gro\u00df-und Einzelhandel Bestellungen.","robots":{"index":"index","follow":"follow","max-snippet":"max-snippet:-1","max-image-preview":"max-image-preview:large","max-video-preview":"max-video-preview:-1"},"canonical":"https:\/\/www.elementvape.de\/da\/produkt\/waspe-15000-puffs-mixed-berries-e-zigarette-zollfrei-und-zu-hervorragenden-grosshandelspreisen-fuer-den-perfekten-beerenmix\/","og_locale":"da_DK","og_type":"article","og_title":"WASPE 15000 PUFFS Mixed Berries E-Zigarette Zollfrei und zu hervorragenden Gro\u00dfhandelspreisen f\u00fcr den perfekten Beerenmix | ElementVape.de","og_description":"Wir bieten WASPE 15000 PUFFS Mixed Berries E-Zigarette Zollfrei und zu hervorragenden Gro\u00dfhandelspreisen f\u00fcr den perfekten Beerenmix , Elementvape.de akzeptieren Gro\u00df-und Einzelhandel Bestellungen.","og_url":"https:\/\/www.elementvape.de\/da\/produkt\/waspe-15000-puffs-mixed-berries-e-zigarette-zollfrei-und-zu-hervorragenden-grosshandelspreisen-fuer-den-perfekten-beerenmix\/","og_site_name":"ElementVape.de","article_modified_time":"2024-10-15T03:05:46+00:00","og_image":[{"width":2000,"height":2000,"url":"https:\/\/www.elementvape.de\/wp-content\/uploads\/2024\/09\/green-apple-watermelon-ice.jpg","type":"image\/jpeg"}],"twitter_card":"summary_large_image","twitter_misc":{"Est. reading time":"4 minutter"},"schema":{"@context":"https:\/\/schema.org","@graph":[{"@type":"WebPage","@id":"https:\/\/www.elementvape.de\/pl\/produkt\/waspe-15000-puffs-mixed-berries-e-zigarette-zollfrei-und-zu-hervorragenden-grosshandelspreisen-fuer-den-perfekten-beerenmix\/","url":"https:\/\/www.elementvape.de\/pl\/produkt\/waspe-15000-puffs-mixed-berries-e-zigarette-zollfrei-und-zu-hervorragenden-grosshandelspreisen-fuer-den-perfekten-beerenmix\/","name":"WASPE 15000 PUFFS Mixed Berries E-Zigarette Zollfrei und zu hervorragenden Gro\u00dfhandelspreisen f\u00fcr den perfekten Beerenmix | ElementVape.de","isPartOf":{"@id":"https:\/\/www.elementvape.de\/#website"},"primaryImageOfPage":{"@id":"https:\/\/www.elementvape.de\/pl\/produkt\/waspe-15000-puffs-mixed-berries-e-zigarette-zollfrei-und-zu-hervorragenden-grosshandelspreisen-fuer-den-perfekten-beerenmix\/#primaryimage"},"image":{"@id":"https:\/\/www.elementvape.de\/pl\/produkt\/waspe-15000-puffs-mixed-berries-e-zigarette-zollfrei-und-zu-hervorragenden-grosshandelspreisen-fuer-den-perfekten-beerenmix\/#primaryimage"},"thumbnailUrl":"https:\/\/www.elementvape.de\/wp-content\/uploads\/2024\/09\/green-apple-watermelon-ice.jpg","datePublished":"2024-09-02T09:51:56+00:00","dateModified":"2024-10-15T03:05:46+00:00","description":"Wir bieten WASPE 15000 PUFFS Mixed Berries E-Zigarette Zollfrei und zu hervorragenden Gro\u00dfhandelspreisen f\u00fcr den perfekten Beerenmix , Elementvape.de akzeptieren Gro\u00df-und Einzelhandel Bestellungen.","breadcrumb":{"@id":"https:\/\/www.elementvape.de\/pl\/produkt\/waspe-15000-puffs-mixed-berries-e-zigarette-zollfrei-und-zu-hervorragenden-grosshandelspreisen-fuer-den-perfekten-beerenmix\/#breadcrumb"},"inLanguage":"da-DK","potentialAction":[{"@type":"ReadAction","target":["https:\/\/www.elementvape.de\/pl\/produkt\/waspe-15000-puffs-mixed-berries-e-zigarette-zollfrei-und-zu-hervorragenden-grosshandelspreisen-fuer-den-perfekten-beerenmix\/"]}]},{"@type":"ImageObject","inLanguage":"da-DK","@id":"https:\/\/www.elementvape.de\/pl\/produkt\/waspe-15000-puffs-mixed-berries-e-zigarette-zollfrei-und-zu-hervorragenden-grosshandelspreisen-fuer-den-perfekten-beerenmix\/#primaryimage","url":"https:\/\/www.elementvape.de\/wp-content\/uploads\/2024\/09\/green-apple-watermelon-ice.jpg","contentUrl":"https:\/\/www.elementvape.de\/wp-content\/uploads\/2024\/09\/green-apple-watermelon-ice.jpg","width":2000,"height":2000,"caption":"green apple watermelon ice"},{"@type":"BreadcrumbList","@id":"https:\/\/www.elementvape.de\/pl\/produkt\/waspe-15000-puffs-mixed-berries-e-zigarette-zollfrei-und-zu-hervorragenden-grosshandelspreisen-fuer-den-perfekten-beerenmix\/#breadcrumb","itemListElement":[{"@type":"ListItem","position":1,"name":"Home","item":"https:\/\/www.elementvape.de\/"},{"@type":"ListItem","position":2,"name":"Shop","item":"https:\/\/www.elementvape.de\/shop\/"},{"@type":"ListItem","position":3,"name":"WASPE 15000 PUFFS Mixed Berries E-Zigarette Zollfrei und zu hervorragenden Gro\u00dfhandelspreisen f\u00fcr den perfekten Beerenmix"}]},{"@type":"WebSite","@id":"https:\/\/www.elementvape.de\/#website","url":"https:\/\/www.elementvape.de\/","name":"ElementVape.de","description":"","publisher":{"@id":"https:\/\/www.elementvape.de\/#organization"},"potentialAction":[{"@type":"SearchAction","target":{"@type":"EntryPoint","urlTemplate":"https:\/\/www.elementvape.de\/?s={search_term_string}"},"query-input":"required name=search_term_string"}],"inLanguage":"da-DK"},{"@type":"Organization","@id":"https:\/\/www.elementvape.de\/#organization","name":"ElementVape.DE","url":"https:\/\/www.elementvape.de\/","logo":{"@type":"ImageObject","inLanguage":"da-DK","@id":"https:\/\/www.elementvape.de\/#\/schema\/logo\/image\/","url":"https:\/\/www.elementvape.de\/wp-content\/uploads\/2024\/09\/cropped-1elementvape-3.png","contentUrl":"https:\/\/www.elementvape.de\/wp-content\/uploads\/2024\/09\/cropped-1elementvape-3.png","width":285,"height":228,"caption":"ElementVape.DE"},"image":{"@id":"https:\/\/www.elementvape.de\/#\/schema\/logo\/image\/"}}]}},"_links":{"self":[{"href":"https:\/\/www.elementvape.de\/da\/wp-json\/wp\/v2\/product\/14110"}],"collection":[{"href":"https:\/\/www.elementvape.de\/da\/wp-json\/wp\/v2\/product"}],"about":[{"href":"https:\/\/www.elementvape.de\/da\/wp-json\/wp\/v2\/types\/product"}],"wp:featuredmedia":[{"embeddable":true,"href":"https:\/\/www.elementvape.de\/da\/wp-json\/wp\/v2\/media\/14111"}],"wp:attachment":[{"href":"https:\/\/www.elementvape.de\/da\/wp-json\/wp\/v2\/media?parent=14110"}],"wp:term":[{"taxonomy":"product_cat","embeddable":true,"href":"https:\/\/www.elementvape.de\/da\/wp-json\/wp\/v2\/product_cat?post=14110"},{"taxonomy":"product_tag","embeddable":true,"href":"https:\/\/www.elementvape.de\/da\/wp-json\/wp\/v2\/product_tag?post=14110"}],"curies":[{"name":"wp","href":"https:\/\/api.w.org\/{rel}","templated":true}]}}