{"id":14091,"date":"2024-08-31T08:00:23","date_gmt":"2024-08-31T08:00:23","guid":{"rendered":"https:\/\/www.elementvape.de\/?post_type=product&#038;p=14091"},"modified":"2024-10-15T03:12:42","modified_gmt":"2024-10-15T03:12:42","slug":"waspe-8000-puffs-mixed-berries-e-zigarette-genussvoller-beerenmix-kick-zollfrei-und-zum-exklusiven-grosshandelspreis-erhaeltlich-8000-puffs-vape","status":"publish","type":"product","link":"https:\/\/www.elementvape.de\/da\/produkt\/waspe-8000-puffs-mixed-berries-e-zigarette-genussvoller-beerenmix-kick-zollfrei-und-zum-exklusiven-grosshandelspreis-erhaeltlich-8000-puffs-vape\/","title":{"rendered":"WASPE 8000 PUFFS Blanding af B\u00e6r E-cigaret Nydelsesfuld b\u00e6rblanding-kick toldfri og til eksklusiv engrospris tilg\u00e6ngelig 8000 puffs vape"},"content":{"rendered":"<h2><strong>WASPE 8000 PUFFS Blandede B\u00e6r E-cigaret \u2013 Nydelsesfuld b\u00e6rblanding-kick toldfri og til eksklusiv engrospris tilg\u00e6ngelig<\/strong><\/h2>\n<p>Den <strong>WASPE 8000 PUFFS Blandede B\u00e6r E-cigaret<\/strong> byder p\u00e5 en uforlignelig damperoplevelse med en intens, frugtig blanding af forskellige b\u00e6r. Denne E-cigaret er perfekt til alle, der \u00f8nsker at nyde den fulde smag af modne b\u00e6r i hver drag. Grossister kan k\u00f8be dette premium-produkt toldfrit og tilbyde deres kunder en h\u00f8j kvalitet og smagfuld damperoplevelse til en uovertruffen engrospris.<\/p>\n<table>\n<thead>\n<tr>\n<th><strong>Produktfunktion<\/strong><\/th>\n<th><strong>Detaljer<\/strong><\/th>\n<\/tr>\n<\/thead>\n<tbody>\n<tr>\n<td>Varem\u00e6rkenavn<\/td>\n<td>WASPE<\/td>\n<\/tr>\n<tr>\n<td>Produktnavn<\/td>\n<td>WASPE 8000 PUFFS Blandede B\u00e6r<\/td>\n<\/tr>\n<tr>\n<td>Indhold<\/td>\n<td>2% , 5%<\/td>\n<\/tr>\n<tr>\n<td>Tr\u00e6k (Puffs)<\/td>\n<td>8000<\/td>\n<\/tr>\n<tr>\n<td>E-liquid kapacitet<\/td>\n<td>16 ml<\/td>\n<\/tr>\n<tr>\n<td>Tilg\u00e6ngelige smagsvarianter<\/td>\n<td>Blandede B\u00e6r (skovb\u00e6r, bl\u00e5b\u00e6r, hindb\u00e6r, jordb\u00e6r)<\/td>\n<\/tr>\n<tr>\n<td>Opladningsport<\/td>\n<td>Type-C<\/td>\n<\/tr>\n<tr>\n<td>Batterikapacitet<\/td>\n<td>650mAh genopladelig<\/td>\n<\/tr>\n<tr>\n<td>Coil-teknologi<\/td>\n<td>0,8\u03a9 Mesh Coil<\/td>\n<\/tr>\n<tr>\n<td>Produktst\u00f8rrelse<\/td>\n<td>33 x 33 x 145 mm<\/td>\n<\/tr>\n<tr>\n<td>Produktv\u00e6gt<\/td>\n<td>90 g<\/td>\n<\/tr>\n<tr>\n<td>S\u00e6rlige kendetegn<\/td>\n<td>Cool Color Lights, genopladelig<\/td>\n<\/tr>\n<\/tbody>\n<\/table>\n<h3>Blandede B\u00e6r \u2013 Den ultimative b\u00e6rblanding for frugtigt nydelse<\/h3>\n<p>Den s\u00e6rlige charme ved WASPE 8000 PUFFS Blandede B\u00e6r E-cigaret ligger i dens rige og lagdelte aroma, der forener essensen af skovb\u00e6r, bl\u00e5b\u00e6r, hindb\u00e6r og jordb\u00e6r. Hver drag leverer en harmonisk blanding af s\u00f8de, saftige og let syrlige noter, der perfekt afspejler smagen af naturlige, friskplukkede b\u00e6r.<\/p>\n<p>Denne afbalancerede aroma g\u00f8r Blandede B\u00e6r <strong><a href=\"https:\/\/www.elementvape.de\/da\/c\/einweg-zigarette\/\" target=\"_blank\" rel=\"noopener\">Engangs E-cigaretter<\/a><\/strong> til et ideelt valg for damper, der v\u00e6rds\u00e6tter en frugtig mangfoldighed og l\u00e6nges efter en intens smagsoplevelse. Kombinationen af de forskellige b\u00e6rnoter sikrer variation og g\u00f8r, at dampe aldrig bliver kedeligt.<\/p>\n<h3>8000 drag for en langvarig b\u00e6r-nydelse<\/h3>\n<p>Med en imponerende kapacitet p\u00e5 8000 drag tilbyder WASPE 8000 PUFFS Blandede B\u00e6r E-cigaret en us\u00e6dvanligt lang brugstid. Den gener\u00f8se 16 ml E-v\u00e6ske kapacitet sikrer, at den l\u00e6kre b\u00e6rblandingssmag forbliver konstant gennem hele levetiden og ikke mister intensitet. Denne h\u00f8je puff-kapacitet er s\u00e6rlig attraktiv for grossister, da de kan tilbyde deres kunder et holdbart og ensartet produkt.<\/p>\n<p>Takket v\u00e6re denne udholdenhed kan <strong><a href=\"https:\/\/www.elementvape.de\/da\/\" target=\"_blank\" rel=\"noopener\">Dampere<\/a><\/strong> man nyde den fulde b\u00e6r-aroma i lang tid uden hyppig genopfyldning. Dette g\u00f8r WASPE Blandede B\u00e6r E-cigaret til et fremragende valg til daglig brug.<\/p>\n<h3>Teknologi til en fremragende damperoplevelse<\/h3>\n<p>WASPE 8000 PUFFS Blandede B\u00e6r E-cigaret er udstyret med den avancerede 0,8\u03a9 Mesh Coil-teknologi, der sikrer en j\u00e6vn opvarmning af E-v\u00e6sken og dermed en optimal smagsudvikling. Denne teknologi s\u00f8rger for, at b\u00e6raromaen kommer fuldt til udtryk ved hver drag, og tilbyder samtidig en t\u00e6t og tilfredsstillende dampproduktion.<\/p>\n<p>Type-C-ladeporten og 650mAh-batteriet sikrer hurtig og effektiv opladning af E-cigaret, s\u00e5 den altid er klar til brug. Denne brugervenlige h\u00e5ndtering, kombineret med de teknologiske fordele, g\u00f8r WASPE 8000 PUFFS Blandede B\u00e6r E-cigaret til et fremragende valg for b\u00e5de begyndere og erfarne dampere.<\/p>\n<h3>Toldfri levering og eksklusive grossistpriser<\/h3>\n<p><img loading=\"lazy\" decoding=\"async\" class=\"wp-image-14092\" src=\"https:\/\/www.elementvape.de\/wp-content\/uploads\/2024\/08\/10-1-300x300.jpg\" alt=\"10\" width=\"333\" height=\"333\" srcset=\"https:\/\/www.elementvape.de\/wp-content\/uploads\/2024\/08\/10-1-300x300.jpg 300w, https:\/\/www.elementvape.de\/wp-content\/uploads\/2024\/08\/10-1-150x150.jpg 150w, https:\/\/www.elementvape.de\/wp-content\/uploads\/2024\/08\/10-1-768x768.jpg 768w, https:\/\/www.elementvape.de\/wp-content\/uploads\/2024\/08\/10-1-600x600.jpg 600w, https:\/\/www.elementvape.de\/wp-content\/uploads\/2024\/08\/10-1-100x100.jpg 100w, https:\/\/www.elementvape.de\/wp-content\/uploads\/2024\/08\/10-1-50x50.jpg 50w, https:\/\/www.elementvape.de\/wp-content\/uploads\/2024\/08\/10-1.jpg 800w\" sizes=\"(max-width: 333px) 100vw, 333px\" \/><\/p>\n<p>Grossister har mulighed for at k\u00f8be WASPE 8000 PUFFS Mixed Berries E-cigaret uden told, hvilket v\u00e6sentligt reducerer indk\u00f8bsomkostningerne. Dette g\u00f8r det muligt at tilbyde produktet til en s\u00e6rlig attraktiv pris, hvilket b\u00e5de \u00f8ger profitmarginerne og konkurrenceevnen p\u00e5 markedet. De eksklusive grossistpriser g\u00f8r det s\u00e6rligt nemt at inkludere dette f\u00f8rsteklasses produkt i eget sortiment og samtidig overg\u00e5 kundernes forventninger.<\/p>\n<p>Disse \u00f8konomiske fordele, kombineret med et fremragende produkt, g\u00f8r WASPE 8000 PUFFS Mixed Berries E-cigaret til en v\u00e6rdifuld tilf\u00f8jelse til enhver forretning.<\/p>\n<p>WASPE 8000 PUFFS Mixed Berries E-cigaret tilbyder en unik og intens damperfaring, der imponerer med sin harmoniske blanding af forskellige b\u00e6r. Med sin h\u00f8je puff-kapacitet, den avancerede Mesh Coil-teknologi og brugervenlige h\u00e5ndtering s\u00e6tter den nye standarder inden for smag og kvalitet.<\/p>\n<p>For grossister tilbyder dette produkt ikke kun en fremragende mulighed for at give deres kunder noget s\u00e6rligt, men ogs\u00e5 betydelige \u00f8konomiske fordele gennem toldfri levering og eksklusive grossistpriser. Sikre dig nu WASPE 8000 PUFFS Mixed Berries E-cigaret og tilbyd dine kunder den ultimative b\u00e6r-oplevelse \u2013 toldfri og til en uovertruffen pris.<\/p>","protected":false},"excerpt":{"rendered":"<p>WASPE 8000 PUFFS Mixed Berries E-Zigarette \u2013 Genussvoller Beerenmix-Kick zollfrei und zum exklusiven Gro\u00dfhandelspreis erh\u00e4ltlich Die WASPE 8000 PUFFS Mixed Berries E-Zigarette bietet ein unvergleichliches Dampferlebnis mit einem intensiven, fruchtigen Mix aus verschiedenen Beeren. Diese E-Zigarette ist perfekt f\u00fcr alle, die den vollen Geschmack reifer Beeren in jedem Zug genie\u00dfen m\u00f6chten. Gro\u00dfh\u00e4ndler k\u00f6nnen dieses Premium-Produkt [&hellip;]<\/p>","protected":false},"featured_media":14093,"template":"","meta":{"inline_featured_image":false},"product_cat":[15,78,735,746,741,733,750,737,736,749,752,756,744,755,738,751,727],"product_tag":[710,683],"tiered_pricing_type":"fixed","tiered_pricing_fixed_rules":[],"tiered_pricing_percentage_rules":[],"tiered_pricing_minimum":1,"_administrator_tiered_pricing_type":"fixed","_administrator_tiered_pricing_fixed_rules":[],"_editor_tiered_pricing_type":"fixed","_editor_tiered_pricing_fixed_rules":[],"_author_tiered_pricing_type":"fixed","_author_tiered_pricing_fixed_rules":[],"_contributor_tiered_pricing_type":"fixed","_contributor_tiered_pricing_fixed_rules":[],"_subscriber_tiered_pricing_type":"fixed","_subscriber_tiered_pricing_fixed_rules":[],"_customer_tiered_pricing_type":"fixed","_customer_tiered_pricing_fixed_rules":[],"_shop_manager_tiered_pricing_type":"fixed","_shop_manager_tiered_pricing_fixed_rules":[],"_wpseo_manager_tiered_pricing_type":"fixed","_wpseo_manager_tiered_pricing_fixed_rules":[],"_wpseo_editor_tiered_pricing_type":"fixed","_wpseo_editor_tiered_pricing_fixed_rules":[],"_wholesale_customer_tiered_pricing_type":"fixed","_wholesale_customer_tiered_pricing_fixed_rules":[],"_marketer_tiered_pricing_type":"fixed","_marketer_tiered_pricing_fixed_rules":[],"_sales_manager_tiered_pricing_type":"fixed","_sales_manager_tiered_pricing_fixed_rules":[],"_sales_rep_tiered_pricing_type":"fixed","_sales_rep_tiered_pricing_fixed_rules":[],"yoast_head":"<!-- This site is optimized with the Yoast SEO plugin v23.3 - https:\/\/yoast.com\/wordpress\/plugins\/seo\/ -->\n<title>WASPE 8000 PUFFS Mixed Berries E-Zigarette Genussvoller Beerenmix-Kick zollfrei und zum exklusiven Gro\u00dfhandelspreis erh\u00e4ltlich 8000 puffs vape | ElementVape.de<\/title>\n<meta name=\"description\" content=\"Wir bieten WASPE 8000 PUFFS Mixed Berries E-Zigarette Genussvoller Beerenmix-Kick zollfrei und zum exklusiven Gro\u00dfhandelspreis erh\u00e4ltlich 8000 puffs vape , Elementvape.de akzeptieren Gro\u00df-und Einzelhandel Bestellungen.\" \/>\n<meta name=\"robots\" content=\"index, follow, max-snippet:-1, max-image-preview:large, max-video-preview:-1\" \/>\n<link rel=\"canonical\" href=\"https:\/\/www.elementvape.de\/da\/produkt\/waspe-8000-puffs-mixed-berries-e-zigarette-genussvoller-beerenmix-kick-zollfrei-und-zum-exklusiven-grosshandelspreis-erhaeltlich-8000-puffs-vape\/\" \/>\n<meta property=\"og:locale\" content=\"da_DK\" \/>\n<meta property=\"og:type\" content=\"article\" \/>\n<meta property=\"og:title\" content=\"WASPE 8000 PUFFS Mixed Berries E-Zigarette Genussvoller Beerenmix-Kick zollfrei und zum exklusiven Gro\u00dfhandelspreis erh\u00e4ltlich 8000 puffs vape | ElementVape.de\" \/>\n<meta property=\"og:description\" content=\"Wir bieten WASPE 8000 PUFFS Mixed Berries E-Zigarette Genussvoller Beerenmix-Kick zollfrei und zum exklusiven Gro\u00dfhandelspreis erh\u00e4ltlich 8000 puffs vape , Elementvape.de akzeptieren Gro\u00df-und Einzelhandel Bestellungen.\" \/>\n<meta property=\"og:url\" content=\"https:\/\/www.elementvape.de\/da\/produkt\/waspe-8000-puffs-mixed-berries-e-zigarette-genussvoller-beerenmix-kick-zollfrei-und-zum-exklusiven-grosshandelspreis-erhaeltlich-8000-puffs-vape\/\" \/>\n<meta property=\"og:site_name\" content=\"ElementVape.de\" \/>\n<meta property=\"article:modified_time\" content=\"2024-10-15T03:12:42+00:00\" \/>\n<meta property=\"og:image\" content=\"https:\/\/www.elementvape.de\/wp-content\/uploads\/2024\/08\/MIXED-BERRIES-3.jpg\" \/>\n\t<meta property=\"og:image:width\" content=\"800\" \/>\n\t<meta property=\"og:image:height\" content=\"800\" \/>\n\t<meta property=\"og:image:type\" content=\"image\/jpeg\" \/>\n<meta name=\"twitter:card\" content=\"summary_large_image\" \/>\n<meta name=\"twitter:label1\" content=\"Est. reading time\" \/>\n\t<meta name=\"twitter:data1\" content=\"4 minutter\" \/>\n<script type=\"application\/ld+json\" class=\"yoast-schema-graph\">{\"@context\":\"https:\/\/schema.org\",\"@graph\":[{\"@type\":\"WebPage\",\"@id\":\"https:\/\/www.elementvape.de\/lt\/produkt\/waspe-8000-puffs-mixed-berries-e-zigarette-genussvoller-beerenmix-kick-zollfrei-und-zum-exklusiven-grosshandelspreis-erhaeltlich-8000-puffs-vape\/\",\"url\":\"https:\/\/www.elementvape.de\/lt\/produkt\/waspe-8000-puffs-mixed-berries-e-zigarette-genussvoller-beerenmix-kick-zollfrei-und-zum-exklusiven-grosshandelspreis-erhaeltlich-8000-puffs-vape\/\",\"name\":\"WASPE 8000 PUFFS Mixed Berries E-Zigarette Genussvoller Beerenmix-Kick zollfrei und zum exklusiven Gro\u00dfhandelspreis erh\u00e4ltlich 8000 puffs vape | ElementVape.de\",\"isPartOf\":{\"@id\":\"https:\/\/www.elementvape.de\/#website\"},\"primaryImageOfPage\":{\"@id\":\"https:\/\/www.elementvape.de\/lt\/produkt\/waspe-8000-puffs-mixed-berries-e-zigarette-genussvoller-beerenmix-kick-zollfrei-und-zum-exklusiven-grosshandelspreis-erhaeltlich-8000-puffs-vape\/#primaryimage\"},\"image\":{\"@id\":\"https:\/\/www.elementvape.de\/lt\/produkt\/waspe-8000-puffs-mixed-berries-e-zigarette-genussvoller-beerenmix-kick-zollfrei-und-zum-exklusiven-grosshandelspreis-erhaeltlich-8000-puffs-vape\/#primaryimage\"},\"thumbnailUrl\":\"https:\/\/www.elementvape.de\/wp-content\/uploads\/2024\/08\/MIXED-BERRIES-3.jpg\",\"datePublished\":\"2024-08-31T08:00:23+00:00\",\"dateModified\":\"2024-10-15T03:12:42+00:00\",\"description\":\"Wir bieten WASPE 8000 PUFFS Mixed Berries E-Zigarette Genussvoller Beerenmix-Kick zollfrei und zum exklusiven Gro\u00dfhandelspreis erh\u00e4ltlich 8000 puffs vape , Elementvape.de akzeptieren Gro\u00df-und Einzelhandel Bestellungen.\",\"breadcrumb\":{\"@id\":\"https:\/\/www.elementvape.de\/lt\/produkt\/waspe-8000-puffs-mixed-berries-e-zigarette-genussvoller-beerenmix-kick-zollfrei-und-zum-exklusiven-grosshandelspreis-erhaeltlich-8000-puffs-vape\/#breadcrumb\"},\"inLanguage\":\"da-DK\",\"potentialAction\":[{\"@type\":\"ReadAction\",\"target\":[\"https:\/\/www.elementvape.de\/lt\/produkt\/waspe-8000-puffs-mixed-berries-e-zigarette-genussvoller-beerenmix-kick-zollfrei-und-zum-exklusiven-grosshandelspreis-erhaeltlich-8000-puffs-vape\/\"]}]},{\"@type\":\"ImageObject\",\"inLanguage\":\"da-DK\",\"@id\":\"https:\/\/www.elementvape.de\/lt\/produkt\/waspe-8000-puffs-mixed-berries-e-zigarette-genussvoller-beerenmix-kick-zollfrei-und-zum-exklusiven-grosshandelspreis-erhaeltlich-8000-puffs-vape\/#primaryimage\",\"url\":\"https:\/\/www.elementvape.de\/wp-content\/uploads\/2024\/08\/MIXED-BERRIES-3.jpg\",\"contentUrl\":\"https:\/\/www.elementvape.de\/wp-content\/uploads\/2024\/08\/MIXED-BERRIES-3.jpg\",\"width\":800,\"height\":800,\"caption\":\"MIXED BERRIES\"},{\"@type\":\"BreadcrumbList\",\"@id\":\"https:\/\/www.elementvape.de\/lt\/produkt\/waspe-8000-puffs-mixed-berries-e-zigarette-genussvoller-beerenmix-kick-zollfrei-und-zum-exklusiven-grosshandelspreis-erhaeltlich-8000-puffs-vape\/#breadcrumb\",\"itemListElement\":[{\"@type\":\"ListItem\",\"position\":1,\"name\":\"Home\",\"item\":\"https:\/\/www.elementvape.de\/\"},{\"@type\":\"ListItem\",\"position\":2,\"name\":\"Shop\",\"item\":\"https:\/\/www.elementvape.de\/shop\/\"},{\"@type\":\"ListItem\",\"position\":3,\"name\":\"WASPE 8000 PUFFS Mixed Berries E-Zigarette Genussvoller Beerenmix-Kick zollfrei und zum exklusiven Gro\u00dfhandelspreis erh\u00e4ltlich 8000 puffs vape\"}]},{\"@type\":\"WebSite\",\"@id\":\"https:\/\/www.elementvape.de\/#website\",\"url\":\"https:\/\/www.elementvape.de\/\",\"name\":\"ElementVape.de\",\"description\":\"\",\"publisher\":{\"@id\":\"https:\/\/www.elementvape.de\/#organization\"},\"potentialAction\":[{\"@type\":\"SearchAction\",\"target\":{\"@type\":\"EntryPoint\",\"urlTemplate\":\"https:\/\/www.elementvape.de\/?s={search_term_string}\"},\"query-input\":\"required name=search_term_string\"}],\"inLanguage\":\"da-DK\"},{\"@type\":\"Organization\",\"@id\":\"https:\/\/www.elementvape.de\/#organization\",\"name\":\"ElementVape.DE\",\"url\":\"https:\/\/www.elementvape.de\/\",\"logo\":{\"@type\":\"ImageObject\",\"inLanguage\":\"da-DK\",\"@id\":\"https:\/\/www.elementvape.de\/#\/schema\/logo\/image\/\",\"url\":\"https:\/\/www.elementvape.de\/wp-content\/uploads\/2024\/09\/cropped-1elementvape-3.png\",\"contentUrl\":\"https:\/\/www.elementvape.de\/wp-content\/uploads\/2024\/09\/cropped-1elementvape-3.png\",\"width\":285,\"height\":228,\"caption\":\"ElementVape.DE\"},\"image\":{\"@id\":\"https:\/\/www.elementvape.de\/#\/schema\/logo\/image\/\"}}]}<\/script>\n<!-- \/ Yoast SEO plugin. -->","yoast_head_json":{"title":"WASPE 8000 PUFFS Mixed Berries E-Zigarette Genussvoller Beerenmix-Kick zollfrei und zum exklusiven Gro\u00dfhandelspreis erh\u00e4ltlich 8000 puffs vape | ElementVape.de","description":"Wir bieten WASPE 8000 PUFFS Mixed Berries E-Zigarette Genussvoller Beerenmix-Kick zollfrei und zum exklusiven Gro\u00dfhandelspreis erh\u00e4ltlich 8000 puffs vape , Elementvape.de akzeptieren Gro\u00df-und Einzelhandel Bestellungen.","robots":{"index":"index","follow":"follow","max-snippet":"max-snippet:-1","max-image-preview":"max-image-preview:large","max-video-preview":"max-video-preview:-1"},"canonical":"https:\/\/www.elementvape.de\/da\/produkt\/waspe-8000-puffs-mixed-berries-e-zigarette-genussvoller-beerenmix-kick-zollfrei-und-zum-exklusiven-grosshandelspreis-erhaeltlich-8000-puffs-vape\/","og_locale":"da_DK","og_type":"article","og_title":"WASPE 8000 PUFFS Mixed Berries E-Zigarette Genussvoller Beerenmix-Kick zollfrei und zum exklusiven Gro\u00dfhandelspreis erh\u00e4ltlich 8000 puffs vape | ElementVape.de","og_description":"Wir bieten WASPE 8000 PUFFS Mixed Berries E-Zigarette Genussvoller Beerenmix-Kick zollfrei und zum exklusiven Gro\u00dfhandelspreis erh\u00e4ltlich 8000 puffs vape , Elementvape.de akzeptieren Gro\u00df-und Einzelhandel Bestellungen.","og_url":"https:\/\/www.elementvape.de\/da\/produkt\/waspe-8000-puffs-mixed-berries-e-zigarette-genussvoller-beerenmix-kick-zollfrei-und-zum-exklusiven-grosshandelspreis-erhaeltlich-8000-puffs-vape\/","og_site_name":"ElementVape.de","article_modified_time":"2024-10-15T03:12:42+00:00","og_image":[{"width":800,"height":800,"url":"https:\/\/www.elementvape.de\/wp-content\/uploads\/2024\/08\/MIXED-BERRIES-3.jpg","type":"image\/jpeg"}],"twitter_card":"summary_large_image","twitter_misc":{"Est. reading time":"4 minutter"},"schema":{"@context":"https:\/\/schema.org","@graph":[{"@type":"WebPage","@id":"https:\/\/www.elementvape.de\/lt\/produkt\/waspe-8000-puffs-mixed-berries-e-zigarette-genussvoller-beerenmix-kick-zollfrei-und-zum-exklusiven-grosshandelspreis-erhaeltlich-8000-puffs-vape\/","url":"https:\/\/www.elementvape.de\/lt\/produkt\/waspe-8000-puffs-mixed-berries-e-zigarette-genussvoller-beerenmix-kick-zollfrei-und-zum-exklusiven-grosshandelspreis-erhaeltlich-8000-puffs-vape\/","name":"WASPE 8000 PUFFS Mixed Berries E-Zigarette Genussvoller Beerenmix-Kick zollfrei und zum exklusiven Gro\u00dfhandelspreis erh\u00e4ltlich 8000 puffs vape | ElementVape.de","isPartOf":{"@id":"https:\/\/www.elementvape.de\/#website"},"primaryImageOfPage":{"@id":"https:\/\/www.elementvape.de\/lt\/produkt\/waspe-8000-puffs-mixed-berries-e-zigarette-genussvoller-beerenmix-kick-zollfrei-und-zum-exklusiven-grosshandelspreis-erhaeltlich-8000-puffs-vape\/#primaryimage"},"image":{"@id":"https:\/\/www.elementvape.de\/lt\/produkt\/waspe-8000-puffs-mixed-berries-e-zigarette-genussvoller-beerenmix-kick-zollfrei-und-zum-exklusiven-grosshandelspreis-erhaeltlich-8000-puffs-vape\/#primaryimage"},"thumbnailUrl":"https:\/\/www.elementvape.de\/wp-content\/uploads\/2024\/08\/MIXED-BERRIES-3.jpg","datePublished":"2024-08-31T08:00:23+00:00","dateModified":"2024-10-15T03:12:42+00:00","description":"Wir bieten WASPE 8000 PUFFS Mixed Berries E-Zigarette Genussvoller Beerenmix-Kick zollfrei und zum exklusiven Gro\u00dfhandelspreis erh\u00e4ltlich 8000 puffs vape , Elementvape.de akzeptieren Gro\u00df-und Einzelhandel Bestellungen.","breadcrumb":{"@id":"https:\/\/www.elementvape.de\/lt\/produkt\/waspe-8000-puffs-mixed-berries-e-zigarette-genussvoller-beerenmix-kick-zollfrei-und-zum-exklusiven-grosshandelspreis-erhaeltlich-8000-puffs-vape\/#breadcrumb"},"inLanguage":"da-DK","potentialAction":[{"@type":"ReadAction","target":["https:\/\/www.elementvape.de\/lt\/produkt\/waspe-8000-puffs-mixed-berries-e-zigarette-genussvoller-beerenmix-kick-zollfrei-und-zum-exklusiven-grosshandelspreis-erhaeltlich-8000-puffs-vape\/"]}]},{"@type":"ImageObject","inLanguage":"da-DK","@id":"https:\/\/www.elementvape.de\/lt\/produkt\/waspe-8000-puffs-mixed-berries-e-zigarette-genussvoller-beerenmix-kick-zollfrei-und-zum-exklusiven-grosshandelspreis-erhaeltlich-8000-puffs-vape\/#primaryimage","url":"https:\/\/www.elementvape.de\/wp-content\/uploads\/2024\/08\/MIXED-BERRIES-3.jpg","contentUrl":"https:\/\/www.elementvape.de\/wp-content\/uploads\/2024\/08\/MIXED-BERRIES-3.jpg","width":800,"height":800,"caption":"MIXED BERRIES"},{"@type":"BreadcrumbList","@id":"https:\/\/www.elementvape.de\/lt\/produkt\/waspe-8000-puffs-mixed-berries-e-zigarette-genussvoller-beerenmix-kick-zollfrei-und-zum-exklusiven-grosshandelspreis-erhaeltlich-8000-puffs-vape\/#breadcrumb","itemListElement":[{"@type":"ListItem","position":1,"name":"Home","item":"https:\/\/www.elementvape.de\/"},{"@type":"ListItem","position":2,"name":"Shop","item":"https:\/\/www.elementvape.de\/shop\/"},{"@type":"ListItem","position":3,"name":"WASPE 8000 PUFFS Mixed Berries E-Zigarette Genussvoller Beerenmix-Kick zollfrei und zum exklusiven Gro\u00dfhandelspreis erh\u00e4ltlich 8000 puffs vape"}]},{"@type":"WebSite","@id":"https:\/\/www.elementvape.de\/#website","url":"https:\/\/www.elementvape.de\/","name":"ElementVape.de","description":"","publisher":{"@id":"https:\/\/www.elementvape.de\/#organization"},"potentialAction":[{"@type":"SearchAction","target":{"@type":"EntryPoint","urlTemplate":"https:\/\/www.elementvape.de\/?s={search_term_string}"},"query-input":"required name=search_term_string"}],"inLanguage":"da-DK"},{"@type":"Organization","@id":"https:\/\/www.elementvape.de\/#organization","name":"ElementVape.DE","url":"https:\/\/www.elementvape.de\/","logo":{"@type":"ImageObject","inLanguage":"da-DK","@id":"https:\/\/www.elementvape.de\/#\/schema\/logo\/image\/","url":"https:\/\/www.elementvape.de\/wp-content\/uploads\/2024\/09\/cropped-1elementvape-3.png","contentUrl":"https:\/\/www.elementvape.de\/wp-content\/uploads\/2024\/09\/cropped-1elementvape-3.png","width":285,"height":228,"caption":"ElementVape.DE"},"image":{"@id":"https:\/\/www.elementvape.de\/#\/schema\/logo\/image\/"}}]}},"_links":{"self":[{"href":"https:\/\/www.elementvape.de\/da\/wp-json\/wp\/v2\/product\/14091"}],"collection":[{"href":"https:\/\/www.elementvape.de\/da\/wp-json\/wp\/v2\/product"}],"about":[{"href":"https:\/\/www.elementvape.de\/da\/wp-json\/wp\/v2\/types\/product"}],"wp:featuredmedia":[{"embeddable":true,"href":"https:\/\/www.elementvape.de\/da\/wp-json\/wp\/v2\/media\/14093"}],"wp:attachment":[{"href":"https:\/\/www.elementvape.de\/da\/wp-json\/wp\/v2\/media?parent=14091"}],"wp:term":[{"taxonomy":"product_cat","embeddable":true,"href":"https:\/\/www.elementvape.de\/da\/wp-json\/wp\/v2\/product_cat?post=14091"},{"taxonomy":"product_tag","embeddable":true,"href":"https:\/\/www.elementvape.de\/da\/wp-json\/wp\/v2\/product_tag?post=14091"}],"curies":[{"name":"wp","href":"https:\/\/api.w.org\/{rel}","templated":true}]}}