{"id":13999,"date":"2024-08-23T09:06:01","date_gmt":"2024-08-23T09:06:01","guid":{"rendered":"https:\/\/www.elementvape.de\/?post_type=product&#038;p=13999"},"modified":"2024-10-15T03:50:15","modified_gmt":"2024-10-15T03:50:15","slug":"zollfreie-e-zigarette-waspe-12000-strawberry-donuts-12000-zuege-650-mah-akku-typ-c-anschluss","status":"publish","type":"product","link":"https:\/\/www.elementvape.de\/da\/produkt\/zollfreie-e-zigarette-waspe-12000-strawberry-donuts-12000-zuege-650-mah-akku-typ-c-anschluss\/","title":{"rendered":"Toldfri E-cigaret WASPE 12000 STRAWBERRY DONUTS 12000 Tr\u00e6k 650 mAh Batteri Type-C forbindelse"},"content":{"rendered":"<div class=\"flex-shrink-0 flex flex-col relative items-end\">\n<div>\n<div class=\"pt-0\">\n<div class=\"gizmo-bot-avatar flex h-8 w-8 items-center justify-center overflow-hidden rounded-full\">\n<div class=\"relative p-1 rounded-sm flex items-center justify-center bg-token-main-surface-primary text-token-text-primary h-8 w-8\"><\/div>\n<\/div>\n<\/div>\n<\/div>\n<\/div>\n<div class=\"group\/conversation-turn relative flex w-full min-w-0 flex-col agent-turn\">\n<div class=\"flex-col gap-1 md:gap-3\">\n<div class=\"flex max-w-full flex-col flex-grow\">\n<div class=\"min-h-[20px] text-message flex w-full flex-col items-end gap-2 break-words [.text-message+&amp;]:mt-5 overflow-x-auto whitespace-pre-wrap\" dir=\"auto\" data-message-author-role=\"assistant\" data-message-id=\"3ab32f01-0459-4393-b89a-ad41f829d7d5\">\n<div class=\"flex w-full flex-col gap-1 empty:hidden first:pt-[3px]\">\n<div class=\"markdown prose w-full break-words dark:prose-invert light\">\n<h2>WASPE-12000 E-cigaret S\u00f8dt Nydelse med STRAWBERRY DONUTS<\/h2>\n<p>WASPE-12000 <strong><a href=\"https:\/\/www.elementvape.de\/da\/\" target=\"_blank\" rel=\"noopener\">E-cigaret<\/a><\/strong> s\u00e6tter nye standarder for damperoplevelsen med sin l\u00e6kre aroma af STRAWBERRY DONUTS. Denne toldfri e-cigaret kombinerer h\u00f8j ydeevne med en forf\u00f8rende smag, der perfekt forener den s\u00f8de nydelse af jordb\u00e6r og donuts i en damperoplevelse. Med et imponerende antal sug og avanceret teknologi er WASPE-12000 det ideelle valg for dampere, der \u00f8nsker en langvarig og l\u00e6kker nydelse.<\/p>\n<h3>STRAWBERRY DONUTS: En s\u00f8d godbid<\/h3>\n<p>Smagen af STRAWBERRY DONUTS kombinerer saftig s\u00f8dme fra friske jordb\u00e6r med den l\u00e6kre, let fede smag af en friskbagt donut. Denne smagskombination tilbyder en rig og tilfredsstillende oplevelse, der minder om en velsmagende, s\u00f8d snack. Hver sug giver den fulde smag af frugtige jordb\u00e6r og de varme, sm\u00f8ragtige aromaer af en donut, hvilket skaber en forn\u00f8jelig og samtidig s\u00f8d damperoplevelse.<\/p>\n<p>Med en gener\u00f8s E-liquid kapacitet p\u00e5 20 ml og op til 12.000 sug leverer WASPE-12000 konstant og intens smag. Den s\u00f8de aroma forbliver gennem hele brugen, hvilket sikrer en ensartet h\u00f8j damperoplevelse.<\/p>\n<p>WASPE-12000 e-cigaret tilbyder ikke kun en enest\u00e5ende smagsoplevelse, men ogs\u00e5 f\u00f8rsteklasses teknisk udstyr. De vigtigste tekniske detaljer er opsummeret i f\u00f8lgende tabel:<\/p>\n<table>\n<thead>\n<tr>\n<th><strong>Egenskab<\/strong><\/th>\n<th><strong>Detaljer<\/strong><\/th>\n<\/tr>\n<\/thead>\n<tbody>\n<tr>\n<td>Model<\/td>\n<td>WASPE-12000<\/td>\n<\/tr>\n<tr>\n<td>Smagsvariant<\/td>\n<td>JORDB\u00c6R DONUTS<\/td>\n<\/tr>\n<tr>\n<td>Materiale<\/td>\n<td>Aluminiumlegering, PCGT<\/td>\n<\/tr>\n<tr>\n<td>N-indhold<\/td>\n<td>2%, 5%<\/td>\n<\/tr>\n<tr>\n<td>Coil-modstand<\/td>\n<td>1,0\u03a9<\/td>\n<\/tr>\n<tr>\n<td>Tr\u00e6k<\/td>\n<td>12.000 tr\u00e6k<\/td>\n<\/tr>\n<tr>\n<td>E-liquid kapacitet<\/td>\n<td>20 ml<\/td>\n<\/tr>\n<tr>\n<td>Batterikapacitet<\/td>\n<td>650 mAh<\/td>\n<\/tr>\n<tr>\n<td>Ydelsesomr\u00e5de<\/td>\n<td>7-12V<\/td>\n<\/tr>\n<tr>\n<td>Genopladelig<\/td>\n<td>Ja<\/td>\n<\/tr>\n<tr>\n<td>Opladningsport<\/td>\n<td>Type-C<\/td>\n<\/tr>\n<tr>\n<td>Nettov\u00e6gt<\/td>\n<td>96 g<\/td>\n<\/tr>\n<tr>\n<td>Produktst\u00f8rrelse<\/td>\n<td>32<em>36<\/em>116 mm<\/td>\n<\/tr>\n<\/tbody>\n<\/table>\n<p>650 mAh batteriet giver tilstr\u00e6kkelig energi til langvarig brug, mens Type-C opladningsporten sikrer hurtig og nem opladning. Den kompakte st\u00f8rrelse og lette v\u00e6gt g\u00f8r e-cigaretten ideel til daglig brug, og de robuste materialer sikrer holdbarhed og p\u00e5lidelighed.<\/p>\n<p>En ekstra fordel ved WASPE-12000 e-cigaret er dens toldfri tilg\u00e6ngelighed i Danmark. Dette giver forbrugerne mulighed for at k\u00f8be et kvalitetsprodukt til en attraktiv pris uden ekstra omkostninger til toldgebyrer eller h\u00f8je skatter. For forhandlere \u00e5bner dette mulighed for at tilbyde et eftertragtet og konkurrencedygtigt produkt, der appellerer til en bred kundekreds.<\/p>\n<p>Med den forf\u00f8rende smag af STRAWBERRY DONUTS og den avancerede tekniske udstyr er WASPE-12000 e-cigaret det perfekte valg for dampere, der s\u00f8ger en s\u00f8d, langvarig og kvalitetsfuld damperoplevelse. Denne model kombinerer f\u00f8rsteklasses smag med brugervenlighed og tilbyder en fremragende l\u00f8sning til dagligt nydelse.<\/p>\n<\/div>\n<\/div>\n<\/div>\n<\/div>\n<\/div>\n<\/div>","protected":false},"excerpt":{"rendered":"<p>WASPE-12000 E-Zigarette S\u00fc\u00dfer Genuss mit STRAWBERRY DONUTS Die WASPE-12000 E-Zigarette setzt neue Ma\u00dfst\u00e4be im Dampferlebnis mit ihrem k\u00f6stlichen Aroma von STRAWBERRY DONUTS. Diese zollfreie E-Zigarette vereint hohe Leistung mit einem verf\u00fchrerischen Geschmack, der den s\u00fc\u00dfen Genuss von Erdbeeren und Donuts perfekt in einem Dampferlebnis vereint. Mit einer beeindruckenden Anzahl an Z\u00fcgen und fortschrittlicher Technik ist [&hellip;]<\/p>","protected":false},"featured_media":14000,"template":"","meta":{"inline_featured_image":false},"product_cat":[15,78,735,746,741,733,744,755,738,751,722],"product_tag":[710,673],"tiered_pricing_type":"fixed","tiered_pricing_fixed_rules":{"110":"6.83","200":"6.07","500":"5.31"},"tiered_pricing_percentage_rules":[],"tiered_pricing_minimum":1,"_administrator_tiered_pricing_type":"fixed","_administrator_tiered_pricing_fixed_rules":[],"_editor_tiered_pricing_type":"fixed","_editor_tiered_pricing_fixed_rules":[],"_author_tiered_pricing_type":"fixed","_author_tiered_pricing_fixed_rules":[],"_contributor_tiered_pricing_type":"fixed","_contributor_tiered_pricing_fixed_rules":[],"_subscriber_tiered_pricing_type":"fixed","_subscriber_tiered_pricing_fixed_rules":[],"_customer_tiered_pricing_type":"fixed","_customer_tiered_pricing_fixed_rules":[],"_shop_manager_tiered_pricing_type":"fixed","_shop_manager_tiered_pricing_fixed_rules":[],"_wpseo_manager_tiered_pricing_type":"fixed","_wpseo_manager_tiered_pricing_fixed_rules":[],"_wpseo_editor_tiered_pricing_type":"fixed","_wpseo_editor_tiered_pricing_fixed_rules":[],"_wholesale_customer_tiered_pricing_type":"fixed","_wholesale_customer_tiered_pricing_fixed_rules":[],"_marketer_tiered_pricing_type":"fixed","_marketer_tiered_pricing_fixed_rules":[],"_sales_manager_tiered_pricing_type":"fixed","_sales_manager_tiered_pricing_fixed_rules":[],"_sales_rep_tiered_pricing_type":"fixed","_sales_rep_tiered_pricing_fixed_rules":[],"yoast_head":"<!-- This site is optimized with the Yoast SEO plugin v23.3 - https:\/\/yoast.com\/wordpress\/plugins\/seo\/ -->\n<title>Zollfreie E-Zigarette WASPE 12000 STRAWBERRY DONUTS 12000 Z\u00fcge 650 mAh Akku Typ-C Anschluss | ElementVape.de<\/title>\n<meta name=\"description\" content=\"Wir bieten Zollfreie E-Zigarette WASPE 12000 STRAWBERRY DONUTS 12000 Z\u00fcge 650 mAh Akku Typ-C Anschluss , Elementvape.de akzeptieren Gro\u00df-und Einzelhandel Bestellungen.\" \/>\n<meta name=\"robots\" content=\"index, follow, max-snippet:-1, max-image-preview:large, max-video-preview:-1\" \/>\n<link rel=\"canonical\" href=\"https:\/\/www.elementvape.de\/da\/produkt\/zollfreie-e-zigarette-waspe-12000-strawberry-donuts-12000-zuege-650-mah-akku-typ-c-anschluss\/\" \/>\n<meta property=\"og:locale\" content=\"da_DK\" \/>\n<meta property=\"og:type\" content=\"article\" \/>\n<meta property=\"og:title\" content=\"Zollfreie E-Zigarette WASPE 12000 STRAWBERRY DONUTS 12000 Z\u00fcge 650 mAh Akku Typ-C Anschluss | ElementVape.de\" \/>\n<meta property=\"og:description\" content=\"Wir bieten Zollfreie E-Zigarette WASPE 12000 STRAWBERRY DONUTS 12000 Z\u00fcge 650 mAh Akku Typ-C Anschluss , Elementvape.de akzeptieren Gro\u00df-und Einzelhandel Bestellungen.\" \/>\n<meta property=\"og:url\" content=\"https:\/\/www.elementvape.de\/da\/produkt\/zollfreie-e-zigarette-waspe-12000-strawberry-donuts-12000-zuege-650-mah-akku-typ-c-anschluss\/\" \/>\n<meta property=\"og:site_name\" content=\"ElementVape.de\" \/>\n<meta property=\"article:modified_time\" content=\"2024-10-15T03:50:15+00:00\" \/>\n<meta property=\"og:image\" content=\"https:\/\/www.elementvape.de\/wp-content\/uploads\/2024\/08\/STRAWBERRY-DONUTS.jpg\" \/>\n\t<meta property=\"og:image:width\" content=\"2500\" \/>\n\t<meta property=\"og:image:height\" content=\"1500\" \/>\n\t<meta property=\"og:image:type\" content=\"image\/jpeg\" \/>\n<meta name=\"twitter:card\" content=\"summary_large_image\" \/>\n<meta name=\"twitter:label1\" content=\"Est. reading time\" \/>\n\t<meta name=\"twitter:data1\" content=\"3 minutter\" \/>\n<script type=\"application\/ld+json\" class=\"yoast-schema-graph\">{\"@context\":\"https:\/\/schema.org\",\"@graph\":[{\"@type\":\"WebPage\",\"@id\":\"https:\/\/www.elementvape.de\/produkt\/zollfreie-e-zigarette-waspe-12000-strawberry-donuts-12000-zuege-650-mah-akku-typ-c-anschluss\/\",\"url\":\"https:\/\/www.elementvape.de\/produkt\/zollfreie-e-zigarette-waspe-12000-strawberry-donuts-12000-zuege-650-mah-akku-typ-c-anschluss\/\",\"name\":\"Zollfreie E-Zigarette WASPE 12000 STRAWBERRY DONUTS 12000 Z\u00fcge 650 mAh Akku Typ-C Anschluss | ElementVape.de\",\"isPartOf\":{\"@id\":\"https:\/\/www.elementvape.de\/#website\"},\"primaryImageOfPage\":{\"@id\":\"https:\/\/www.elementvape.de\/produkt\/zollfreie-e-zigarette-waspe-12000-strawberry-donuts-12000-zuege-650-mah-akku-typ-c-anschluss\/#primaryimage\"},\"image\":{\"@id\":\"https:\/\/www.elementvape.de\/produkt\/zollfreie-e-zigarette-waspe-12000-strawberry-donuts-12000-zuege-650-mah-akku-typ-c-anschluss\/#primaryimage\"},\"thumbnailUrl\":\"https:\/\/www.elementvape.de\/wp-content\/uploads\/2024\/08\/STRAWBERRY-DONUTS.jpg\",\"datePublished\":\"2024-08-23T09:06:01+00:00\",\"dateModified\":\"2024-10-15T03:50:15+00:00\",\"description\":\"Wir bieten Zollfreie E-Zigarette WASPE 12000 STRAWBERRY DONUTS 12000 Z\u00fcge 650 mAh Akku Typ-C Anschluss , Elementvape.de akzeptieren Gro\u00df-und Einzelhandel Bestellungen.\",\"breadcrumb\":{\"@id\":\"https:\/\/www.elementvape.de\/produkt\/zollfreie-e-zigarette-waspe-12000-strawberry-donuts-12000-zuege-650-mah-akku-typ-c-anschluss\/#breadcrumb\"},\"inLanguage\":\"da-DK\",\"potentialAction\":[{\"@type\":\"ReadAction\",\"target\":[\"https:\/\/www.elementvape.de\/produkt\/zollfreie-e-zigarette-waspe-12000-strawberry-donuts-12000-zuege-650-mah-akku-typ-c-anschluss\/\"]}]},{\"@type\":\"ImageObject\",\"inLanguage\":\"da-DK\",\"@id\":\"https:\/\/www.elementvape.de\/produkt\/zollfreie-e-zigarette-waspe-12000-strawberry-donuts-12000-zuege-650-mah-akku-typ-c-anschluss\/#primaryimage\",\"url\":\"https:\/\/www.elementvape.de\/wp-content\/uploads\/2024\/08\/STRAWBERRY-DONUTS.jpg\",\"contentUrl\":\"https:\/\/www.elementvape.de\/wp-content\/uploads\/2024\/08\/STRAWBERRY-DONUTS.jpg\",\"width\":2500,\"height\":1500,\"caption\":\"STRAWBERRY DONUTS\"},{\"@type\":\"BreadcrumbList\",\"@id\":\"https:\/\/www.elementvape.de\/produkt\/zollfreie-e-zigarette-waspe-12000-strawberry-donuts-12000-zuege-650-mah-akku-typ-c-anschluss\/#breadcrumb\",\"itemListElement\":[{\"@type\":\"ListItem\",\"position\":1,\"name\":\"Home\",\"item\":\"https:\/\/www.elementvape.de\/\"},{\"@type\":\"ListItem\",\"position\":2,\"name\":\"Shop\",\"item\":\"https:\/\/www.elementvape.de\/shop\/\"},{\"@type\":\"ListItem\",\"position\":3,\"name\":\"Zollfreie E-Zigarette WASPE 12000 STRAWBERRY DONUTS 12000 Z\u00fcge 650 mAh Akku Typ-C Anschluss\"}]},{\"@type\":\"WebSite\",\"@id\":\"https:\/\/www.elementvape.de\/#website\",\"url\":\"https:\/\/www.elementvape.de\/\",\"name\":\"ElementVape.de\",\"description\":\"\",\"publisher\":{\"@id\":\"https:\/\/www.elementvape.de\/#organization\"},\"potentialAction\":[{\"@type\":\"SearchAction\",\"target\":{\"@type\":\"EntryPoint\",\"urlTemplate\":\"https:\/\/www.elementvape.de\/?s={search_term_string}\"},\"query-input\":\"required name=search_term_string\"}],\"inLanguage\":\"da-DK\"},{\"@type\":\"Organization\",\"@id\":\"https:\/\/www.elementvape.de\/#organization\",\"name\":\"ElementVape.DE\",\"url\":\"https:\/\/www.elementvape.de\/\",\"logo\":{\"@type\":\"ImageObject\",\"inLanguage\":\"da-DK\",\"@id\":\"https:\/\/www.elementvape.de\/#\/schema\/logo\/image\/\",\"url\":\"https:\/\/www.elementvape.de\/wp-content\/uploads\/2024\/09\/cropped-1elementvape-3.png\",\"contentUrl\":\"https:\/\/www.elementvape.de\/wp-content\/uploads\/2024\/09\/cropped-1elementvape-3.png\",\"width\":285,\"height\":228,\"caption\":\"ElementVape.DE\"},\"image\":{\"@id\":\"https:\/\/www.elementvape.de\/#\/schema\/logo\/image\/\"}}]}<\/script>\n<!-- \/ Yoast SEO plugin. -->","yoast_head_json":{"title":"Zollfreie E-Zigarette WASPE 12000 STRAWBERRY DONUTS 12000 Z\u00fcge 650 mAh Akku Typ-C Anschluss | ElementVape.de","description":"Wir bieten Zollfreie E-Zigarette WASPE 12000 STRAWBERRY DONUTS 12000 Z\u00fcge 650 mAh Akku Typ-C Anschluss , Elementvape.de akzeptieren Gro\u00df-und Einzelhandel Bestellungen.","robots":{"index":"index","follow":"follow","max-snippet":"max-snippet:-1","max-image-preview":"max-image-preview:large","max-video-preview":"max-video-preview:-1"},"canonical":"https:\/\/www.elementvape.de\/da\/produkt\/zollfreie-e-zigarette-waspe-12000-strawberry-donuts-12000-zuege-650-mah-akku-typ-c-anschluss\/","og_locale":"da_DK","og_type":"article","og_title":"Zollfreie E-Zigarette WASPE 12000 STRAWBERRY DONUTS 12000 Z\u00fcge 650 mAh Akku Typ-C Anschluss | ElementVape.de","og_description":"Wir bieten Zollfreie E-Zigarette WASPE 12000 STRAWBERRY DONUTS 12000 Z\u00fcge 650 mAh Akku Typ-C Anschluss , Elementvape.de akzeptieren Gro\u00df-und Einzelhandel Bestellungen.","og_url":"https:\/\/www.elementvape.de\/da\/produkt\/zollfreie-e-zigarette-waspe-12000-strawberry-donuts-12000-zuege-650-mah-akku-typ-c-anschluss\/","og_site_name":"ElementVape.de","article_modified_time":"2024-10-15T03:50:15+00:00","og_image":[{"width":2500,"height":1500,"url":"https:\/\/www.elementvape.de\/wp-content\/uploads\/2024\/08\/STRAWBERRY-DONUTS.jpg","type":"image\/jpeg"}],"twitter_card":"summary_large_image","twitter_misc":{"Est. reading time":"3 minutter"},"schema":{"@context":"https:\/\/schema.org","@graph":[{"@type":"WebPage","@id":"https:\/\/www.elementvape.de\/produkt\/zollfreie-e-zigarette-waspe-12000-strawberry-donuts-12000-zuege-650-mah-akku-typ-c-anschluss\/","url":"https:\/\/www.elementvape.de\/produkt\/zollfreie-e-zigarette-waspe-12000-strawberry-donuts-12000-zuege-650-mah-akku-typ-c-anschluss\/","name":"Zollfreie E-Zigarette WASPE 12000 STRAWBERRY DONUTS 12000 Z\u00fcge 650 mAh Akku Typ-C Anschluss | ElementVape.de","isPartOf":{"@id":"https:\/\/www.elementvape.de\/#website"},"primaryImageOfPage":{"@id":"https:\/\/www.elementvape.de\/produkt\/zollfreie-e-zigarette-waspe-12000-strawberry-donuts-12000-zuege-650-mah-akku-typ-c-anschluss\/#primaryimage"},"image":{"@id":"https:\/\/www.elementvape.de\/produkt\/zollfreie-e-zigarette-waspe-12000-strawberry-donuts-12000-zuege-650-mah-akku-typ-c-anschluss\/#primaryimage"},"thumbnailUrl":"https:\/\/www.elementvape.de\/wp-content\/uploads\/2024\/08\/STRAWBERRY-DONUTS.jpg","datePublished":"2024-08-23T09:06:01+00:00","dateModified":"2024-10-15T03:50:15+00:00","description":"Wir bieten Zollfreie E-Zigarette WASPE 12000 STRAWBERRY DONUTS 12000 Z\u00fcge 650 mAh Akku Typ-C Anschluss , Elementvape.de akzeptieren Gro\u00df-und Einzelhandel Bestellungen.","breadcrumb":{"@id":"https:\/\/www.elementvape.de\/produkt\/zollfreie-e-zigarette-waspe-12000-strawberry-donuts-12000-zuege-650-mah-akku-typ-c-anschluss\/#breadcrumb"},"inLanguage":"da-DK","potentialAction":[{"@type":"ReadAction","target":["https:\/\/www.elementvape.de\/produkt\/zollfreie-e-zigarette-waspe-12000-strawberry-donuts-12000-zuege-650-mah-akku-typ-c-anschluss\/"]}]},{"@type":"ImageObject","inLanguage":"da-DK","@id":"https:\/\/www.elementvape.de\/produkt\/zollfreie-e-zigarette-waspe-12000-strawberry-donuts-12000-zuege-650-mah-akku-typ-c-anschluss\/#primaryimage","url":"https:\/\/www.elementvape.de\/wp-content\/uploads\/2024\/08\/STRAWBERRY-DONUTS.jpg","contentUrl":"https:\/\/www.elementvape.de\/wp-content\/uploads\/2024\/08\/STRAWBERRY-DONUTS.jpg","width":2500,"height":1500,"caption":"STRAWBERRY DONUTS"},{"@type":"BreadcrumbList","@id":"https:\/\/www.elementvape.de\/produkt\/zollfreie-e-zigarette-waspe-12000-strawberry-donuts-12000-zuege-650-mah-akku-typ-c-anschluss\/#breadcrumb","itemListElement":[{"@type":"ListItem","position":1,"name":"Home","item":"https:\/\/www.elementvape.de\/"},{"@type":"ListItem","position":2,"name":"Shop","item":"https:\/\/www.elementvape.de\/shop\/"},{"@type":"ListItem","position":3,"name":"Zollfreie E-Zigarette WASPE 12000 STRAWBERRY DONUTS 12000 Z\u00fcge 650 mAh Akku Typ-C Anschluss"}]},{"@type":"WebSite","@id":"https:\/\/www.elementvape.de\/#website","url":"https:\/\/www.elementvape.de\/","name":"ElementVape.de","description":"","publisher":{"@id":"https:\/\/www.elementvape.de\/#organization"},"potentialAction":[{"@type":"SearchAction","target":{"@type":"EntryPoint","urlTemplate":"https:\/\/www.elementvape.de\/?s={search_term_string}"},"query-input":"required name=search_term_string"}],"inLanguage":"da-DK"},{"@type":"Organization","@id":"https:\/\/www.elementvape.de\/#organization","name":"ElementVape.DE","url":"https:\/\/www.elementvape.de\/","logo":{"@type":"ImageObject","inLanguage":"da-DK","@id":"https:\/\/www.elementvape.de\/#\/schema\/logo\/image\/","url":"https:\/\/www.elementvape.de\/wp-content\/uploads\/2024\/09\/cropped-1elementvape-3.png","contentUrl":"https:\/\/www.elementvape.de\/wp-content\/uploads\/2024\/09\/cropped-1elementvape-3.png","width":285,"height":228,"caption":"ElementVape.DE"},"image":{"@id":"https:\/\/www.elementvape.de\/#\/schema\/logo\/image\/"}}]}},"_links":{"self":[{"href":"https:\/\/www.elementvape.de\/da\/wp-json\/wp\/v2\/product\/13999"}],"collection":[{"href":"https:\/\/www.elementvape.de\/da\/wp-json\/wp\/v2\/product"}],"about":[{"href":"https:\/\/www.elementvape.de\/da\/wp-json\/wp\/v2\/types\/product"}],"wp:featuredmedia":[{"embeddable":true,"href":"https:\/\/www.elementvape.de\/da\/wp-json\/wp\/v2\/media\/14000"}],"wp:attachment":[{"href":"https:\/\/www.elementvape.de\/da\/wp-json\/wp\/v2\/media?parent=13999"}],"wp:term":[{"taxonomy":"product_cat","embeddable":true,"href":"https:\/\/www.elementvape.de\/da\/wp-json\/wp\/v2\/product_cat?post=13999"},{"taxonomy":"product_tag","embeddable":true,"href":"https:\/\/www.elementvape.de\/da\/wp-json\/wp\/v2\/product_tag?post=13999"}],"curies":[{"name":"wp","href":"https:\/\/api.w.org\/{rel}","templated":true}]}}