{"id":13963,"date":"2024-08-22T08:43:23","date_gmt":"2024-08-22T08:43:23","guid":{"rendered":"https:\/\/www.elementvape.de\/?post_type=product&#038;p=13963"},"modified":"2024-12-12T06:33:58","modified_gmt":"2024-12-12T06:33:58","slug":"fruchtig-erfrischende-fusion-blue-razz-lemon-waspe-15000-puffs-premium-e-zigaretten-im-grosshandel-fuer-den-unwiderstehlichen-mix-aus-blaubeeren-und-zitrone","status":"publish","type":"product","link":"https:\/\/www.elementvape.de\/da\/produkt\/fruchtig-erfrischende-fusion-blue-razz-lemon-waspe-15000-puffs-premium-e-zigaretten-im-grosshandel-fuer-den-unwiderstehlichen-mix-aus-blaubeeren-und-zitrone\/","title":{"rendered":"Frugtig-forfriskende Fusion Blue Razz Lemon WASPE 15000 PUFFS Premium E-cigaretter i engros til den uimodst\u00e5elige blanding af bl\u00e5b\u00e6r og citron."},"content":{"rendered":"<h2><strong>Hovedfunktioner ved WASPE 15000 PUFFS Engangs-E-cigaret<\/strong>:<\/h2>\n<ul>\n<li style=\"list-style-type: none;\">\n<ul>\n<li>N-Indhold: Tilg\u00e6ngelig i individuelt tilpasselige N-Indhold p\u00e5 2% og 5 % for at im\u00f8dekomme personlige pr\u00e6ferencer.<\/li>\n<li><strong>Sugkapacitet<\/strong>: Tilbyder en h\u00f8j tr\u00e6kkapacitet p\u00e5 op til 15.000 tr\u00e6k.<\/li>\n<li><strong>E-liquid kapacitet<\/strong>: Har en stor 22ml E-v\u00e6ske-beholder til langvarig brug.<\/li>\n<li><strong>LCD-sk\u00e6rm<\/strong>: Inklusive LCD-sk\u00e6rm, der viser realtidsinformation om enhedens status.<\/li>\n<li><strong>Genopladeligt batteri<\/strong>: Udstyret med et genopladeligt 850mAh-batteri, der sikrer l\u00e6ngere brugstid.<\/li>\n<li><strong>Mesh-Coil-teknologi<\/strong>: Bruger en 0,8\u03a9 Mesh-Coil, der forbedrer dampproduktionen og intensiverer smagen.<\/li>\n<li><strong>Type-C-opladning<\/strong>: Udstyret med en Type-C-port for bekvem og hurtig opladning.<\/li>\n<li><strong>Produktv\u00e6gt<\/strong>: V\u00e6gter 90g pr. enhed, hvilket g\u00f8r den b\u00e6rbar og let at transportere.<\/li>\n<\/ul>\n<\/li>\n<\/ul>\n<p>WASPE 15000 PUFFS engangs elektronisk cigaret lancerer med Blue Razz Lemon aroma en frugtig-forfriskende fusion, der kombinerer den perfekte blanding af s\u00f8de bl\u00e5b\u00e6r og sprudlende citron. Denne aroma kombinerer den frugtige s\u00f8dme af bl\u00e5b\u00e6r med den opkvikkende friskhed af citron, hvilket giver en uforlignelig forfriskende damperfaring. Hver tr\u00e6k formidler den levende balance mellem den naturlige s\u00f8dme af bl\u00e5b\u00e6r og den sprudlende syre af citron, der v\u00e6kker dine smagsl\u00f8g og giver en behagelig forfriskning.<\/p>\n<p>Takket v\u00e6re den avancerede 0,8\u03a9 Mesh-Coil-teknologi frigives smagen af Blue Razz Lemon aromaen intens og j\u00e6vnt. Denne teknologi sikrer, at du kan nyde den fulde smag af hver aroma, hvilket g\u00f8r dampning til en s\u00e6rlig tilfredsstillende oplevelse.<\/p>\n<p><img loading=\"lazy\" decoding=\"async\" class=\"size-medium wp-image-13965\" src=\"https:\/\/www.elementvape.de\/wp-content\/uploads\/2024\/08\/Blue-Razz-Lemon1-300x300.jpg\" alt=\"Blue Razz Lemon1\" width=\"300\" height=\"300\" srcset=\"https:\/\/www.elementvape.de\/wp-content\/uploads\/2024\/08\/Blue-Razz-Lemon1-300x300.jpg 300w, https:\/\/www.elementvape.de\/wp-content\/uploads\/2024\/08\/Blue-Razz-Lemon1-1024x1024.jpg 1024w, https:\/\/www.elementvape.de\/wp-content\/uploads\/2024\/08\/Blue-Razz-Lemon1-150x150.jpg 150w, https:\/\/www.elementvape.de\/wp-content\/uploads\/2024\/08\/Blue-Razz-Lemon1-768x768.jpg 768w, https:\/\/www.elementvape.de\/wp-content\/uploads\/2024\/08\/Blue-Razz-Lemon1-600x600.jpg 600w, https:\/\/www.elementvape.de\/wp-content\/uploads\/2024\/08\/Blue-Razz-Lemon1-100x100.jpg 100w, https:\/\/www.elementvape.de\/wp-content\/uploads\/2024\/08\/Blue-Razz-Lemon1-50x50.jpg 50w, https:\/\/www.elementvape.de\/wp-content\/uploads\/2024\/08\/Blue-Razz-Lemon1.jpg 1200w\" sizes=\"(max-width: 300px) 100vw, 300px\" \/><\/p>\n<h2><strong>Premium E-cigaretter til engros<\/strong><\/h2>\n<p>WASPE 15000 PUFFS med Blue Razz Lemon aroma er en premium <strong><a href=\"https:\/\/www.elementvape.de\/da\/\" target=\"_blank\" rel=\"noopener\">E-cigaret<\/a><\/strong>, der er perfekt til engrosmarkedet. Med en imponerende kapacitet p\u00e5 op til 15.000 tr\u00e6k og en stor 22 ml E-v\u00e6ske-reservoir tilbyder denne model ikke kun langvarig brug, men ogs\u00e5 enest\u00e5ende ydeevne. Disse funktioner g\u00f8r WASPE 15000 PUFFS til et ideelt valg for grossister, der \u00f8nsker at tilbyde deres kunder et h\u00f8jkvalitets og holdbart produkt.<\/p>\n<p>Den premium kvalitet af WASPE 15000 PUFFS understreges gennem brugen af materialer af h\u00f8j kvalitet og pr\u00e6cis forarbejdning. Kombinationen af den enest\u00e5ende kapacitet og den unikke Blue Razz Lemon aroma giver dine kunder en uovertruffen damperfaring, der imponerer b\u00e5de i smag og brugervenlighed.<\/p>\n<p>Blue Razz Lemon aromaen i WASPE 15000 PUFFS tilbyder en uimodst\u00e5elig blanding, der forener det bedste fra begge verdener: den s\u00f8dme af modne bl\u00e5b\u00e6r og den forfriskende syre fra citroner. Denne smagskombination er ikke kun forfriskende, men ogs\u00e5 utrolig alsidig, da den kan nydes b\u00e5de p\u00e5 varme sommerdage og i k\u00f8ligere m\u00e5neder. Aromat appellerer til en bred m\u00e5lgruppe og er derfor et attraktivt valg til engrosmarkedet.<\/p>\n<p>Ud over den imponerende smagskombination tilbyder WASPE 15000 PUFFS en r\u00e6kke moderne funktioner, der g\u00f8r <strong><a href=\"https:\/\/www.elementvape.de\/da\/\" target=\"_blank\" rel=\"noopener\">Damper<\/a><\/strong> g\u00f8r det endnu mere behageligt. Type-C opladningsstikket muligg\u00f8r hurtig og nem opladning, mens LCD-displayet altid giver opdaterede oplysninger om opladningsstatus og den resterende E-liquid-fyldning. Denne kombination af f\u00f8rsteklasses aroma og avanceret teknologi g\u00f8r WASPE 15000 PUFFS til et eftertragtet produkt i engrosmarkedet.<\/p>","protected":false},"excerpt":{"rendered":"<p>Hauptmerkmale der WASPE 15000 PUFFS Einweg-E-Zigarette: N-Gehalt: Erh\u00e4ltlich in individuell anpassbaren N-Gehalt von 2% und 5 %, um den pers\u00f6nlichen Vorlieben gerecht zu werden. Zugkapazit\u00e4t: Bietet eine hohe Zugkapazit\u00e4t von bis zu 15.000 Z\u00fcgen. E-Liquid-Kapazit\u00e4t: Verf\u00fcgt \u00fcber einen gro\u00dfen 22ml E-Liquid-Beh\u00e4lter f\u00fcr langanhaltende Nutzung. LCD-Display: Inklusive LCD-Bildschirm, der Echtzeitinformationen \u00fcber den Ger\u00e4testatus anzeigt. Wiederaufladbare Batterie: [&hellip;]<\/p>","protected":false},"featured_media":13964,"template":"","meta":{"inline_featured_image":false},"product_cat":[15,78,735,746,741,733,744,755,738,751,732,723],"product_tag":[710,674],"tiered_pricing_type":"fixed","tiered_pricing_fixed_rules":{"110":"7.91","200":"7.03","500":"6.15"},"tiered_pricing_percentage_rules":[],"tiered_pricing_minimum":1,"_administrator_tiered_pricing_type":"fixed","_administrator_tiered_pricing_fixed_rules":[],"_editor_tiered_pricing_type":"fixed","_editor_tiered_pricing_fixed_rules":[],"_author_tiered_pricing_type":"fixed","_author_tiered_pricing_fixed_rules":[],"_contributor_tiered_pricing_type":"fixed","_contributor_tiered_pricing_fixed_rules":[],"_subscriber_tiered_pricing_type":"fixed","_subscriber_tiered_pricing_fixed_rules":[],"_customer_tiered_pricing_type":"fixed","_customer_tiered_pricing_fixed_rules":[],"_shop_manager_tiered_pricing_type":"fixed","_shop_manager_tiered_pricing_fixed_rules":[],"_wpseo_manager_tiered_pricing_type":"fixed","_wpseo_manager_tiered_pricing_fixed_rules":[],"_wpseo_editor_tiered_pricing_type":"fixed","_wpseo_editor_tiered_pricing_fixed_rules":[],"_wholesale_customer_tiered_pricing_type":"fixed","_wholesale_customer_tiered_pricing_fixed_rules":[],"_marketer_tiered_pricing_type":"fixed","_marketer_tiered_pricing_fixed_rules":[],"_sales_manager_tiered_pricing_type":"fixed","_sales_manager_tiered_pricing_fixed_rules":[],"_sales_rep_tiered_pricing_type":"fixed","_sales_rep_tiered_pricing_fixed_rules":[],"yoast_head":"<!-- This site is optimized with the Yoast SEO plugin v23.3 - https:\/\/yoast.com\/wordpress\/plugins\/seo\/ -->\n<title>Fruchtig-erfrischende Fusion Blue Razz Lemon WASPE 15000 PUFFS Premium E-Zigaretten im Gro\u00dfhandel f\u00fcr den unwiderstehlichen Mix aus Blaubeeren und Zitrone. | ElementVape.de<\/title>\n<meta name=\"description\" content=\"Wir bieten Fruchtig-erfrischende Fusion Blue Razz Lemon WASPE 15000 PUFFS Premium E-Zigaretten im Gro\u00dfhandel f\u00fcr den unwiderstehlichen Mix aus Blaubeeren und Zitrone. , Elementvape.de akzeptieren Gro\u00df-und Einzelhandel Bestellungen.\" \/>\n<meta name=\"robots\" content=\"index, follow, max-snippet:-1, max-image-preview:large, max-video-preview:-1\" \/>\n<link rel=\"canonical\" href=\"https:\/\/www.elementvape.de\/da\/produkt\/fruchtig-erfrischende-fusion-blue-razz-lemon-waspe-15000-puffs-premium-e-zigaretten-im-grosshandel-fuer-den-unwiderstehlichen-mix-aus-blaubeeren-und-zitrone\/\" \/>\n<meta property=\"og:locale\" content=\"da_DK\" \/>\n<meta property=\"og:type\" content=\"article\" \/>\n<meta property=\"og:title\" content=\"Fruchtig-erfrischende Fusion Blue Razz Lemon WASPE 15000 PUFFS Premium E-Zigaretten im Gro\u00dfhandel f\u00fcr den unwiderstehlichen Mix aus Blaubeeren und Zitrone. | ElementVape.de\" \/>\n<meta property=\"og:description\" content=\"Wir bieten Fruchtig-erfrischende Fusion Blue Razz Lemon WASPE 15000 PUFFS Premium E-Zigaretten im Gro\u00dfhandel f\u00fcr den unwiderstehlichen Mix aus Blaubeeren und Zitrone. , Elementvape.de akzeptieren Gro\u00df-und Einzelhandel Bestellungen.\" \/>\n<meta property=\"og:url\" content=\"https:\/\/www.elementvape.de\/da\/produkt\/fruchtig-erfrischende-fusion-blue-razz-lemon-waspe-15000-puffs-premium-e-zigaretten-im-grosshandel-fuer-den-unwiderstehlichen-mix-aus-blaubeeren-und-zitrone\/\" \/>\n<meta property=\"og:site_name\" content=\"ElementVape.de\" \/>\n<meta property=\"article:modified_time\" content=\"2024-12-12T06:33:58+00:00\" \/>\n<meta property=\"og:image\" content=\"https:\/\/www.elementvape.de\/wp-content\/uploads\/2024\/08\/Blue-Razz-Lemon.jpg\" \/>\n\t<meta property=\"og:image:width\" content=\"1920\" \/>\n\t<meta property=\"og:image:height\" content=\"1536\" \/>\n\t<meta property=\"og:image:type\" content=\"image\/jpeg\" \/>\n<meta name=\"twitter:card\" content=\"summary_large_image\" \/>\n<meta name=\"twitter:label1\" content=\"Est. reading time\" \/>\n\t<meta name=\"twitter:data1\" content=\"4 minutter\" \/>\n<script type=\"application\/ld+json\" class=\"yoast-schema-graph\">{\"@context\":\"https:\/\/schema.org\",\"@graph\":[{\"@type\":\"WebPage\",\"@id\":\"https:\/\/www.elementvape.de\/el\/produkt\/fruchtig-erfrischende-fusion-blue-razz-lemon-waspe-15000-puffs-premium-e-zigaretten-im-grosshandel-fuer-den-unwiderstehlichen-mix-aus-blaubeeren-und-zitrone\/\",\"url\":\"https:\/\/www.elementvape.de\/el\/produkt\/fruchtig-erfrischende-fusion-blue-razz-lemon-waspe-15000-puffs-premium-e-zigaretten-im-grosshandel-fuer-den-unwiderstehlichen-mix-aus-blaubeeren-und-zitrone\/\",\"name\":\"Fruchtig-erfrischende Fusion Blue Razz Lemon WASPE 15000 PUFFS Premium E-Zigaretten im Gro\u00dfhandel f\u00fcr den unwiderstehlichen Mix aus Blaubeeren und Zitrone. | ElementVape.de\",\"isPartOf\":{\"@id\":\"https:\/\/www.elementvape.de\/#website\"},\"primaryImageOfPage\":{\"@id\":\"https:\/\/www.elementvape.de\/el\/produkt\/fruchtig-erfrischende-fusion-blue-razz-lemon-waspe-15000-puffs-premium-e-zigaretten-im-grosshandel-fuer-den-unwiderstehlichen-mix-aus-blaubeeren-und-zitrone\/#primaryimage\"},\"image\":{\"@id\":\"https:\/\/www.elementvape.de\/el\/produkt\/fruchtig-erfrischende-fusion-blue-razz-lemon-waspe-15000-puffs-premium-e-zigaretten-im-grosshandel-fuer-den-unwiderstehlichen-mix-aus-blaubeeren-und-zitrone\/#primaryimage\"},\"thumbnailUrl\":\"https:\/\/www.elementvape.de\/wp-content\/uploads\/2024\/08\/Blue-Razz-Lemon.jpg\",\"datePublished\":\"2024-08-22T08:43:23+00:00\",\"dateModified\":\"2024-12-12T06:33:58+00:00\",\"description\":\"Wir bieten Fruchtig-erfrischende Fusion Blue Razz Lemon WASPE 15000 PUFFS Premium E-Zigaretten im Gro\u00dfhandel f\u00fcr den unwiderstehlichen Mix aus Blaubeeren und Zitrone. , Elementvape.de akzeptieren Gro\u00df-und Einzelhandel Bestellungen.\",\"breadcrumb\":{\"@id\":\"https:\/\/www.elementvape.de\/el\/produkt\/fruchtig-erfrischende-fusion-blue-razz-lemon-waspe-15000-puffs-premium-e-zigaretten-im-grosshandel-fuer-den-unwiderstehlichen-mix-aus-blaubeeren-und-zitrone\/#breadcrumb\"},\"inLanguage\":\"da-DK\",\"potentialAction\":[{\"@type\":\"ReadAction\",\"target\":[\"https:\/\/www.elementvape.de\/el\/produkt\/fruchtig-erfrischende-fusion-blue-razz-lemon-waspe-15000-puffs-premium-e-zigaretten-im-grosshandel-fuer-den-unwiderstehlichen-mix-aus-blaubeeren-und-zitrone\/\"]}]},{\"@type\":\"ImageObject\",\"inLanguage\":\"da-DK\",\"@id\":\"https:\/\/www.elementvape.de\/el\/produkt\/fruchtig-erfrischende-fusion-blue-razz-lemon-waspe-15000-puffs-premium-e-zigaretten-im-grosshandel-fuer-den-unwiderstehlichen-mix-aus-blaubeeren-und-zitrone\/#primaryimage\",\"url\":\"https:\/\/www.elementvape.de\/wp-content\/uploads\/2024\/08\/Blue-Razz-Lemon.jpg\",\"contentUrl\":\"https:\/\/www.elementvape.de\/wp-content\/uploads\/2024\/08\/Blue-Razz-Lemon.jpg\",\"width\":1920,\"height\":1536,\"caption\":\"Blue Razz Lemon\"},{\"@type\":\"BreadcrumbList\",\"@id\":\"https:\/\/www.elementvape.de\/el\/produkt\/fruchtig-erfrischende-fusion-blue-razz-lemon-waspe-15000-puffs-premium-e-zigaretten-im-grosshandel-fuer-den-unwiderstehlichen-mix-aus-blaubeeren-und-zitrone\/#breadcrumb\",\"itemListElement\":[{\"@type\":\"ListItem\",\"position\":1,\"name\":\"Home\",\"item\":\"https:\/\/www.elementvape.de\/\"},{\"@type\":\"ListItem\",\"position\":2,\"name\":\"Shop\",\"item\":\"https:\/\/www.elementvape.de\/shop\/\"},{\"@type\":\"ListItem\",\"position\":3,\"name\":\"Fruchtig-erfrischende Fusion Blue Razz Lemon WASPE 15000 PUFFS Premium E-Zigaretten im Gro\u00dfhandel f\u00fcr den unwiderstehlichen Mix aus Blaubeeren und Zitrone.\"}]},{\"@type\":\"WebSite\",\"@id\":\"https:\/\/www.elementvape.de\/#website\",\"url\":\"https:\/\/www.elementvape.de\/\",\"name\":\"ElementVape.de\",\"description\":\"\",\"publisher\":{\"@id\":\"https:\/\/www.elementvape.de\/#organization\"},\"potentialAction\":[{\"@type\":\"SearchAction\",\"target\":{\"@type\":\"EntryPoint\",\"urlTemplate\":\"https:\/\/www.elementvape.de\/?s={search_term_string}\"},\"query-input\":\"required name=search_term_string\"}],\"inLanguage\":\"da-DK\"},{\"@type\":\"Organization\",\"@id\":\"https:\/\/www.elementvape.de\/#organization\",\"name\":\"ElementVape.DE\",\"url\":\"https:\/\/www.elementvape.de\/\",\"logo\":{\"@type\":\"ImageObject\",\"inLanguage\":\"da-DK\",\"@id\":\"https:\/\/www.elementvape.de\/#\/schema\/logo\/image\/\",\"url\":\"https:\/\/www.elementvape.de\/wp-content\/uploads\/2024\/09\/cropped-1elementvape-3.png\",\"contentUrl\":\"https:\/\/www.elementvape.de\/wp-content\/uploads\/2024\/09\/cropped-1elementvape-3.png\",\"width\":285,\"height\":228,\"caption\":\"ElementVape.DE\"},\"image\":{\"@id\":\"https:\/\/www.elementvape.de\/#\/schema\/logo\/image\/\"}}]}<\/script>\n<!-- \/ Yoast SEO plugin. -->","yoast_head_json":{"title":"Fruchtig-erfrischende Fusion Blue Razz Lemon WASPE 15000 PUFFS Premium E-Zigaretten im Gro\u00dfhandel f\u00fcr den unwiderstehlichen Mix aus Blaubeeren und Zitrone. | ElementVape.de","description":"Wir bieten Fruchtig-erfrischende Fusion Blue Razz Lemon WASPE 15000 PUFFS Premium E-Zigaretten im Gro\u00dfhandel f\u00fcr den unwiderstehlichen Mix aus Blaubeeren und Zitrone. , Elementvape.de akzeptieren Gro\u00df-und Einzelhandel Bestellungen.","robots":{"index":"index","follow":"follow","max-snippet":"max-snippet:-1","max-image-preview":"max-image-preview:large","max-video-preview":"max-video-preview:-1"},"canonical":"https:\/\/www.elementvape.de\/da\/produkt\/fruchtig-erfrischende-fusion-blue-razz-lemon-waspe-15000-puffs-premium-e-zigaretten-im-grosshandel-fuer-den-unwiderstehlichen-mix-aus-blaubeeren-und-zitrone\/","og_locale":"da_DK","og_type":"article","og_title":"Fruchtig-erfrischende Fusion Blue Razz Lemon WASPE 15000 PUFFS Premium E-Zigaretten im Gro\u00dfhandel f\u00fcr den unwiderstehlichen Mix aus Blaubeeren und Zitrone. | ElementVape.de","og_description":"Wir bieten Fruchtig-erfrischende Fusion Blue Razz Lemon WASPE 15000 PUFFS Premium E-Zigaretten im Gro\u00dfhandel f\u00fcr den unwiderstehlichen Mix aus Blaubeeren und Zitrone. , Elementvape.de akzeptieren Gro\u00df-und Einzelhandel Bestellungen.","og_url":"https:\/\/www.elementvape.de\/da\/produkt\/fruchtig-erfrischende-fusion-blue-razz-lemon-waspe-15000-puffs-premium-e-zigaretten-im-grosshandel-fuer-den-unwiderstehlichen-mix-aus-blaubeeren-und-zitrone\/","og_site_name":"ElementVape.de","article_modified_time":"2024-12-12T06:33:58+00:00","og_image":[{"width":1920,"height":1536,"url":"https:\/\/www.elementvape.de\/wp-content\/uploads\/2024\/08\/Blue-Razz-Lemon.jpg","type":"image\/jpeg"}],"twitter_card":"summary_large_image","twitter_misc":{"Est. reading time":"4 minutter"},"schema":{"@context":"https:\/\/schema.org","@graph":[{"@type":"WebPage","@id":"https:\/\/www.elementvape.de\/el\/produkt\/fruchtig-erfrischende-fusion-blue-razz-lemon-waspe-15000-puffs-premium-e-zigaretten-im-grosshandel-fuer-den-unwiderstehlichen-mix-aus-blaubeeren-und-zitrone\/","url":"https:\/\/www.elementvape.de\/el\/produkt\/fruchtig-erfrischende-fusion-blue-razz-lemon-waspe-15000-puffs-premium-e-zigaretten-im-grosshandel-fuer-den-unwiderstehlichen-mix-aus-blaubeeren-und-zitrone\/","name":"Fruchtig-erfrischende Fusion Blue Razz Lemon WASPE 15000 PUFFS Premium E-Zigaretten im Gro\u00dfhandel f\u00fcr den unwiderstehlichen Mix aus Blaubeeren und Zitrone. | ElementVape.de","isPartOf":{"@id":"https:\/\/www.elementvape.de\/#website"},"primaryImageOfPage":{"@id":"https:\/\/www.elementvape.de\/el\/produkt\/fruchtig-erfrischende-fusion-blue-razz-lemon-waspe-15000-puffs-premium-e-zigaretten-im-grosshandel-fuer-den-unwiderstehlichen-mix-aus-blaubeeren-und-zitrone\/#primaryimage"},"image":{"@id":"https:\/\/www.elementvape.de\/el\/produkt\/fruchtig-erfrischende-fusion-blue-razz-lemon-waspe-15000-puffs-premium-e-zigaretten-im-grosshandel-fuer-den-unwiderstehlichen-mix-aus-blaubeeren-und-zitrone\/#primaryimage"},"thumbnailUrl":"https:\/\/www.elementvape.de\/wp-content\/uploads\/2024\/08\/Blue-Razz-Lemon.jpg","datePublished":"2024-08-22T08:43:23+00:00","dateModified":"2024-12-12T06:33:58+00:00","description":"Wir bieten Fruchtig-erfrischende Fusion Blue Razz Lemon WASPE 15000 PUFFS Premium E-Zigaretten im Gro\u00dfhandel f\u00fcr den unwiderstehlichen Mix aus Blaubeeren und Zitrone. , Elementvape.de akzeptieren Gro\u00df-und Einzelhandel Bestellungen.","breadcrumb":{"@id":"https:\/\/www.elementvape.de\/el\/produkt\/fruchtig-erfrischende-fusion-blue-razz-lemon-waspe-15000-puffs-premium-e-zigaretten-im-grosshandel-fuer-den-unwiderstehlichen-mix-aus-blaubeeren-und-zitrone\/#breadcrumb"},"inLanguage":"da-DK","potentialAction":[{"@type":"ReadAction","target":["https:\/\/www.elementvape.de\/el\/produkt\/fruchtig-erfrischende-fusion-blue-razz-lemon-waspe-15000-puffs-premium-e-zigaretten-im-grosshandel-fuer-den-unwiderstehlichen-mix-aus-blaubeeren-und-zitrone\/"]}]},{"@type":"ImageObject","inLanguage":"da-DK","@id":"https:\/\/www.elementvape.de\/el\/produkt\/fruchtig-erfrischende-fusion-blue-razz-lemon-waspe-15000-puffs-premium-e-zigaretten-im-grosshandel-fuer-den-unwiderstehlichen-mix-aus-blaubeeren-und-zitrone\/#primaryimage","url":"https:\/\/www.elementvape.de\/wp-content\/uploads\/2024\/08\/Blue-Razz-Lemon.jpg","contentUrl":"https:\/\/www.elementvape.de\/wp-content\/uploads\/2024\/08\/Blue-Razz-Lemon.jpg","width":1920,"height":1536,"caption":"Blue Razz Lemon"},{"@type":"BreadcrumbList","@id":"https:\/\/www.elementvape.de\/el\/produkt\/fruchtig-erfrischende-fusion-blue-razz-lemon-waspe-15000-puffs-premium-e-zigaretten-im-grosshandel-fuer-den-unwiderstehlichen-mix-aus-blaubeeren-und-zitrone\/#breadcrumb","itemListElement":[{"@type":"ListItem","position":1,"name":"Home","item":"https:\/\/www.elementvape.de\/"},{"@type":"ListItem","position":2,"name":"Shop","item":"https:\/\/www.elementvape.de\/shop\/"},{"@type":"ListItem","position":3,"name":"Fruchtig-erfrischende Fusion Blue Razz Lemon WASPE 15000 PUFFS Premium E-Zigaretten im Gro\u00dfhandel f\u00fcr den unwiderstehlichen Mix aus Blaubeeren und Zitrone."}]},{"@type":"WebSite","@id":"https:\/\/www.elementvape.de\/#website","url":"https:\/\/www.elementvape.de\/","name":"ElementVape.de","description":"","publisher":{"@id":"https:\/\/www.elementvape.de\/#organization"},"potentialAction":[{"@type":"SearchAction","target":{"@type":"EntryPoint","urlTemplate":"https:\/\/www.elementvape.de\/?s={search_term_string}"},"query-input":"required name=search_term_string"}],"inLanguage":"da-DK"},{"@type":"Organization","@id":"https:\/\/www.elementvape.de\/#organization","name":"ElementVape.DE","url":"https:\/\/www.elementvape.de\/","logo":{"@type":"ImageObject","inLanguage":"da-DK","@id":"https:\/\/www.elementvape.de\/#\/schema\/logo\/image\/","url":"https:\/\/www.elementvape.de\/wp-content\/uploads\/2024\/09\/cropped-1elementvape-3.png","contentUrl":"https:\/\/www.elementvape.de\/wp-content\/uploads\/2024\/09\/cropped-1elementvape-3.png","width":285,"height":228,"caption":"ElementVape.DE"},"image":{"@id":"https:\/\/www.elementvape.de\/#\/schema\/logo\/image\/"}}]}},"_links":{"self":[{"href":"https:\/\/www.elementvape.de\/da\/wp-json\/wp\/v2\/product\/13963"}],"collection":[{"href":"https:\/\/www.elementvape.de\/da\/wp-json\/wp\/v2\/product"}],"about":[{"href":"https:\/\/www.elementvape.de\/da\/wp-json\/wp\/v2\/types\/product"}],"wp:featuredmedia":[{"embeddable":true,"href":"https:\/\/www.elementvape.de\/da\/wp-json\/wp\/v2\/media\/13964"}],"wp:attachment":[{"href":"https:\/\/www.elementvape.de\/da\/wp-json\/wp\/v2\/media?parent=13963"}],"wp:term":[{"taxonomy":"product_cat","embeddable":true,"href":"https:\/\/www.elementvape.de\/da\/wp-json\/wp\/v2\/product_cat?post=13963"},{"taxonomy":"product_tag","embeddable":true,"href":"https:\/\/www.elementvape.de\/da\/wp-json\/wp\/v2\/product_tag?post=13963"}],"curies":[{"name":"wp","href":"https:\/\/api.w.org\/{rel}","templated":true}]}}