{"id":13850,"date":"2024-08-19T06:20:40","date_gmt":"2024-08-19T06:20:40","guid":{"rendered":"https:\/\/www.elementvape.de\/?post_type=product&#038;p=13850"},"modified":"2024-12-12T06:34:40","modified_gmt":"2024-12-12T06:34:40","slug":"14000-puffs-vape-geniessen-sie-erfrischenden-luxus-zollfrei-grape-ice-smo-elf-box-rgb14000-proke-sorgt-fuer-den-perfekten-hit","status":"publish","type":"product","link":"https:\/\/www.elementvape.de\/da\/produkt\/14000-puffs-vape-geniessen-sie-erfrischenden-luxus-zollfrei-grape-ice-smo-elf-box-rgb14000-proke-sorgt-fuer-den-perfekten-hit\/","title":{"rendered":"14000 PUFFS Vape Nyd forfriskende luksus toldfri Grape Ice Smo ELF BOX RGB14000 s\u00f8rger for den perfekte slag"},"content":{"rendered":"<h2><strong>14000 PUFFS Vape \u2013 Nyd frisk luksus!<\/strong><\/h2>\n<p><strong>Produktnavn<\/strong>: Grape Ice Smo ELF BOX RGB<\/p>\n<p><strong>Produktfunktioner<\/strong>:<\/p>\n<ul>\n<li><strong>Sug<\/strong>: 14.000 Puffs<\/li>\n<li><strong>Smag<\/strong>: Friskende Grape Ice (druer med is-effekt)<\/li>\n<li><strong>S\u00e6rlige funktioner<\/strong>:\n<ul>\n<li><strong>RGB-belysning<\/strong> til et visuelt h\u00f8jdepunkt<\/li>\n<li><strong>Toldfrit<\/strong>: Ideel til international forsendelse uden ekstra afgifter<\/li>\n<\/ul>\n<\/li>\n<\/ul>\n<p><strong>Fordele<\/strong>:<\/p>\n<ul>\n<li><strong>Friskende luksus<\/strong>: Tilbyder en intens, k\u00f8lende drueoplevelse for den h\u00f8jeste nydelse.<\/li>\n<li><strong>Perfekt slag<\/strong>: Kombinationen af stor puff-kapacitet og smagsmangfoldighed sikrer en behagelig og langvarig vaping-oplevelse.<\/li>\n<\/ul>\n<p><strong>Bem\u00e6rkning<\/strong>: ELF BOX RGB 14000 proke sikrer det perfekte slag med hver inhalation!<\/p>\n<h3><strong>Nyd luksus med ELF BOX RGB14000 \u2013 Grape Ice Smo<\/strong><\/h3>\n<p>Oplev friskende nydelse med ELF BOX RGB14000. Denne enhed tilbyder dig 14.000 inhalationer af ren damp-luksus og den k\u00f8lige smag af Grape Ice. Udstyret med en Mesh-Coil, et 600mAh batteri og RGB-belysning, er den den perfekte f\u00f8lgesvend til stilfuld dampning.<\/p>\n<p>ELF BOX RGB14000 leverer den ultimative smag af Grape Ice og 14.000 inhalationer. Med Mesh-Coil-teknologi, et kraftfuldt batteri og imponerende RGB-belysning er denne vape-enhed ikke kun kraftfuld, men ogs\u00e5 et \u00e6gte blikfang.<\/p>\n<h3><strong>Toldfri og ren luksus \u2013 ELF BOX RGB14000<\/strong><\/h3>\n<p>Oplev luksusen med ELF BOX RGB14000, der med sin Grape Ice-smag og 14.000 inhalationer tilbyder uovertruffen damp-nydelse. Med moderne funktioner som LED-display og RGB-lys bringer denne enhed frisk stil og h\u00f8j ydeevne ind i din vaping-rutine.<\/p>","protected":false},"excerpt":{"rendered":"<p>14000 PUFFS Vape &#8211; Genie\u00dfen Sie erfrischenden Luxus! Produktbezeichnung: Grape Ice Smo ELF BOX RGB Produktmerkmale: Puffs: 14,000 Puffs Geschmack: Erfrischender Grape Ice (Traube mit Eis-Effekt) Besonderheiten: RGB-Beleuchtung f\u00fcr ein visuelles Highlight Zollfrei: Ideal f\u00fcr internationalen Versand ohne zus\u00e4tzliche Steuern Vorteile: Erfrischender Luxus: Bietet ein intensives, k\u00fchlendes Traubenerlebnis f\u00fcr h\u00f6chsten Genuss. Perfekter Hit: Die Kombination [&hellip;]<\/p>","protected":false},"featured_media":13851,"template":"","meta":{"inline_featured_image":false},"product_cat":[15,78,747,740,734,753,718,732],"product_tag":[710,674],"tiered_pricing_type":"fixed","tiered_pricing_fixed_rules":{"110":"7.95","200":"7.06","500":"6.18"},"tiered_pricing_percentage_rules":[],"tiered_pricing_minimum":1,"_administrator_tiered_pricing_type":"fixed","_administrator_tiered_pricing_fixed_rules":[],"_editor_tiered_pricing_type":"fixed","_editor_tiered_pricing_fixed_rules":[],"_author_tiered_pricing_type":"fixed","_author_tiered_pricing_fixed_rules":[],"_contributor_tiered_pricing_type":"fixed","_contributor_tiered_pricing_fixed_rules":[],"_subscriber_tiered_pricing_type":"fixed","_subscriber_tiered_pricing_fixed_rules":[],"_customer_tiered_pricing_type":"fixed","_customer_tiered_pricing_fixed_rules":[],"_shop_manager_tiered_pricing_type":"fixed","_shop_manager_tiered_pricing_fixed_rules":[],"_wpseo_manager_tiered_pricing_type":"fixed","_wpseo_manager_tiered_pricing_fixed_rules":[],"_wpseo_editor_tiered_pricing_type":"fixed","_wpseo_editor_tiered_pricing_fixed_rules":[],"_wholesale_customer_tiered_pricing_type":"fixed","_wholesale_customer_tiered_pricing_fixed_rules":[],"_marketer_tiered_pricing_type":"fixed","_marketer_tiered_pricing_fixed_rules":[],"_sales_manager_tiered_pricing_type":"fixed","_sales_manager_tiered_pricing_fixed_rules":[],"_sales_rep_tiered_pricing_type":"fixed","_sales_rep_tiered_pricing_fixed_rules":[],"yoast_head":"<!-- This site is optimized with the Yoast SEO plugin v23.3 - https:\/\/yoast.com\/wordpress\/plugins\/seo\/ -->\n<title>14000 PUFFS Vape Genie\u00dfen Sie erfrischenden Luxus zollfrei Grape Ice Smo ELF BOX RGB14000 proke sorgt f\u00fcr den perfekten Hit | ElementVape.de<\/title>\n<meta name=\"description\" content=\"Wir bieten 14000 PUFFS Vape Genie\u00dfen Sie erfrischenden Luxus zollfrei Grape Ice Smo ELF BOX RGB14000 proke sorgt f\u00fcr den perfekten Hit , Elementvape.de akzeptieren Gro\u00df-und Einzelhandel Bestellungen.\" \/>\n<meta name=\"robots\" content=\"index, follow, max-snippet:-1, max-image-preview:large, max-video-preview:-1\" \/>\n<link rel=\"canonical\" href=\"https:\/\/www.elementvape.de\/da\/produkt\/14000-puffs-vape-geniessen-sie-erfrischenden-luxus-zollfrei-grape-ice-smo-elf-box-rgb14000-proke-sorgt-fuer-den-perfekten-hit\/\" \/>\n<meta property=\"og:locale\" content=\"da_DK\" \/>\n<meta property=\"og:type\" content=\"article\" \/>\n<meta property=\"og:title\" content=\"14000 PUFFS Vape Genie\u00dfen Sie erfrischenden Luxus zollfrei Grape Ice Smo ELF BOX RGB14000 proke sorgt f\u00fcr den perfekten Hit | ElementVape.de\" \/>\n<meta property=\"og:description\" content=\"Wir bieten 14000 PUFFS Vape Genie\u00dfen Sie erfrischenden Luxus zollfrei Grape Ice Smo ELF BOX RGB14000 proke sorgt f\u00fcr den perfekten Hit , Elementvape.de akzeptieren Gro\u00df-und Einzelhandel Bestellungen.\" \/>\n<meta property=\"og:url\" content=\"https:\/\/www.elementvape.de\/da\/produkt\/14000-puffs-vape-geniessen-sie-erfrischenden-luxus-zollfrei-grape-ice-smo-elf-box-rgb14000-proke-sorgt-fuer-den-perfekten-hit\/\" \/>\n<meta property=\"og:site_name\" content=\"ElementVape.de\" \/>\n<meta property=\"article:modified_time\" content=\"2024-12-12T06:34:40+00:00\" \/>\n<meta property=\"og:image\" content=\"https:\/\/www.elementvape.de\/wp-content\/uploads\/2024\/08\/\u8461\u8404\u51b00000.png\" \/>\n\t<meta property=\"og:image:width\" content=\"1000\" \/>\n\t<meta property=\"og:image:height\" content=\"1000\" \/>\n\t<meta property=\"og:image:type\" content=\"image\/png\" \/>\n<meta name=\"twitter:card\" content=\"summary_large_image\" \/>\n<meta name=\"twitter:label1\" content=\"Est. reading time\" \/>\n\t<meta name=\"twitter:data1\" content=\"2 minutter\" \/>\n<script type=\"application\/ld+json\" class=\"yoast-schema-graph\">{\"@context\":\"https:\/\/schema.org\",\"@graph\":[{\"@type\":\"WebPage\",\"@id\":\"https:\/\/www.elementvape.de\/produkt\/14000-puffs-vape-geniessen-sie-erfrischenden-luxus-zollfrei-grape-ice-smo-elf-box-rgb14000-proke-sorgt-fuer-den-perfekten-hit\/\",\"url\":\"https:\/\/www.elementvape.de\/produkt\/14000-puffs-vape-geniessen-sie-erfrischenden-luxus-zollfrei-grape-ice-smo-elf-box-rgb14000-proke-sorgt-fuer-den-perfekten-hit\/\",\"name\":\"14000 PUFFS Vape Genie\u00dfen Sie erfrischenden Luxus zollfrei Grape Ice Smo ELF BOX RGB14000 proke sorgt f\u00fcr den perfekten Hit | ElementVape.de\",\"isPartOf\":{\"@id\":\"https:\/\/www.elementvape.de\/#website\"},\"primaryImageOfPage\":{\"@id\":\"https:\/\/www.elementvape.de\/produkt\/14000-puffs-vape-geniessen-sie-erfrischenden-luxus-zollfrei-grape-ice-smo-elf-box-rgb14000-proke-sorgt-fuer-den-perfekten-hit\/#primaryimage\"},\"image\":{\"@id\":\"https:\/\/www.elementvape.de\/produkt\/14000-puffs-vape-geniessen-sie-erfrischenden-luxus-zollfrei-grape-ice-smo-elf-box-rgb14000-proke-sorgt-fuer-den-perfekten-hit\/#primaryimage\"},\"thumbnailUrl\":\"https:\/\/www.elementvape.de\/wp-content\/uploads\/2024\/08\/\u8461\u8404\u51b00000.png\",\"datePublished\":\"2024-08-19T06:20:40+00:00\",\"dateModified\":\"2024-12-12T06:34:40+00:00\",\"description\":\"Wir bieten 14000 PUFFS Vape Genie\u00dfen Sie erfrischenden Luxus zollfrei Grape Ice Smo ELF BOX RGB14000 proke sorgt f\u00fcr den perfekten Hit , Elementvape.de akzeptieren Gro\u00df-und Einzelhandel Bestellungen.\",\"breadcrumb\":{\"@id\":\"https:\/\/www.elementvape.de\/produkt\/14000-puffs-vape-geniessen-sie-erfrischenden-luxus-zollfrei-grape-ice-smo-elf-box-rgb14000-proke-sorgt-fuer-den-perfekten-hit\/#breadcrumb\"},\"inLanguage\":\"da-DK\",\"potentialAction\":[{\"@type\":\"ReadAction\",\"target\":[\"https:\/\/www.elementvape.de\/produkt\/14000-puffs-vape-geniessen-sie-erfrischenden-luxus-zollfrei-grape-ice-smo-elf-box-rgb14000-proke-sorgt-fuer-den-perfekten-hit\/\"]}]},{\"@type\":\"ImageObject\",\"inLanguage\":\"da-DK\",\"@id\":\"https:\/\/www.elementvape.de\/produkt\/14000-puffs-vape-geniessen-sie-erfrischenden-luxus-zollfrei-grape-ice-smo-elf-box-rgb14000-proke-sorgt-fuer-den-perfekten-hit\/#primaryimage\",\"url\":\"https:\/\/www.elementvape.de\/wp-content\/uploads\/2024\/08\/\u8461\u8404\u51b00000.png\",\"contentUrl\":\"https:\/\/www.elementvape.de\/wp-content\/uploads\/2024\/08\/\u8461\u8404\u51b00000.png\",\"width\":1000,\"height\":1000,\"caption\":\"Grape ice\"},{\"@type\":\"BreadcrumbList\",\"@id\":\"https:\/\/www.elementvape.de\/produkt\/14000-puffs-vape-geniessen-sie-erfrischenden-luxus-zollfrei-grape-ice-smo-elf-box-rgb14000-proke-sorgt-fuer-den-perfekten-hit\/#breadcrumb\",\"itemListElement\":[{\"@type\":\"ListItem\",\"position\":1,\"name\":\"Home\",\"item\":\"https:\/\/www.elementvape.de\/\"},{\"@type\":\"ListItem\",\"position\":2,\"name\":\"Shop\",\"item\":\"https:\/\/www.elementvape.de\/shop\/\"},{\"@type\":\"ListItem\",\"position\":3,\"name\":\"14000 PUFFS Vape Genie\u00dfen Sie erfrischenden Luxus zollfrei Grape Ice Smo ELF BOX RGB14000 proke sorgt f\u00fcr den perfekten Hit\"}]},{\"@type\":\"WebSite\",\"@id\":\"https:\/\/www.elementvape.de\/#website\",\"url\":\"https:\/\/www.elementvape.de\/\",\"name\":\"ElementVape.de\",\"description\":\"\",\"publisher\":{\"@id\":\"https:\/\/www.elementvape.de\/#organization\"},\"potentialAction\":[{\"@type\":\"SearchAction\",\"target\":{\"@type\":\"EntryPoint\",\"urlTemplate\":\"https:\/\/www.elementvape.de\/?s={search_term_string}\"},\"query-input\":\"required name=search_term_string\"}],\"inLanguage\":\"da-DK\"},{\"@type\":\"Organization\",\"@id\":\"https:\/\/www.elementvape.de\/#organization\",\"name\":\"ElementVape.DE\",\"url\":\"https:\/\/www.elementvape.de\/\",\"logo\":{\"@type\":\"ImageObject\",\"inLanguage\":\"da-DK\",\"@id\":\"https:\/\/www.elementvape.de\/#\/schema\/logo\/image\/\",\"url\":\"https:\/\/www.elementvape.de\/wp-content\/uploads\/2024\/09\/cropped-1elementvape-3.png\",\"contentUrl\":\"https:\/\/www.elementvape.de\/wp-content\/uploads\/2024\/09\/cropped-1elementvape-3.png\",\"width\":285,\"height\":228,\"caption\":\"ElementVape.DE\"},\"image\":{\"@id\":\"https:\/\/www.elementvape.de\/#\/schema\/logo\/image\/\"}}]}<\/script>\n<!-- \/ Yoast SEO plugin. -->","yoast_head_json":{"title":"14000 PUFFS Vape Genie\u00dfen Sie erfrischenden Luxus zollfrei Grape Ice Smo ELF BOX RGB14000 proke sorgt f\u00fcr den perfekten Hit | ElementVape.de","description":"Wir bieten 14000 PUFFS Vape Genie\u00dfen Sie erfrischenden Luxus zollfrei Grape Ice Smo ELF BOX RGB14000 proke sorgt f\u00fcr den perfekten Hit , Elementvape.de akzeptieren Gro\u00df-und Einzelhandel Bestellungen.","robots":{"index":"index","follow":"follow","max-snippet":"max-snippet:-1","max-image-preview":"max-image-preview:large","max-video-preview":"max-video-preview:-1"},"canonical":"https:\/\/www.elementvape.de\/da\/produkt\/14000-puffs-vape-geniessen-sie-erfrischenden-luxus-zollfrei-grape-ice-smo-elf-box-rgb14000-proke-sorgt-fuer-den-perfekten-hit\/","og_locale":"da_DK","og_type":"article","og_title":"14000 PUFFS Vape Genie\u00dfen Sie erfrischenden Luxus zollfrei Grape Ice Smo ELF BOX RGB14000 proke sorgt f\u00fcr den perfekten Hit | ElementVape.de","og_description":"Wir bieten 14000 PUFFS Vape Genie\u00dfen Sie erfrischenden Luxus zollfrei Grape Ice Smo ELF BOX RGB14000 proke sorgt f\u00fcr den perfekten Hit , Elementvape.de akzeptieren Gro\u00df-und Einzelhandel Bestellungen.","og_url":"https:\/\/www.elementvape.de\/da\/produkt\/14000-puffs-vape-geniessen-sie-erfrischenden-luxus-zollfrei-grape-ice-smo-elf-box-rgb14000-proke-sorgt-fuer-den-perfekten-hit\/","og_site_name":"ElementVape.de","article_modified_time":"2024-12-12T06:34:40+00:00","og_image":[{"width":1000,"height":1000,"url":"https:\/\/www.elementvape.de\/wp-content\/uploads\/2024\/08\/\u8461\u8404\u51b00000.png","type":"image\/png"}],"twitter_card":"summary_large_image","twitter_misc":{"Est. reading time":"2 minutter"},"schema":{"@context":"https:\/\/schema.org","@graph":[{"@type":"WebPage","@id":"https:\/\/www.elementvape.de\/produkt\/14000-puffs-vape-geniessen-sie-erfrischenden-luxus-zollfrei-grape-ice-smo-elf-box-rgb14000-proke-sorgt-fuer-den-perfekten-hit\/","url":"https:\/\/www.elementvape.de\/produkt\/14000-puffs-vape-geniessen-sie-erfrischenden-luxus-zollfrei-grape-ice-smo-elf-box-rgb14000-proke-sorgt-fuer-den-perfekten-hit\/","name":"14000 PUFFS Vape Genie\u00dfen Sie erfrischenden Luxus zollfrei Grape Ice Smo ELF BOX RGB14000 proke sorgt f\u00fcr den perfekten Hit | ElementVape.de","isPartOf":{"@id":"https:\/\/www.elementvape.de\/#website"},"primaryImageOfPage":{"@id":"https:\/\/www.elementvape.de\/produkt\/14000-puffs-vape-geniessen-sie-erfrischenden-luxus-zollfrei-grape-ice-smo-elf-box-rgb14000-proke-sorgt-fuer-den-perfekten-hit\/#primaryimage"},"image":{"@id":"https:\/\/www.elementvape.de\/produkt\/14000-puffs-vape-geniessen-sie-erfrischenden-luxus-zollfrei-grape-ice-smo-elf-box-rgb14000-proke-sorgt-fuer-den-perfekten-hit\/#primaryimage"},"thumbnailUrl":"https:\/\/www.elementvape.de\/wp-content\/uploads\/2024\/08\/\u8461\u8404\u51b00000.png","datePublished":"2024-08-19T06:20:40+00:00","dateModified":"2024-12-12T06:34:40+00:00","description":"Wir bieten 14000 PUFFS Vape Genie\u00dfen Sie erfrischenden Luxus zollfrei Grape Ice Smo ELF BOX RGB14000 proke sorgt f\u00fcr den perfekten Hit , Elementvape.de akzeptieren Gro\u00df-und Einzelhandel Bestellungen.","breadcrumb":{"@id":"https:\/\/www.elementvape.de\/produkt\/14000-puffs-vape-geniessen-sie-erfrischenden-luxus-zollfrei-grape-ice-smo-elf-box-rgb14000-proke-sorgt-fuer-den-perfekten-hit\/#breadcrumb"},"inLanguage":"da-DK","potentialAction":[{"@type":"ReadAction","target":["https:\/\/www.elementvape.de\/produkt\/14000-puffs-vape-geniessen-sie-erfrischenden-luxus-zollfrei-grape-ice-smo-elf-box-rgb14000-proke-sorgt-fuer-den-perfekten-hit\/"]}]},{"@type":"ImageObject","inLanguage":"da-DK","@id":"https:\/\/www.elementvape.de\/produkt\/14000-puffs-vape-geniessen-sie-erfrischenden-luxus-zollfrei-grape-ice-smo-elf-box-rgb14000-proke-sorgt-fuer-den-perfekten-hit\/#primaryimage","url":"https:\/\/www.elementvape.de\/wp-content\/uploads\/2024\/08\/\u8461\u8404\u51b00000.png","contentUrl":"https:\/\/www.elementvape.de\/wp-content\/uploads\/2024\/08\/\u8461\u8404\u51b00000.png","width":1000,"height":1000,"caption":"Grape ice"},{"@type":"BreadcrumbList","@id":"https:\/\/www.elementvape.de\/produkt\/14000-puffs-vape-geniessen-sie-erfrischenden-luxus-zollfrei-grape-ice-smo-elf-box-rgb14000-proke-sorgt-fuer-den-perfekten-hit\/#breadcrumb","itemListElement":[{"@type":"ListItem","position":1,"name":"Home","item":"https:\/\/www.elementvape.de\/"},{"@type":"ListItem","position":2,"name":"Shop","item":"https:\/\/www.elementvape.de\/shop\/"},{"@type":"ListItem","position":3,"name":"14000 PUFFS Vape Genie\u00dfen Sie erfrischenden Luxus zollfrei Grape Ice Smo ELF BOX RGB14000 proke sorgt f\u00fcr den perfekten Hit"}]},{"@type":"WebSite","@id":"https:\/\/www.elementvape.de\/#website","url":"https:\/\/www.elementvape.de\/","name":"ElementVape.de","description":"","publisher":{"@id":"https:\/\/www.elementvape.de\/#organization"},"potentialAction":[{"@type":"SearchAction","target":{"@type":"EntryPoint","urlTemplate":"https:\/\/www.elementvape.de\/?s={search_term_string}"},"query-input":"required name=search_term_string"}],"inLanguage":"da-DK"},{"@type":"Organization","@id":"https:\/\/www.elementvape.de\/#organization","name":"ElementVape.DE","url":"https:\/\/www.elementvape.de\/","logo":{"@type":"ImageObject","inLanguage":"da-DK","@id":"https:\/\/www.elementvape.de\/#\/schema\/logo\/image\/","url":"https:\/\/www.elementvape.de\/wp-content\/uploads\/2024\/09\/cropped-1elementvape-3.png","contentUrl":"https:\/\/www.elementvape.de\/wp-content\/uploads\/2024\/09\/cropped-1elementvape-3.png","width":285,"height":228,"caption":"ElementVape.DE"},"image":{"@id":"https:\/\/www.elementvape.de\/#\/schema\/logo\/image\/"}}]}},"_links":{"self":[{"href":"https:\/\/www.elementvape.de\/da\/wp-json\/wp\/v2\/product\/13850"}],"collection":[{"href":"https:\/\/www.elementvape.de\/da\/wp-json\/wp\/v2\/product"}],"about":[{"href":"https:\/\/www.elementvape.de\/da\/wp-json\/wp\/v2\/types\/product"}],"wp:featuredmedia":[{"embeddable":true,"href":"https:\/\/www.elementvape.de\/da\/wp-json\/wp\/v2\/media\/13851"}],"wp:attachment":[{"href":"https:\/\/www.elementvape.de\/da\/wp-json\/wp\/v2\/media?parent=13850"}],"wp:term":[{"taxonomy":"product_cat","embeddable":true,"href":"https:\/\/www.elementvape.de\/da\/wp-json\/wp\/v2\/product_cat?post=13850"},{"taxonomy":"product_tag","embeddable":true,"href":"https:\/\/www.elementvape.de\/da\/wp-json\/wp\/v2\/product_tag?post=13850"}],"curies":[{"name":"wp","href":"https:\/\/api.w.org\/{rel}","templated":true}]}}