{"id":13133,"date":"2024-06-26T02:29:07","date_gmt":"2024-06-26T02:29:07","guid":{"rendered":"https:\/\/www.elementvape.de\/?post_type=product&#038;p=13133"},"modified":"2024-09-12T10:28:51","modified_gmt":"2024-09-12T10:28:51","slug":"uwell-caliburn-koko-pod-system-kit","status":"publish","type":"product","link":"https:\/\/www.elementvape.de\/da\/produkt\/uwell-caliburn-koko-pod-system-kit\/","title":{"rendered":"UWELL Caliburn KOKO Pod System Kit"},"content":{"rendered":"<h3>UWELL Caliburn KOKO Pod System-Kit<\/h3>\n<p>Vi leverer Uwell E-cigaretter, Uwell Vape-s\u00e6t og Uwell Vape-tilbeh\u00f8r i h\u00f8jeste kvalitet. K\u00f8b UWELL Caliburn KOKO <strong><a href=\"https:\/\/www.elementvape.de\/da\/c\/pod\/\">Pod<\/a><\/strong> System-s\u00e6t til de bedste grossistpriser.<\/p>\n<h4>Produktbeskrivelse:<\/h4>\n<p>Uwell Caliburn KOKO-s\u00e6ttet er et elegant og kompakt pod-system med et unikt kabinetdesign. Drevet af et indbygget 520-mAh batteri, tilbyder det en maksimal effekt p\u00e5 11 W. Det innovative luftskifterdesign muligg\u00f8r nem betjening gennem inhalation, hvilket g\u00f8r det s\u00e6rligt egnet til begyndere. Pod-kartuschen har en kapacitet p\u00e5 2 ml og har et top-fyllesystem, der forhindrer l\u00e6kage af e-liquid.<\/p>\n<h4>Tekniske data:<\/h4>\n<ul>\n<li><strong>St\u00f8rrelse<\/strong>: 67 mm * 43 mm * 12 mm<\/li>\n<li><strong>V\u00e6gt<\/strong>: 33 g<\/li>\n<li><strong>Maksimal wattstyrke<\/strong>: 11 W<\/li>\n<li><strong>Spolemodstand<\/strong>: 1,2 \u03a9<\/li>\n<li><strong>Batterikapacitet<\/strong>: 520 mAh<\/li>\n<li><strong>Kapacitet af pod-kartuschen<\/strong>: 2 ml<\/li>\n<\/ul>\n<h4>Vigtige funktioner:<\/h4>\n<ol>\n<li><strong>Trekantaktiveret mekanisme<\/strong>: Bekvem dampning gennem inhalation uden knap.<\/li>\n<li><strong>Genopfyldelig kapsel<\/strong>: Omkostningseffektiv og milj\u00f8venlig.<\/li>\n<li><strong>Top-fyld-kartuschen<\/strong>: Enkel og l\u00e6kagesikker genopfyldning.<\/li>\n<li><strong>Kompakt og b\u00e6rbar<\/strong>: Ideel til brug p\u00e5 farten.<\/li>\n<li><strong>Eksklusivt design<\/strong>Moderne og elegant udseende.<\/li>\n<\/ol>\n<h4>Indhold:<\/h4>\n<ul>\n<li>1 \u00d7 CALIBURN KOKO-pod-system<\/li>\n<li>1 \u00d7 1,2 \u03a9 Caliburn KOKO-Pod (forudinstalleret)<\/li>\n<li>1 \u00d7 Micro-USB-kabel<\/li>\n<li>1 \u00d7 Brugerh\u00e5ndbog<\/li>\n<li>1 \u00d7 Halsk\u00e6de<\/li>\n<\/ul>\n<p>Med sit kompakte design og enkle betjening er Uwell Caliburn KOKO Pod System-s\u00e6ttet perfekt til begyndere og erfarne dampere ligeledes.<\/p>","protected":false},"excerpt":{"rendered":"<p>UWELL Caliburn KOKO Pod System-Kit Wir liefern Uwell E-Zigaretten, Uwell Vape-Kits und Uwell Vape-Zubeh\u00f6r in h\u00f6chster Qualit\u00e4t.\u00a0 Kaufen Sie das UWELL Caliburn KOKO Pod System-Kit zu den besten Gro\u00dfhandelspreisen. Produktbeschreibung: Das Uwell Caliburn KOKO Kit ist ein elegantes und kompaktes Pod-System mit einem einzigartigen Geh\u00e4usedesign. Angetrieben von einem eingebauten 520-mAh-Akku, bietet es eine maximale Leistung [&hellip;]<\/p>","protected":false},"featured_media":13134,"template":"","meta":{"inline_featured_image":false},"product_cat":[747,740,734,753,76],"product_tag":[],"tiered_pricing_type":"fixed","tiered_pricing_fixed_rules":[],"tiered_pricing_percentage_rules":[],"tiered_pricing_minimum":1,"_administrator_tiered_pricing_type":"fixed","_administrator_tiered_pricing_fixed_rules":[],"_editor_tiered_pricing_type":"fixed","_editor_tiered_pricing_fixed_rules":[],"_author_tiered_pricing_type":"fixed","_author_tiered_pricing_fixed_rules":[],"_contributor_tiered_pricing_type":"fixed","_contributor_tiered_pricing_fixed_rules":[],"_subscriber_tiered_pricing_type":"fixed","_subscriber_tiered_pricing_fixed_rules":[],"_customer_tiered_pricing_type":"fixed","_customer_tiered_pricing_fixed_rules":[],"_shop_manager_tiered_pricing_type":"fixed","_shop_manager_tiered_pricing_fixed_rules":[],"_wpseo_manager_tiered_pricing_type":"fixed","_wpseo_manager_tiered_pricing_fixed_rules":[],"_wpseo_editor_tiered_pricing_type":"fixed","_wpseo_editor_tiered_pricing_fixed_rules":[],"_wholesale_customer_tiered_pricing_type":"fixed","_wholesale_customer_tiered_pricing_fixed_rules":[],"_marketer_tiered_pricing_type":"fixed","_marketer_tiered_pricing_fixed_rules":[],"_sales_manager_tiered_pricing_type":"fixed","_sales_manager_tiered_pricing_fixed_rules":[],"_sales_rep_tiered_pricing_type":"fixed","_sales_rep_tiered_pricing_fixed_rules":[],"yoast_head":"<!-- This site is optimized with the Yoast SEO plugin v23.3 - https:\/\/yoast.com\/wordpress\/plugins\/seo\/ -->\n<title>UWELL Caliburn KOKO Pod System kit | ElementVape.de<\/title>\n<meta name=\"description\" content=\"Wir bieten UWELL Caliburn KOKO Pod System kit , Elementvape.de akzeptieren Gro\u00df-und Einzelhandel Bestellungen.\" \/>\n<meta name=\"robots\" content=\"index, follow, max-snippet:-1, max-image-preview:large, max-video-preview:-1\" \/>\n<link rel=\"canonical\" href=\"https:\/\/www.elementvape.de\/da\/produkt\/uwell-caliburn-koko-pod-system-kit\/\" \/>\n<meta property=\"og:locale\" content=\"da_DK\" \/>\n<meta property=\"og:type\" content=\"article\" \/>\n<meta property=\"og:title\" content=\"UWELL Caliburn KOKO Pod System kit | ElementVape.de\" \/>\n<meta property=\"og:description\" content=\"Wir bieten UWELL Caliburn KOKO Pod System kit , Elementvape.de akzeptieren Gro\u00df-und Einzelhandel Bestellungen.\" \/>\n<meta property=\"og:url\" content=\"https:\/\/www.elementvape.de\/da\/produkt\/uwell-caliburn-koko-pod-system-kit\/\" \/>\n<meta property=\"og:site_name\" content=\"ElementVape.de\" \/>\n<meta property=\"article:modified_time\" content=\"2024-09-12T10:28:51+00:00\" \/>\n<meta property=\"og:image\" content=\"https:\/\/www.elementvape.de\/wp-content\/uploads\/2024\/06\/UWELL-Caliburn-KOKO-Pod-System-kit.webp\" \/>\n\t<meta property=\"og:image:width\" content=\"600\" \/>\n\t<meta property=\"og:image:height\" content=\"600\" \/>\n\t<meta property=\"og:image:type\" content=\"image\/webp\" \/>\n<meta name=\"twitter:card\" content=\"summary_large_image\" \/>\n<meta name=\"twitter:label1\" content=\"Est. reading time\" \/>\n\t<meta name=\"twitter:data1\" content=\"2 minutter\" \/>\n<script type=\"application\/ld+json\" class=\"yoast-schema-graph\">{\"@context\":\"https:\/\/schema.org\",\"@graph\":[{\"@type\":\"WebPage\",\"@id\":\"https:\/\/www.elementvape.de\/produkt\/uwell-caliburn-koko-pod-system-kit\/\",\"url\":\"https:\/\/www.elementvape.de\/produkt\/uwell-caliburn-koko-pod-system-kit\/\",\"name\":\"UWELL Caliburn KOKO Pod System kit | ElementVape.de\",\"isPartOf\":{\"@id\":\"https:\/\/www.elementvape.de\/#website\"},\"primaryImageOfPage\":{\"@id\":\"https:\/\/www.elementvape.de\/produkt\/uwell-caliburn-koko-pod-system-kit\/#primaryimage\"},\"image\":{\"@id\":\"https:\/\/www.elementvape.de\/produkt\/uwell-caliburn-koko-pod-system-kit\/#primaryimage\"},\"thumbnailUrl\":\"https:\/\/www.elementvape.de\/wp-content\/uploads\/2024\/06\/UWELL-Caliburn-KOKO-Pod-System-kit.webp\",\"datePublished\":\"2024-06-26T02:29:07+00:00\",\"dateModified\":\"2024-09-12T10:28:51+00:00\",\"description\":\"Wir bieten UWELL Caliburn KOKO Pod System kit , Elementvape.de akzeptieren Gro\u00df-und Einzelhandel Bestellungen.\",\"breadcrumb\":{\"@id\":\"https:\/\/www.elementvape.de\/produkt\/uwell-caliburn-koko-pod-system-kit\/#breadcrumb\"},\"inLanguage\":\"da-DK\",\"potentialAction\":[{\"@type\":\"ReadAction\",\"target\":[\"https:\/\/www.elementvape.de\/produkt\/uwell-caliburn-koko-pod-system-kit\/\"]}]},{\"@type\":\"ImageObject\",\"inLanguage\":\"da-DK\",\"@id\":\"https:\/\/www.elementvape.de\/produkt\/uwell-caliburn-koko-pod-system-kit\/#primaryimage\",\"url\":\"https:\/\/www.elementvape.de\/wp-content\/uploads\/2024\/06\/UWELL-Caliburn-KOKO-Pod-System-kit.webp\",\"contentUrl\":\"https:\/\/www.elementvape.de\/wp-content\/uploads\/2024\/06\/UWELL-Caliburn-KOKO-Pod-System-kit.webp\",\"width\":600,\"height\":600,\"caption\":\"UWELL-Caliburn-KOKO-Pod-System-kit\"},{\"@type\":\"BreadcrumbList\",\"@id\":\"https:\/\/www.elementvape.de\/produkt\/uwell-caliburn-koko-pod-system-kit\/#breadcrumb\",\"itemListElement\":[{\"@type\":\"ListItem\",\"position\":1,\"name\":\"Home\",\"item\":\"https:\/\/www.elementvape.de\/\"},{\"@type\":\"ListItem\",\"position\":2,\"name\":\"Shop\",\"item\":\"https:\/\/www.elementvape.de\/shop\/\"},{\"@type\":\"ListItem\",\"position\":3,\"name\":\"UWELL Caliburn KOKO Pod System kit\"}]},{\"@type\":\"WebSite\",\"@id\":\"https:\/\/www.elementvape.de\/#website\",\"url\":\"https:\/\/www.elementvape.de\/\",\"name\":\"ElementVape.de\",\"description\":\"\",\"publisher\":{\"@id\":\"https:\/\/www.elementvape.de\/#organization\"},\"potentialAction\":[{\"@type\":\"SearchAction\",\"target\":{\"@type\":\"EntryPoint\",\"urlTemplate\":\"https:\/\/www.elementvape.de\/?s={search_term_string}\"},\"query-input\":\"required name=search_term_string\"}],\"inLanguage\":\"da-DK\"},{\"@type\":\"Organization\",\"@id\":\"https:\/\/www.elementvape.de\/#organization\",\"name\":\"ElementVape.DE\",\"url\":\"https:\/\/www.elementvape.de\/\",\"logo\":{\"@type\":\"ImageObject\",\"inLanguage\":\"da-DK\",\"@id\":\"https:\/\/www.elementvape.de\/#\/schema\/logo\/image\/\",\"url\":\"https:\/\/www.elementvape.de\/wp-content\/uploads\/2024\/09\/cropped-1elementvape-3.png\",\"contentUrl\":\"https:\/\/www.elementvape.de\/wp-content\/uploads\/2024\/09\/cropped-1elementvape-3.png\",\"width\":285,\"height\":228,\"caption\":\"ElementVape.DE\"},\"image\":{\"@id\":\"https:\/\/www.elementvape.de\/#\/schema\/logo\/image\/\"}}]}<\/script>\n<!-- \/ Yoast SEO plugin. -->","yoast_head_json":{"title":"UWELL Caliburn KOKO Pod System kit | ElementVape.de","description":"Wir bieten UWELL Caliburn KOKO Pod System kit , Elementvape.de akzeptieren Gro\u00df-und Einzelhandel Bestellungen.","robots":{"index":"index","follow":"follow","max-snippet":"max-snippet:-1","max-image-preview":"max-image-preview:large","max-video-preview":"max-video-preview:-1"},"canonical":"https:\/\/www.elementvape.de\/da\/produkt\/uwell-caliburn-koko-pod-system-kit\/","og_locale":"da_DK","og_type":"article","og_title":"UWELL Caliburn KOKO Pod System kit | ElementVape.de","og_description":"Wir bieten UWELL Caliburn KOKO Pod System kit , Elementvape.de akzeptieren Gro\u00df-und Einzelhandel Bestellungen.","og_url":"https:\/\/www.elementvape.de\/da\/produkt\/uwell-caliburn-koko-pod-system-kit\/","og_site_name":"ElementVape.de","article_modified_time":"2024-09-12T10:28:51+00:00","og_image":[{"width":600,"height":600,"url":"https:\/\/www.elementvape.de\/wp-content\/uploads\/2024\/06\/UWELL-Caliburn-KOKO-Pod-System-kit.webp","type":"image\/webp"}],"twitter_card":"summary_large_image","twitter_misc":{"Est. reading time":"2 minutter"},"schema":{"@context":"https:\/\/schema.org","@graph":[{"@type":"WebPage","@id":"https:\/\/www.elementvape.de\/produkt\/uwell-caliburn-koko-pod-system-kit\/","url":"https:\/\/www.elementvape.de\/produkt\/uwell-caliburn-koko-pod-system-kit\/","name":"UWELL Caliburn KOKO Pod System kit | ElementVape.de","isPartOf":{"@id":"https:\/\/www.elementvape.de\/#website"},"primaryImageOfPage":{"@id":"https:\/\/www.elementvape.de\/produkt\/uwell-caliburn-koko-pod-system-kit\/#primaryimage"},"image":{"@id":"https:\/\/www.elementvape.de\/produkt\/uwell-caliburn-koko-pod-system-kit\/#primaryimage"},"thumbnailUrl":"https:\/\/www.elementvape.de\/wp-content\/uploads\/2024\/06\/UWELL-Caliburn-KOKO-Pod-System-kit.webp","datePublished":"2024-06-26T02:29:07+00:00","dateModified":"2024-09-12T10:28:51+00:00","description":"Wir bieten UWELL Caliburn KOKO Pod System kit , Elementvape.de akzeptieren Gro\u00df-und Einzelhandel Bestellungen.","breadcrumb":{"@id":"https:\/\/www.elementvape.de\/produkt\/uwell-caliburn-koko-pod-system-kit\/#breadcrumb"},"inLanguage":"da-DK","potentialAction":[{"@type":"ReadAction","target":["https:\/\/www.elementvape.de\/produkt\/uwell-caliburn-koko-pod-system-kit\/"]}]},{"@type":"ImageObject","inLanguage":"da-DK","@id":"https:\/\/www.elementvape.de\/produkt\/uwell-caliburn-koko-pod-system-kit\/#primaryimage","url":"https:\/\/www.elementvape.de\/wp-content\/uploads\/2024\/06\/UWELL-Caliburn-KOKO-Pod-System-kit.webp","contentUrl":"https:\/\/www.elementvape.de\/wp-content\/uploads\/2024\/06\/UWELL-Caliburn-KOKO-Pod-System-kit.webp","width":600,"height":600,"caption":"UWELL-Caliburn-KOKO-Pod-System-kit"},{"@type":"BreadcrumbList","@id":"https:\/\/www.elementvape.de\/produkt\/uwell-caliburn-koko-pod-system-kit\/#breadcrumb","itemListElement":[{"@type":"ListItem","position":1,"name":"Home","item":"https:\/\/www.elementvape.de\/"},{"@type":"ListItem","position":2,"name":"Shop","item":"https:\/\/www.elementvape.de\/shop\/"},{"@type":"ListItem","position":3,"name":"UWELL Caliburn KOKO Pod System kit"}]},{"@type":"WebSite","@id":"https:\/\/www.elementvape.de\/#website","url":"https:\/\/www.elementvape.de\/","name":"ElementVape.de","description":"","publisher":{"@id":"https:\/\/www.elementvape.de\/#organization"},"potentialAction":[{"@type":"SearchAction","target":{"@type":"EntryPoint","urlTemplate":"https:\/\/www.elementvape.de\/?s={search_term_string}"},"query-input":"required name=search_term_string"}],"inLanguage":"da-DK"},{"@type":"Organization","@id":"https:\/\/www.elementvape.de\/#organization","name":"ElementVape.DE","url":"https:\/\/www.elementvape.de\/","logo":{"@type":"ImageObject","inLanguage":"da-DK","@id":"https:\/\/www.elementvape.de\/#\/schema\/logo\/image\/","url":"https:\/\/www.elementvape.de\/wp-content\/uploads\/2024\/09\/cropped-1elementvape-3.png","contentUrl":"https:\/\/www.elementvape.de\/wp-content\/uploads\/2024\/09\/cropped-1elementvape-3.png","width":285,"height":228,"caption":"ElementVape.DE"},"image":{"@id":"https:\/\/www.elementvape.de\/#\/schema\/logo\/image\/"}}]}},"_links":{"self":[{"href":"https:\/\/www.elementvape.de\/da\/wp-json\/wp\/v2\/product\/13133"}],"collection":[{"href":"https:\/\/www.elementvape.de\/da\/wp-json\/wp\/v2\/product"}],"about":[{"href":"https:\/\/www.elementvape.de\/da\/wp-json\/wp\/v2\/types\/product"}],"wp:featuredmedia":[{"embeddable":true,"href":"https:\/\/www.elementvape.de\/da\/wp-json\/wp\/v2\/media\/13134"}],"wp:attachment":[{"href":"https:\/\/www.elementvape.de\/da\/wp-json\/wp\/v2\/media?parent=13133"}],"wp:term":[{"taxonomy":"product_cat","embeddable":true,"href":"https:\/\/www.elementvape.de\/da\/wp-json\/wp\/v2\/product_cat?post=13133"},{"taxonomy":"product_tag","embeddable":true,"href":"https:\/\/www.elementvape.de\/da\/wp-json\/wp\/v2\/product_tag?post=13133"}],"curies":[{"name":"wp","href":"https:\/\/api.w.org\/{rel}","templated":true}]}}