{"id":12387,"date":"2024-06-18T06:55:43","date_gmt":"2024-06-18T06:55:43","guid":{"rendered":"https:\/\/www.elementvape.de\/?post_type=product&#038;p=12387"},"modified":"2024-09-12T10:35:59","modified_gmt":"2024-09-12T10:35:59","slug":"wotofo-smrt-pod-kit-2000mah","status":"publish","type":"product","link":"https:\/\/www.elementvape.de\/da\/produkt\/wotofo-smrt-pod-kit-2000mah\/","title":{"rendered":"Wotofo SMRT Pod Kit 2000mAh"},"content":{"rendered":"<h2>Wotofo SMRT Pod Kit Produktbeskrivelse<\/h2>\n<p><strong>Wotofo SMRT Pod Kit<\/strong>, det mest spilbare <strong><a href=\"https:\/\/www.elementvape.de\/da\/c\/pod\/\">Pod<\/a><\/strong>-System, er en innovativ l\u00f8sning, der er udviklet til at skabe flere interaktioner mellem <strong><a href=\"https:\/\/www.elementvape.de\/da\/\">Vape<\/a> <\/strong>Produkter og dampproducenter. Det tilbyder nemme ombygningsmuligheder for coilhoveder og er udstyret med forskellige forudfabrikerede tr\u00e5dalternativer, der bringer daglig gl\u00e6de og sp\u00e6nding. S\u00e6ttet er udstyret med en D15-spole, der har en justerbar luftindgang i bunden og er kompatibel med spoler fra serien D11, D13, D14, D15 samt PnP og GTX.<\/p>\n<h3>Hovedfunktioner<\/h3>\n<ol>\n<li><strong>Podkapacitet:<\/strong> 4,5 ml \/ 2 ml<\/li>\n<li><strong>Spolekompatibilitet:<\/strong> Kompatibel med spoler fra D11, D13, D14, D15 &amp; PnP-serien &amp; GTX-serien<\/li>\n<li><strong>Justerbar luftindgang:<\/strong> I bunden af D15-spolen til forskellige krav<\/li>\n<li><strong>Genopbygning Coil Kit:<\/strong> Udstyret med SMRT PnP Rebuildable Coil Kit til nem hjemmelavning<\/li>\n<li><strong>Batteri:<\/strong> Indbygget 2000 mAh batteri, udgangseffekt 5-80 W<\/li>\n<li><strong>Materiale:<\/strong> Let og holdbart kabinet af aluminiumlegering<\/li>\n<\/ol>\n<h3>Fysiske parametre<\/h3>\n<ul>\n<li><strong>St\u00f8rrelse:<\/strong> 29,2 x 23,0 x 117,3 mm<\/li>\n<li><strong>Kapacitet:<\/strong> 4,5 ml \/ 2 ml<\/li>\n<li><strong>Modstand:<\/strong> 0,2 \u03a9<\/li>\n<li><strong>Batteri:<\/strong> 2000 mAh<\/li>\n<li><strong>Farver:<\/strong> Sort, Guld, Sort-r\u00f8d, Sort-bl\u00e5<\/li>\n<\/ul>\n<h3>Pakke liste<\/h3>\n<ul>\n<li>1 x MANIK S-batteri<\/li>\n<li>1 x SMRT PnP-Pod-krukke<\/li>\n<li>1 x SMRT PnP Genopbygningsbar Coil Kit<\/li>\n<li>1 x D15 Clapton M-spole (udskiftelig med PnP-spoler)<\/li>\n<li>1 x Type-C opladerkabel<\/li>\n<li>1 x Brugerh\u00e5ndbog<\/li>\n<\/ul>\n<h3>Detaljebeskrivelse<\/h3>\n<p>Den <strong>Wotofo SMRT Pod Kit<\/strong> er ideel til dampere, der v\u00e6rds\u00e6tter tilpasning og brugervenlighed. Med Rebuildable Coil Kit kan brugere nemt ombygge deres spulkopper og skabe en individuel damperoplevelse. Den indbyggede 2000 mAh-batteri sikrer lang brugstid og kan levere en effekt p\u00e5 5 til 80 W for at im\u00f8dekomme forskellige dampbehov.<\/p>\n<p>Kapslen med en kapacitet p\u00e5 4,5 ml er kompatibel med adskillige spolertyper, inklusive de popul\u00e6re PnP- og GTX-serier. Huset af aluminiumlegering g\u00f8r enheden let og holdbar, ideel til daglig brug. Den justerbare luftindgang p\u00e5 D15-spolen giver brugerne mulighed for at tilpasse luftstr\u00f8mmen efter deres pr\u00e6ferencer.<\/p>\n<h3>Resum\u00e9<\/h3>\n<p>Den <strong>Wotofo SMRT Pod Kit<\/strong> byder p\u00e5 en alsidig og tilpasselig damperfaring, der er egnet b\u00e5de for begyndere og erfarne dampere. Med sit robuste og lette design, kompatibilitet med en bred vifte af spoler og det innovative Rebuildable Coil Kit er det det perfekte valg for alle, der s\u00f8ger en kvalitetsfuld og fleksibel damperoplevelse.<\/p>","protected":false},"excerpt":{"rendered":"<p>Wotofo SMRT Pod Kit Produktbeschreibung Wotofo SMRT Pod Kit, das spielbarste Pod-System, ist eine innovative L\u00f6sung, die entwickelt wurde, um mehr Interaktionen zwischen Vape Produkten und Dampfern zu erm\u00f6glichen. Es bietet einfache Umbauoptionen f\u00fcr Spulenk\u00f6pfe und ist mit verschiedenen vorgefertigten Drahtoptionen ausgestattet, die t\u00e4glich Freude und Spannung bringen. Das Kit ist mit einer D15-Spule ausgestattet, [&hellip;]<\/p>","protected":false},"featured_media":12388,"template":"","meta":{"inline_featured_image":false},"product_cat":[754,745,742,748,744,755,738,751,76],"product_tag":[],"tiered_pricing_type":"fixed","tiered_pricing_fixed_rules":[],"tiered_pricing_percentage_rules":[],"tiered_pricing_minimum":1,"_administrator_tiered_pricing_type":"fixed","_administrator_tiered_pricing_fixed_rules":[],"_editor_tiered_pricing_type":"fixed","_editor_tiered_pricing_fixed_rules":[],"_author_tiered_pricing_type":"fixed","_author_tiered_pricing_fixed_rules":[],"_contributor_tiered_pricing_type":"fixed","_contributor_tiered_pricing_fixed_rules":[],"_subscriber_tiered_pricing_type":"fixed","_subscriber_tiered_pricing_fixed_rules":[],"_customer_tiered_pricing_type":"fixed","_customer_tiered_pricing_fixed_rules":[],"_shop_manager_tiered_pricing_type":"fixed","_shop_manager_tiered_pricing_fixed_rules":[],"_wpseo_manager_tiered_pricing_type":"fixed","_wpseo_manager_tiered_pricing_fixed_rules":[],"_wpseo_editor_tiered_pricing_type":"fixed","_wpseo_editor_tiered_pricing_fixed_rules":[],"_wholesale_customer_tiered_pricing_type":"fixed","_wholesale_customer_tiered_pricing_fixed_rules":[],"_marketer_tiered_pricing_type":"fixed","_marketer_tiered_pricing_fixed_rules":[],"_sales_manager_tiered_pricing_type":"fixed","_sales_manager_tiered_pricing_fixed_rules":[],"_sales_rep_tiered_pricing_type":"fixed","_sales_rep_tiered_pricing_fixed_rules":[],"yoast_head":"<!-- This site is optimized with the Yoast SEO plugin v23.3 - https:\/\/yoast.com\/wordpress\/plugins\/seo\/ -->\n<title>Wotofo SMRT Pod Kit 2000mAh | ElementVape.de<\/title>\n<meta name=\"description\" content=\"Wir bieten Wotofo SMRT Pod Kit 2000mAh , Elementvape.de akzeptieren Gro\u00df-und Einzelhandel Bestellungen.\" \/>\n<meta name=\"robots\" content=\"index, follow, max-snippet:-1, max-image-preview:large, max-video-preview:-1\" \/>\n<link rel=\"canonical\" href=\"https:\/\/www.elementvape.de\/da\/produkt\/wotofo-smrt-pod-kit-2000mah\/\" \/>\n<meta property=\"og:locale\" content=\"da_DK\" \/>\n<meta property=\"og:type\" content=\"article\" \/>\n<meta property=\"og:title\" content=\"Wotofo SMRT Pod Kit 2000mAh | ElementVape.de\" \/>\n<meta property=\"og:description\" content=\"Wir bieten Wotofo SMRT Pod Kit 2000mAh , Elementvape.de akzeptieren Gro\u00df-und Einzelhandel Bestellungen.\" \/>\n<meta property=\"og:url\" content=\"https:\/\/www.elementvape.de\/da\/produkt\/wotofo-smrt-pod-kit-2000mah\/\" \/>\n<meta property=\"og:site_name\" content=\"ElementVape.de\" \/>\n<meta property=\"article:modified_time\" content=\"2024-09-12T10:35:59+00:00\" \/>\n<meta property=\"og:image\" content=\"https:\/\/www.elementvape.de\/wp-content\/uploads\/2024\/06\/Wotofo-SMRT-Pod-Kit-2000mAh.webp\" \/>\n\t<meta property=\"og:image:width\" content=\"600\" \/>\n\t<meta property=\"og:image:height\" content=\"600\" \/>\n\t<meta property=\"og:image:type\" content=\"image\/webp\" \/>\n<meta name=\"twitter:card\" content=\"summary_large_image\" \/>\n<meta name=\"twitter:label1\" content=\"Est. reading time\" \/>\n\t<meta name=\"twitter:data1\" content=\"3 minutter\" \/>\n<script type=\"application\/ld+json\" class=\"yoast-schema-graph\">{\"@context\":\"https:\/\/schema.org\",\"@graph\":[{\"@type\":\"WebPage\",\"@id\":\"https:\/\/www.elementvape.de\/it\/produkt\/wotofo-smrt-pod-kit-2000mah\/\",\"url\":\"https:\/\/www.elementvape.de\/it\/produkt\/wotofo-smrt-pod-kit-2000mah\/\",\"name\":\"Wotofo SMRT Pod Kit 2000mAh | ElementVape.de\",\"isPartOf\":{\"@id\":\"https:\/\/www.elementvape.de\/#website\"},\"primaryImageOfPage\":{\"@id\":\"https:\/\/www.elementvape.de\/it\/produkt\/wotofo-smrt-pod-kit-2000mah\/#primaryimage\"},\"image\":{\"@id\":\"https:\/\/www.elementvape.de\/it\/produkt\/wotofo-smrt-pod-kit-2000mah\/#primaryimage\"},\"thumbnailUrl\":\"https:\/\/www.elementvape.de\/wp-content\/uploads\/2024\/06\/Wotofo-SMRT-Pod-Kit-2000mAh.webp\",\"datePublished\":\"2024-06-18T06:55:43+00:00\",\"dateModified\":\"2024-09-12T10:35:59+00:00\",\"description\":\"Wir bieten Wotofo SMRT Pod Kit 2000mAh , Elementvape.de akzeptieren Gro\u00df-und Einzelhandel Bestellungen.\",\"breadcrumb\":{\"@id\":\"https:\/\/www.elementvape.de\/it\/produkt\/wotofo-smrt-pod-kit-2000mah\/#breadcrumb\"},\"inLanguage\":\"da-DK\",\"potentialAction\":[{\"@type\":\"ReadAction\",\"target\":[\"https:\/\/www.elementvape.de\/it\/produkt\/wotofo-smrt-pod-kit-2000mah\/\"]}]},{\"@type\":\"ImageObject\",\"inLanguage\":\"da-DK\",\"@id\":\"https:\/\/www.elementvape.de\/it\/produkt\/wotofo-smrt-pod-kit-2000mah\/#primaryimage\",\"url\":\"https:\/\/www.elementvape.de\/wp-content\/uploads\/2024\/06\/Wotofo-SMRT-Pod-Kit-2000mAh.webp\",\"contentUrl\":\"https:\/\/www.elementvape.de\/wp-content\/uploads\/2024\/06\/Wotofo-SMRT-Pod-Kit-2000mAh.webp\",\"width\":600,\"height\":600,\"caption\":\"Wotofo-SMRT-Pod-Kit-2000mAh\"},{\"@type\":\"BreadcrumbList\",\"@id\":\"https:\/\/www.elementvape.de\/it\/produkt\/wotofo-smrt-pod-kit-2000mah\/#breadcrumb\",\"itemListElement\":[{\"@type\":\"ListItem\",\"position\":1,\"name\":\"Home\",\"item\":\"https:\/\/www.elementvape.de\/\"},{\"@type\":\"ListItem\",\"position\":2,\"name\":\"Shop\",\"item\":\"https:\/\/www.elementvape.de\/shop\/\"},{\"@type\":\"ListItem\",\"position\":3,\"name\":\"Wotofo SMRT Pod Kit 2000mAh\"}]},{\"@type\":\"WebSite\",\"@id\":\"https:\/\/www.elementvape.de\/#website\",\"url\":\"https:\/\/www.elementvape.de\/\",\"name\":\"ElementVape.de\",\"description\":\"\",\"publisher\":{\"@id\":\"https:\/\/www.elementvape.de\/#organization\"},\"potentialAction\":[{\"@type\":\"SearchAction\",\"target\":{\"@type\":\"EntryPoint\",\"urlTemplate\":\"https:\/\/www.elementvape.de\/?s={search_term_string}\"},\"query-input\":\"required name=search_term_string\"}],\"inLanguage\":\"da-DK\"},{\"@type\":\"Organization\",\"@id\":\"https:\/\/www.elementvape.de\/#organization\",\"name\":\"ElementVape.DE\",\"url\":\"https:\/\/www.elementvape.de\/\",\"logo\":{\"@type\":\"ImageObject\",\"inLanguage\":\"da-DK\",\"@id\":\"https:\/\/www.elementvape.de\/#\/schema\/logo\/image\/\",\"url\":\"https:\/\/www.elementvape.de\/wp-content\/uploads\/2024\/09\/cropped-1elementvape-3.png\",\"contentUrl\":\"https:\/\/www.elementvape.de\/wp-content\/uploads\/2024\/09\/cropped-1elementvape-3.png\",\"width\":285,\"height\":228,\"caption\":\"ElementVape.DE\"},\"image\":{\"@id\":\"https:\/\/www.elementvape.de\/#\/schema\/logo\/image\/\"}}]}<\/script>\n<!-- \/ Yoast SEO plugin. -->","yoast_head_json":{"title":"Wotofo SMRT Pod Kit 2000mAh | ElementVape.de","description":"Wir bieten Wotofo SMRT Pod Kit 2000mAh , Elementvape.de akzeptieren Gro\u00df-und Einzelhandel Bestellungen.","robots":{"index":"index","follow":"follow","max-snippet":"max-snippet:-1","max-image-preview":"max-image-preview:large","max-video-preview":"max-video-preview:-1"},"canonical":"https:\/\/www.elementvape.de\/da\/produkt\/wotofo-smrt-pod-kit-2000mah\/","og_locale":"da_DK","og_type":"article","og_title":"Wotofo SMRT Pod Kit 2000mAh | ElementVape.de","og_description":"Wir bieten Wotofo SMRT Pod Kit 2000mAh , Elementvape.de akzeptieren Gro\u00df-und Einzelhandel Bestellungen.","og_url":"https:\/\/www.elementvape.de\/da\/produkt\/wotofo-smrt-pod-kit-2000mah\/","og_site_name":"ElementVape.de","article_modified_time":"2024-09-12T10:35:59+00:00","og_image":[{"width":600,"height":600,"url":"https:\/\/www.elementvape.de\/wp-content\/uploads\/2024\/06\/Wotofo-SMRT-Pod-Kit-2000mAh.webp","type":"image\/webp"}],"twitter_card":"summary_large_image","twitter_misc":{"Est. reading time":"3 minutter"},"schema":{"@context":"https:\/\/schema.org","@graph":[{"@type":"WebPage","@id":"https:\/\/www.elementvape.de\/it\/produkt\/wotofo-smrt-pod-kit-2000mah\/","url":"https:\/\/www.elementvape.de\/it\/produkt\/wotofo-smrt-pod-kit-2000mah\/","name":"Wotofo SMRT Pod Kit 2000mAh | ElementVape.de","isPartOf":{"@id":"https:\/\/www.elementvape.de\/#website"},"primaryImageOfPage":{"@id":"https:\/\/www.elementvape.de\/it\/produkt\/wotofo-smrt-pod-kit-2000mah\/#primaryimage"},"image":{"@id":"https:\/\/www.elementvape.de\/it\/produkt\/wotofo-smrt-pod-kit-2000mah\/#primaryimage"},"thumbnailUrl":"https:\/\/www.elementvape.de\/wp-content\/uploads\/2024\/06\/Wotofo-SMRT-Pod-Kit-2000mAh.webp","datePublished":"2024-06-18T06:55:43+00:00","dateModified":"2024-09-12T10:35:59+00:00","description":"Wir bieten Wotofo SMRT Pod Kit 2000mAh , Elementvape.de akzeptieren Gro\u00df-und Einzelhandel Bestellungen.","breadcrumb":{"@id":"https:\/\/www.elementvape.de\/it\/produkt\/wotofo-smrt-pod-kit-2000mah\/#breadcrumb"},"inLanguage":"da-DK","potentialAction":[{"@type":"ReadAction","target":["https:\/\/www.elementvape.de\/it\/produkt\/wotofo-smrt-pod-kit-2000mah\/"]}]},{"@type":"ImageObject","inLanguage":"da-DK","@id":"https:\/\/www.elementvape.de\/it\/produkt\/wotofo-smrt-pod-kit-2000mah\/#primaryimage","url":"https:\/\/www.elementvape.de\/wp-content\/uploads\/2024\/06\/Wotofo-SMRT-Pod-Kit-2000mAh.webp","contentUrl":"https:\/\/www.elementvape.de\/wp-content\/uploads\/2024\/06\/Wotofo-SMRT-Pod-Kit-2000mAh.webp","width":600,"height":600,"caption":"Wotofo-SMRT-Pod-Kit-2000mAh"},{"@type":"BreadcrumbList","@id":"https:\/\/www.elementvape.de\/it\/produkt\/wotofo-smrt-pod-kit-2000mah\/#breadcrumb","itemListElement":[{"@type":"ListItem","position":1,"name":"Home","item":"https:\/\/www.elementvape.de\/"},{"@type":"ListItem","position":2,"name":"Shop","item":"https:\/\/www.elementvape.de\/shop\/"},{"@type":"ListItem","position":3,"name":"Wotofo SMRT Pod Kit 2000mAh"}]},{"@type":"WebSite","@id":"https:\/\/www.elementvape.de\/#website","url":"https:\/\/www.elementvape.de\/","name":"ElementVape.de","description":"","publisher":{"@id":"https:\/\/www.elementvape.de\/#organization"},"potentialAction":[{"@type":"SearchAction","target":{"@type":"EntryPoint","urlTemplate":"https:\/\/www.elementvape.de\/?s={search_term_string}"},"query-input":"required name=search_term_string"}],"inLanguage":"da-DK"},{"@type":"Organization","@id":"https:\/\/www.elementvape.de\/#organization","name":"ElementVape.DE","url":"https:\/\/www.elementvape.de\/","logo":{"@type":"ImageObject","inLanguage":"da-DK","@id":"https:\/\/www.elementvape.de\/#\/schema\/logo\/image\/","url":"https:\/\/www.elementvape.de\/wp-content\/uploads\/2024\/09\/cropped-1elementvape-3.png","contentUrl":"https:\/\/www.elementvape.de\/wp-content\/uploads\/2024\/09\/cropped-1elementvape-3.png","width":285,"height":228,"caption":"ElementVape.DE"},"image":{"@id":"https:\/\/www.elementvape.de\/#\/schema\/logo\/image\/"}}]}},"_links":{"self":[{"href":"https:\/\/www.elementvape.de\/da\/wp-json\/wp\/v2\/product\/12387"}],"collection":[{"href":"https:\/\/www.elementvape.de\/da\/wp-json\/wp\/v2\/product"}],"about":[{"href":"https:\/\/www.elementvape.de\/da\/wp-json\/wp\/v2\/types\/product"}],"wp:featuredmedia":[{"embeddable":true,"href":"https:\/\/www.elementvape.de\/da\/wp-json\/wp\/v2\/media\/12388"}],"wp:attachment":[{"href":"https:\/\/www.elementvape.de\/da\/wp-json\/wp\/v2\/media?parent=12387"}],"wp:term":[{"taxonomy":"product_cat","embeddable":true,"href":"https:\/\/www.elementvape.de\/da\/wp-json\/wp\/v2\/product_cat?post=12387"},{"taxonomy":"product_tag","embeddable":true,"href":"https:\/\/www.elementvape.de\/da\/wp-json\/wp\/v2\/product_tag?post=12387"}],"curies":[{"name":"wp","href":"https:\/\/api.w.org\/{rel}","templated":true}]}}