{"id":11924,"date":"2024-06-07T09:54:38","date_gmt":"2024-06-07T09:54:38","guid":{"rendered":"https:\/\/www.elementvape.de\/?post_type=product&#038;p=11924"},"modified":"2024-09-12T10:36:16","modified_gmt":"2024-09-12T10:36:16","slug":"randm-tornado-8000-kaufen-einweg-e-zigaretten-8000-zuege","status":"publish","type":"product","link":"https:\/\/www.elementvape.de\/da\/produkt\/randm-tornado-8000-kaufen-einweg-e-zigaretten-8000-zuege\/","title":{"rendered":"RandM Tornado 8000 K\u00f8b Engangs-E-cigaret 8000 Tr\u00e6k"},"content":{"rendered":"<h2>Egenskaber ved RandM Tornado 8000:<\/h2>\n<ul>\n<li><strong>Nikotinniveau<\/strong>: Tilg\u00e6ngelig i 0%, 2%, 3% og 5% Nikotinsalt.<\/li>\n<li><strong>E-v\u00e6skekapacitet<\/strong>: 16 ml.<\/li>\n<li><strong>Luftstr\u00f8mskontrol<\/strong>: G\u00f8r det muligt at justere luftstr\u00f8mmen efter personlige pr\u00e6ferencer.<\/li>\n<li><strong>Mesh-spolebatteri<\/strong>: Sikrer j\u00e6vn og intens dampproduktion.<\/li>\n<li><strong>Genopladeligt batteri<\/strong>: Indbygget 850-mAh batteri med Type-C-tilslutning i bunden af enheden.<\/li>\n<li><strong>Tr\u00e6k<\/strong>: Tilbyder op til 8000 tr\u00e6k pr enhed.<\/li>\n<li><strong>Pakke<\/strong>: 10 styk p\u00e5 displayet, 240 styk i en kasse.<\/li>\n<\/ul>\n<h2>Tilg\u00e6ngelige smagsvarianter:<\/h2>\n<ol>\n<li>Lush Ice<\/li>\n<li>Bl\u00e5 Razz Is<\/li>\n<li>Jordb\u00e6r Vandmelon<\/li>\n<li>Jordb\u00e6r-limonade<\/li>\n<li>Surt \u00e6ble<\/li>\n<li>Vatt\u00e6ble<\/li>\n<li>Skittles Slik<\/li>\n<li>Gummibj\u00f8rne<\/li>\n<li>Vindrueappelsin<\/li>\n<li>Honningmelon-is<\/li>\n<li>Melon-is<\/li>\n<li>R\u00f8d \u00e6ble-melon<\/li>\n<li>Granat\u00e6ble-is<\/li>\n<li>Banan-is<\/li>\n<li>Bl\u00e5b\u00e6r-is<\/li>\n<li>Kold Mynte<\/li>\n<li>Jordb\u00e6r-kivi<\/li>\n<li>Fersken-mango<\/li>\n<li>Pina Colada<\/li>\n<li>Kirseb\u00e6r- litchi<\/li>\n<li>Bl\u00e5b\u00e6r-gummi<\/li>\n<li>Vandmelon<\/li>\n<li>Bl\u00e5b\u00e6r-sur-hindb\u00e6r<\/li>\n<li>Vindrue-is<\/li>\n<li>Bl\u00e5b\u00e6r-Granat\u00e6ble<\/li>\n<li>Mr. Blue<\/li>\n<li>Bl\u00e5b\u00e6r- hindb\u00e6r<\/li>\n<li>Jordb\u00e6r-is<\/li>\n<li>Kirseb\u00e6r-Cola-Is<\/li>\n<li>Red Bull<\/li>\n<li>Pink Lemonade<\/li>\n<\/ol>\n<h3>Produktdetaljer:<\/h3>\n<ul>\n<li><strong>Pakkeindhold<\/strong>: 1 x RandM Tornado 8000 engangs-vape, tilbyder 8000 tr\u00e6k.<\/li>\n<\/ul>\n<p>Denne enhed tilbyder en r\u00e6kke smagsvarianter og funktioner for at im\u00f8dekomme forskellige dampers behov. Den genopladelige funktion og det store udvalg af nikotinstyrker og smagsvarianter g\u00f8r RandM Tornado 8000 til et fleksibelt og brugervenligt valg for dampere.<\/p>","protected":false},"excerpt":{"rendered":"<p>Merkmale des RandM Tornado 8000: Nikotingehalt: Verf\u00fcgbar in 0%, 2%, 3% und 5% Nikotinsalz. E-Liquid Kapazit\u00e4t: 16 ml. Luftstromkontrolle: Erm\u00f6glicht die Anpassung des Luftstroms nach den pers\u00f6nlichen Vorlieben. Mesh-Spulenbatterie: Sorgt f\u00fcr gleichm\u00e4\u00dfige und intensive Dampfproduktion. Wiederaufladbarer Akku: Eingebauter 850-mAh-Akku mit Typ-C-Anschluss an der Unterseite des Ger\u00e4ts. Z\u00fcge: Bietet bis zu 8000 Z\u00fcge pro Ger\u00e4t. Verpackung: [&hellip;]<\/p>","protected":false},"featured_media":11925,"template":"","meta":{"inline_featured_image":false},"product_cat":[78,754,745,742,748,744,755,738,751],"product_tag":[683],"tiered_pricing_type":"fixed","tiered_pricing_fixed_rules":[],"tiered_pricing_percentage_rules":[],"tiered_pricing_minimum":1,"_administrator_tiered_pricing_type":"fixed","_administrator_tiered_pricing_fixed_rules":[],"_editor_tiered_pricing_type":"fixed","_editor_tiered_pricing_fixed_rules":[],"_author_tiered_pricing_type":"fixed","_author_tiered_pricing_fixed_rules":[],"_contributor_tiered_pricing_type":"fixed","_contributor_tiered_pricing_fixed_rules":[],"_subscriber_tiered_pricing_type":"fixed","_subscriber_tiered_pricing_fixed_rules":[],"_customer_tiered_pricing_type":"fixed","_customer_tiered_pricing_fixed_rules":[],"_shop_manager_tiered_pricing_type":"fixed","_shop_manager_tiered_pricing_fixed_rules":[],"_wpseo_manager_tiered_pricing_type":"fixed","_wpseo_manager_tiered_pricing_fixed_rules":[],"_wpseo_editor_tiered_pricing_type":"fixed","_wpseo_editor_tiered_pricing_fixed_rules":[],"_wholesale_customer_tiered_pricing_type":"fixed","_wholesale_customer_tiered_pricing_fixed_rules":[],"_marketer_tiered_pricing_type":"fixed","_marketer_tiered_pricing_fixed_rules":[],"_sales_manager_tiered_pricing_type":"fixed","_sales_manager_tiered_pricing_fixed_rules":[],"_sales_rep_tiered_pricing_type":"fixed","_sales_rep_tiered_pricing_fixed_rules":[],"yoast_head":"<!-- This site is optimized with the Yoast SEO plugin v23.3 - https:\/\/yoast.com\/wordpress\/plugins\/seo\/ -->\n<title>RandM Tornado 8000 Kaufen Einweg-E-Zigaretten 8000 Z\u00fcge | ElementVape.de<\/title>\n<meta name=\"description\" content=\"Wir bieten RandM Tornado 8000 Kaufen Einweg-E-Zigaretten 8000 Z\u00fcge , Elementvape.de akzeptieren Gro\u00df-und Einzelhandel Bestellungen.\" \/>\n<meta name=\"robots\" content=\"index, follow, max-snippet:-1, max-image-preview:large, max-video-preview:-1\" \/>\n<link rel=\"canonical\" href=\"https:\/\/www.elementvape.de\/da\/produkt\/randm-tornado-8000-kaufen-einweg-e-zigaretten-8000-zuege\/\" \/>\n<meta property=\"og:locale\" content=\"da_DK\" \/>\n<meta property=\"og:type\" content=\"article\" \/>\n<meta property=\"og:title\" content=\"RandM Tornado 8000 Kaufen Einweg-E-Zigaretten 8000 Z\u00fcge | ElementVape.de\" \/>\n<meta property=\"og:description\" content=\"Wir bieten RandM Tornado 8000 Kaufen Einweg-E-Zigaretten 8000 Z\u00fcge , Elementvape.de akzeptieren Gro\u00df-und Einzelhandel Bestellungen.\" \/>\n<meta property=\"og:url\" content=\"https:\/\/www.elementvape.de\/da\/produkt\/randm-tornado-8000-kaufen-einweg-e-zigaretten-8000-zuege\/\" \/>\n<meta property=\"og:site_name\" content=\"ElementVape.de\" \/>\n<meta property=\"article:modified_time\" content=\"2024-09-12T10:36:16+00:00\" \/>\n<meta property=\"og:image\" content=\"https:\/\/www.elementvape.de\/wp-content\/uploads\/2024\/06\/RANDMTORNADO8000AIRFLOWCONTROLDISPOSABLEVAPE_2.webp\" \/>\n\t<meta property=\"og:image:width\" content=\"800\" \/>\n\t<meta property=\"og:image:height\" content=\"800\" \/>\n\t<meta property=\"og:image:type\" content=\"image\/webp\" \/>\n<meta name=\"twitter:card\" content=\"summary_large_image\" \/>\n<meta name=\"twitter:label1\" content=\"Est. reading time\" \/>\n\t<meta name=\"twitter:data1\" content=\"2 minutter\" \/>\n<script type=\"application\/ld+json\" class=\"yoast-schema-graph\">{\"@context\":\"https:\/\/schema.org\",\"@graph\":[{\"@type\":\"WebPage\",\"@id\":\"https:\/\/www.elementvape.de\/da\/produkt\/randm-tornado-8000-kaufen-einweg-e-zigaretten-8000-zuege\/\",\"url\":\"https:\/\/www.elementvape.de\/da\/produkt\/randm-tornado-8000-kaufen-einweg-e-zigaretten-8000-zuege\/\",\"name\":\"RandM Tornado 8000 Kaufen Einweg-E-Zigaretten 8000 Z\u00fcge | ElementVape.de\",\"isPartOf\":{\"@id\":\"https:\/\/www.elementvape.de\/#website\"},\"primaryImageOfPage\":{\"@id\":\"https:\/\/www.elementvape.de\/da\/produkt\/randm-tornado-8000-kaufen-einweg-e-zigaretten-8000-zuege\/#primaryimage\"},\"image\":{\"@id\":\"https:\/\/www.elementvape.de\/da\/produkt\/randm-tornado-8000-kaufen-einweg-e-zigaretten-8000-zuege\/#primaryimage\"},\"thumbnailUrl\":\"https:\/\/www.elementvape.de\/wp-content\/uploads\/2024\/06\/RANDMTORNADO8000AIRFLOWCONTROLDISPOSABLEVAPE_2.webp\",\"datePublished\":\"2024-06-07T09:54:38+00:00\",\"dateModified\":\"2024-09-12T10:36:16+00:00\",\"description\":\"Wir bieten RandM Tornado 8000 Kaufen Einweg-E-Zigaretten 8000 Z\u00fcge , Elementvape.de akzeptieren Gro\u00df-und Einzelhandel Bestellungen.\",\"breadcrumb\":{\"@id\":\"https:\/\/www.elementvape.de\/da\/produkt\/randm-tornado-8000-kaufen-einweg-e-zigaretten-8000-zuege\/#breadcrumb\"},\"inLanguage\":\"da-DK\",\"potentialAction\":[{\"@type\":\"ReadAction\",\"target\":[\"https:\/\/www.elementvape.de\/da\/produkt\/randm-tornado-8000-kaufen-einweg-e-zigaretten-8000-zuege\/\"]}]},{\"@type\":\"ImageObject\",\"inLanguage\":\"da-DK\",\"@id\":\"https:\/\/www.elementvape.de\/da\/produkt\/randm-tornado-8000-kaufen-einweg-e-zigaretten-8000-zuege\/#primaryimage\",\"url\":\"https:\/\/www.elementvape.de\/wp-content\/uploads\/2024\/06\/RANDMTORNADO8000AIRFLOWCONTROLDISPOSABLEVAPE_2.webp\",\"contentUrl\":\"https:\/\/www.elementvape.de\/wp-content\/uploads\/2024\/06\/RANDMTORNADO8000AIRFLOWCONTROLDISPOSABLEVAPE_2.webp\",\"width\":800,\"height\":800,\"caption\":\"RANDMTORNADO8000AIRFLOWCONTROLDISPOSABLEVAPE_2\"},{\"@type\":\"BreadcrumbList\",\"@id\":\"https:\/\/www.elementvape.de\/da\/produkt\/randm-tornado-8000-kaufen-einweg-e-zigaretten-8000-zuege\/#breadcrumb\",\"itemListElement\":[{\"@type\":\"ListItem\",\"position\":1,\"name\":\"Home\",\"item\":\"https:\/\/www.elementvape.de\/\"},{\"@type\":\"ListItem\",\"position\":2,\"name\":\"Shop\",\"item\":\"https:\/\/www.elementvape.de\/shop\/\"},{\"@type\":\"ListItem\",\"position\":3,\"name\":\"RandM Tornado 8000 Kaufen Einweg-E-Zigaretten 8000 Z\u00fcge\"}]},{\"@type\":\"WebSite\",\"@id\":\"https:\/\/www.elementvape.de\/#website\",\"url\":\"https:\/\/www.elementvape.de\/\",\"name\":\"ElementVape.de\",\"description\":\"\",\"publisher\":{\"@id\":\"https:\/\/www.elementvape.de\/#organization\"},\"potentialAction\":[{\"@type\":\"SearchAction\",\"target\":{\"@type\":\"EntryPoint\",\"urlTemplate\":\"https:\/\/www.elementvape.de\/?s={search_term_string}\"},\"query-input\":\"required name=search_term_string\"}],\"inLanguage\":\"da-DK\"},{\"@type\":\"Organization\",\"@id\":\"https:\/\/www.elementvape.de\/#organization\",\"name\":\"ElementVape.DE\",\"url\":\"https:\/\/www.elementvape.de\/\",\"logo\":{\"@type\":\"ImageObject\",\"inLanguage\":\"da-DK\",\"@id\":\"https:\/\/www.elementvape.de\/#\/schema\/logo\/image\/\",\"url\":\"https:\/\/www.elementvape.de\/wp-content\/uploads\/2024\/09\/cropped-1elementvape-3.png\",\"contentUrl\":\"https:\/\/www.elementvape.de\/wp-content\/uploads\/2024\/09\/cropped-1elementvape-3.png\",\"width\":285,\"height\":228,\"caption\":\"ElementVape.DE\"},\"image\":{\"@id\":\"https:\/\/www.elementvape.de\/#\/schema\/logo\/image\/\"}}]}<\/script>\n<!-- \/ Yoast SEO plugin. -->","yoast_head_json":{"title":"RandM Tornado 8000 Kaufen Einweg-E-Zigaretten 8000 Z\u00fcge | ElementVape.de","description":"Wir bieten RandM Tornado 8000 Kaufen Einweg-E-Zigaretten 8000 Z\u00fcge , Elementvape.de akzeptieren Gro\u00df-und Einzelhandel Bestellungen.","robots":{"index":"index","follow":"follow","max-snippet":"max-snippet:-1","max-image-preview":"max-image-preview:large","max-video-preview":"max-video-preview:-1"},"canonical":"https:\/\/www.elementvape.de\/da\/produkt\/randm-tornado-8000-kaufen-einweg-e-zigaretten-8000-zuege\/","og_locale":"da_DK","og_type":"article","og_title":"RandM Tornado 8000 Kaufen Einweg-E-Zigaretten 8000 Z\u00fcge | ElementVape.de","og_description":"Wir bieten RandM Tornado 8000 Kaufen Einweg-E-Zigaretten 8000 Z\u00fcge , Elementvape.de akzeptieren Gro\u00df-und Einzelhandel Bestellungen.","og_url":"https:\/\/www.elementvape.de\/da\/produkt\/randm-tornado-8000-kaufen-einweg-e-zigaretten-8000-zuege\/","og_site_name":"ElementVape.de","article_modified_time":"2024-09-12T10:36:16+00:00","og_image":[{"width":800,"height":800,"url":"https:\/\/www.elementvape.de\/wp-content\/uploads\/2024\/06\/RANDMTORNADO8000AIRFLOWCONTROLDISPOSABLEVAPE_2.webp","type":"image\/webp"}],"twitter_card":"summary_large_image","twitter_misc":{"Est. reading time":"2 minutter"},"schema":{"@context":"https:\/\/schema.org","@graph":[{"@type":"WebPage","@id":"https:\/\/www.elementvape.de\/da\/produkt\/randm-tornado-8000-kaufen-einweg-e-zigaretten-8000-zuege\/","url":"https:\/\/www.elementvape.de\/da\/produkt\/randm-tornado-8000-kaufen-einweg-e-zigaretten-8000-zuege\/","name":"RandM Tornado 8000 Kaufen Einweg-E-Zigaretten 8000 Z\u00fcge | ElementVape.de","isPartOf":{"@id":"https:\/\/www.elementvape.de\/#website"},"primaryImageOfPage":{"@id":"https:\/\/www.elementvape.de\/da\/produkt\/randm-tornado-8000-kaufen-einweg-e-zigaretten-8000-zuege\/#primaryimage"},"image":{"@id":"https:\/\/www.elementvape.de\/da\/produkt\/randm-tornado-8000-kaufen-einweg-e-zigaretten-8000-zuege\/#primaryimage"},"thumbnailUrl":"https:\/\/www.elementvape.de\/wp-content\/uploads\/2024\/06\/RANDMTORNADO8000AIRFLOWCONTROLDISPOSABLEVAPE_2.webp","datePublished":"2024-06-07T09:54:38+00:00","dateModified":"2024-09-12T10:36:16+00:00","description":"Wir bieten RandM Tornado 8000 Kaufen Einweg-E-Zigaretten 8000 Z\u00fcge , Elementvape.de akzeptieren Gro\u00df-und Einzelhandel Bestellungen.","breadcrumb":{"@id":"https:\/\/www.elementvape.de\/da\/produkt\/randm-tornado-8000-kaufen-einweg-e-zigaretten-8000-zuege\/#breadcrumb"},"inLanguage":"da-DK","potentialAction":[{"@type":"ReadAction","target":["https:\/\/www.elementvape.de\/da\/produkt\/randm-tornado-8000-kaufen-einweg-e-zigaretten-8000-zuege\/"]}]},{"@type":"ImageObject","inLanguage":"da-DK","@id":"https:\/\/www.elementvape.de\/da\/produkt\/randm-tornado-8000-kaufen-einweg-e-zigaretten-8000-zuege\/#primaryimage","url":"https:\/\/www.elementvape.de\/wp-content\/uploads\/2024\/06\/RANDMTORNADO8000AIRFLOWCONTROLDISPOSABLEVAPE_2.webp","contentUrl":"https:\/\/www.elementvape.de\/wp-content\/uploads\/2024\/06\/RANDMTORNADO8000AIRFLOWCONTROLDISPOSABLEVAPE_2.webp","width":800,"height":800,"caption":"RANDMTORNADO8000AIRFLOWCONTROLDISPOSABLEVAPE_2"},{"@type":"BreadcrumbList","@id":"https:\/\/www.elementvape.de\/da\/produkt\/randm-tornado-8000-kaufen-einweg-e-zigaretten-8000-zuege\/#breadcrumb","itemListElement":[{"@type":"ListItem","position":1,"name":"Home","item":"https:\/\/www.elementvape.de\/"},{"@type":"ListItem","position":2,"name":"Shop","item":"https:\/\/www.elementvape.de\/shop\/"},{"@type":"ListItem","position":3,"name":"RandM Tornado 8000 Kaufen Einweg-E-Zigaretten 8000 Z\u00fcge"}]},{"@type":"WebSite","@id":"https:\/\/www.elementvape.de\/#website","url":"https:\/\/www.elementvape.de\/","name":"ElementVape.de","description":"","publisher":{"@id":"https:\/\/www.elementvape.de\/#organization"},"potentialAction":[{"@type":"SearchAction","target":{"@type":"EntryPoint","urlTemplate":"https:\/\/www.elementvape.de\/?s={search_term_string}"},"query-input":"required name=search_term_string"}],"inLanguage":"da-DK"},{"@type":"Organization","@id":"https:\/\/www.elementvape.de\/#organization","name":"ElementVape.DE","url":"https:\/\/www.elementvape.de\/","logo":{"@type":"ImageObject","inLanguage":"da-DK","@id":"https:\/\/www.elementvape.de\/#\/schema\/logo\/image\/","url":"https:\/\/www.elementvape.de\/wp-content\/uploads\/2024\/09\/cropped-1elementvape-3.png","contentUrl":"https:\/\/www.elementvape.de\/wp-content\/uploads\/2024\/09\/cropped-1elementvape-3.png","width":285,"height":228,"caption":"ElementVape.DE"},"image":{"@id":"https:\/\/www.elementvape.de\/#\/schema\/logo\/image\/"}}]}},"_links":{"self":[{"href":"https:\/\/www.elementvape.de\/da\/wp-json\/wp\/v2\/product\/11924"}],"collection":[{"href":"https:\/\/www.elementvape.de\/da\/wp-json\/wp\/v2\/product"}],"about":[{"href":"https:\/\/www.elementvape.de\/da\/wp-json\/wp\/v2\/types\/product"}],"wp:featuredmedia":[{"embeddable":true,"href":"https:\/\/www.elementvape.de\/da\/wp-json\/wp\/v2\/media\/11925"}],"wp:attachment":[{"href":"https:\/\/www.elementvape.de\/da\/wp-json\/wp\/v2\/media?parent=11924"}],"wp:term":[{"taxonomy":"product_cat","embeddable":true,"href":"https:\/\/www.elementvape.de\/da\/wp-json\/wp\/v2\/product_cat?post=11924"},{"taxonomy":"product_tag","embeddable":true,"href":"https:\/\/www.elementvape.de\/da\/wp-json\/wp\/v2\/product_tag?post=11924"}],"curies":[{"name":"wp","href":"https:\/\/api.w.org\/{rel}","templated":true}]}}