{"id":11796,"date":"2024-06-07T02:37:00","date_gmt":"2024-06-07T02:37:00","guid":{"rendered":"https:\/\/www.elementvape.de\/?post_type=product&#038;p=11796"},"modified":"2024-09-12T10:36:22","modified_gmt":"2024-09-12T10:36:22","slug":"randm-vbar-800-puffs-leuchtender-einweg-vape","status":"publish","type":"product","link":"https:\/\/www.elementvape.de\/da\/produkt\/randm-vbar-800-puffs-leuchtender-einweg-vape\/","title":{"rendered":"RandM Vbar 800 Puffs Lysende Engangs-Vape"},"content":{"rendered":"<h2>Produktbeskrivelse: RandM Vbar<\/h2>\n<p>Den <strong>RandM Vbar<\/strong> er en stilfuld <strong><a href=\"https:\/\/www.elementvape.de\/da\/\">Engangs-E-cigaretter<\/a><\/strong> Enhed med et farverigt LED-lysdesign, der giver en tiltalende damperoplevelse med en r\u00e6kke smagsvarianter og nikotinstyrker.<\/p>\n<h3>Hovedfunktioner:<\/h3>\n<ul>\n<li><strong>Nikotinalternativer<\/strong>: Tilg\u00e6ngelig i 0 %, 2 %, 3 % og 5 % nikotinsalt.<\/li>\n<li><strong>Kapacitet<\/strong>: Indeholder 2 ml E-v\u00e6ske.<\/li>\n<li><strong>Tr\u00e6k<\/strong>: Giver mindst 800 sug pr. enhed.<\/li>\n<li><strong>Belysning<\/strong>: Udstyret med RGB-lys for en attraktiv visuel oplevelse.<\/li>\n<li><strong>Aktivering<\/strong>: Ved at tr\u00e6kke aktiveres t\u00e6ndingsmekanismen for nem betjening.<\/li>\n<li><strong>Batteri<\/strong>: Integreret 500mAh batteri.<\/li>\n<li><strong>Smagsvarianter<\/strong>: Tilg\u00e6ngelig i 12 forskellige smagsvarianter.<\/li>\n<li><strong>Pakke<\/strong>: S\u00e6lges i displaybokse med 10 enheder pr. boks og 300 enheder pr. kasse.<\/li>\n<\/ul>\n<h3>Tilg\u00e6ngelige smagsvarianter:<\/h3>\n<p>1. Bl\u00e5b\u00e6r Is<br \/>\n2. Mango Litchi<br \/>\n3. Bluerazz Bomuldsslik<br \/>\n4. K\u00f8lig Mint<br \/>\n5. Peach Guava<br \/>\n6. Drue<br \/>\n7. Lush Ice<br \/>\n8. Blandet B\u00e6r<br \/>\n9. Jordb\u00e6r Vandmelon<br \/>\n10. Salt Citronost<br \/>\n11. Fersken Citron<br \/>\n12. Drue Appelsin<\/p>\n<h4>Emballagedetaljer:<\/h4>\n<ul>\n<li><strong>Displayboks<\/strong>: 10 enheder pr. displayboks.<\/li>\n<li><strong>Kartonnage<\/strong>: 300 enheder pr. karton.<\/li>\n<\/ul>\n<h4>Produktdetaljer:<\/h4>\n<ul>\n<li><strong>Enhed<\/strong>: 1 x RandM Vbar 800 Tr\u00e6k Lysende engangs-E-cigaretter<\/li>\n<\/ul>\n<p>Denne enhed er ideel til dampere, der s\u00f8ger en bekvem, smagfuld og visuelt tiltalende damperoplevelse med en r\u00e6kke nikotinstyrker og smagsvarianter. RandM Vbar kombinerer funktionalitet med stil og er dermed et fremragende valg for b\u00e5de nye og erfarne <strong><a href=\"https:\/\/www.elementvape.de\/da\/\">Dampere<\/a><\/strong>.<\/p>","protected":false},"excerpt":{"rendered":"<p>Produktbeschreibung: RandM Vbar Der RandM Vbar ist ein stilvolles Einweg-E-Zigaretten Ger\u00e4t mit einem farbenfrohen LED-Licht-Design, das ein ansprechendes Dampferlebnis mit einer Vielzahl von Geschmacksrichtungen und Nikotinst\u00e4rken bietet. Hauptmerkmale: Nikotinoptionen: Verf\u00fcgbar in 0 %, 2 %, 3 % und 5 % Nikotinsalz. Fassungsverm\u00f6gen: Enth\u00e4lt 2 ml E-Liquid. Z\u00fcge: Bietet mindestens 800 Z\u00fcge pro Ger\u00e4t. Beleuchtung: Ausgestattet [&hellip;]<\/p>","protected":false},"featured_media":11809,"template":"","meta":{"inline_featured_image":false},"product_cat":[78,754,745,742,748,744,755,738,751],"product_tag":[682],"tiered_pricing_type":"fixed","tiered_pricing_fixed_rules":[],"tiered_pricing_percentage_rules":[],"tiered_pricing_minimum":1,"_administrator_tiered_pricing_type":"fixed","_administrator_tiered_pricing_fixed_rules":[],"_editor_tiered_pricing_type":"fixed","_editor_tiered_pricing_fixed_rules":[],"_author_tiered_pricing_type":"fixed","_author_tiered_pricing_fixed_rules":[],"_contributor_tiered_pricing_type":"fixed","_contributor_tiered_pricing_fixed_rules":[],"_subscriber_tiered_pricing_type":"fixed","_subscriber_tiered_pricing_fixed_rules":[],"_customer_tiered_pricing_type":"fixed","_customer_tiered_pricing_fixed_rules":[],"_shop_manager_tiered_pricing_type":"fixed","_shop_manager_tiered_pricing_fixed_rules":[],"_wpseo_manager_tiered_pricing_type":"fixed","_wpseo_manager_tiered_pricing_fixed_rules":[],"_wpseo_editor_tiered_pricing_type":"fixed","_wpseo_editor_tiered_pricing_fixed_rules":[],"_wholesale_customer_tiered_pricing_type":"fixed","_wholesale_customer_tiered_pricing_fixed_rules":[],"_marketer_tiered_pricing_type":"fixed","_marketer_tiered_pricing_fixed_rules":[],"_sales_manager_tiered_pricing_type":"fixed","_sales_manager_tiered_pricing_fixed_rules":[],"_sales_rep_tiered_pricing_type":"fixed","_sales_rep_tiered_pricing_fixed_rules":[],"yoast_head":"<!-- This site is optimized with the Yoast SEO plugin v23.3 - https:\/\/yoast.com\/wordpress\/plugins\/seo\/ -->\n<title>RandM Vbar 800 Puffs leuchtender Einweg-Vape | ElementVape.de<\/title>\n<meta name=\"description\" content=\"Wir bieten RandM Vbar 800 Puffs leuchtender Einweg-Vape , Elementvape.de akzeptieren Gro\u00df-und Einzelhandel Bestellungen.\" \/>\n<meta name=\"robots\" content=\"index, follow, max-snippet:-1, max-image-preview:large, max-video-preview:-1\" \/>\n<link rel=\"canonical\" href=\"https:\/\/www.elementvape.de\/da\/produkt\/randm-vbar-800-puffs-leuchtender-einweg-vape\/\" \/>\n<meta property=\"og:locale\" content=\"da_DK\" \/>\n<meta property=\"og:type\" content=\"article\" \/>\n<meta property=\"og:title\" content=\"RandM Vbar 800 Puffs leuchtender Einweg-Vape | ElementVape.de\" \/>\n<meta property=\"og:description\" content=\"Wir bieten RandM Vbar 800 Puffs leuchtender Einweg-Vape , Elementvape.de akzeptieren Gro\u00df-und Einzelhandel Bestellungen.\" \/>\n<meta property=\"og:url\" content=\"https:\/\/www.elementvape.de\/da\/produkt\/randm-vbar-800-puffs-leuchtender-einweg-vape\/\" \/>\n<meta property=\"og:site_name\" content=\"ElementVape.de\" \/>\n<meta property=\"article:modified_time\" content=\"2024-09-12T10:36:22+00:00\" \/>\n<meta property=\"og:image\" content=\"https:\/\/www.elementvape.de\/wp-content\/uploads\/2024\/06\/RandMVbar800Puffs_1.webp\" \/>\n\t<meta property=\"og:image:width\" content=\"800\" \/>\n\t<meta property=\"og:image:height\" content=\"800\" \/>\n\t<meta property=\"og:image:type\" content=\"image\/webp\" \/>\n<meta name=\"twitter:card\" content=\"summary_large_image\" \/>\n<meta name=\"twitter:label1\" content=\"Est. reading time\" \/>\n\t<meta name=\"twitter:data1\" content=\"2 minutter\" \/>\n<script type=\"application\/ld+json\" class=\"yoast-schema-graph\">{\"@context\":\"https:\/\/schema.org\",\"@graph\":[{\"@type\":\"WebPage\",\"@id\":\"https:\/\/www.elementvape.de\/produkt\/randm-vbar-800-puffs-leuchtender-einweg-vape\/\",\"url\":\"https:\/\/www.elementvape.de\/produkt\/randm-vbar-800-puffs-leuchtender-einweg-vape\/\",\"name\":\"RandM Vbar 800 Puffs leuchtender Einweg-Vape | ElementVape.de\",\"isPartOf\":{\"@id\":\"https:\/\/www.elementvape.de\/#website\"},\"primaryImageOfPage\":{\"@id\":\"https:\/\/www.elementvape.de\/produkt\/randm-vbar-800-puffs-leuchtender-einweg-vape\/#primaryimage\"},\"image\":{\"@id\":\"https:\/\/www.elementvape.de\/produkt\/randm-vbar-800-puffs-leuchtender-einweg-vape\/#primaryimage\"},\"thumbnailUrl\":\"https:\/\/www.elementvape.de\/wp-content\/uploads\/2024\/06\/RandMVbar800Puffs_1.webp\",\"datePublished\":\"2024-06-07T02:37:00+00:00\",\"dateModified\":\"2024-09-12T10:36:22+00:00\",\"description\":\"Wir bieten RandM Vbar 800 Puffs leuchtender Einweg-Vape , Elementvape.de akzeptieren Gro\u00df-und Einzelhandel Bestellungen.\",\"breadcrumb\":{\"@id\":\"https:\/\/www.elementvape.de\/produkt\/randm-vbar-800-puffs-leuchtender-einweg-vape\/#breadcrumb\"},\"inLanguage\":\"da-DK\",\"potentialAction\":[{\"@type\":\"ReadAction\",\"target\":[\"https:\/\/www.elementvape.de\/produkt\/randm-vbar-800-puffs-leuchtender-einweg-vape\/\"]}]},{\"@type\":\"ImageObject\",\"inLanguage\":\"da-DK\",\"@id\":\"https:\/\/www.elementvape.de\/produkt\/randm-vbar-800-puffs-leuchtender-einweg-vape\/#primaryimage\",\"url\":\"https:\/\/www.elementvape.de\/wp-content\/uploads\/2024\/06\/RandMVbar800Puffs_1.webp\",\"contentUrl\":\"https:\/\/www.elementvape.de\/wp-content\/uploads\/2024\/06\/RandMVbar800Puffs_1.webp\",\"width\":800,\"height\":800,\"caption\":\"RandMVbar800Puffs_1\"},{\"@type\":\"BreadcrumbList\",\"@id\":\"https:\/\/www.elementvape.de\/produkt\/randm-vbar-800-puffs-leuchtender-einweg-vape\/#breadcrumb\",\"itemListElement\":[{\"@type\":\"ListItem\",\"position\":1,\"name\":\"Home\",\"item\":\"https:\/\/www.elementvape.de\/\"},{\"@type\":\"ListItem\",\"position\":2,\"name\":\"Shop\",\"item\":\"https:\/\/www.elementvape.de\/shop\/\"},{\"@type\":\"ListItem\",\"position\":3,\"name\":\"RandM Vbar 800 Puffs leuchtender Einweg-Vape\"}]},{\"@type\":\"WebSite\",\"@id\":\"https:\/\/www.elementvape.de\/#website\",\"url\":\"https:\/\/www.elementvape.de\/\",\"name\":\"ElementVape.de\",\"description\":\"\",\"publisher\":{\"@id\":\"https:\/\/www.elementvape.de\/#organization\"},\"potentialAction\":[{\"@type\":\"SearchAction\",\"target\":{\"@type\":\"EntryPoint\",\"urlTemplate\":\"https:\/\/www.elementvape.de\/?s={search_term_string}\"},\"query-input\":\"required name=search_term_string\"}],\"inLanguage\":\"da-DK\"},{\"@type\":\"Organization\",\"@id\":\"https:\/\/www.elementvape.de\/#organization\",\"name\":\"ElementVape.DE\",\"url\":\"https:\/\/www.elementvape.de\/\",\"logo\":{\"@type\":\"ImageObject\",\"inLanguage\":\"da-DK\",\"@id\":\"https:\/\/www.elementvape.de\/#\/schema\/logo\/image\/\",\"url\":\"https:\/\/www.elementvape.de\/wp-content\/uploads\/2024\/09\/cropped-1elementvape-3.png\",\"contentUrl\":\"https:\/\/www.elementvape.de\/wp-content\/uploads\/2024\/09\/cropped-1elementvape-3.png\",\"width\":285,\"height\":228,\"caption\":\"ElementVape.DE\"},\"image\":{\"@id\":\"https:\/\/www.elementvape.de\/#\/schema\/logo\/image\/\"}}]}<\/script>\n<!-- \/ Yoast SEO plugin. -->","yoast_head_json":{"title":"RandM Vbar 800 Puffs leuchtender Einweg-Vape | ElementVape.de","description":"Wir bieten RandM Vbar 800 Puffs leuchtender Einweg-Vape , Elementvape.de akzeptieren Gro\u00df-und Einzelhandel Bestellungen.","robots":{"index":"index","follow":"follow","max-snippet":"max-snippet:-1","max-image-preview":"max-image-preview:large","max-video-preview":"max-video-preview:-1"},"canonical":"https:\/\/www.elementvape.de\/da\/produkt\/randm-vbar-800-puffs-leuchtender-einweg-vape\/","og_locale":"da_DK","og_type":"article","og_title":"RandM Vbar 800 Puffs leuchtender Einweg-Vape | ElementVape.de","og_description":"Wir bieten RandM Vbar 800 Puffs leuchtender Einweg-Vape , Elementvape.de akzeptieren Gro\u00df-und Einzelhandel Bestellungen.","og_url":"https:\/\/www.elementvape.de\/da\/produkt\/randm-vbar-800-puffs-leuchtender-einweg-vape\/","og_site_name":"ElementVape.de","article_modified_time":"2024-09-12T10:36:22+00:00","og_image":[{"width":800,"height":800,"url":"https:\/\/www.elementvape.de\/wp-content\/uploads\/2024\/06\/RandMVbar800Puffs_1.webp","type":"image\/webp"}],"twitter_card":"summary_large_image","twitter_misc":{"Est. reading time":"2 minutter"},"schema":{"@context":"https:\/\/schema.org","@graph":[{"@type":"WebPage","@id":"https:\/\/www.elementvape.de\/produkt\/randm-vbar-800-puffs-leuchtender-einweg-vape\/","url":"https:\/\/www.elementvape.de\/produkt\/randm-vbar-800-puffs-leuchtender-einweg-vape\/","name":"RandM Vbar 800 Puffs leuchtender Einweg-Vape | ElementVape.de","isPartOf":{"@id":"https:\/\/www.elementvape.de\/#website"},"primaryImageOfPage":{"@id":"https:\/\/www.elementvape.de\/produkt\/randm-vbar-800-puffs-leuchtender-einweg-vape\/#primaryimage"},"image":{"@id":"https:\/\/www.elementvape.de\/produkt\/randm-vbar-800-puffs-leuchtender-einweg-vape\/#primaryimage"},"thumbnailUrl":"https:\/\/www.elementvape.de\/wp-content\/uploads\/2024\/06\/RandMVbar800Puffs_1.webp","datePublished":"2024-06-07T02:37:00+00:00","dateModified":"2024-09-12T10:36:22+00:00","description":"Wir bieten RandM Vbar 800 Puffs leuchtender Einweg-Vape , Elementvape.de akzeptieren Gro\u00df-und Einzelhandel Bestellungen.","breadcrumb":{"@id":"https:\/\/www.elementvape.de\/produkt\/randm-vbar-800-puffs-leuchtender-einweg-vape\/#breadcrumb"},"inLanguage":"da-DK","potentialAction":[{"@type":"ReadAction","target":["https:\/\/www.elementvape.de\/produkt\/randm-vbar-800-puffs-leuchtender-einweg-vape\/"]}]},{"@type":"ImageObject","inLanguage":"da-DK","@id":"https:\/\/www.elementvape.de\/produkt\/randm-vbar-800-puffs-leuchtender-einweg-vape\/#primaryimage","url":"https:\/\/www.elementvape.de\/wp-content\/uploads\/2024\/06\/RandMVbar800Puffs_1.webp","contentUrl":"https:\/\/www.elementvape.de\/wp-content\/uploads\/2024\/06\/RandMVbar800Puffs_1.webp","width":800,"height":800,"caption":"RandMVbar800Puffs_1"},{"@type":"BreadcrumbList","@id":"https:\/\/www.elementvape.de\/produkt\/randm-vbar-800-puffs-leuchtender-einweg-vape\/#breadcrumb","itemListElement":[{"@type":"ListItem","position":1,"name":"Home","item":"https:\/\/www.elementvape.de\/"},{"@type":"ListItem","position":2,"name":"Shop","item":"https:\/\/www.elementvape.de\/shop\/"},{"@type":"ListItem","position":3,"name":"RandM Vbar 800 Puffs leuchtender Einweg-Vape"}]},{"@type":"WebSite","@id":"https:\/\/www.elementvape.de\/#website","url":"https:\/\/www.elementvape.de\/","name":"ElementVape.de","description":"","publisher":{"@id":"https:\/\/www.elementvape.de\/#organization"},"potentialAction":[{"@type":"SearchAction","target":{"@type":"EntryPoint","urlTemplate":"https:\/\/www.elementvape.de\/?s={search_term_string}"},"query-input":"required name=search_term_string"}],"inLanguage":"da-DK"},{"@type":"Organization","@id":"https:\/\/www.elementvape.de\/#organization","name":"ElementVape.DE","url":"https:\/\/www.elementvape.de\/","logo":{"@type":"ImageObject","inLanguage":"da-DK","@id":"https:\/\/www.elementvape.de\/#\/schema\/logo\/image\/","url":"https:\/\/www.elementvape.de\/wp-content\/uploads\/2024\/09\/cropped-1elementvape-3.png","contentUrl":"https:\/\/www.elementvape.de\/wp-content\/uploads\/2024\/09\/cropped-1elementvape-3.png","width":285,"height":228,"caption":"ElementVape.DE"},"image":{"@id":"https:\/\/www.elementvape.de\/#\/schema\/logo\/image\/"}}]}},"_links":{"self":[{"href":"https:\/\/www.elementvape.de\/da\/wp-json\/wp\/v2\/product\/11796"}],"collection":[{"href":"https:\/\/www.elementvape.de\/da\/wp-json\/wp\/v2\/product"}],"about":[{"href":"https:\/\/www.elementvape.de\/da\/wp-json\/wp\/v2\/types\/product"}],"wp:featuredmedia":[{"embeddable":true,"href":"https:\/\/www.elementvape.de\/da\/wp-json\/wp\/v2\/media\/11809"}],"wp:attachment":[{"href":"https:\/\/www.elementvape.de\/da\/wp-json\/wp\/v2\/media?parent=11796"}],"wp:term":[{"taxonomy":"product_cat","embeddable":true,"href":"https:\/\/www.elementvape.de\/da\/wp-json\/wp\/v2\/product_cat?post=11796"},{"taxonomy":"product_tag","embeddable":true,"href":"https:\/\/www.elementvape.de\/da\/wp-json\/wp\/v2\/product_tag?post=11796"}],"curies":[{"name":"wp","href":"https:\/\/api.w.org\/{rel}","templated":true}]}}