{"id":11778,"date":"2024-06-06T09:18:07","date_gmt":"2024-06-06T09:18:07","guid":{"rendered":"https:\/\/www.elementvape.de\/?post_type=product&#038;p=11778"},"modified":"2024-09-12T10:36:22","modified_gmt":"2024-09-12T10:36:22","slug":"randm-babe-disposable-vape-2500-puffs","status":"publish","type":"product","link":"https:\/\/www.elementvape.de\/da\/produkt\/randm-babe-disposable-vape-2500-puffs\/","title":{"rendered":"RandM Babe Engangs-Vape 2500 Puffs"},"content":{"rendered":"<h3>Produktbeskrivelse: RandM Babe<\/h3>\n<p>Den <strong>RandM Babe<\/strong> er en i\u00f8jnefaldende engangs-vape med et sexet pige-design, der imponerer med sin h\u00f8je kapacitet og et bredt udvalg af smagsvarianter. Med forskellige nikotinstyrker tilbyder den en langvarig og intens damperoplevelse.<\/p>\n<h4>Hovedfunktioner:<\/h4>\n<ul>\n<li><strong>Nikotinalternativer<\/strong>: Tilg\u00e6ngelig i 0 %, 2 %, 3 % og 5 % nikotinsalt.<\/li>\n<li><strong>Kapacitet<\/strong>: Indeholder 8 ml E-v\u00e6ske.<\/li>\n<li><strong>Tr\u00e6k<\/strong>: Op til 2500 tr\u00e6k pr. enhed.<\/li>\n<li><strong>T\u00e6ndingsmekanisme<\/strong>: Ved at tr\u00e6kke aktiveres t\u00e6ndingsmekanismen for nem betjening.<\/li>\n<li><strong>Design<\/strong>: Engangsapparat i sexet pige-design, ikke genopladeligt og ikke genfyldeligt.<\/li>\n<\/ul>\n<h4>Smagsvariation:<\/h4>\n<p>RandM Babe tilbyder 16 forskellige smagsvarianter:<\/p>\n<ol>\n<li>Ice Drue Te<\/li>\n<li>M\u00e6gtig Mynte<\/li>\n<li>Gummibj\u00f8rne<\/li>\n<li>Pink Lemonade<\/li>\n<li>Lush Ice<\/li>\n<li>Pina Colada Rom<\/li>\n<li>Blandede b\u00e6r<\/li>\n<li>Mandarin Is<\/li>\n<li>Jordb\u00e6r- mango<\/li>\n<li>Bl\u00e5b\u00e6r Is<\/li>\n<li>Kiwi Jordb\u00e6r<\/li>\n<li>Guavaneis<\/li>\n<li>Banan Is<\/li>\n<li>Lush B\u00e6r<\/li>\n<li>Jordb\u00e6r Vandmelon<\/li>\n<li>Peachis<\/li>\n<\/ol>\n<h4>Emballagedetaljer:<\/h4>\n<ul>\n<li><strong>Pakkeenhed<\/strong>: 10 stk. i en displayboks, 300 stk. i en kasse<\/li>\n<\/ul>\n<h4>Indhold:<\/h4>\n<ul>\n<li>1 x RandM Babe eng-vape (2500 sug)<\/li>\n<\/ul>\n<p>RandM Babe kombinerer et i\u00f8jnefaldende design med fremragende ydeevne og en r\u00e6kke smagsvarianter for at sikre en f\u00f8rsteklasses damperoplevelse.<\/p>","protected":false},"excerpt":{"rendered":"<p>Produktbeschreibung: RandM Babe Die RandM Babe ist ein auff\u00e4lliges Einweg-Vape-Ger\u00e4t mit einem sexy Girl-Design, das durch seine hohe Kapazit\u00e4t und eine breite Auswahl an Geschmacksrichtungen besticht. Mit verschiedenen Nikotinst\u00e4rken bietet es ein langanhaltendes und intensives Dampferlebnis. Hauptmerkmale: Nikotinoptionen: Verf\u00fcgbar in 0 %, 2 %, 3 % und 5 % Nikotinsalz. Fassungsverm\u00f6gen: Enth\u00e4lt 8 ml E-Liquid. [&hellip;]<\/p>","protected":false},"featured_media":11772,"template":"","meta":{"inline_featured_image":false},"product_cat":[78,754,745,742,748,744,755,738,751],"product_tag":[676],"tiered_pricing_type":"fixed","tiered_pricing_fixed_rules":[],"tiered_pricing_percentage_rules":[],"tiered_pricing_minimum":1,"_administrator_tiered_pricing_type":"fixed","_administrator_tiered_pricing_fixed_rules":[],"_editor_tiered_pricing_type":"fixed","_editor_tiered_pricing_fixed_rules":[],"_author_tiered_pricing_type":"fixed","_author_tiered_pricing_fixed_rules":[],"_contributor_tiered_pricing_type":"fixed","_contributor_tiered_pricing_fixed_rules":[],"_subscriber_tiered_pricing_type":"fixed","_subscriber_tiered_pricing_fixed_rules":[],"_customer_tiered_pricing_type":"fixed","_customer_tiered_pricing_fixed_rules":[],"_shop_manager_tiered_pricing_type":"fixed","_shop_manager_tiered_pricing_fixed_rules":[],"_wpseo_manager_tiered_pricing_type":"fixed","_wpseo_manager_tiered_pricing_fixed_rules":[],"_wpseo_editor_tiered_pricing_type":"fixed","_wpseo_editor_tiered_pricing_fixed_rules":[],"_wholesale_customer_tiered_pricing_type":"fixed","_wholesale_customer_tiered_pricing_fixed_rules":[],"_marketer_tiered_pricing_type":"fixed","_marketer_tiered_pricing_fixed_rules":[],"_sales_manager_tiered_pricing_type":"fixed","_sales_manager_tiered_pricing_fixed_rules":[],"_sales_rep_tiered_pricing_type":"fixed","_sales_rep_tiered_pricing_fixed_rules":[],"yoast_head":"<!-- This site is optimized with the Yoast SEO plugin v23.3 - https:\/\/yoast.com\/wordpress\/plugins\/seo\/ -->\n<title>RandM Babe Disposable Vape 2500 Puffs | ElementVape.de<\/title>\n<meta name=\"description\" content=\"Wir bieten RandM Babe Disposable Vape 2500 Puffs , Elementvape.de akzeptieren Gro\u00df-und Einzelhandel Bestellungen.\" \/>\n<meta name=\"robots\" content=\"index, follow, max-snippet:-1, max-image-preview:large, max-video-preview:-1\" \/>\n<link rel=\"canonical\" href=\"https:\/\/www.elementvape.de\/da\/produkt\/randm-babe-disposable-vape-2500-puffs\/\" \/>\n<meta property=\"og:locale\" content=\"da_DK\" \/>\n<meta property=\"og:type\" content=\"article\" \/>\n<meta property=\"og:title\" content=\"RandM Babe Disposable Vape 2500 Puffs | ElementVape.de\" \/>\n<meta property=\"og:description\" content=\"Wir bieten RandM Babe Disposable Vape 2500 Puffs , Elementvape.de akzeptieren Gro\u00df-und Einzelhandel Bestellungen.\" \/>\n<meta property=\"og:url\" content=\"https:\/\/www.elementvape.de\/da\/produkt\/randm-babe-disposable-vape-2500-puffs\/\" \/>\n<meta property=\"og:site_name\" content=\"ElementVape.de\" \/>\n<meta property=\"article:modified_time\" content=\"2024-09-12T10:36:22+00:00\" \/>\n<meta property=\"og:image\" content=\"https:\/\/www.elementvape.de\/wp-content\/uploads\/2024\/06\/RandMBabeDisposableVape2500Puffs_1.webp\" \/>\n\t<meta property=\"og:image:width\" content=\"800\" \/>\n\t<meta property=\"og:image:height\" content=\"800\" \/>\n\t<meta property=\"og:image:type\" content=\"image\/webp\" \/>\n<meta name=\"twitter:card\" content=\"summary_large_image\" \/>\n<meta name=\"twitter:label1\" content=\"Est. reading time\" \/>\n\t<meta name=\"twitter:data1\" content=\"2 minutter\" \/>\n<script type=\"application\/ld+json\" class=\"yoast-schema-graph\">{\"@context\":\"https:\/\/schema.org\",\"@graph\":[{\"@type\":\"WebPage\",\"@id\":\"https:\/\/www.elementvape.de\/fi\/produkt\/randm-babe-disposable-vape-2500-puffs\/\",\"url\":\"https:\/\/www.elementvape.de\/fi\/produkt\/randm-babe-disposable-vape-2500-puffs\/\",\"name\":\"RandM Babe Disposable Vape 2500 Puffs | ElementVape.de\",\"isPartOf\":{\"@id\":\"https:\/\/www.elementvape.de\/#website\"},\"primaryImageOfPage\":{\"@id\":\"https:\/\/www.elementvape.de\/fi\/produkt\/randm-babe-disposable-vape-2500-puffs\/#primaryimage\"},\"image\":{\"@id\":\"https:\/\/www.elementvape.de\/fi\/produkt\/randm-babe-disposable-vape-2500-puffs\/#primaryimage\"},\"thumbnailUrl\":\"https:\/\/www.elementvape.de\/wp-content\/uploads\/2024\/06\/RandMBabeDisposableVape2500Puffs_1.webp\",\"datePublished\":\"2024-06-06T09:18:07+00:00\",\"dateModified\":\"2024-09-12T10:36:22+00:00\",\"description\":\"Wir bieten RandM Babe Disposable Vape 2500 Puffs , Elementvape.de akzeptieren Gro\u00df-und Einzelhandel Bestellungen.\",\"breadcrumb\":{\"@id\":\"https:\/\/www.elementvape.de\/fi\/produkt\/randm-babe-disposable-vape-2500-puffs\/#breadcrumb\"},\"inLanguage\":\"da-DK\",\"potentialAction\":[{\"@type\":\"ReadAction\",\"target\":[\"https:\/\/www.elementvape.de\/fi\/produkt\/randm-babe-disposable-vape-2500-puffs\/\"]}]},{\"@type\":\"ImageObject\",\"inLanguage\":\"da-DK\",\"@id\":\"https:\/\/www.elementvape.de\/fi\/produkt\/randm-babe-disposable-vape-2500-puffs\/#primaryimage\",\"url\":\"https:\/\/www.elementvape.de\/wp-content\/uploads\/2024\/06\/RandMBabeDisposableVape2500Puffs_1.webp\",\"contentUrl\":\"https:\/\/www.elementvape.de\/wp-content\/uploads\/2024\/06\/RandMBabeDisposableVape2500Puffs_1.webp\",\"width\":800,\"height\":800,\"caption\":\"RandMBabeDisposableVape2500Puffs_1\"},{\"@type\":\"BreadcrumbList\",\"@id\":\"https:\/\/www.elementvape.de\/fi\/produkt\/randm-babe-disposable-vape-2500-puffs\/#breadcrumb\",\"itemListElement\":[{\"@type\":\"ListItem\",\"position\":1,\"name\":\"Home\",\"item\":\"https:\/\/www.elementvape.de\/\"},{\"@type\":\"ListItem\",\"position\":2,\"name\":\"Shop\",\"item\":\"https:\/\/www.elementvape.de\/shop\/\"},{\"@type\":\"ListItem\",\"position\":3,\"name\":\"RandM Babe Disposable Vape 2500 Puffs\"}]},{\"@type\":\"WebSite\",\"@id\":\"https:\/\/www.elementvape.de\/#website\",\"url\":\"https:\/\/www.elementvape.de\/\",\"name\":\"ElementVape.de\",\"description\":\"\",\"publisher\":{\"@id\":\"https:\/\/www.elementvape.de\/#organization\"},\"potentialAction\":[{\"@type\":\"SearchAction\",\"target\":{\"@type\":\"EntryPoint\",\"urlTemplate\":\"https:\/\/www.elementvape.de\/?s={search_term_string}\"},\"query-input\":\"required name=search_term_string\"}],\"inLanguage\":\"da-DK\"},{\"@type\":\"Organization\",\"@id\":\"https:\/\/www.elementvape.de\/#organization\",\"name\":\"ElementVape.DE\",\"url\":\"https:\/\/www.elementvape.de\/\",\"logo\":{\"@type\":\"ImageObject\",\"inLanguage\":\"da-DK\",\"@id\":\"https:\/\/www.elementvape.de\/#\/schema\/logo\/image\/\",\"url\":\"https:\/\/www.elementvape.de\/wp-content\/uploads\/2024\/09\/cropped-1elementvape-3.png\",\"contentUrl\":\"https:\/\/www.elementvape.de\/wp-content\/uploads\/2024\/09\/cropped-1elementvape-3.png\",\"width\":285,\"height\":228,\"caption\":\"ElementVape.DE\"},\"image\":{\"@id\":\"https:\/\/www.elementvape.de\/#\/schema\/logo\/image\/\"}}]}<\/script>\n<!-- \/ Yoast SEO plugin. -->","yoast_head_json":{"title":"RandM Babe Disposable Vape 2500 Puffs | ElementVape.de","description":"Wir bieten RandM Babe Disposable Vape 2500 Puffs , Elementvape.de akzeptieren Gro\u00df-und Einzelhandel Bestellungen.","robots":{"index":"index","follow":"follow","max-snippet":"max-snippet:-1","max-image-preview":"max-image-preview:large","max-video-preview":"max-video-preview:-1"},"canonical":"https:\/\/www.elementvape.de\/da\/produkt\/randm-babe-disposable-vape-2500-puffs\/","og_locale":"da_DK","og_type":"article","og_title":"RandM Babe Disposable Vape 2500 Puffs | ElementVape.de","og_description":"Wir bieten RandM Babe Disposable Vape 2500 Puffs , Elementvape.de akzeptieren Gro\u00df-und Einzelhandel Bestellungen.","og_url":"https:\/\/www.elementvape.de\/da\/produkt\/randm-babe-disposable-vape-2500-puffs\/","og_site_name":"ElementVape.de","article_modified_time":"2024-09-12T10:36:22+00:00","og_image":[{"width":800,"height":800,"url":"https:\/\/www.elementvape.de\/wp-content\/uploads\/2024\/06\/RandMBabeDisposableVape2500Puffs_1.webp","type":"image\/webp"}],"twitter_card":"summary_large_image","twitter_misc":{"Est. reading time":"2 minutter"},"schema":{"@context":"https:\/\/schema.org","@graph":[{"@type":"WebPage","@id":"https:\/\/www.elementvape.de\/fi\/produkt\/randm-babe-disposable-vape-2500-puffs\/","url":"https:\/\/www.elementvape.de\/fi\/produkt\/randm-babe-disposable-vape-2500-puffs\/","name":"RandM Babe Disposable Vape 2500 Puffs | ElementVape.de","isPartOf":{"@id":"https:\/\/www.elementvape.de\/#website"},"primaryImageOfPage":{"@id":"https:\/\/www.elementvape.de\/fi\/produkt\/randm-babe-disposable-vape-2500-puffs\/#primaryimage"},"image":{"@id":"https:\/\/www.elementvape.de\/fi\/produkt\/randm-babe-disposable-vape-2500-puffs\/#primaryimage"},"thumbnailUrl":"https:\/\/www.elementvape.de\/wp-content\/uploads\/2024\/06\/RandMBabeDisposableVape2500Puffs_1.webp","datePublished":"2024-06-06T09:18:07+00:00","dateModified":"2024-09-12T10:36:22+00:00","description":"Wir bieten RandM Babe Disposable Vape 2500 Puffs , Elementvape.de akzeptieren Gro\u00df-und Einzelhandel Bestellungen.","breadcrumb":{"@id":"https:\/\/www.elementvape.de\/fi\/produkt\/randm-babe-disposable-vape-2500-puffs\/#breadcrumb"},"inLanguage":"da-DK","potentialAction":[{"@type":"ReadAction","target":["https:\/\/www.elementvape.de\/fi\/produkt\/randm-babe-disposable-vape-2500-puffs\/"]}]},{"@type":"ImageObject","inLanguage":"da-DK","@id":"https:\/\/www.elementvape.de\/fi\/produkt\/randm-babe-disposable-vape-2500-puffs\/#primaryimage","url":"https:\/\/www.elementvape.de\/wp-content\/uploads\/2024\/06\/RandMBabeDisposableVape2500Puffs_1.webp","contentUrl":"https:\/\/www.elementvape.de\/wp-content\/uploads\/2024\/06\/RandMBabeDisposableVape2500Puffs_1.webp","width":800,"height":800,"caption":"RandMBabeDisposableVape2500Puffs_1"},{"@type":"BreadcrumbList","@id":"https:\/\/www.elementvape.de\/fi\/produkt\/randm-babe-disposable-vape-2500-puffs\/#breadcrumb","itemListElement":[{"@type":"ListItem","position":1,"name":"Home","item":"https:\/\/www.elementvape.de\/"},{"@type":"ListItem","position":2,"name":"Shop","item":"https:\/\/www.elementvape.de\/shop\/"},{"@type":"ListItem","position":3,"name":"RandM Babe Disposable Vape 2500 Puffs"}]},{"@type":"WebSite","@id":"https:\/\/www.elementvape.de\/#website","url":"https:\/\/www.elementvape.de\/","name":"ElementVape.de","description":"","publisher":{"@id":"https:\/\/www.elementvape.de\/#organization"},"potentialAction":[{"@type":"SearchAction","target":{"@type":"EntryPoint","urlTemplate":"https:\/\/www.elementvape.de\/?s={search_term_string}"},"query-input":"required name=search_term_string"}],"inLanguage":"da-DK"},{"@type":"Organization","@id":"https:\/\/www.elementvape.de\/#organization","name":"ElementVape.DE","url":"https:\/\/www.elementvape.de\/","logo":{"@type":"ImageObject","inLanguage":"da-DK","@id":"https:\/\/www.elementvape.de\/#\/schema\/logo\/image\/","url":"https:\/\/www.elementvape.de\/wp-content\/uploads\/2024\/09\/cropped-1elementvape-3.png","contentUrl":"https:\/\/www.elementvape.de\/wp-content\/uploads\/2024\/09\/cropped-1elementvape-3.png","width":285,"height":228,"caption":"ElementVape.DE"},"image":{"@id":"https:\/\/www.elementvape.de\/#\/schema\/logo\/image\/"}}]}},"_links":{"self":[{"href":"https:\/\/www.elementvape.de\/da\/wp-json\/wp\/v2\/product\/11778"}],"collection":[{"href":"https:\/\/www.elementvape.de\/da\/wp-json\/wp\/v2\/product"}],"about":[{"href":"https:\/\/www.elementvape.de\/da\/wp-json\/wp\/v2\/types\/product"}],"wp:featuredmedia":[{"embeddable":true,"href":"https:\/\/www.elementvape.de\/da\/wp-json\/wp\/v2\/media\/11772"}],"wp:attachment":[{"href":"https:\/\/www.elementvape.de\/da\/wp-json\/wp\/v2\/media?parent=11778"}],"wp:term":[{"taxonomy":"product_cat","embeddable":true,"href":"https:\/\/www.elementvape.de\/da\/wp-json\/wp\/v2\/product_cat?post=11778"},{"taxonomy":"product_tag","embeddable":true,"href":"https:\/\/www.elementvape.de\/da\/wp-json\/wp\/v2\/product_tag?post=11778"}],"curies":[{"name":"wp","href":"https:\/\/api.w.org\/{rel}","templated":true}]}}