{"id":11620,"date":"2024-06-06T07:02:21","date_gmt":"2024-06-06T07:02:21","guid":{"rendered":"https:\/\/www.elementvape.de\/?post_type=product&#038;p=11620"},"modified":"2024-09-12T10:36:27","modified_gmt":"2024-09-12T10:36:27","slug":"randm-sunax-700-pod-austauschbares-einweg-vape-kit","status":"publish","type":"product","link":"https:\/\/www.elementvape.de\/da\/produkt\/randm-sunax-700-pod-austauschbares-einweg-vape-kit\/","title":{"rendered":"RandM Sunax 700 Pod Udskifteligt Engangs-Vape-Kit"},"content":{"rendered":"<h2>Produktbeskrivelse: RandM Sunax 700<\/h2>\n<p>Den <strong>RandM Sunax 700<\/strong> er en alsidig og genopladelig engangs-vape-enhed, der imponerer med sin luftstr\u00f8msregulering og udskiftelige pod. Denne enhed tilbyder en langvarig damperoplevelse med op til 700 sug pr. pod og giver dig mulighed for at udnytte den sidste dr\u00e5be e-juice takket v\u00e6re den praktiske Type-C-forbindelse.<\/p>\n<h4>Hovedfunktioner:<\/h4>\n<ul>\n<li><strong>Nikotinalternativer<\/strong>: Tilg\u00e6ngelig i 0 %, 2 %, 3 % og 5 % nikotin.<\/li>\n<li><strong>Tr\u00e6k<\/strong>: Op til 700 sug pr. pod.<\/li>\n<li><strong>Kapacitet<\/strong>: Indeholder to 2 ml-pods, der kan udskiftes.<\/li>\n<li><strong>Luftstr\u00f8msregulering<\/strong>: G\u00f8r det muligt at tilpasse damperoplevelsen individuelt.<\/li>\n<li><strong>Genopladelig<\/strong>: Udstyret med en Type-C-forbindelse i bunden.<\/li>\n<li><strong>Spole<\/strong>: Kraftfuld mesh-spole til en intens damperoplevelse.<\/li>\n<\/ul>\n<h4>Smagsvariation:<\/h4>\n<p>RandM Sunax 700 tilbyder 12 forskellige smagsvarianter:<\/p>\n<p><span>1. Bl\u00e5 Cotton Candy<\/span><br \/>\n<span>2. Bl\u00e5 Razz-is<\/span><br \/>\n<span>3. Dragefrugt, Banan, B\u00e6r<\/span><br \/>\n<span>4. Vindrue, Honningmelon<\/span><br \/>\n<span>5. Kiwi, Dragefrugt, B\u00e6r<\/span><br \/>\n<span>6. Appelsinlimonade<\/span><br \/>\n<span>7. Fersken, Mango, Vandmelon<\/span><br \/>\n<span>8. Hindb\u00e6r-Vandmelon<\/span><br \/>\n<span>9. Sakura-Druer<\/span><br \/>\n<span>10. Jordb\u00e6r-Kiwi<\/span><br \/>\n<span>11. Jordb\u00e6r-Vandmelon-Gum<\/span><br \/>\n<span>12. Vandmelonis<\/span><\/p>\n<h4>Indhold:<\/h4>\n<ul>\n<li>1 x RandM Sunax 700 (med 2 x 2-ml-Pods)<\/li>\n<\/ul>\n<p>Denne enhed er perfekt til dampere, der s\u00f8ger en genopladelig og tilpasselig vape-enhed, der er b\u00e5de alsidig og bekvem. RandM Sunax 700 kombinerer fordelene ved en engangs-vape med muligheden for at skifte pods og justere luftstr\u00f8mmen individuelt for at sikre en perfekt damperfaring.<\/p>","protected":false},"excerpt":{"rendered":"<p>Produktbeschreibung: RandM Sunax 700 Die RandM Sunax 700 ist ein vielseitiges und wiederaufladbares Einweg-Vape-Ger\u00e4t, das durch seine Luftstromregelung und den auswechselbaren Pod besticht. Dieses Ger\u00e4t bietet ein langanhaltendes Dampferlebnis mit bis zu 700 Z\u00fcgen pro Pod und erm\u00f6glicht es Ihnen, den letzten Tropfen E-Saft dank des praktischen Typ-C-Anschlusses voll auszunutzen. Hauptmerkmale: Nikotinoptionen: Verf\u00fcgbar in 0 [&hellip;]<\/p>","protected":false},"featured_media":11633,"template":"","meta":{"inline_featured_image":false},"product_cat":[78,754,745,742,748,744,755,738,751,76],"product_tag":[671],"tiered_pricing_type":"fixed","tiered_pricing_fixed_rules":[],"tiered_pricing_percentage_rules":[],"tiered_pricing_minimum":1,"_administrator_tiered_pricing_type":"fixed","_administrator_tiered_pricing_fixed_rules":[],"_editor_tiered_pricing_type":"fixed","_editor_tiered_pricing_fixed_rules":[],"_author_tiered_pricing_type":"fixed","_author_tiered_pricing_fixed_rules":[],"_contributor_tiered_pricing_type":"fixed","_contributor_tiered_pricing_fixed_rules":[],"_subscriber_tiered_pricing_type":"fixed","_subscriber_tiered_pricing_fixed_rules":[],"_customer_tiered_pricing_type":"fixed","_customer_tiered_pricing_fixed_rules":[],"_shop_manager_tiered_pricing_type":"fixed","_shop_manager_tiered_pricing_fixed_rules":[],"_wpseo_manager_tiered_pricing_type":"fixed","_wpseo_manager_tiered_pricing_fixed_rules":[],"_wpseo_editor_tiered_pricing_type":"fixed","_wpseo_editor_tiered_pricing_fixed_rules":[],"_wholesale_customer_tiered_pricing_type":"fixed","_wholesale_customer_tiered_pricing_fixed_rules":[],"_marketer_tiered_pricing_type":"fixed","_marketer_tiered_pricing_fixed_rules":[],"_sales_manager_tiered_pricing_type":"fixed","_sales_manager_tiered_pricing_fixed_rules":[],"_sales_rep_tiered_pricing_type":"fixed","_sales_rep_tiered_pricing_fixed_rules":[],"yoast_head":"<!-- This site is optimized with the Yoast SEO plugin v23.3 - https:\/\/yoast.com\/wordpress\/plugins\/seo\/ -->\n<title>RandM Sunax 700 Pod Austauschbares Einweg-Vape-Kit | ElementVape.de<\/title>\n<meta name=\"description\" content=\"Wir bieten RandM Sunax 700 Pod Austauschbares Einweg-Vape-Kit , Elementvape.de akzeptieren Gro\u00df-und Einzelhandel Bestellungen.\" \/>\n<meta name=\"robots\" content=\"index, follow, max-snippet:-1, max-image-preview:large, max-video-preview:-1\" \/>\n<link rel=\"canonical\" href=\"https:\/\/www.elementvape.de\/da\/produkt\/randm-sunax-700-pod-austauschbares-einweg-vape-kit\/\" \/>\n<meta property=\"og:locale\" content=\"da_DK\" \/>\n<meta property=\"og:type\" content=\"article\" \/>\n<meta property=\"og:title\" content=\"RandM Sunax 700 Pod Austauschbares Einweg-Vape-Kit | ElementVape.de\" \/>\n<meta property=\"og:description\" content=\"Wir bieten RandM Sunax 700 Pod Austauschbares Einweg-Vape-Kit , Elementvape.de akzeptieren Gro\u00df-und Einzelhandel Bestellungen.\" \/>\n<meta property=\"og:url\" content=\"https:\/\/www.elementvape.de\/da\/produkt\/randm-sunax-700-pod-austauschbares-einweg-vape-kit\/\" \/>\n<meta property=\"og:site_name\" content=\"ElementVape.de\" \/>\n<meta property=\"article:modified_time\" content=\"2024-09-12T10:36:27+00:00\" \/>\n<meta property=\"og:image\" content=\"https:\/\/www.elementvape.de\/wp-content\/uploads\/2024\/06\/RandMSunax700_12.webp\" \/>\n\t<meta property=\"og:image:width\" content=\"800\" \/>\n\t<meta property=\"og:image:height\" content=\"800\" \/>\n\t<meta property=\"og:image:type\" content=\"image\/webp\" \/>\n<meta name=\"twitter:card\" content=\"summary_large_image\" \/>\n<meta name=\"twitter:label1\" content=\"Est. reading time\" \/>\n\t<meta name=\"twitter:data1\" content=\"2 minutter\" \/>\n<script type=\"application\/ld+json\" class=\"yoast-schema-graph\">{\"@context\":\"https:\/\/schema.org\",\"@graph\":[{\"@type\":\"WebPage\",\"@id\":\"https:\/\/www.elementvape.de\/sk\/produkt\/randm-sunax-700-pod-austauschbares-einweg-vape-kit\/\",\"url\":\"https:\/\/www.elementvape.de\/sk\/produkt\/randm-sunax-700-pod-austauschbares-einweg-vape-kit\/\",\"name\":\"RandM Sunax 700 Pod Austauschbares Einweg-Vape-Kit | ElementVape.de\",\"isPartOf\":{\"@id\":\"https:\/\/www.elementvape.de\/#website\"},\"primaryImageOfPage\":{\"@id\":\"https:\/\/www.elementvape.de\/sk\/produkt\/randm-sunax-700-pod-austauschbares-einweg-vape-kit\/#primaryimage\"},\"image\":{\"@id\":\"https:\/\/www.elementvape.de\/sk\/produkt\/randm-sunax-700-pod-austauschbares-einweg-vape-kit\/#primaryimage\"},\"thumbnailUrl\":\"https:\/\/www.elementvape.de\/wp-content\/uploads\/2024\/06\/RandMSunax700_12.webp\",\"datePublished\":\"2024-06-06T07:02:21+00:00\",\"dateModified\":\"2024-09-12T10:36:27+00:00\",\"description\":\"Wir bieten RandM Sunax 700 Pod Austauschbares Einweg-Vape-Kit , Elementvape.de akzeptieren Gro\u00df-und Einzelhandel Bestellungen.\",\"breadcrumb\":{\"@id\":\"https:\/\/www.elementvape.de\/sk\/produkt\/randm-sunax-700-pod-austauschbares-einweg-vape-kit\/#breadcrumb\"},\"inLanguage\":\"da-DK\",\"potentialAction\":[{\"@type\":\"ReadAction\",\"target\":[\"https:\/\/www.elementvape.de\/sk\/produkt\/randm-sunax-700-pod-austauschbares-einweg-vape-kit\/\"]}]},{\"@type\":\"ImageObject\",\"inLanguage\":\"da-DK\",\"@id\":\"https:\/\/www.elementvape.de\/sk\/produkt\/randm-sunax-700-pod-austauschbares-einweg-vape-kit\/#primaryimage\",\"url\":\"https:\/\/www.elementvape.de\/wp-content\/uploads\/2024\/06\/RandMSunax700_12.webp\",\"contentUrl\":\"https:\/\/www.elementvape.de\/wp-content\/uploads\/2024\/06\/RandMSunax700_12.webp\",\"width\":800,\"height\":800,\"caption\":\"RandMSunax700_12\"},{\"@type\":\"BreadcrumbList\",\"@id\":\"https:\/\/www.elementvape.de\/sk\/produkt\/randm-sunax-700-pod-austauschbares-einweg-vape-kit\/#breadcrumb\",\"itemListElement\":[{\"@type\":\"ListItem\",\"position\":1,\"name\":\"Home\",\"item\":\"https:\/\/www.elementvape.de\/\"},{\"@type\":\"ListItem\",\"position\":2,\"name\":\"Shop\",\"item\":\"https:\/\/www.elementvape.de\/shop\/\"},{\"@type\":\"ListItem\",\"position\":3,\"name\":\"RandM Sunax 700 Pod Austauschbares Einweg-Vape-Kit\"}]},{\"@type\":\"WebSite\",\"@id\":\"https:\/\/www.elementvape.de\/#website\",\"url\":\"https:\/\/www.elementvape.de\/\",\"name\":\"ElementVape.de\",\"description\":\"\",\"publisher\":{\"@id\":\"https:\/\/www.elementvape.de\/#organization\"},\"potentialAction\":[{\"@type\":\"SearchAction\",\"target\":{\"@type\":\"EntryPoint\",\"urlTemplate\":\"https:\/\/www.elementvape.de\/?s={search_term_string}\"},\"query-input\":\"required name=search_term_string\"}],\"inLanguage\":\"da-DK\"},{\"@type\":\"Organization\",\"@id\":\"https:\/\/www.elementvape.de\/#organization\",\"name\":\"ElementVape.DE\",\"url\":\"https:\/\/www.elementvape.de\/\",\"logo\":{\"@type\":\"ImageObject\",\"inLanguage\":\"da-DK\",\"@id\":\"https:\/\/www.elementvape.de\/#\/schema\/logo\/image\/\",\"url\":\"https:\/\/www.elementvape.de\/wp-content\/uploads\/2024\/09\/cropped-1elementvape-3.png\",\"contentUrl\":\"https:\/\/www.elementvape.de\/wp-content\/uploads\/2024\/09\/cropped-1elementvape-3.png\",\"width\":285,\"height\":228,\"caption\":\"ElementVape.DE\"},\"image\":{\"@id\":\"https:\/\/www.elementvape.de\/#\/schema\/logo\/image\/\"}}]}<\/script>\n<!-- \/ Yoast SEO plugin. -->","yoast_head_json":{"title":"RandM Sunax 700 Pod Austauschbares Einweg-Vape-Kit | ElementVape.de","description":"Wir bieten RandM Sunax 700 Pod Austauschbares Einweg-Vape-Kit , Elementvape.de akzeptieren Gro\u00df-und Einzelhandel Bestellungen.","robots":{"index":"index","follow":"follow","max-snippet":"max-snippet:-1","max-image-preview":"max-image-preview:large","max-video-preview":"max-video-preview:-1"},"canonical":"https:\/\/www.elementvape.de\/da\/produkt\/randm-sunax-700-pod-austauschbares-einweg-vape-kit\/","og_locale":"da_DK","og_type":"article","og_title":"RandM Sunax 700 Pod Austauschbares Einweg-Vape-Kit | ElementVape.de","og_description":"Wir bieten RandM Sunax 700 Pod Austauschbares Einweg-Vape-Kit , Elementvape.de akzeptieren Gro\u00df-und Einzelhandel Bestellungen.","og_url":"https:\/\/www.elementvape.de\/da\/produkt\/randm-sunax-700-pod-austauschbares-einweg-vape-kit\/","og_site_name":"ElementVape.de","article_modified_time":"2024-09-12T10:36:27+00:00","og_image":[{"width":800,"height":800,"url":"https:\/\/www.elementvape.de\/wp-content\/uploads\/2024\/06\/RandMSunax700_12.webp","type":"image\/webp"}],"twitter_card":"summary_large_image","twitter_misc":{"Est. reading time":"2 minutter"},"schema":{"@context":"https:\/\/schema.org","@graph":[{"@type":"WebPage","@id":"https:\/\/www.elementvape.de\/sk\/produkt\/randm-sunax-700-pod-austauschbares-einweg-vape-kit\/","url":"https:\/\/www.elementvape.de\/sk\/produkt\/randm-sunax-700-pod-austauschbares-einweg-vape-kit\/","name":"RandM Sunax 700 Pod Austauschbares Einweg-Vape-Kit | ElementVape.de","isPartOf":{"@id":"https:\/\/www.elementvape.de\/#website"},"primaryImageOfPage":{"@id":"https:\/\/www.elementvape.de\/sk\/produkt\/randm-sunax-700-pod-austauschbares-einweg-vape-kit\/#primaryimage"},"image":{"@id":"https:\/\/www.elementvape.de\/sk\/produkt\/randm-sunax-700-pod-austauschbares-einweg-vape-kit\/#primaryimage"},"thumbnailUrl":"https:\/\/www.elementvape.de\/wp-content\/uploads\/2024\/06\/RandMSunax700_12.webp","datePublished":"2024-06-06T07:02:21+00:00","dateModified":"2024-09-12T10:36:27+00:00","description":"Wir bieten RandM Sunax 700 Pod Austauschbares Einweg-Vape-Kit , Elementvape.de akzeptieren Gro\u00df-und Einzelhandel Bestellungen.","breadcrumb":{"@id":"https:\/\/www.elementvape.de\/sk\/produkt\/randm-sunax-700-pod-austauschbares-einweg-vape-kit\/#breadcrumb"},"inLanguage":"da-DK","potentialAction":[{"@type":"ReadAction","target":["https:\/\/www.elementvape.de\/sk\/produkt\/randm-sunax-700-pod-austauschbares-einweg-vape-kit\/"]}]},{"@type":"ImageObject","inLanguage":"da-DK","@id":"https:\/\/www.elementvape.de\/sk\/produkt\/randm-sunax-700-pod-austauschbares-einweg-vape-kit\/#primaryimage","url":"https:\/\/www.elementvape.de\/wp-content\/uploads\/2024\/06\/RandMSunax700_12.webp","contentUrl":"https:\/\/www.elementvape.de\/wp-content\/uploads\/2024\/06\/RandMSunax700_12.webp","width":800,"height":800,"caption":"RandMSunax700_12"},{"@type":"BreadcrumbList","@id":"https:\/\/www.elementvape.de\/sk\/produkt\/randm-sunax-700-pod-austauschbares-einweg-vape-kit\/#breadcrumb","itemListElement":[{"@type":"ListItem","position":1,"name":"Home","item":"https:\/\/www.elementvape.de\/"},{"@type":"ListItem","position":2,"name":"Shop","item":"https:\/\/www.elementvape.de\/shop\/"},{"@type":"ListItem","position":3,"name":"RandM Sunax 700 Pod Austauschbares Einweg-Vape-Kit"}]},{"@type":"WebSite","@id":"https:\/\/www.elementvape.de\/#website","url":"https:\/\/www.elementvape.de\/","name":"ElementVape.de","description":"","publisher":{"@id":"https:\/\/www.elementvape.de\/#organization"},"potentialAction":[{"@type":"SearchAction","target":{"@type":"EntryPoint","urlTemplate":"https:\/\/www.elementvape.de\/?s={search_term_string}"},"query-input":"required name=search_term_string"}],"inLanguage":"da-DK"},{"@type":"Organization","@id":"https:\/\/www.elementvape.de\/#organization","name":"ElementVape.DE","url":"https:\/\/www.elementvape.de\/","logo":{"@type":"ImageObject","inLanguage":"da-DK","@id":"https:\/\/www.elementvape.de\/#\/schema\/logo\/image\/","url":"https:\/\/www.elementvape.de\/wp-content\/uploads\/2024\/09\/cropped-1elementvape-3.png","contentUrl":"https:\/\/www.elementvape.de\/wp-content\/uploads\/2024\/09\/cropped-1elementvape-3.png","width":285,"height":228,"caption":"ElementVape.DE"},"image":{"@id":"https:\/\/www.elementvape.de\/#\/schema\/logo\/image\/"}}]}},"_links":{"self":[{"href":"https:\/\/www.elementvape.de\/da\/wp-json\/wp\/v2\/product\/11620"}],"collection":[{"href":"https:\/\/www.elementvape.de\/da\/wp-json\/wp\/v2\/product"}],"about":[{"href":"https:\/\/www.elementvape.de\/da\/wp-json\/wp\/v2\/types\/product"}],"wp:featuredmedia":[{"embeddable":true,"href":"https:\/\/www.elementvape.de\/da\/wp-json\/wp\/v2\/media\/11633"}],"wp:attachment":[{"href":"https:\/\/www.elementvape.de\/da\/wp-json\/wp\/v2\/media?parent=11620"}],"wp:term":[{"taxonomy":"product_cat","embeddable":true,"href":"https:\/\/www.elementvape.de\/da\/wp-json\/wp\/v2\/product_cat?post=11620"},{"taxonomy":"product_tag","embeddable":true,"href":"https:\/\/www.elementvape.de\/da\/wp-json\/wp\/v2\/product_tag?post=11620"}],"curies":[{"name":"wp","href":"https:\/\/api.w.org\/{rel}","templated":true}]}}