{"id":11573,"date":"2024-06-06T06:15:29","date_gmt":"2024-06-06T06:15:29","guid":{"rendered":"https:\/\/www.elementvape.de\/?post_type=product&#038;p=11573"},"modified":"2024-09-12T10:36:29","modified_gmt":"2024-09-12T10:36:29","slug":"fumot-randm-tornado-box-10000-einweg-vape-10000-zuege","status":"publish","type":"product","link":"https:\/\/www.elementvape.de\/da\/produkt\/fumot-randm-tornado-box-10000-einweg-vape-10000-zuege\/","title":{"rendered":"Fumot Randm Tornado Box 10000 Engangs-Vape 10000 Tr\u00e6k"},"content":{"rendered":"<div class=\"flex-shrink-0 flex flex-col relative items-end\">\n<div>\n<div class=\"pt-0.5 juice:pt-0\">\n<div class=\"gizmo-bot-avatar flex h-6 w-6 items-center justify-center overflow-hidden rounded-full juice:h-8 juice:w-8\">\n<h2 class=\"relative p-1 rounded-sm flex items-center justify-center bg-token-main-surface-primary text-token-text-primary h-8 w-8\"><span style=\"font-size: 1.618em;\">Produktbeskrivelse: Fumot Randm Tornado Box 10000<\/span><\/h2>\n<\/div>\n<\/div>\n<\/div>\n<\/div>\n<div class=\"group\/conversation-turn relative flex w-full min-w-0 flex-col agent-turn\">\n<div class=\"flex-col gap-1 md:gap-3\">\n<div class=\"flex flex-grow flex-col max-w-full\">\n<div class=\"min-h-[20px] text-message flex flex-col items-start whitespace-pre-wrap break-words [.text-message+&amp;]:mt-5 juice:w-full juice:items-end overflow-x-auto gap-2\" dir=\"auto\" data-message-author-role=\"assistant\" data-message-id=\"19e10819-7d77-4518-9842-a458e32a2d63\">\n<div class=\"flex w-full flex-col gap-1 juice:empty:hidden juice:first:pt-[3px]\">\n<div class=\"markdown prose w-full break-words dark:prose-invert light\">\n<p>Den <strong>Fumot Randm Tornado Boks 10000<\/strong> er en f\u00f8rsteklasses engangs-vape-enhed, der tilbyder op til 10.000 tr\u00e6k og giver dig en langvarig og intens damperoplevelse. Med forskellige nikotinstyrker og et stort udvalg af smagsvarianter er den ideel til alle dampere, der v\u00e6rds\u00e6tter mangfoldighed og kvalitet.<\/p>\n<h4>Hovedfunktioner:<\/h4>\n<ul>\n<li><strong>Nikotinalternativer<\/strong>: Tilg\u00e6ngelig i 0 %, 2 %, 3 % og 5 % nikotin.<\/li>\n<li><strong>Tr\u00e6k<\/strong>: Op til 10.000 tr\u00e6k pr. enhed.<\/li>\n<li><strong>Kapacitet<\/strong>: Indeholder 20 ml E-liquid.<\/li>\n<li><strong>Batteri<\/strong>: Udstyret med et genopladeligt 850-mAh batteri.<\/li>\n<li><strong>Spole<\/strong>: Kraftfuld mesh-spole med en modstand p\u00e5 1,0 \u03a9.<\/li>\n<li><strong>Realtime-visning<\/strong>: Bekvem sporing af enhedens status gennem visning af batteri- og v\u00e6skestand.<\/li>\n<\/ul>\n<h4>Smagsvariation:<\/h4>\n<p>Fumot Randm Tornado Box 10000 tilbyder 16 forskellige smagsvarianter:<\/p>\n<ol>\n<li>Lush Ice<\/li>\n<li>Kold Mynte<\/li>\n<li>Blandede B\u00e6r<\/li>\n<li>Vindrueis<\/li>\n<li>Fersken Mango<\/li>\n<li>Bl\u00e5b\u00e6r Is<\/li>\n<li>Gummy Bear<\/li>\n<li>Jordb\u00e6r Vandmelon<\/li>\n<li>Jordb\u00e6r Donut<\/li>\n<li>Bl\u00e5b\u00e6r Raspberries<\/li>\n<li>Pink Lemonade<\/li>\n<li>Kiwi Passion Frugt Guave<\/li>\n<li>Kirseb\u00e6r Litchi<\/li>\n<li>Sort Ice<\/li>\n<li>Cola Is<\/li>\n<li>Tobak Mint<\/li>\n<\/ol>\n<h4>Emballagedetaljer:<\/h4>\n<ul>\n<li><strong>Pakkeenhed<\/strong>: Hver kasse indeholder 200 enheder.<\/li>\n<li><strong>V\u00e6gt pr. karton<\/strong>: 20 kg.<\/li>\n<li><strong>Kartonst\u00f8rrelse<\/strong>: 54,9 cm x 33,2 cm x 25,3 cm.<\/li>\n<\/ul>\n<h4>Indhold:<\/h4>\n<ul>\n<li>1 x Fumot Randm Tornado Box 10000 engangs-vape (10.000 tr\u00e6k)<\/li>\n<\/ul>\n<p>Denne enhed tilbyder ikke kun et h\u00f8jt antal tr\u00e6k, men ogs\u00e5 et bredt udvalg af smagsvarianter og bekvemmeligheden ved et genopladeligt batteri, hvilket g\u00f8r den til et fremragende valg for dampere p\u00e5 alle erfaringstrin.<\/p>\n<\/div>\n<\/div>\n<\/div>\n<\/div>\n<\/div>\n<\/div>","protected":false},"excerpt":{"rendered":"<p>Produktbeschreibung: Fumot Randm Tornado Box 10000 Die Fumot Randm Tornado Box 10000 ist ein erstklassiges Einweg-Vape-Ger\u00e4t, das bis zu 10.000 Z\u00fcge bietet und Ihnen ein langanhaltendes und intensives Dampferlebnis erm\u00f6glicht. Mit verschiedenen Nikotinst\u00e4rken und einer gro\u00dfen Auswahl an Geschmacksrichtungen ist es ideal f\u00fcr alle Dampfer, die Wert auf Vielfalt und Qualit\u00e4t legen. Hauptmerkmale: Nikotinoptionen: Verf\u00fcgbar [&hellip;]<\/p>","protected":false},"featured_media":11574,"template":"","meta":{"inline_featured_image":false},"product_cat":[78,754,745,742,748,744,755,738,751],"product_tag":[672],"tiered_pricing_type":"fixed","tiered_pricing_fixed_rules":[],"tiered_pricing_percentage_rules":[],"tiered_pricing_minimum":1,"_administrator_tiered_pricing_type":"fixed","_administrator_tiered_pricing_fixed_rules":[],"_editor_tiered_pricing_type":"fixed","_editor_tiered_pricing_fixed_rules":[],"_author_tiered_pricing_type":"fixed","_author_tiered_pricing_fixed_rules":[],"_contributor_tiered_pricing_type":"fixed","_contributor_tiered_pricing_fixed_rules":[],"_subscriber_tiered_pricing_type":"fixed","_subscriber_tiered_pricing_fixed_rules":[],"_customer_tiered_pricing_type":"fixed","_customer_tiered_pricing_fixed_rules":[],"_shop_manager_tiered_pricing_type":"fixed","_shop_manager_tiered_pricing_fixed_rules":[],"_wpseo_manager_tiered_pricing_type":"fixed","_wpseo_manager_tiered_pricing_fixed_rules":[],"_wpseo_editor_tiered_pricing_type":"fixed","_wpseo_editor_tiered_pricing_fixed_rules":[],"_wholesale_customer_tiered_pricing_type":"fixed","_wholesale_customer_tiered_pricing_fixed_rules":[],"_marketer_tiered_pricing_type":"fixed","_marketer_tiered_pricing_fixed_rules":[],"_sales_manager_tiered_pricing_type":"fixed","_sales_manager_tiered_pricing_fixed_rules":[],"_sales_rep_tiered_pricing_type":"fixed","_sales_rep_tiered_pricing_fixed_rules":[],"yoast_head":"<!-- This site is optimized with the Yoast SEO plugin v23.3 - https:\/\/yoast.com\/wordpress\/plugins\/seo\/ -->\n<title>Fumot Randm Tornado Box 10000 Einweg-Vape 10000 Z\u00fcge | ElementVape.de<\/title>\n<meta name=\"description\" content=\"Wir bieten Fumot Randm Tornado Box 10000 Einweg-Vape 10000 Z\u00fcge , Elementvape.de akzeptieren Gro\u00df-und Einzelhandel Bestellungen.\" \/>\n<meta name=\"robots\" content=\"index, follow, max-snippet:-1, max-image-preview:large, max-video-preview:-1\" \/>\n<link rel=\"canonical\" href=\"https:\/\/www.elementvape.de\/da\/produkt\/fumot-randm-tornado-box-10000-einweg-vape-10000-zuege\/\" \/>\n<meta property=\"og:locale\" content=\"da_DK\" \/>\n<meta property=\"og:type\" content=\"article\" \/>\n<meta property=\"og:title\" content=\"Fumot Randm Tornado Box 10000 Einweg-Vape 10000 Z\u00fcge | ElementVape.de\" \/>\n<meta property=\"og:description\" content=\"Wir bieten Fumot Randm Tornado Box 10000 Einweg-Vape 10000 Z\u00fcge , Elementvape.de akzeptieren Gro\u00df-und Einzelhandel Bestellungen.\" \/>\n<meta property=\"og:url\" content=\"https:\/\/www.elementvape.de\/da\/produkt\/fumot-randm-tornado-box-10000-einweg-vape-10000-zuege\/\" \/>\n<meta property=\"og:site_name\" content=\"ElementVape.de\" \/>\n<meta property=\"article:modified_time\" content=\"2024-09-12T10:36:29+00:00\" \/>\n<meta property=\"og:image\" content=\"https:\/\/www.elementvape.de\/wp-content\/uploads\/2024\/06\/FumotRandmTornadoBox10000_1.webp\" \/>\n\t<meta property=\"og:image:width\" content=\"800\" \/>\n\t<meta property=\"og:image:height\" content=\"800\" \/>\n\t<meta property=\"og:image:type\" content=\"image\/webp\" \/>\n<meta name=\"twitter:card\" content=\"summary_large_image\" \/>\n<meta name=\"twitter:label1\" content=\"Est. reading time\" \/>\n\t<meta name=\"twitter:data1\" content=\"2 minutter\" \/>\n<script type=\"application\/ld+json\" class=\"yoast-schema-graph\">{\"@context\":\"https:\/\/schema.org\",\"@graph\":[{\"@type\":\"WebPage\",\"@id\":\"https:\/\/www.elementvape.de\/produkt\/fumot-randm-tornado-box-10000-einweg-vape-10000-zuege\/\",\"url\":\"https:\/\/www.elementvape.de\/produkt\/fumot-randm-tornado-box-10000-einweg-vape-10000-zuege\/\",\"name\":\"Fumot Randm Tornado Box 10000 Einweg-Vape 10000 Z\u00fcge | ElementVape.de\",\"isPartOf\":{\"@id\":\"https:\/\/www.elementvape.de\/#website\"},\"primaryImageOfPage\":{\"@id\":\"https:\/\/www.elementvape.de\/produkt\/fumot-randm-tornado-box-10000-einweg-vape-10000-zuege\/#primaryimage\"},\"image\":{\"@id\":\"https:\/\/www.elementvape.de\/produkt\/fumot-randm-tornado-box-10000-einweg-vape-10000-zuege\/#primaryimage\"},\"thumbnailUrl\":\"https:\/\/www.elementvape.de\/wp-content\/uploads\/2024\/06\/FumotRandmTornadoBox10000_1.webp\",\"datePublished\":\"2024-06-06T06:15:29+00:00\",\"dateModified\":\"2024-09-12T10:36:29+00:00\",\"description\":\"Wir bieten Fumot Randm Tornado Box 10000 Einweg-Vape 10000 Z\u00fcge , Elementvape.de akzeptieren Gro\u00df-und Einzelhandel Bestellungen.\",\"breadcrumb\":{\"@id\":\"https:\/\/www.elementvape.de\/produkt\/fumot-randm-tornado-box-10000-einweg-vape-10000-zuege\/#breadcrumb\"},\"inLanguage\":\"da-DK\",\"potentialAction\":[{\"@type\":\"ReadAction\",\"target\":[\"https:\/\/www.elementvape.de\/produkt\/fumot-randm-tornado-box-10000-einweg-vape-10000-zuege\/\"]}]},{\"@type\":\"ImageObject\",\"inLanguage\":\"da-DK\",\"@id\":\"https:\/\/www.elementvape.de\/produkt\/fumot-randm-tornado-box-10000-einweg-vape-10000-zuege\/#primaryimage\",\"url\":\"https:\/\/www.elementvape.de\/wp-content\/uploads\/2024\/06\/FumotRandmTornadoBox10000_1.webp\",\"contentUrl\":\"https:\/\/www.elementvape.de\/wp-content\/uploads\/2024\/06\/FumotRandmTornadoBox10000_1.webp\",\"width\":800,\"height\":800,\"caption\":\"FumotRandmTornadoBox10000_1\"},{\"@type\":\"BreadcrumbList\",\"@id\":\"https:\/\/www.elementvape.de\/produkt\/fumot-randm-tornado-box-10000-einweg-vape-10000-zuege\/#breadcrumb\",\"itemListElement\":[{\"@type\":\"ListItem\",\"position\":1,\"name\":\"Home\",\"item\":\"https:\/\/www.elementvape.de\/\"},{\"@type\":\"ListItem\",\"position\":2,\"name\":\"Shop\",\"item\":\"https:\/\/www.elementvape.de\/shop\/\"},{\"@type\":\"ListItem\",\"position\":3,\"name\":\"Fumot Randm Tornado Box 10000 Einweg-Vape 10000 Z\u00fcge\"}]},{\"@type\":\"WebSite\",\"@id\":\"https:\/\/www.elementvape.de\/#website\",\"url\":\"https:\/\/www.elementvape.de\/\",\"name\":\"ElementVape.de\",\"description\":\"\",\"publisher\":{\"@id\":\"https:\/\/www.elementvape.de\/#organization\"},\"potentialAction\":[{\"@type\":\"SearchAction\",\"target\":{\"@type\":\"EntryPoint\",\"urlTemplate\":\"https:\/\/www.elementvape.de\/?s={search_term_string}\"},\"query-input\":\"required name=search_term_string\"}],\"inLanguage\":\"da-DK\"},{\"@type\":\"Organization\",\"@id\":\"https:\/\/www.elementvape.de\/#organization\",\"name\":\"ElementVape.DE\",\"url\":\"https:\/\/www.elementvape.de\/\",\"logo\":{\"@type\":\"ImageObject\",\"inLanguage\":\"da-DK\",\"@id\":\"https:\/\/www.elementvape.de\/#\/schema\/logo\/image\/\",\"url\":\"https:\/\/www.elementvape.de\/wp-content\/uploads\/2024\/09\/cropped-1elementvape-3.png\",\"contentUrl\":\"https:\/\/www.elementvape.de\/wp-content\/uploads\/2024\/09\/cropped-1elementvape-3.png\",\"width\":285,\"height\":228,\"caption\":\"ElementVape.DE\"},\"image\":{\"@id\":\"https:\/\/www.elementvape.de\/#\/schema\/logo\/image\/\"}}]}<\/script>\n<!-- \/ Yoast SEO plugin. -->","yoast_head_json":{"title":"Fumot Randm Tornado Box 10000 Einweg-Vape 10000 Z\u00fcge | ElementVape.de","description":"Wir bieten Fumot Randm Tornado Box 10000 Einweg-Vape 10000 Z\u00fcge , Elementvape.de akzeptieren Gro\u00df-und Einzelhandel Bestellungen.","robots":{"index":"index","follow":"follow","max-snippet":"max-snippet:-1","max-image-preview":"max-image-preview:large","max-video-preview":"max-video-preview:-1"},"canonical":"https:\/\/www.elementvape.de\/da\/produkt\/fumot-randm-tornado-box-10000-einweg-vape-10000-zuege\/","og_locale":"da_DK","og_type":"article","og_title":"Fumot Randm Tornado Box 10000 Einweg-Vape 10000 Z\u00fcge | ElementVape.de","og_description":"Wir bieten Fumot Randm Tornado Box 10000 Einweg-Vape 10000 Z\u00fcge , Elementvape.de akzeptieren Gro\u00df-und Einzelhandel Bestellungen.","og_url":"https:\/\/www.elementvape.de\/da\/produkt\/fumot-randm-tornado-box-10000-einweg-vape-10000-zuege\/","og_site_name":"ElementVape.de","article_modified_time":"2024-09-12T10:36:29+00:00","og_image":[{"width":800,"height":800,"url":"https:\/\/www.elementvape.de\/wp-content\/uploads\/2024\/06\/FumotRandmTornadoBox10000_1.webp","type":"image\/webp"}],"twitter_card":"summary_large_image","twitter_misc":{"Est. reading time":"2 minutter"},"schema":{"@context":"https:\/\/schema.org","@graph":[{"@type":"WebPage","@id":"https:\/\/www.elementvape.de\/produkt\/fumot-randm-tornado-box-10000-einweg-vape-10000-zuege\/","url":"https:\/\/www.elementvape.de\/produkt\/fumot-randm-tornado-box-10000-einweg-vape-10000-zuege\/","name":"Fumot Randm Tornado Box 10000 Einweg-Vape 10000 Z\u00fcge | ElementVape.de","isPartOf":{"@id":"https:\/\/www.elementvape.de\/#website"},"primaryImageOfPage":{"@id":"https:\/\/www.elementvape.de\/produkt\/fumot-randm-tornado-box-10000-einweg-vape-10000-zuege\/#primaryimage"},"image":{"@id":"https:\/\/www.elementvape.de\/produkt\/fumot-randm-tornado-box-10000-einweg-vape-10000-zuege\/#primaryimage"},"thumbnailUrl":"https:\/\/www.elementvape.de\/wp-content\/uploads\/2024\/06\/FumotRandmTornadoBox10000_1.webp","datePublished":"2024-06-06T06:15:29+00:00","dateModified":"2024-09-12T10:36:29+00:00","description":"Wir bieten Fumot Randm Tornado Box 10000 Einweg-Vape 10000 Z\u00fcge , Elementvape.de akzeptieren Gro\u00df-und Einzelhandel Bestellungen.","breadcrumb":{"@id":"https:\/\/www.elementvape.de\/produkt\/fumot-randm-tornado-box-10000-einweg-vape-10000-zuege\/#breadcrumb"},"inLanguage":"da-DK","potentialAction":[{"@type":"ReadAction","target":["https:\/\/www.elementvape.de\/produkt\/fumot-randm-tornado-box-10000-einweg-vape-10000-zuege\/"]}]},{"@type":"ImageObject","inLanguage":"da-DK","@id":"https:\/\/www.elementvape.de\/produkt\/fumot-randm-tornado-box-10000-einweg-vape-10000-zuege\/#primaryimage","url":"https:\/\/www.elementvape.de\/wp-content\/uploads\/2024\/06\/FumotRandmTornadoBox10000_1.webp","contentUrl":"https:\/\/www.elementvape.de\/wp-content\/uploads\/2024\/06\/FumotRandmTornadoBox10000_1.webp","width":800,"height":800,"caption":"FumotRandmTornadoBox10000_1"},{"@type":"BreadcrumbList","@id":"https:\/\/www.elementvape.de\/produkt\/fumot-randm-tornado-box-10000-einweg-vape-10000-zuege\/#breadcrumb","itemListElement":[{"@type":"ListItem","position":1,"name":"Home","item":"https:\/\/www.elementvape.de\/"},{"@type":"ListItem","position":2,"name":"Shop","item":"https:\/\/www.elementvape.de\/shop\/"},{"@type":"ListItem","position":3,"name":"Fumot Randm Tornado Box 10000 Einweg-Vape 10000 Z\u00fcge"}]},{"@type":"WebSite","@id":"https:\/\/www.elementvape.de\/#website","url":"https:\/\/www.elementvape.de\/","name":"ElementVape.de","description":"","publisher":{"@id":"https:\/\/www.elementvape.de\/#organization"},"potentialAction":[{"@type":"SearchAction","target":{"@type":"EntryPoint","urlTemplate":"https:\/\/www.elementvape.de\/?s={search_term_string}"},"query-input":"required name=search_term_string"}],"inLanguage":"da-DK"},{"@type":"Organization","@id":"https:\/\/www.elementvape.de\/#organization","name":"ElementVape.DE","url":"https:\/\/www.elementvape.de\/","logo":{"@type":"ImageObject","inLanguage":"da-DK","@id":"https:\/\/www.elementvape.de\/#\/schema\/logo\/image\/","url":"https:\/\/www.elementvape.de\/wp-content\/uploads\/2024\/09\/cropped-1elementvape-3.png","contentUrl":"https:\/\/www.elementvape.de\/wp-content\/uploads\/2024\/09\/cropped-1elementvape-3.png","width":285,"height":228,"caption":"ElementVape.DE"},"image":{"@id":"https:\/\/www.elementvape.de\/#\/schema\/logo\/image\/"}}]}},"_links":{"self":[{"href":"https:\/\/www.elementvape.de\/da\/wp-json\/wp\/v2\/product\/11573"}],"collection":[{"href":"https:\/\/www.elementvape.de\/da\/wp-json\/wp\/v2\/product"}],"about":[{"href":"https:\/\/www.elementvape.de\/da\/wp-json\/wp\/v2\/types\/product"}],"wp:featuredmedia":[{"embeddable":true,"href":"https:\/\/www.elementvape.de\/da\/wp-json\/wp\/v2\/media\/11574"}],"wp:attachment":[{"href":"https:\/\/www.elementvape.de\/da\/wp-json\/wp\/v2\/media?parent=11573"}],"wp:term":[{"taxonomy":"product_cat","embeddable":true,"href":"https:\/\/www.elementvape.de\/da\/wp-json\/wp\/v2\/product_cat?post=11573"},{"taxonomy":"product_tag","embeddable":true,"href":"https:\/\/www.elementvape.de\/da\/wp-json\/wp\/v2\/product_tag?post=11573"}],"curies":[{"name":"wp","href":"https:\/\/api.w.org\/{rel}","templated":true}]}}