{"id":11360,"date":"2024-05-31T10:16:21","date_gmt":"2024-05-31T10:16:21","guid":{"rendered":"https:\/\/www.elementvape.de\/?post_type=product&#038;p=11360"},"modified":"2024-09-12T10:36:36","modified_gmt":"2024-09-12T10:36:36","slug":"ske-crystal-bar-einweg-vape-e-zigarette","status":"publish","type":"product","link":"https:\/\/www.elementvape.de\/da\/produkt\/ske-crystal-bar-einweg-vape-e-zigarette\/","title":{"rendered":"SKE CRYSTAL BAR ENGANGS VAPE E-cigaret"},"content":{"rendered":"<h2>SKE Crystal Wand \u2013 Elektronisk engangs cigaret 20 mg\/ml<\/h2>\n<p>SKE Crystal Bar er en elektronisk engangs cigaret med elegant og enkel design. Med Crystal Vape f\u00e5r du en unik smagsoplevelse og mange muligheder. Om det er frugtigt, s\u00f8dt eller iskoldt, er der noget for enhver smag med SKE Crystal Wands. Kristalstaven har en klar optik og en indbygget 500-mAh batteri, der r\u00e6kker til 600 sug. Du beh\u00f8ver ikke oplade eller genopfylde, bare \u00e5bne emballagen og begynde at ryge. Ideel til at tage med eller som reserveenhed.<\/p>\n<p>Mesh-Coil-teknologi<br \/>\nHver smagsvariant har takket v\u00e6re mesh-coil-teknologien en rig, autentisk aroma. Ydelsen af denne e-cigaret er langt overlegen i forhold til andre m\u00e6rker. Hvis du v\u00e6rds\u00e6tter ren smag, kan du ikke undg\u00e5 denne e-cigaret.<\/p>\n<p>SKE Crystal-staven indeholder 2 ml nikotinsaltv\u00e6ske med en koncentration p\u00e5 20 mg. Optimal nikotinstyrke, ogs\u00e5 for begyndere.<\/p>\n<h3>SKE Crystal Vape Bar-smag:<\/h3>\n<p>Bananis: Forfriskende og s\u00f8dt, kombineret med isens cremethed, giver det en uimodst\u00e5elig smagsoplevelse.<br \/>\nB\u00e6ris: K\u00f8lige skovb\u00e6r forenes til en frugtig og frisk aroma, der v\u00e6kker sanserne.<br \/>\nBl\u00e5b\u00e6r-Hindb\u00e6r: Kombinerer s\u00f8dme og syre fra bl\u00e5b\u00e6r med hindb\u00e6rs syre for en harmonisk smagsbombe.<br \/>\nIsbl\u00e5: Den kolde friskhed m\u00f8der det mystiske bl\u00e5 og efterlader en boblende fornemmelse p\u00e5 tungen.<br \/>\nBlue Fusion: En sp\u00e6ndende blanding af forskellige bl\u00e5 frugter for en sp\u00e6ndende smagsoplevelse.<br \/>\nBlue Razz Lemonade: Krydrede limonade m\u00f8der s\u00f8d-syrlige bl\u00e5b\u00e6r for en forfriskende ny smag.<br \/>\nKirseis: K\u00f8lig s\u00f8dme med et strejf af modne kirseb\u00e6r for en iskold, frugtig nydelse.<br \/>\nCola-Is: Klassisk colasmag kombineret med en iskold tekstur for en forfriskende, boblende drik.<br \/>\nFrisk Menthol: Klar og ren, som en iskold brise, stimulerer sanserne og opfrisker sindet.<br \/>\nMojito: En boblende blanding af mynte, lime og rom, der indfanger essensen af den klassiske cocktail.<br \/>\nHonning-Citron: Honningens s\u00f8dme m\u00f8der friskheden af citron for en harmonisk og beroligende aroma.<br \/>\nKiwi Passion Frugt Guava: En tropisk frugt-cocktail af kiwi, passionsfrugt og guava for en eksotisk, saftig smagsoplevelse.<br \/>\nCitron og Lime: Den perfekte balance mellem krydret citron og duftende lime, der giver en forfriskende, citrusrig oplevelse.<br \/>\nCitron og Fersken Passion Frugt: En l\u00e6kker blanding af citron, fersken og passionsfrugt, der giver en frugtig s\u00f8dme.<br \/>\nMango-Is: Saftig mango m\u00f8der k\u00f8lig smag og skaber en tropisk smagsoplevelse, der fork\u00e6ler ganen.<br \/>\nMenthol: Den forfriskende brise af k\u00f8lig menthol kan opfriske og rense sindet.<br \/>\nPink Lemonade: Frugtig-s\u00f8d limonade med et strejf af r\u00f8de b\u00e6r er en l\u00e6kker sommerforn\u00f8jelse.<br \/>\nSyrt\u00e6ble-Blaubeere: Kombinationen af sur gr\u00f8n \u00e6ble og s\u00f8d bl\u00e5b\u00e6r giver en forfriskende og rig smagsoplevelse.<br \/>\nBitter bl\u00e5b\u00e6r: Bitter bl\u00e5b\u00e6r giver en kraftig smagsoplevelse, der udfordrer dine smagsl\u00f8g.<br \/>\nJordb\u00e6r-Burst: Saftige jordb\u00e6r-burst, der gl\u00e6der ganen med deres s\u00f8de, frugtige smag.<br \/>\nJordb\u00e6ris: Cremet jordb\u00e6ris minder om varme sommerdage og fork\u00e6ler ganen med sin s\u00f8de smag.<br \/>\nTigerblod: En dristig kombination af eksotiske frugter og kraftige aromaer for en vild og sp\u00e6ndende smagsoplevelse.<br \/>\nTobak: Den sure, r\u00f8gede smag af tobak v\u00e6kker nostalgi hos b\u00e5de kendere og entusiaster.<br \/>\nVandmelonis: Forfriskende vandmelon m\u00f8der is og skaber en forfriskende sommerlig smagsoplevelse.<br \/>\nVandmelon-Jordb\u00e6r-Gummi: En l\u00e6kker blanding af saftig vandmelon og s\u00f8de jordb\u00e6r, d\u00e6kket af en blid tyggegummismag.<\/p>\n<h3>Detaljer:<\/h3>\n<p>Elektronisk engangs e-cigaret SKE Crystal \u2013 elektronisk cigaret med netspole<br \/>\nSKE Crystal Bar er en elektronisk engangs e-cigaret med elegant og enkel design. For en behagelig rygeoplevelse er der forskellige smagsvarianter til r\u00e5dighed.<br \/>\nCrystal Vape fra SKE har et indbygget 500-mAh batteri, der r\u00e6kker til 600 tr\u00e6k. Du beh\u00f8ver ikke opladning eller p\u00e5fyldning, bare \u00e5bne emballagen og begynde at ryge.<\/p>\n<p>Der findes over 30 forskellige smagsvarianter af Crystal Vape. Hver sort har en intens og autentisk smag takket v\u00e6re Mesh Coil-teknologien.<\/p>\n<p>Hver SKE Crystal Vape Bar indeholder 2 ml nikotinsaltv\u00e6ske med en styrke p\u00e5 20 mg. Nikotinsaltet sikrer et bl\u00f8dt og tilfredsstillende nikotinrus uden ondt i halsen.<\/p>\n<p>Du skal blot tage den ud af emballagen og tr\u00e6kke i mundstykket. LED-lyset i bunden lyser op, n\u00e5r du damper. Hvis LED'et ikke l\u00e6ngere lyser, eller smagen aftager, er SKE Crystal Baren tom og kan smides ud.<\/p>","protected":false},"excerpt":{"rendered":"<p>SKE Crystal Wand \u2013 Elektronische Einwegzigarette 20 mg\/ml SKE Crystal Bar ist eine elektronische Einwegzigarette mit elegantem und schlichtem Design. Mit Crystal Vape erhalten Sie ein einzigartiges Geschmackserlebnis und vielf\u00e4ltige M\u00f6glichkeiten. Ob fruchtig, s\u00fc\u00df oder eisig, bei den SKE Crystal Wands ist f\u00fcr jeden etwas dabei. Der Kristallstab verf\u00fcgt \u00fcber eine kristallklare Optik und einen [&hellip;]<\/p>","protected":false},"featured_media":11382,"template":"","meta":{"inline_featured_image":false},"product_cat":[78,754,745,742,748,744,755,738,751],"product_tag":[679],"tiered_pricing_type":"fixed","tiered_pricing_fixed_rules":[],"tiered_pricing_percentage_rules":[],"tiered_pricing_minimum":1,"_administrator_tiered_pricing_type":"fixed","_administrator_tiered_pricing_fixed_rules":[],"_editor_tiered_pricing_type":"fixed","_editor_tiered_pricing_fixed_rules":[],"_author_tiered_pricing_type":"fixed","_author_tiered_pricing_fixed_rules":[],"_contributor_tiered_pricing_type":"fixed","_contributor_tiered_pricing_fixed_rules":[],"_subscriber_tiered_pricing_type":"fixed","_subscriber_tiered_pricing_fixed_rules":[],"_customer_tiered_pricing_type":"fixed","_customer_tiered_pricing_fixed_rules":[],"_shop_manager_tiered_pricing_type":"fixed","_shop_manager_tiered_pricing_fixed_rules":[],"_wpseo_manager_tiered_pricing_type":"fixed","_wpseo_manager_tiered_pricing_fixed_rules":[],"_wpseo_editor_tiered_pricing_type":"fixed","_wpseo_editor_tiered_pricing_fixed_rules":[],"_wholesale_customer_tiered_pricing_type":"fixed","_wholesale_customer_tiered_pricing_fixed_rules":[],"_marketer_tiered_pricing_type":"fixed","_marketer_tiered_pricing_fixed_rules":[],"_sales_manager_tiered_pricing_type":"fixed","_sales_manager_tiered_pricing_fixed_rules":[],"_sales_rep_tiered_pricing_type":"fixed","_sales_rep_tiered_pricing_fixed_rules":[],"yoast_head":"<!-- This site is optimized with the Yoast SEO plugin v23.3 - https:\/\/yoast.com\/wordpress\/plugins\/seo\/ -->\n<title>SKE CRYSTAL BAR EINWEG VAPE E-ZIGARETTE | ElementVape.de<\/title>\n<meta name=\"description\" content=\"Wir bieten SKE CRYSTAL BAR EINWEG VAPE E-ZIGARETTE , Elementvape.de akzeptieren Gro\u00df-und Einzelhandel Bestellungen.\" \/>\n<meta name=\"robots\" content=\"index, follow, max-snippet:-1, max-image-preview:large, max-video-preview:-1\" \/>\n<link rel=\"canonical\" href=\"https:\/\/www.elementvape.de\/da\/produkt\/ske-crystal-bar-einweg-vape-e-zigarette\/\" \/>\n<meta property=\"og:locale\" content=\"da_DK\" \/>\n<meta property=\"og:type\" content=\"article\" \/>\n<meta property=\"og:title\" content=\"SKE CRYSTAL BAR EINWEG VAPE E-ZIGARETTE | ElementVape.de\" \/>\n<meta property=\"og:description\" content=\"Wir bieten SKE CRYSTAL BAR EINWEG VAPE E-ZIGARETTE , Elementvape.de akzeptieren Gro\u00df-und Einzelhandel Bestellungen.\" \/>\n<meta property=\"og:url\" content=\"https:\/\/www.elementvape.de\/da\/produkt\/ske-crystal-bar-einweg-vape-e-zigarette\/\" \/>\n<meta property=\"og:site_name\" content=\"ElementVape.de\" \/>\n<meta property=\"article:modified_time\" content=\"2024-09-12T10:36:36+00:00\" \/>\n<meta property=\"og:image\" content=\"https:\/\/www.elementvape.de\/wp-content\/uploads\/2024\/05\/SKE-CRYSTAL-BAR-.jpg\" \/>\n\t<meta property=\"og:image:width\" content=\"1120\" \/>\n\t<meta property=\"og:image:height\" content=\"1120\" \/>\n\t<meta property=\"og:image:type\" content=\"image\/jpeg\" \/>\n<meta name=\"twitter:card\" content=\"summary_large_image\" \/>\n<meta name=\"twitter:label1\" content=\"Est. reading time\" \/>\n\t<meta name=\"twitter:data1\" content=\"4 minutter\" \/>\n<script type=\"application\/ld+json\" class=\"yoast-schema-graph\">{\"@context\":\"https:\/\/schema.org\",\"@graph\":[{\"@type\":\"WebPage\",\"@id\":\"https:\/\/www.elementvape.de\/produkt\/ske-crystal-bar-einweg-vape-e-zigarette\/\",\"url\":\"https:\/\/www.elementvape.de\/produkt\/ske-crystal-bar-einweg-vape-e-zigarette\/\",\"name\":\"SKE CRYSTAL BAR EINWEG VAPE E-ZIGARETTE | ElementVape.de\",\"isPartOf\":{\"@id\":\"https:\/\/www.elementvape.de\/#website\"},\"primaryImageOfPage\":{\"@id\":\"https:\/\/www.elementvape.de\/produkt\/ske-crystal-bar-einweg-vape-e-zigarette\/#primaryimage\"},\"image\":{\"@id\":\"https:\/\/www.elementvape.de\/produkt\/ske-crystal-bar-einweg-vape-e-zigarette\/#primaryimage\"},\"thumbnailUrl\":\"https:\/\/www.elementvape.de\/wp-content\/uploads\/2024\/05\/SKE-CRYSTAL-BAR-.jpg\",\"datePublished\":\"2024-05-31T10:16:21+00:00\",\"dateModified\":\"2024-09-12T10:36:36+00:00\",\"description\":\"Wir bieten SKE CRYSTAL BAR EINWEG VAPE E-ZIGARETTE , Elementvape.de akzeptieren Gro\u00df-und Einzelhandel Bestellungen.\",\"breadcrumb\":{\"@id\":\"https:\/\/www.elementvape.de\/produkt\/ske-crystal-bar-einweg-vape-e-zigarette\/#breadcrumb\"},\"inLanguage\":\"da-DK\",\"potentialAction\":[{\"@type\":\"ReadAction\",\"target\":[\"https:\/\/www.elementvape.de\/produkt\/ske-crystal-bar-einweg-vape-e-zigarette\/\"]}]},{\"@type\":\"ImageObject\",\"inLanguage\":\"da-DK\",\"@id\":\"https:\/\/www.elementvape.de\/produkt\/ske-crystal-bar-einweg-vape-e-zigarette\/#primaryimage\",\"url\":\"https:\/\/www.elementvape.de\/wp-content\/uploads\/2024\/05\/SKE-CRYSTAL-BAR-.jpg\",\"contentUrl\":\"https:\/\/www.elementvape.de\/wp-content\/uploads\/2024\/05\/SKE-CRYSTAL-BAR-.jpg\",\"width\":1120,\"height\":1120,\"caption\":\"SKE CRYSTAL BAR\"},{\"@type\":\"BreadcrumbList\",\"@id\":\"https:\/\/www.elementvape.de\/produkt\/ske-crystal-bar-einweg-vape-e-zigarette\/#breadcrumb\",\"itemListElement\":[{\"@type\":\"ListItem\",\"position\":1,\"name\":\"Home\",\"item\":\"https:\/\/www.elementvape.de\/\"},{\"@type\":\"ListItem\",\"position\":2,\"name\":\"Shop\",\"item\":\"https:\/\/www.elementvape.de\/shop\/\"},{\"@type\":\"ListItem\",\"position\":3,\"name\":\"SKE CRYSTAL BAR EINWEG VAPE E-ZIGARETTE\"}]},{\"@type\":\"WebSite\",\"@id\":\"https:\/\/www.elementvape.de\/#website\",\"url\":\"https:\/\/www.elementvape.de\/\",\"name\":\"ElementVape.de\",\"description\":\"\",\"publisher\":{\"@id\":\"https:\/\/www.elementvape.de\/#organization\"},\"potentialAction\":[{\"@type\":\"SearchAction\",\"target\":{\"@type\":\"EntryPoint\",\"urlTemplate\":\"https:\/\/www.elementvape.de\/?s={search_term_string}\"},\"query-input\":\"required name=search_term_string\"}],\"inLanguage\":\"da-DK\"},{\"@type\":\"Organization\",\"@id\":\"https:\/\/www.elementvape.de\/#organization\",\"name\":\"ElementVape.DE\",\"url\":\"https:\/\/www.elementvape.de\/\",\"logo\":{\"@type\":\"ImageObject\",\"inLanguage\":\"da-DK\",\"@id\":\"https:\/\/www.elementvape.de\/#\/schema\/logo\/image\/\",\"url\":\"https:\/\/www.elementvape.de\/wp-content\/uploads\/2024\/09\/cropped-1elementvape-3.png\",\"contentUrl\":\"https:\/\/www.elementvape.de\/wp-content\/uploads\/2024\/09\/cropped-1elementvape-3.png\",\"width\":285,\"height\":228,\"caption\":\"ElementVape.DE\"},\"image\":{\"@id\":\"https:\/\/www.elementvape.de\/#\/schema\/logo\/image\/\"}}]}<\/script>\n<!-- \/ Yoast SEO plugin. -->","yoast_head_json":{"title":"SKE CRYSTAL BAR EINWEG VAPE E-ZIGARETTE | ElementVape.de","description":"Wir bieten SKE CRYSTAL BAR EINWEG VAPE E-ZIGARETTE , Elementvape.de akzeptieren Gro\u00df-und Einzelhandel Bestellungen.","robots":{"index":"index","follow":"follow","max-snippet":"max-snippet:-1","max-image-preview":"max-image-preview:large","max-video-preview":"max-video-preview:-1"},"canonical":"https:\/\/www.elementvape.de\/da\/produkt\/ske-crystal-bar-einweg-vape-e-zigarette\/","og_locale":"da_DK","og_type":"article","og_title":"SKE CRYSTAL BAR EINWEG VAPE E-ZIGARETTE | ElementVape.de","og_description":"Wir bieten SKE CRYSTAL BAR EINWEG VAPE E-ZIGARETTE , Elementvape.de akzeptieren Gro\u00df-und Einzelhandel Bestellungen.","og_url":"https:\/\/www.elementvape.de\/da\/produkt\/ske-crystal-bar-einweg-vape-e-zigarette\/","og_site_name":"ElementVape.de","article_modified_time":"2024-09-12T10:36:36+00:00","og_image":[{"width":1120,"height":1120,"url":"https:\/\/www.elementvape.de\/wp-content\/uploads\/2024\/05\/SKE-CRYSTAL-BAR-.jpg","type":"image\/jpeg"}],"twitter_card":"summary_large_image","twitter_misc":{"Est. reading time":"4 minutter"},"schema":{"@context":"https:\/\/schema.org","@graph":[{"@type":"WebPage","@id":"https:\/\/www.elementvape.de\/produkt\/ske-crystal-bar-einweg-vape-e-zigarette\/","url":"https:\/\/www.elementvape.de\/produkt\/ske-crystal-bar-einweg-vape-e-zigarette\/","name":"SKE CRYSTAL BAR EINWEG VAPE E-ZIGARETTE | ElementVape.de","isPartOf":{"@id":"https:\/\/www.elementvape.de\/#website"},"primaryImageOfPage":{"@id":"https:\/\/www.elementvape.de\/produkt\/ske-crystal-bar-einweg-vape-e-zigarette\/#primaryimage"},"image":{"@id":"https:\/\/www.elementvape.de\/produkt\/ske-crystal-bar-einweg-vape-e-zigarette\/#primaryimage"},"thumbnailUrl":"https:\/\/www.elementvape.de\/wp-content\/uploads\/2024\/05\/SKE-CRYSTAL-BAR-.jpg","datePublished":"2024-05-31T10:16:21+00:00","dateModified":"2024-09-12T10:36:36+00:00","description":"Wir bieten SKE CRYSTAL BAR EINWEG VAPE E-ZIGARETTE , Elementvape.de akzeptieren Gro\u00df-und Einzelhandel Bestellungen.","breadcrumb":{"@id":"https:\/\/www.elementvape.de\/produkt\/ske-crystal-bar-einweg-vape-e-zigarette\/#breadcrumb"},"inLanguage":"da-DK","potentialAction":[{"@type":"ReadAction","target":["https:\/\/www.elementvape.de\/produkt\/ske-crystal-bar-einweg-vape-e-zigarette\/"]}]},{"@type":"ImageObject","inLanguage":"da-DK","@id":"https:\/\/www.elementvape.de\/produkt\/ske-crystal-bar-einweg-vape-e-zigarette\/#primaryimage","url":"https:\/\/www.elementvape.de\/wp-content\/uploads\/2024\/05\/SKE-CRYSTAL-BAR-.jpg","contentUrl":"https:\/\/www.elementvape.de\/wp-content\/uploads\/2024\/05\/SKE-CRYSTAL-BAR-.jpg","width":1120,"height":1120,"caption":"SKE CRYSTAL BAR"},{"@type":"BreadcrumbList","@id":"https:\/\/www.elementvape.de\/produkt\/ske-crystal-bar-einweg-vape-e-zigarette\/#breadcrumb","itemListElement":[{"@type":"ListItem","position":1,"name":"Home","item":"https:\/\/www.elementvape.de\/"},{"@type":"ListItem","position":2,"name":"Shop","item":"https:\/\/www.elementvape.de\/shop\/"},{"@type":"ListItem","position":3,"name":"SKE CRYSTAL BAR EINWEG VAPE E-ZIGARETTE"}]},{"@type":"WebSite","@id":"https:\/\/www.elementvape.de\/#website","url":"https:\/\/www.elementvape.de\/","name":"ElementVape.de","description":"","publisher":{"@id":"https:\/\/www.elementvape.de\/#organization"},"potentialAction":[{"@type":"SearchAction","target":{"@type":"EntryPoint","urlTemplate":"https:\/\/www.elementvape.de\/?s={search_term_string}"},"query-input":"required name=search_term_string"}],"inLanguage":"da-DK"},{"@type":"Organization","@id":"https:\/\/www.elementvape.de\/#organization","name":"ElementVape.DE","url":"https:\/\/www.elementvape.de\/","logo":{"@type":"ImageObject","inLanguage":"da-DK","@id":"https:\/\/www.elementvape.de\/#\/schema\/logo\/image\/","url":"https:\/\/www.elementvape.de\/wp-content\/uploads\/2024\/09\/cropped-1elementvape-3.png","contentUrl":"https:\/\/www.elementvape.de\/wp-content\/uploads\/2024\/09\/cropped-1elementvape-3.png","width":285,"height":228,"caption":"ElementVape.DE"},"image":{"@id":"https:\/\/www.elementvape.de\/#\/schema\/logo\/image\/"}}]}},"_links":{"self":[{"href":"https:\/\/www.elementvape.de\/da\/wp-json\/wp\/v2\/product\/11360"}],"collection":[{"href":"https:\/\/www.elementvape.de\/da\/wp-json\/wp\/v2\/product"}],"about":[{"href":"https:\/\/www.elementvape.de\/da\/wp-json\/wp\/v2\/types\/product"}],"wp:featuredmedia":[{"embeddable":true,"href":"https:\/\/www.elementvape.de\/da\/wp-json\/wp\/v2\/media\/11382"}],"wp:attachment":[{"href":"https:\/\/www.elementvape.de\/da\/wp-json\/wp\/v2\/media?parent=11360"}],"wp:term":[{"taxonomy":"product_cat","embeddable":true,"href":"https:\/\/www.elementvape.de\/da\/wp-json\/wp\/v2\/product_cat?post=11360"},{"taxonomy":"product_tag","embeddable":true,"href":"https:\/\/www.elementvape.de\/da\/wp-json\/wp\/v2\/product_tag?post=11360"}],"curies":[{"name":"wp","href":"https:\/\/api.w.org\/{rel}","templated":true}]}}