{"id":11317,"date":"2024-05-31T08:37:45","date_gmt":"2024-05-31T08:37:45","guid":{"rendered":"https:\/\/www.elementvape.de\/?post_type=product&#038;p=11317"},"modified":"2024-09-12T10:36:37","modified_gmt":"2024-09-12T10:36:37","slug":"flerbar-hyppe-dm-600-kaufen-einweg-vape","status":"publish","type":"product","link":"https:\/\/www.elementvape.de\/da\/produkt\/flerbar-hyppe-dm-600-kaufen-einweg-vape\/","title":{"rendered":"Flerbar Hyppe DM 600 K\u00f8b Engangs Vape"},"content":{"rendered":"<h2>Hyppe Vape DM600 fra Flerbar:<\/h2>\n<p>Med Hyppe DM600 pr\u00e6senterer Flerbar en ny engangs vape. I det enorme udvalg af 24 varianter er der noget for enhver smag.<\/p>\n<h3>Detaljer:<\/h3>\n<p>Hyppe DM600 Vape har et 550mAh batteri, der muligg\u00f8r op til 600 tr\u00e6k med 20mg. Smagen forbliver konstant og intens indtil sidste tr\u00e6k. N\u00e5r batteriet er tomt, lyser LED'en, og Hyppe DM600 kan beres ud.<\/p>\n<p>F\u00f8rste vape med Dual Mesh Coil: Det s\u00e6rlige ved Hyppe DM600 Vape er Dual Mesh Coil, som sikrer en intens og t\u00e6t damp. Tidligere kun brugt i st\u00f8rre e-cigaretter, er Hyppe DM600 den f\u00f8rste engangs vape med Dual Mesh Coil.<\/p>\n<p>Hyppe Vape er klar til brug med det samme, tag blot pakken ud, aktiver med 5 korte tr\u00e6k og begynd at dampe. Takket v\u00e6re denne enkle betjening er Hyppe DM600 egnet til b\u00e5de begyndere og erfarne damper.<\/p>\n<p>Hyppe DM600 Vape fra Flerbar \u2013 Engangs e-cigaretter med Dual Mesh Coil<\/p>\n<p>Hvilke varianter af Hyppe DM600 fra Flerbar findes?<br \/>\nDisse l\u00e6kre varianter er tilg\u00e6ngelige hos Hyppe DM600:<br \/>\nBl\u00e5b\u00e6r Kirseb\u00e6r Traneb\u00e6r<br \/>\nBl\u00e5 Razz Is-pind<br \/>\nKirseb\u00e6r Is<br \/>\nFizzy Kirseb\u00e6r<br \/>\nGummibj\u00f8rne<br \/>\nCitron Lime<br \/>\nMand Bl\u00e5<br \/>\nAnanas Is<br \/>\nR\u00f8d \u00c6ble Is<br \/>\nJordb\u00e6r Hindb\u00e6r Kirseb\u00e6r is<br \/>\nTriple Mango<br \/>\nVandmelon Is<br \/>\nBl\u00e5 Razz Kirseb\u00e6r<br \/>\nBl\u00e5b\u00e6r Banan<br \/>\nVimbull Is<br \/>\nL\u00e6kker Pink Lemonade<br \/>\nJordb\u00e6r Vandmelon Hubba Hubba<br \/>\nRegnbue Skittz<br \/>\nAnanas Fersken Passionfrugt<br \/>\nPeach Frys<br \/>\nHr. Sort<br \/>\nFrisk Mynte Is<br \/>\nFizzy Cola-flasker<br \/>\nBl\u00e5b\u00e6r Raspberries<\/p>","protected":false},"excerpt":{"rendered":"<p>Hyppe Vape DM600 von Flerbar: Mit der Hyppe DM600 pr\u00e4sentiert Flerbar eine neue Einweg Vape. In der riesigen Auswahl von 24 Sorten ist f\u00fcr jeden Geschmack etwas dabei. Einzelheiten: Die Hyppe DM600 Vape hat einen 550mAh Akku, der bis zu 600 Z\u00fcge mit 20mg erm\u00f6glicht. Dabei bleibt der Geschmack bis zum letzten Zug konstant und [&hellip;]<\/p>","protected":false},"featured_media":11318,"template":"","meta":{"inline_featured_image":false},"product_cat":[78,754,745,742,748,744,755,738,751],"product_tag":[679],"tiered_pricing_type":"fixed","tiered_pricing_fixed_rules":[],"tiered_pricing_percentage_rules":[],"tiered_pricing_minimum":1,"_administrator_tiered_pricing_type":"fixed","_administrator_tiered_pricing_fixed_rules":[],"_editor_tiered_pricing_type":"fixed","_editor_tiered_pricing_fixed_rules":[],"_author_tiered_pricing_type":"fixed","_author_tiered_pricing_fixed_rules":[],"_contributor_tiered_pricing_type":"fixed","_contributor_tiered_pricing_fixed_rules":[],"_subscriber_tiered_pricing_type":"fixed","_subscriber_tiered_pricing_fixed_rules":[],"_customer_tiered_pricing_type":"fixed","_customer_tiered_pricing_fixed_rules":[],"_shop_manager_tiered_pricing_type":"fixed","_shop_manager_tiered_pricing_fixed_rules":[],"_wpseo_manager_tiered_pricing_type":"fixed","_wpseo_manager_tiered_pricing_fixed_rules":[],"_wpseo_editor_tiered_pricing_type":"fixed","_wpseo_editor_tiered_pricing_fixed_rules":[],"_wholesale_customer_tiered_pricing_type":"fixed","_wholesale_customer_tiered_pricing_fixed_rules":[],"_marketer_tiered_pricing_type":"fixed","_marketer_tiered_pricing_fixed_rules":[],"_sales_manager_tiered_pricing_type":"fixed","_sales_manager_tiered_pricing_fixed_rules":[],"_sales_rep_tiered_pricing_type":"fixed","_sales_rep_tiered_pricing_fixed_rules":[],"yoast_head":"<!-- This site is optimized with the Yoast SEO plugin v23.3 - https:\/\/yoast.com\/wordpress\/plugins\/seo\/ -->\n<title>Flerbar Hyppe DM 600 Kaufen Einweg Vape | ElementVape.de<\/title>\n<meta name=\"description\" content=\"Wir bieten Flerbar Hyppe DM 600 Kaufen Einweg Vape , Elementvape.de akzeptieren Gro\u00df-und Einzelhandel Bestellungen.\" \/>\n<meta name=\"robots\" content=\"index, follow, max-snippet:-1, max-image-preview:large, max-video-preview:-1\" \/>\n<link rel=\"canonical\" href=\"https:\/\/www.elementvape.de\/da\/produkt\/flerbar-hyppe-dm-600-kaufen-einweg-vape\/\" \/>\n<meta property=\"og:locale\" content=\"da_DK\" \/>\n<meta property=\"og:type\" content=\"article\" \/>\n<meta property=\"og:title\" content=\"Flerbar Hyppe DM 600 Kaufen Einweg Vape | ElementVape.de\" \/>\n<meta property=\"og:description\" content=\"Wir bieten Flerbar Hyppe DM 600 Kaufen Einweg Vape , Elementvape.de akzeptieren Gro\u00df-und Einzelhandel Bestellungen.\" \/>\n<meta property=\"og:url\" content=\"https:\/\/www.elementvape.de\/da\/produkt\/flerbar-hyppe-dm-600-kaufen-einweg-vape\/\" \/>\n<meta property=\"og:site_name\" content=\"ElementVape.de\" \/>\n<meta property=\"article:modified_time\" content=\"2024-09-12T10:36:37+00:00\" \/>\n<meta property=\"og:image\" content=\"https:\/\/www.elementvape.de\/wp-content\/uploads\/2024\/05\/flerbar-dm600-hyppe-blueberry-cherry-cranberry-20mg.jpg\" \/>\n\t<meta property=\"og:image:width\" content=\"1120\" \/>\n\t<meta property=\"og:image:height\" content=\"1120\" \/>\n\t<meta property=\"og:image:type\" content=\"image\/jpeg\" \/>\n<meta name=\"twitter:card\" content=\"summary_large_image\" \/>\n<meta name=\"twitter:label1\" content=\"Est. reading time\" \/>\n\t<meta name=\"twitter:data1\" content=\"2 minutter\" \/>\n<script type=\"application\/ld+json\" class=\"yoast-schema-graph\">{\"@context\":\"https:\/\/schema.org\",\"@graph\":[{\"@type\":\"WebPage\",\"@id\":\"https:\/\/www.elementvape.de\/produkt\/flerbar-hyppe-dm-600-kaufen-einweg-vape\/\",\"url\":\"https:\/\/www.elementvape.de\/produkt\/flerbar-hyppe-dm-600-kaufen-einweg-vape\/\",\"name\":\"Flerbar Hyppe DM 600 Kaufen Einweg Vape | ElementVape.de\",\"isPartOf\":{\"@id\":\"https:\/\/www.elementvape.de\/#website\"},\"primaryImageOfPage\":{\"@id\":\"https:\/\/www.elementvape.de\/produkt\/flerbar-hyppe-dm-600-kaufen-einweg-vape\/#primaryimage\"},\"image\":{\"@id\":\"https:\/\/www.elementvape.de\/produkt\/flerbar-hyppe-dm-600-kaufen-einweg-vape\/#primaryimage\"},\"thumbnailUrl\":\"https:\/\/www.elementvape.de\/wp-content\/uploads\/2024\/05\/flerbar-dm600-hyppe-blueberry-cherry-cranberry-20mg.jpg\",\"datePublished\":\"2024-05-31T08:37:45+00:00\",\"dateModified\":\"2024-09-12T10:36:37+00:00\",\"description\":\"Wir bieten Flerbar Hyppe DM 600 Kaufen Einweg Vape , Elementvape.de akzeptieren Gro\u00df-und Einzelhandel Bestellungen.\",\"breadcrumb\":{\"@id\":\"https:\/\/www.elementvape.de\/produkt\/flerbar-hyppe-dm-600-kaufen-einweg-vape\/#breadcrumb\"},\"inLanguage\":\"da-DK\",\"potentialAction\":[{\"@type\":\"ReadAction\",\"target\":[\"https:\/\/www.elementvape.de\/produkt\/flerbar-hyppe-dm-600-kaufen-einweg-vape\/\"]}]},{\"@type\":\"ImageObject\",\"inLanguage\":\"da-DK\",\"@id\":\"https:\/\/www.elementvape.de\/produkt\/flerbar-hyppe-dm-600-kaufen-einweg-vape\/#primaryimage\",\"url\":\"https:\/\/www.elementvape.de\/wp-content\/uploads\/2024\/05\/flerbar-dm600-hyppe-blueberry-cherry-cranberry-20mg.jpg\",\"contentUrl\":\"https:\/\/www.elementvape.de\/wp-content\/uploads\/2024\/05\/flerbar-dm600-hyppe-blueberry-cherry-cranberry-20mg.jpg\",\"width\":1120,\"height\":1120,\"caption\":\"flerbar-dm600-hyppe-blueberry-cherry-cranberry-20mg\"},{\"@type\":\"BreadcrumbList\",\"@id\":\"https:\/\/www.elementvape.de\/produkt\/flerbar-hyppe-dm-600-kaufen-einweg-vape\/#breadcrumb\",\"itemListElement\":[{\"@type\":\"ListItem\",\"position\":1,\"name\":\"Home\",\"item\":\"https:\/\/www.elementvape.de\/\"},{\"@type\":\"ListItem\",\"position\":2,\"name\":\"Shop\",\"item\":\"https:\/\/www.elementvape.de\/shop\/\"},{\"@type\":\"ListItem\",\"position\":3,\"name\":\"Flerbar Hyppe DM 600 Kaufen Einweg Vape\"}]},{\"@type\":\"WebSite\",\"@id\":\"https:\/\/www.elementvape.de\/#website\",\"url\":\"https:\/\/www.elementvape.de\/\",\"name\":\"ElementVape.de\",\"description\":\"\",\"publisher\":{\"@id\":\"https:\/\/www.elementvape.de\/#organization\"},\"potentialAction\":[{\"@type\":\"SearchAction\",\"target\":{\"@type\":\"EntryPoint\",\"urlTemplate\":\"https:\/\/www.elementvape.de\/?s={search_term_string}\"},\"query-input\":\"required name=search_term_string\"}],\"inLanguage\":\"da-DK\"},{\"@type\":\"Organization\",\"@id\":\"https:\/\/www.elementvape.de\/#organization\",\"name\":\"ElementVape.DE\",\"url\":\"https:\/\/www.elementvape.de\/\",\"logo\":{\"@type\":\"ImageObject\",\"inLanguage\":\"da-DK\",\"@id\":\"https:\/\/www.elementvape.de\/#\/schema\/logo\/image\/\",\"url\":\"https:\/\/www.elementvape.de\/wp-content\/uploads\/2024\/09\/cropped-1elementvape-3.png\",\"contentUrl\":\"https:\/\/www.elementvape.de\/wp-content\/uploads\/2024\/09\/cropped-1elementvape-3.png\",\"width\":285,\"height\":228,\"caption\":\"ElementVape.DE\"},\"image\":{\"@id\":\"https:\/\/www.elementvape.de\/#\/schema\/logo\/image\/\"}}]}<\/script>\n<!-- \/ Yoast SEO plugin. -->","yoast_head_json":{"title":"Flerbar Hyppe DM 600 Kaufen Einweg Vape | ElementVape.de","description":"Wir bieten Flerbar Hyppe DM 600 Kaufen Einweg Vape , Elementvape.de akzeptieren Gro\u00df-und Einzelhandel Bestellungen.","robots":{"index":"index","follow":"follow","max-snippet":"max-snippet:-1","max-image-preview":"max-image-preview:large","max-video-preview":"max-video-preview:-1"},"canonical":"https:\/\/www.elementvape.de\/da\/produkt\/flerbar-hyppe-dm-600-kaufen-einweg-vape\/","og_locale":"da_DK","og_type":"article","og_title":"Flerbar Hyppe DM 600 Kaufen Einweg Vape | ElementVape.de","og_description":"Wir bieten Flerbar Hyppe DM 600 Kaufen Einweg Vape , Elementvape.de akzeptieren Gro\u00df-und Einzelhandel Bestellungen.","og_url":"https:\/\/www.elementvape.de\/da\/produkt\/flerbar-hyppe-dm-600-kaufen-einweg-vape\/","og_site_name":"ElementVape.de","article_modified_time":"2024-09-12T10:36:37+00:00","og_image":[{"width":1120,"height":1120,"url":"https:\/\/www.elementvape.de\/wp-content\/uploads\/2024\/05\/flerbar-dm600-hyppe-blueberry-cherry-cranberry-20mg.jpg","type":"image\/jpeg"}],"twitter_card":"summary_large_image","twitter_misc":{"Est. reading time":"2 minutter"},"schema":{"@context":"https:\/\/schema.org","@graph":[{"@type":"WebPage","@id":"https:\/\/www.elementvape.de\/produkt\/flerbar-hyppe-dm-600-kaufen-einweg-vape\/","url":"https:\/\/www.elementvape.de\/produkt\/flerbar-hyppe-dm-600-kaufen-einweg-vape\/","name":"Flerbar Hyppe DM 600 Kaufen Einweg Vape | ElementVape.de","isPartOf":{"@id":"https:\/\/www.elementvape.de\/#website"},"primaryImageOfPage":{"@id":"https:\/\/www.elementvape.de\/produkt\/flerbar-hyppe-dm-600-kaufen-einweg-vape\/#primaryimage"},"image":{"@id":"https:\/\/www.elementvape.de\/produkt\/flerbar-hyppe-dm-600-kaufen-einweg-vape\/#primaryimage"},"thumbnailUrl":"https:\/\/www.elementvape.de\/wp-content\/uploads\/2024\/05\/flerbar-dm600-hyppe-blueberry-cherry-cranberry-20mg.jpg","datePublished":"2024-05-31T08:37:45+00:00","dateModified":"2024-09-12T10:36:37+00:00","description":"Wir bieten Flerbar Hyppe DM 600 Kaufen Einweg Vape , Elementvape.de akzeptieren Gro\u00df-und Einzelhandel Bestellungen.","breadcrumb":{"@id":"https:\/\/www.elementvape.de\/produkt\/flerbar-hyppe-dm-600-kaufen-einweg-vape\/#breadcrumb"},"inLanguage":"da-DK","potentialAction":[{"@type":"ReadAction","target":["https:\/\/www.elementvape.de\/produkt\/flerbar-hyppe-dm-600-kaufen-einweg-vape\/"]}]},{"@type":"ImageObject","inLanguage":"da-DK","@id":"https:\/\/www.elementvape.de\/produkt\/flerbar-hyppe-dm-600-kaufen-einweg-vape\/#primaryimage","url":"https:\/\/www.elementvape.de\/wp-content\/uploads\/2024\/05\/flerbar-dm600-hyppe-blueberry-cherry-cranberry-20mg.jpg","contentUrl":"https:\/\/www.elementvape.de\/wp-content\/uploads\/2024\/05\/flerbar-dm600-hyppe-blueberry-cherry-cranberry-20mg.jpg","width":1120,"height":1120,"caption":"flerbar-dm600-hyppe-blueberry-cherry-cranberry-20mg"},{"@type":"BreadcrumbList","@id":"https:\/\/www.elementvape.de\/produkt\/flerbar-hyppe-dm-600-kaufen-einweg-vape\/#breadcrumb","itemListElement":[{"@type":"ListItem","position":1,"name":"Home","item":"https:\/\/www.elementvape.de\/"},{"@type":"ListItem","position":2,"name":"Shop","item":"https:\/\/www.elementvape.de\/shop\/"},{"@type":"ListItem","position":3,"name":"Flerbar Hyppe DM 600 Kaufen Einweg Vape"}]},{"@type":"WebSite","@id":"https:\/\/www.elementvape.de\/#website","url":"https:\/\/www.elementvape.de\/","name":"ElementVape.de","description":"","publisher":{"@id":"https:\/\/www.elementvape.de\/#organization"},"potentialAction":[{"@type":"SearchAction","target":{"@type":"EntryPoint","urlTemplate":"https:\/\/www.elementvape.de\/?s={search_term_string}"},"query-input":"required name=search_term_string"}],"inLanguage":"da-DK"},{"@type":"Organization","@id":"https:\/\/www.elementvape.de\/#organization","name":"ElementVape.DE","url":"https:\/\/www.elementvape.de\/","logo":{"@type":"ImageObject","inLanguage":"da-DK","@id":"https:\/\/www.elementvape.de\/#\/schema\/logo\/image\/","url":"https:\/\/www.elementvape.de\/wp-content\/uploads\/2024\/09\/cropped-1elementvape-3.png","contentUrl":"https:\/\/www.elementvape.de\/wp-content\/uploads\/2024\/09\/cropped-1elementvape-3.png","width":285,"height":228,"caption":"ElementVape.DE"},"image":{"@id":"https:\/\/www.elementvape.de\/#\/schema\/logo\/image\/"}}]}},"_links":{"self":[{"href":"https:\/\/www.elementvape.de\/da\/wp-json\/wp\/v2\/product\/11317"}],"collection":[{"href":"https:\/\/www.elementvape.de\/da\/wp-json\/wp\/v2\/product"}],"about":[{"href":"https:\/\/www.elementvape.de\/da\/wp-json\/wp\/v2\/types\/product"}],"wp:featuredmedia":[{"embeddable":true,"href":"https:\/\/www.elementvape.de\/da\/wp-json\/wp\/v2\/media\/11318"}],"wp:attachment":[{"href":"https:\/\/www.elementvape.de\/da\/wp-json\/wp\/v2\/media?parent=11317"}],"wp:term":[{"taxonomy":"product_cat","embeddable":true,"href":"https:\/\/www.elementvape.de\/da\/wp-json\/wp\/v2\/product_cat?post=11317"},{"taxonomy":"product_tag","embeddable":true,"href":"https:\/\/www.elementvape.de\/da\/wp-json\/wp\/v2\/product_tag?post=11317"}],"curies":[{"name":"wp","href":"https:\/\/api.w.org\/{rel}","templated":true}]}}