{"id":10784,"date":"2024-05-27T06:40:33","date_gmt":"2024-05-27T06:40:33","guid":{"rendered":"https:\/\/www.elementvape.de\/?post_type=product&#038;p=10784"},"modified":"2024-09-12T10:31:38","modified_gmt":"2024-09-12T10:31:38","slug":"elf-bar-nc600-einweg-vape-600-zuege-400mah","status":"publish","type":"product","link":"https:\/\/www.elementvape.de\/da\/produkt\/elf-bar-nc600-einweg-vape-600-zuege-400mah\/","title":{"rendered":"Elf Bar NC600 engangs-Vape 600 puffs 400mAh"},"content":{"rendered":"<p><strong><span>Smagsvarianter<\/span><\/strong><br \/>\n<span>Yoghurt: Jordb\u00e6rjoghurt, Hindb\u00e6rjoghurt, Citrusjoghurt, Vaniljejogurt, Bl\u00e5b\u00e6rjogurt<\/span><br \/>\n<span>Energi: Kiwi-energi, Hindb\u00e6r-energi, Drue-energi, Vandmelon-energi, Jordb\u00e6r-energi<\/span><br \/>\n<span>Frugt: Jordb\u00e6r, Hindb\u00e6r, Solb\u00e6r, B\u00e6rblanding, Hindb\u00e6r<\/span><\/p>\n<p><strong><span>Egenskaber<\/span><\/strong><br \/>\n<span>Lyst og let design<\/span><br \/>\n<span>Kompatibel til at b\u00e6re og nem at bruge<\/span><br \/>\n<span>Inhalation aktiveret<\/span><br \/>\n<span>Begyndervenlig<\/span><\/p>\n<p><strong><span>Specifikationer<\/span><\/strong><br \/>\n<span>St\u00f8rrelse: 22 x 10,5 x 101 mm<\/span><br \/>\n<span>E-Liquid kapacitet: 2 ml<\/span><br \/>\n<span>Nikotinstyrke: 20 mg\/ml<\/span><br \/>\n<span>Batterikapacitet: 400 mAh<\/span><br \/>\n<span>Tr\u00e6k: 600 Tr\u00e6k<\/span><\/p>\n<p><strong><span>Pakkeindhold<\/span><\/strong><br \/>\n<span>1 x Elf Bar NC600 Engangs-Vape<\/span><\/p>","protected":false},"excerpt":{"rendered":"<p>Geschmacksrichtungen Joghurt: Erdbeerjoghurt, Himbeerjoghurt, Zitrusjoghurt, Vanillejoghurt, Blaubeerjoghurt Energie: Kiwi-Energie, Himbeer-Energie, Trauben-Energie, Wassermelonen-Energie, Erdbeer-Energie Fr\u00fcchte: Erdbeere, Himbeere, Schwarze Johannisbeere, Beerenmischung, Himbeere Eigenschaften Helles und leichtes Design Kompakt zu tragen und einfach zu verwenden Inhalieren aktiviert Anf\u00e4ngerfreundlich Spezifikationen Gr\u00f6\u00dfe: 22 x 10,5 x 101 mm E-Liquid-Kapazit\u00e4t: 2 ml Nikotinst\u00e4rke: 20 mg\/ml Batteriekapazit\u00e4t: 400 mAh Z\u00fcge: 600 Z\u00fcge [&hellip;]<\/p>","protected":false},"featured_media":10785,"template":"","meta":{"inline_featured_image":false},"product_cat":[78,750,737,736,749],"product_tag":[679],"tiered_pricing_type":"fixed","tiered_pricing_fixed_rules":[],"tiered_pricing_percentage_rules":[],"tiered_pricing_minimum":1,"_administrator_tiered_pricing_type":"fixed","_administrator_tiered_pricing_fixed_rules":[],"_editor_tiered_pricing_type":"fixed","_editor_tiered_pricing_fixed_rules":[],"_author_tiered_pricing_type":"fixed","_author_tiered_pricing_fixed_rules":[],"_contributor_tiered_pricing_type":"fixed","_contributor_tiered_pricing_fixed_rules":[],"_subscriber_tiered_pricing_type":"fixed","_subscriber_tiered_pricing_fixed_rules":[],"_customer_tiered_pricing_type":"fixed","_customer_tiered_pricing_fixed_rules":[],"_shop_manager_tiered_pricing_type":"fixed","_shop_manager_tiered_pricing_fixed_rules":[],"_wpseo_manager_tiered_pricing_type":"fixed","_wpseo_manager_tiered_pricing_fixed_rules":[],"_wpseo_editor_tiered_pricing_type":"fixed","_wpseo_editor_tiered_pricing_fixed_rules":[],"_wholesale_customer_tiered_pricing_type":"fixed","_wholesale_customer_tiered_pricing_fixed_rules":[],"_marketer_tiered_pricing_type":"fixed","_marketer_tiered_pricing_fixed_rules":[],"_sales_manager_tiered_pricing_type":"fixed","_sales_manager_tiered_pricing_fixed_rules":[],"_sales_rep_tiered_pricing_type":"fixed","_sales_rep_tiered_pricing_fixed_rules":[],"yoast_head":"<!-- This site is optimized with the Yoast SEO plugin v23.3 - https:\/\/yoast.com\/wordpress\/plugins\/seo\/ -->\n<title>Elf Bar NC600 Einweg-Vape 600 Z\u00fcge 400mAh | ElementVape.de<\/title>\n<meta name=\"description\" content=\"Wir bieten Elf Bar NC600 Einweg-Vape 600 Z\u00fcge 400mAh , Elementvape.de akzeptieren Gro\u00df-und Einzelhandel Bestellungen.\" \/>\n<meta name=\"robots\" content=\"index, follow, max-snippet:-1, max-image-preview:large, max-video-preview:-1\" \/>\n<link rel=\"canonical\" href=\"https:\/\/www.elementvape.de\/da\/produkt\/elf-bar-nc600-einweg-vape-600-zuege-400mah\/\" \/>\n<meta property=\"og:locale\" content=\"da_DK\" \/>\n<meta property=\"og:type\" content=\"article\" \/>\n<meta property=\"og:title\" content=\"Elf Bar NC600 Einweg-Vape 600 Z\u00fcge 400mAh | ElementVape.de\" \/>\n<meta property=\"og:description\" content=\"Wir bieten Elf Bar NC600 Einweg-Vape 600 Z\u00fcge 400mAh , Elementvape.de akzeptieren Gro\u00df-und Einzelhandel Bestellungen.\" \/>\n<meta property=\"og:url\" content=\"https:\/\/www.elementvape.de\/da\/produkt\/elf-bar-nc600-einweg-vape-600-zuege-400mah\/\" \/>\n<meta property=\"og:site_name\" content=\"ElementVape.de\" \/>\n<meta property=\"article:modified_time\" content=\"2024-09-12T10:31:38+00:00\" \/>\n<meta property=\"og:image\" content=\"https:\/\/www.elementvape.de\/wp-content\/uploads\/2024\/05\/Elf-Bar-NC600-Disposable-Vape-600-Puffs.webp\" \/>\n\t<meta property=\"og:image:width\" content=\"600\" \/>\n\t<meta property=\"og:image:height\" content=\"600\" \/>\n\t<meta property=\"og:image:type\" content=\"image\/webp\" \/>\n<meta name=\"twitter:card\" content=\"summary_large_image\" \/>\n<meta name=\"twitter:label1\" content=\"Est. reading time\" \/>\n\t<meta name=\"twitter:data1\" content=\"1 minut\" \/>\n<script type=\"application\/ld+json\" class=\"yoast-schema-graph\">{\"@context\":\"https:\/\/schema.org\",\"@graph\":[{\"@type\":\"WebPage\",\"@id\":\"https:\/\/www.elementvape.de\/produkt\/elf-bar-nc600-einweg-vape-600-zuege-400mah\/\",\"url\":\"https:\/\/www.elementvape.de\/produkt\/elf-bar-nc600-einweg-vape-600-zuege-400mah\/\",\"name\":\"Elf Bar NC600 Einweg-Vape 600 Z\u00fcge 400mAh | ElementVape.de\",\"isPartOf\":{\"@id\":\"https:\/\/www.elementvape.de\/#website\"},\"primaryImageOfPage\":{\"@id\":\"https:\/\/www.elementvape.de\/produkt\/elf-bar-nc600-einweg-vape-600-zuege-400mah\/#primaryimage\"},\"image\":{\"@id\":\"https:\/\/www.elementvape.de\/produkt\/elf-bar-nc600-einweg-vape-600-zuege-400mah\/#primaryimage\"},\"thumbnailUrl\":\"https:\/\/www.elementvape.de\/wp-content\/uploads\/2024\/05\/Elf-Bar-NC600-Disposable-Vape-600-Puffs.webp\",\"datePublished\":\"2024-05-27T06:40:33+00:00\",\"dateModified\":\"2024-09-12T10:31:38+00:00\",\"description\":\"Wir bieten Elf Bar NC600 Einweg-Vape 600 Z\u00fcge 400mAh , Elementvape.de akzeptieren Gro\u00df-und Einzelhandel Bestellungen.\",\"breadcrumb\":{\"@id\":\"https:\/\/www.elementvape.de\/produkt\/elf-bar-nc600-einweg-vape-600-zuege-400mah\/#breadcrumb\"},\"inLanguage\":\"da-DK\",\"potentialAction\":[{\"@type\":\"ReadAction\",\"target\":[\"https:\/\/www.elementvape.de\/produkt\/elf-bar-nc600-einweg-vape-600-zuege-400mah\/\"]}]},{\"@type\":\"ImageObject\",\"inLanguage\":\"da-DK\",\"@id\":\"https:\/\/www.elementvape.de\/produkt\/elf-bar-nc600-einweg-vape-600-zuege-400mah\/#primaryimage\",\"url\":\"https:\/\/www.elementvape.de\/wp-content\/uploads\/2024\/05\/Elf-Bar-NC600-Disposable-Vape-600-Puffs.webp\",\"contentUrl\":\"https:\/\/www.elementvape.de\/wp-content\/uploads\/2024\/05\/Elf-Bar-NC600-Disposable-Vape-600-Puffs.webp\",\"width\":600,\"height\":600,\"caption\":\"Elf-Bar-NC600-Disposable-Vape-600-Puffs\"},{\"@type\":\"BreadcrumbList\",\"@id\":\"https:\/\/www.elementvape.de\/produkt\/elf-bar-nc600-einweg-vape-600-zuege-400mah\/#breadcrumb\",\"itemListElement\":[{\"@type\":\"ListItem\",\"position\":1,\"name\":\"Home\",\"item\":\"https:\/\/www.elementvape.de\/\"},{\"@type\":\"ListItem\",\"position\":2,\"name\":\"Shop\",\"item\":\"https:\/\/www.elementvape.de\/shop\/\"},{\"@type\":\"ListItem\",\"position\":3,\"name\":\"Elf Bar NC600 Einweg-Vape 600 Z\u00fcge 400mAh\"}]},{\"@type\":\"WebSite\",\"@id\":\"https:\/\/www.elementvape.de\/#website\",\"url\":\"https:\/\/www.elementvape.de\/\",\"name\":\"ElementVape.de\",\"description\":\"\",\"publisher\":{\"@id\":\"https:\/\/www.elementvape.de\/#organization\"},\"potentialAction\":[{\"@type\":\"SearchAction\",\"target\":{\"@type\":\"EntryPoint\",\"urlTemplate\":\"https:\/\/www.elementvape.de\/?s={search_term_string}\"},\"query-input\":\"required name=search_term_string\"}],\"inLanguage\":\"da-DK\"},{\"@type\":\"Organization\",\"@id\":\"https:\/\/www.elementvape.de\/#organization\",\"name\":\"ElementVape.DE\",\"url\":\"https:\/\/www.elementvape.de\/\",\"logo\":{\"@type\":\"ImageObject\",\"inLanguage\":\"da-DK\",\"@id\":\"https:\/\/www.elementvape.de\/#\/schema\/logo\/image\/\",\"url\":\"https:\/\/www.elementvape.de\/wp-content\/uploads\/2024\/09\/cropped-1elementvape-3.png\",\"contentUrl\":\"https:\/\/www.elementvape.de\/wp-content\/uploads\/2024\/09\/cropped-1elementvape-3.png\",\"width\":285,\"height\":228,\"caption\":\"ElementVape.DE\"},\"image\":{\"@id\":\"https:\/\/www.elementvape.de\/#\/schema\/logo\/image\/\"}}]}<\/script>\n<!-- \/ Yoast SEO plugin. -->","yoast_head_json":{"title":"Elf Bar NC600 Einweg-Vape 600 Z\u00fcge 400mAh | ElementVape.de","description":"Wir bieten Elf Bar NC600 Einweg-Vape 600 Z\u00fcge 400mAh , Elementvape.de akzeptieren Gro\u00df-und Einzelhandel Bestellungen.","robots":{"index":"index","follow":"follow","max-snippet":"max-snippet:-1","max-image-preview":"max-image-preview:large","max-video-preview":"max-video-preview:-1"},"canonical":"https:\/\/www.elementvape.de\/da\/produkt\/elf-bar-nc600-einweg-vape-600-zuege-400mah\/","og_locale":"da_DK","og_type":"article","og_title":"Elf Bar NC600 Einweg-Vape 600 Z\u00fcge 400mAh | ElementVape.de","og_description":"Wir bieten Elf Bar NC600 Einweg-Vape 600 Z\u00fcge 400mAh , Elementvape.de akzeptieren Gro\u00df-und Einzelhandel Bestellungen.","og_url":"https:\/\/www.elementvape.de\/da\/produkt\/elf-bar-nc600-einweg-vape-600-zuege-400mah\/","og_site_name":"ElementVape.de","article_modified_time":"2024-09-12T10:31:38+00:00","og_image":[{"width":600,"height":600,"url":"https:\/\/www.elementvape.de\/wp-content\/uploads\/2024\/05\/Elf-Bar-NC600-Disposable-Vape-600-Puffs.webp","type":"image\/webp"}],"twitter_card":"summary_large_image","twitter_misc":{"Est. reading time":"1 minut"},"schema":{"@context":"https:\/\/schema.org","@graph":[{"@type":"WebPage","@id":"https:\/\/www.elementvape.de\/produkt\/elf-bar-nc600-einweg-vape-600-zuege-400mah\/","url":"https:\/\/www.elementvape.de\/produkt\/elf-bar-nc600-einweg-vape-600-zuege-400mah\/","name":"Elf Bar NC600 Einweg-Vape 600 Z\u00fcge 400mAh | ElementVape.de","isPartOf":{"@id":"https:\/\/www.elementvape.de\/#website"},"primaryImageOfPage":{"@id":"https:\/\/www.elementvape.de\/produkt\/elf-bar-nc600-einweg-vape-600-zuege-400mah\/#primaryimage"},"image":{"@id":"https:\/\/www.elementvape.de\/produkt\/elf-bar-nc600-einweg-vape-600-zuege-400mah\/#primaryimage"},"thumbnailUrl":"https:\/\/www.elementvape.de\/wp-content\/uploads\/2024\/05\/Elf-Bar-NC600-Disposable-Vape-600-Puffs.webp","datePublished":"2024-05-27T06:40:33+00:00","dateModified":"2024-09-12T10:31:38+00:00","description":"Wir bieten Elf Bar NC600 Einweg-Vape 600 Z\u00fcge 400mAh , Elementvape.de akzeptieren Gro\u00df-und Einzelhandel Bestellungen.","breadcrumb":{"@id":"https:\/\/www.elementvape.de\/produkt\/elf-bar-nc600-einweg-vape-600-zuege-400mah\/#breadcrumb"},"inLanguage":"da-DK","potentialAction":[{"@type":"ReadAction","target":["https:\/\/www.elementvape.de\/produkt\/elf-bar-nc600-einweg-vape-600-zuege-400mah\/"]}]},{"@type":"ImageObject","inLanguage":"da-DK","@id":"https:\/\/www.elementvape.de\/produkt\/elf-bar-nc600-einweg-vape-600-zuege-400mah\/#primaryimage","url":"https:\/\/www.elementvape.de\/wp-content\/uploads\/2024\/05\/Elf-Bar-NC600-Disposable-Vape-600-Puffs.webp","contentUrl":"https:\/\/www.elementvape.de\/wp-content\/uploads\/2024\/05\/Elf-Bar-NC600-Disposable-Vape-600-Puffs.webp","width":600,"height":600,"caption":"Elf-Bar-NC600-Disposable-Vape-600-Puffs"},{"@type":"BreadcrumbList","@id":"https:\/\/www.elementvape.de\/produkt\/elf-bar-nc600-einweg-vape-600-zuege-400mah\/#breadcrumb","itemListElement":[{"@type":"ListItem","position":1,"name":"Home","item":"https:\/\/www.elementvape.de\/"},{"@type":"ListItem","position":2,"name":"Shop","item":"https:\/\/www.elementvape.de\/shop\/"},{"@type":"ListItem","position":3,"name":"Elf Bar NC600 Einweg-Vape 600 Z\u00fcge 400mAh"}]},{"@type":"WebSite","@id":"https:\/\/www.elementvape.de\/#website","url":"https:\/\/www.elementvape.de\/","name":"ElementVape.de","description":"","publisher":{"@id":"https:\/\/www.elementvape.de\/#organization"},"potentialAction":[{"@type":"SearchAction","target":{"@type":"EntryPoint","urlTemplate":"https:\/\/www.elementvape.de\/?s={search_term_string}"},"query-input":"required name=search_term_string"}],"inLanguage":"da-DK"},{"@type":"Organization","@id":"https:\/\/www.elementvape.de\/#organization","name":"ElementVape.DE","url":"https:\/\/www.elementvape.de\/","logo":{"@type":"ImageObject","inLanguage":"da-DK","@id":"https:\/\/www.elementvape.de\/#\/schema\/logo\/image\/","url":"https:\/\/www.elementvape.de\/wp-content\/uploads\/2024\/09\/cropped-1elementvape-3.png","contentUrl":"https:\/\/www.elementvape.de\/wp-content\/uploads\/2024\/09\/cropped-1elementvape-3.png","width":285,"height":228,"caption":"ElementVape.DE"},"image":{"@id":"https:\/\/www.elementvape.de\/#\/schema\/logo\/image\/"}}]}},"_links":{"self":[{"href":"https:\/\/www.elementvape.de\/da\/wp-json\/wp\/v2\/product\/10784"}],"collection":[{"href":"https:\/\/www.elementvape.de\/da\/wp-json\/wp\/v2\/product"}],"about":[{"href":"https:\/\/www.elementvape.de\/da\/wp-json\/wp\/v2\/types\/product"}],"wp:featuredmedia":[{"embeddable":true,"href":"https:\/\/www.elementvape.de\/da\/wp-json\/wp\/v2\/media\/10785"}],"wp:attachment":[{"href":"https:\/\/www.elementvape.de\/da\/wp-json\/wp\/v2\/media?parent=10784"}],"wp:term":[{"taxonomy":"product_cat","embeddable":true,"href":"https:\/\/www.elementvape.de\/da\/wp-json\/wp\/v2\/product_cat?post=10784"},{"taxonomy":"product_tag","embeddable":true,"href":"https:\/\/www.elementvape.de\/da\/wp-json\/wp\/v2\/product_tag?post=10784"}],"curies":[{"name":"wp","href":"https:\/\/api.w.org\/{rel}","templated":true}]}}