{"id":10632,"date":"2024-05-25T08:44:43","date_gmt":"2024-05-25T08:44:43","guid":{"rendered":"https:\/\/www.elementvape.de\/?post_type=product&#038;p=10632"},"modified":"2024-09-12T10:31:42","modified_gmt":"2024-09-12T10:31:42","slug":"elf-bar-bc5000-einweg-vape-650mah-5000-zuege","status":"publish","type":"product","link":"https:\/\/www.elementvape.de\/da\/produkt\/elf-bar-bc5000-einweg-vape-650mah-5000-zuege\/","title":{"rendered":"ELF BAR BC5000 Enkeltbrugs Vape 650mAh 5000 sug"},"content":{"rendered":"<h2>Introduktion\uff1a<\/h2>\n<p>P\u00e5 trods af sin ekstremt kompakte st\u00f8rrelse til nem transport har Elf Bar BC5000 en fantastisk kapacitet p\u00e5 13 ml E-v\u00e6ske, hvilket er mere end fire gange st\u00f8rre end kapaciteten af almindelig engangs E-v\u00e6ske. Den har ogs\u00e5 et imponerende 650-mAh batteri, der holder op til 5000 gange pr. fuld opladning.<\/p>\n<p>BC5000 tilbyder med sit avancerede dobbeltspole-varmesystem og den t\u00e6tte MTL-ind\u00e5nding, der n\u00f8jagtigt efterligner rygeoplevelsen, en utrolig j\u00e6vn smagsoplevelse. Med over 45 l\u00e6kre aromaer i nikotinkoncentrationer p\u00e5 5 %, 3 % og 0 % opfylder den virkelig alle E-cigaretpr\u00e6ferencer, fra frugt over desserter, menthol, slik og mere.<\/p>\n<h3>Fremh\u00e6vede funktioner\uff1a<\/h3>\n<p>St\u00f8rrelse: 79 mm x 41 mm x 19 mm<br \/>\nE-v\u00e6skekapacitet: 13 ml<br \/>\nNikotinstyrke: 50 mg (5 %)<br \/>\nBatterikapacitet: 650 mAh<br \/>\nDrej: 5000 drej<\/p>\n<p>Jordb\u00e6r-Pina-Colada \u2013 luksuri\u00f8s tropisk cocktail<br \/>\nDenne smoothie-lignende smag er en perfekt balance mellem den s\u00f8de, modne jordb\u00e6rsmag ved ind\u00e5nding og den silkeagtige ananas- og kokosn\u00f8ds smag ved ud\u00e5nding. Den s\u00f8de jordb\u00e6rkomponent tager f\u00f8ringen, mens de tropiske ananas- og kokosfrugter danner en l\u00e6kker cremet baggrund. Dette giver en fork\u00e6lelsesrig, frugtig cocktail-oplevelse. Jordb\u00e6rsmagen er frisk og saftig, mens kokosn\u00f8ds smagen giver en luksuri\u00f8s f\u00f8lelse.<\/p>\n<p>Elf Bar BC5000 Jordb\u00e6r-Pina-Colada<br \/>\nFersken-Mango \u2013 s\u00f8d tropisk smag<br \/>\nDenne juiceblanding er rig p\u00e5 saftige ferskner og levende, modne mangoer og er perfekt indlejret i friske, autentiske tropiske aromaer. Fersken og mango blander sig harmonisk for den ultimative frugtige nydelse. Den moderate k\u00f8ling forst\u00e6rker og ensarter de frugtige aromaer uden at overv\u00e6lde dem. Samlet set er dette en utroligt saftig, s\u00f8d og forfriskende all-day vape. Mango og fersken er perfekt afbalanceret for at skabe en ideel frugtig harmoni.<\/p>\n<p>Elf Bar BC5000 Fersken Mango<br \/>\nVandmelon Cantaloupe Honeydew \u2013 forfriskende melonkompot<br \/>\nDenne melonkompot minder perfekt om en forfriskende juiceblanding fuld af lagdelte melon-aromaer. S\u00f8d, bitter og let syrlig honningmelon-, cantaloupe- og vandmelon-aromaer blander sig til en interessant melon-smagsprofil. Minimal k\u00f8ling lader nuancerne af hver melon komme fuldt til udtryk. En interessant og dybt tilfredsstillende frugtfusion. Essensen af frisk melon fanges med hver slurk.<\/p>\n<p>Elf Bar BC5000 Vandmelon Cantaloupe Honeydew<br \/>\nAnanas-Kokos Is \u2013 Tropisk \u00f8-ferie<br \/>\nDen s\u00f8de ananas og den syrlige kokosn\u00f8d blander sig perfekt for at give dig en \u00f8jeblikkelig tropisk ferieoplevelse ved rygning. Den intense k\u00f8ling skaber den perfekte kontrast til frugten og sikrer en afbalanceret finish. Denne smag er forfriskende og vanedannende. En \u00e6gte tropisk cocktail i dampform. Kokosn\u00f8dden supplerer ananas-smagen perfekt.<\/p>\n<p>Elf Bar BC5000 Ananas-Kokos-Is<br \/>\nJordb\u00e6rcreme \u2013 elegant b\u00e6r-dessert<br \/>\nDenne e-cigaret med klassisk smag blander perfekt s\u00f8de, modne og saftige jordb\u00e6r med rig og bl\u00f8d fl\u00f8de for at give dig en blidere, mere naturlig jordb\u00e6r- og fl\u00f8deoplevelse. Jordb\u00e6rsmagen er rig, og fl\u00f8den er bl\u00f8d. Ved ud\u00e5nding kan man m\u00e6rke et strejf af k\u00f8lighed, der forst\u00e6rker jordb\u00e6raromaen. Dette er en behagelig og autentisk e-cigaret med b\u00e6r-dessert. Begge smagsvarianter er yderst naturlige og afbalancerede.<\/p>\n<p>Elf Bar BC5000 Jordb\u00e6rcreme<br \/>\nYderligere s\u00e6rlige smagsvarianter<br \/>\nSelvom de ovenn\u00e6vnte er mine personlige fem yndlingssmagsvarianter, viste disse ekstra smagsvarianter fra Elf Bar BC5000 sig ogs\u00e5 at v\u00e6re meget behagelige og bem\u00e6rkelsesv\u00e6rdige:<\/p>\n<p>Kiwi-Passionfrugt-Guanabru \u2013 En behagelig trio af sure tropiske frugter, med kiwi ved ind\u00e5nding og guava ved ud\u00e5nding. En meget unik smag.<\/p>\n<p>Ferskeis \u2013 S\u00f8d, saftig fersken kombineret med k\u00f8lig menthol for en forfriskende smag. Mentholen g\u00f8r den saftige ferskensmag endnu mere intens.<\/p>\n<p>Vandmeloneis \u2013 Den s\u00f8de smag af en sommervandmelon med et strejf af k\u00f8lighed. Den ikoniske kombination er perfekt.<\/p>\n<p>Melon-Ananas-Appelsin \u2013 En lys frugtblanding med melon som hovedtr\u00e6k. Melonen bringer s\u00f8dme, mens ananas og appelsin er pynt.<\/p>\n<p>Strawzz \u2013 En spr\u00f8d, bols-agtig jordb\u00e6r-sodadrik. Hvis du kan lide den s\u00f8de jordb\u00e6rsmag, vil denne drik g\u00f8re dig glad.<\/p>\n<p>Endeligt bed\u00f8mmelse<\/p>\n<h3>Fordele:<\/h3>\n<p>Ekstra stor E-liquid kapacitet for l\u00e6ngere levetid p\u00e5 e-cigaret<br \/>\nGenopladeligt batteri holder p\u00e5lideligt 5.000 anvendelser<br \/>\nAvanceret opvarmningsteknologi for rig og ensartet smagskoncentration<br \/>\nTrek aktivere uden komplikationer<br \/>\n45+ smagsvarianter med forskellige nikotinstyrker for uendelige variationer<br \/>\nT\u00e6t, pr\u00e6cis, cigaretlignende drag<\/p>\n<h3>Ulemper:<\/h3>\n<p>1 times opladningstid er l\u00e6ngere end ideelt<\/p>\n<p>Konklusion: Med sin enorme E-liquid kapacitet, tilfredsstillende ydeevne og rige smagsvarianter fortjener Elf Bar BC5000 min ubetingede anbefaling som det nuv\u00e6rende h\u00f8jdepunkt inden for engangs E-cigaretter. Den tilbyder uden besv\u00e6r den mest holdbare og smagfulde engangs E-cigaretoplevelse, jeg nogensinde har haft.<\/p>\n<p>Selvom personlige smagspr\u00e6ferencer varierer, er min erfaring, at smagen af BC5000 med en blanding af tropiske frugter er s\u00e6rlig l\u00e6kker. For dampere, der \u00f8nsker enkelhed<\/p>","protected":false},"excerpt":{"rendered":"<p>Einf\u00fchrung\uff1a Trotz seiner extrem kompakten Gr\u00f6\u00dfe f\u00fcr einfachen Transport hat der Elf Bar BC5000 eine erstaunliche Kapazit\u00e4t von 13 ml E-Liquid, was mehr als viermal mehr ist als die Kapazit\u00e4t von gew\u00f6hnlichem Einweg-E-Liquid. Er hat au\u00dferdem einen beeindruckenden 650-mAh-Akku, der bis zu 5000 Mal pro voller Ladung h\u00e4lt. Der BC5000 bietet mit seinem fortschrittlichen Doppelspulen-Heizsystem [&hellip;]<\/p>","protected":false},"featured_media":10654,"template":"","meta":{"inline_featured_image":false},"product_cat":[78,750,737,736,749],"product_tag":[678],"tiered_pricing_type":"fixed","tiered_pricing_fixed_rules":[],"tiered_pricing_percentage_rules":[],"tiered_pricing_minimum":1,"_administrator_tiered_pricing_type":"fixed","_administrator_tiered_pricing_fixed_rules":[],"_editor_tiered_pricing_type":"fixed","_editor_tiered_pricing_fixed_rules":[],"_author_tiered_pricing_type":"fixed","_author_tiered_pricing_fixed_rules":[],"_contributor_tiered_pricing_type":"fixed","_contributor_tiered_pricing_fixed_rules":[],"_subscriber_tiered_pricing_type":"fixed","_subscriber_tiered_pricing_fixed_rules":[],"_customer_tiered_pricing_type":"fixed","_customer_tiered_pricing_fixed_rules":[],"_shop_manager_tiered_pricing_type":"fixed","_shop_manager_tiered_pricing_fixed_rules":[],"_wpseo_manager_tiered_pricing_type":"fixed","_wpseo_manager_tiered_pricing_fixed_rules":[],"_wpseo_editor_tiered_pricing_type":"fixed","_wpseo_editor_tiered_pricing_fixed_rules":[],"_wholesale_customer_tiered_pricing_type":"fixed","_wholesale_customer_tiered_pricing_fixed_rules":[],"_marketer_tiered_pricing_type":"fixed","_marketer_tiered_pricing_fixed_rules":[],"_sales_manager_tiered_pricing_type":"fixed","_sales_manager_tiered_pricing_fixed_rules":[],"_sales_rep_tiered_pricing_type":"fixed","_sales_rep_tiered_pricing_fixed_rules":[],"yoast_head":"<!-- This site is optimized with the Yoast SEO plugin v23.3 - https:\/\/yoast.com\/wordpress\/plugins\/seo\/ -->\n<title>ELF BAR BC5000 Einweg Vape 650mAh 5000 Z\u00fcge | ElementVape.de<\/title>\n<meta name=\"description\" content=\"Wir bieten ELF BAR BC5000 Einweg Vape 650mAh 5000 Z\u00fcge , Elementvape.de akzeptieren Gro\u00df-und Einzelhandel Bestellungen.\" \/>\n<meta name=\"robots\" content=\"index, follow, max-snippet:-1, max-image-preview:large, max-video-preview:-1\" \/>\n<link rel=\"canonical\" href=\"https:\/\/www.elementvape.de\/da\/produkt\/elf-bar-bc5000-einweg-vape-650mah-5000-zuege\/\" \/>\n<meta property=\"og:locale\" content=\"da_DK\" \/>\n<meta property=\"og:type\" content=\"article\" \/>\n<meta property=\"og:title\" content=\"ELF BAR BC5000 Einweg Vape 650mAh 5000 Z\u00fcge | ElementVape.de\" \/>\n<meta property=\"og:description\" content=\"Wir bieten ELF BAR BC5000 Einweg Vape 650mAh 5000 Z\u00fcge , Elementvape.de akzeptieren Gro\u00df-und Einzelhandel Bestellungen.\" \/>\n<meta property=\"og:url\" content=\"https:\/\/www.elementvape.de\/da\/produkt\/elf-bar-bc5000-einweg-vape-650mah-5000-zuege\/\" \/>\n<meta property=\"og:site_name\" content=\"ElementVape.de\" \/>\n<meta property=\"article:modified_time\" content=\"2024-09-12T10:31:42+00:00\" \/>\n<meta property=\"og:image\" content=\"https:\/\/www.elementvape.de\/wp-content\/uploads\/2024\/05\/ELF-BAR-BC5000-Disposable-Vape-650mAh-5000-Puffs-863583.webp\" \/>\n\t<meta property=\"og:image:width\" content=\"600\" \/>\n\t<meta property=\"og:image:height\" content=\"600\" \/>\n\t<meta property=\"og:image:type\" content=\"image\/webp\" \/>\n<meta name=\"twitter:card\" content=\"summary_large_image\" \/>\n<meta name=\"twitter:label1\" content=\"Est. reading time\" \/>\n\t<meta name=\"twitter:data1\" content=\"5 minutter\" \/>\n<script type=\"application\/ld+json\" class=\"yoast-schema-graph\">{\"@context\":\"https:\/\/schema.org\",\"@graph\":[{\"@type\":\"WebPage\",\"@id\":\"https:\/\/www.elementvape.de\/produkt\/elf-bar-bc5000-einweg-vape-650mah-5000-zuege\/\",\"url\":\"https:\/\/www.elementvape.de\/produkt\/elf-bar-bc5000-einweg-vape-650mah-5000-zuege\/\",\"name\":\"ELF BAR BC5000 Einweg Vape 650mAh 5000 Z\u00fcge | ElementVape.de\",\"isPartOf\":{\"@id\":\"https:\/\/www.elementvape.de\/#website\"},\"primaryImageOfPage\":{\"@id\":\"https:\/\/www.elementvape.de\/produkt\/elf-bar-bc5000-einweg-vape-650mah-5000-zuege\/#primaryimage\"},\"image\":{\"@id\":\"https:\/\/www.elementvape.de\/produkt\/elf-bar-bc5000-einweg-vape-650mah-5000-zuege\/#primaryimage\"},\"thumbnailUrl\":\"https:\/\/www.elementvape.de\/wp-content\/uploads\/2024\/05\/ELF-BAR-BC5000-Disposable-Vape-650mAh-5000-Puffs-863583.webp\",\"datePublished\":\"2024-05-25T08:44:43+00:00\",\"dateModified\":\"2024-09-12T10:31:42+00:00\",\"description\":\"Wir bieten ELF BAR BC5000 Einweg Vape 650mAh 5000 Z\u00fcge , Elementvape.de akzeptieren Gro\u00df-und Einzelhandel Bestellungen.\",\"breadcrumb\":{\"@id\":\"https:\/\/www.elementvape.de\/produkt\/elf-bar-bc5000-einweg-vape-650mah-5000-zuege\/#breadcrumb\"},\"inLanguage\":\"da-DK\",\"potentialAction\":[{\"@type\":\"ReadAction\",\"target\":[\"https:\/\/www.elementvape.de\/produkt\/elf-bar-bc5000-einweg-vape-650mah-5000-zuege\/\"]}]},{\"@type\":\"ImageObject\",\"inLanguage\":\"da-DK\",\"@id\":\"https:\/\/www.elementvape.de\/produkt\/elf-bar-bc5000-einweg-vape-650mah-5000-zuege\/#primaryimage\",\"url\":\"https:\/\/www.elementvape.de\/wp-content\/uploads\/2024\/05\/ELF-BAR-BC5000-Disposable-Vape-650mAh-5000-Puffs-863583.webp\",\"contentUrl\":\"https:\/\/www.elementvape.de\/wp-content\/uploads\/2024\/05\/ELF-BAR-BC5000-Disposable-Vape-650mAh-5000-Puffs-863583.webp\",\"width\":600,\"height\":600,\"caption\":\"ELF-BAR-BC5000-Disposable-Vape-650mAh-5000-Puffs-863583\"},{\"@type\":\"BreadcrumbList\",\"@id\":\"https:\/\/www.elementvape.de\/produkt\/elf-bar-bc5000-einweg-vape-650mah-5000-zuege\/#breadcrumb\",\"itemListElement\":[{\"@type\":\"ListItem\",\"position\":1,\"name\":\"Home\",\"item\":\"https:\/\/www.elementvape.de\/\"},{\"@type\":\"ListItem\",\"position\":2,\"name\":\"Shop\",\"item\":\"https:\/\/www.elementvape.de\/shop\/\"},{\"@type\":\"ListItem\",\"position\":3,\"name\":\"ELF BAR BC5000 Einweg Vape 650mAh 5000 Z\u00fcge\"}]},{\"@type\":\"WebSite\",\"@id\":\"https:\/\/www.elementvape.de\/#website\",\"url\":\"https:\/\/www.elementvape.de\/\",\"name\":\"ElementVape.de\",\"description\":\"\",\"publisher\":{\"@id\":\"https:\/\/www.elementvape.de\/#organization\"},\"potentialAction\":[{\"@type\":\"SearchAction\",\"target\":{\"@type\":\"EntryPoint\",\"urlTemplate\":\"https:\/\/www.elementvape.de\/?s={search_term_string}\"},\"query-input\":\"required name=search_term_string\"}],\"inLanguage\":\"da-DK\"},{\"@type\":\"Organization\",\"@id\":\"https:\/\/www.elementvape.de\/#organization\",\"name\":\"ElementVape.DE\",\"url\":\"https:\/\/www.elementvape.de\/\",\"logo\":{\"@type\":\"ImageObject\",\"inLanguage\":\"da-DK\",\"@id\":\"https:\/\/www.elementvape.de\/#\/schema\/logo\/image\/\",\"url\":\"https:\/\/www.elementvape.de\/wp-content\/uploads\/2024\/09\/cropped-1elementvape-3.png\",\"contentUrl\":\"https:\/\/www.elementvape.de\/wp-content\/uploads\/2024\/09\/cropped-1elementvape-3.png\",\"width\":285,\"height\":228,\"caption\":\"ElementVape.DE\"},\"image\":{\"@id\":\"https:\/\/www.elementvape.de\/#\/schema\/logo\/image\/\"}}]}<\/script>\n<!-- \/ Yoast SEO plugin. -->","yoast_head_json":{"title":"ELF BAR BC5000 Einweg Vape 650mAh 5000 Z\u00fcge | ElementVape.de","description":"Wir bieten ELF BAR BC5000 Einweg Vape 650mAh 5000 Z\u00fcge , Elementvape.de akzeptieren Gro\u00df-und Einzelhandel Bestellungen.","robots":{"index":"index","follow":"follow","max-snippet":"max-snippet:-1","max-image-preview":"max-image-preview:large","max-video-preview":"max-video-preview:-1"},"canonical":"https:\/\/www.elementvape.de\/da\/produkt\/elf-bar-bc5000-einweg-vape-650mah-5000-zuege\/","og_locale":"da_DK","og_type":"article","og_title":"ELF BAR BC5000 Einweg Vape 650mAh 5000 Z\u00fcge | ElementVape.de","og_description":"Wir bieten ELF BAR BC5000 Einweg Vape 650mAh 5000 Z\u00fcge , Elementvape.de akzeptieren Gro\u00df-und Einzelhandel Bestellungen.","og_url":"https:\/\/www.elementvape.de\/da\/produkt\/elf-bar-bc5000-einweg-vape-650mah-5000-zuege\/","og_site_name":"ElementVape.de","article_modified_time":"2024-09-12T10:31:42+00:00","og_image":[{"width":600,"height":600,"url":"https:\/\/www.elementvape.de\/wp-content\/uploads\/2024\/05\/ELF-BAR-BC5000-Disposable-Vape-650mAh-5000-Puffs-863583.webp","type":"image\/webp"}],"twitter_card":"summary_large_image","twitter_misc":{"Est. reading time":"5 minutter"},"schema":{"@context":"https:\/\/schema.org","@graph":[{"@type":"WebPage","@id":"https:\/\/www.elementvape.de\/produkt\/elf-bar-bc5000-einweg-vape-650mah-5000-zuege\/","url":"https:\/\/www.elementvape.de\/produkt\/elf-bar-bc5000-einweg-vape-650mah-5000-zuege\/","name":"ELF BAR BC5000 Einweg Vape 650mAh 5000 Z\u00fcge | ElementVape.de","isPartOf":{"@id":"https:\/\/www.elementvape.de\/#website"},"primaryImageOfPage":{"@id":"https:\/\/www.elementvape.de\/produkt\/elf-bar-bc5000-einweg-vape-650mah-5000-zuege\/#primaryimage"},"image":{"@id":"https:\/\/www.elementvape.de\/produkt\/elf-bar-bc5000-einweg-vape-650mah-5000-zuege\/#primaryimage"},"thumbnailUrl":"https:\/\/www.elementvape.de\/wp-content\/uploads\/2024\/05\/ELF-BAR-BC5000-Disposable-Vape-650mAh-5000-Puffs-863583.webp","datePublished":"2024-05-25T08:44:43+00:00","dateModified":"2024-09-12T10:31:42+00:00","description":"Wir bieten ELF BAR BC5000 Einweg Vape 650mAh 5000 Z\u00fcge , Elementvape.de akzeptieren Gro\u00df-und Einzelhandel Bestellungen.","breadcrumb":{"@id":"https:\/\/www.elementvape.de\/produkt\/elf-bar-bc5000-einweg-vape-650mah-5000-zuege\/#breadcrumb"},"inLanguage":"da-DK","potentialAction":[{"@type":"ReadAction","target":["https:\/\/www.elementvape.de\/produkt\/elf-bar-bc5000-einweg-vape-650mah-5000-zuege\/"]}]},{"@type":"ImageObject","inLanguage":"da-DK","@id":"https:\/\/www.elementvape.de\/produkt\/elf-bar-bc5000-einweg-vape-650mah-5000-zuege\/#primaryimage","url":"https:\/\/www.elementvape.de\/wp-content\/uploads\/2024\/05\/ELF-BAR-BC5000-Disposable-Vape-650mAh-5000-Puffs-863583.webp","contentUrl":"https:\/\/www.elementvape.de\/wp-content\/uploads\/2024\/05\/ELF-BAR-BC5000-Disposable-Vape-650mAh-5000-Puffs-863583.webp","width":600,"height":600,"caption":"ELF-BAR-BC5000-Disposable-Vape-650mAh-5000-Puffs-863583"},{"@type":"BreadcrumbList","@id":"https:\/\/www.elementvape.de\/produkt\/elf-bar-bc5000-einweg-vape-650mah-5000-zuege\/#breadcrumb","itemListElement":[{"@type":"ListItem","position":1,"name":"Home","item":"https:\/\/www.elementvape.de\/"},{"@type":"ListItem","position":2,"name":"Shop","item":"https:\/\/www.elementvape.de\/shop\/"},{"@type":"ListItem","position":3,"name":"ELF BAR BC5000 Einweg Vape 650mAh 5000 Z\u00fcge"}]},{"@type":"WebSite","@id":"https:\/\/www.elementvape.de\/#website","url":"https:\/\/www.elementvape.de\/","name":"ElementVape.de","description":"","publisher":{"@id":"https:\/\/www.elementvape.de\/#organization"},"potentialAction":[{"@type":"SearchAction","target":{"@type":"EntryPoint","urlTemplate":"https:\/\/www.elementvape.de\/?s={search_term_string}"},"query-input":"required name=search_term_string"}],"inLanguage":"da-DK"},{"@type":"Organization","@id":"https:\/\/www.elementvape.de\/#organization","name":"ElementVape.DE","url":"https:\/\/www.elementvape.de\/","logo":{"@type":"ImageObject","inLanguage":"da-DK","@id":"https:\/\/www.elementvape.de\/#\/schema\/logo\/image\/","url":"https:\/\/www.elementvape.de\/wp-content\/uploads\/2024\/09\/cropped-1elementvape-3.png","contentUrl":"https:\/\/www.elementvape.de\/wp-content\/uploads\/2024\/09\/cropped-1elementvape-3.png","width":285,"height":228,"caption":"ElementVape.DE"},"image":{"@id":"https:\/\/www.elementvape.de\/#\/schema\/logo\/image\/"}}]}},"_links":{"self":[{"href":"https:\/\/www.elementvape.de\/da\/wp-json\/wp\/v2\/product\/10632"}],"collection":[{"href":"https:\/\/www.elementvape.de\/da\/wp-json\/wp\/v2\/product"}],"about":[{"href":"https:\/\/www.elementvape.de\/da\/wp-json\/wp\/v2\/types\/product"}],"wp:featuredmedia":[{"embeddable":true,"href":"https:\/\/www.elementvape.de\/da\/wp-json\/wp\/v2\/media\/10654"}],"wp:attachment":[{"href":"https:\/\/www.elementvape.de\/da\/wp-json\/wp\/v2\/media?parent=10632"}],"wp:term":[{"taxonomy":"product_cat","embeddable":true,"href":"https:\/\/www.elementvape.de\/da\/wp-json\/wp\/v2\/product_cat?post=10632"},{"taxonomy":"product_tag","embeddable":true,"href":"https:\/\/www.elementvape.de\/da\/wp-json\/wp\/v2\/product_tag?post=10632"}],"curies":[{"name":"wp","href":"https:\/\/api.w.org\/{rel}","templated":true}]}}