{"id":10541,"date":"2024-05-25T06:47:07","date_gmt":"2024-05-25T06:47:07","guid":{"rendered":"https:\/\/www.elementvape.de\/?post_type=product&#038;p=10541"},"modified":"2024-09-12T10:31:45","modified_gmt":"2024-09-12T10:31:45","slug":"elf-bar-600-einweg-vape-600-zuege","status":"publish","type":"product","link":"https:\/\/www.elementvape.de\/da\/produkt\/elf-bar-600-einweg-vape-600-zuege\/","title":{"rendered":"Elf Bar 600 engangs Vape 600 puffs"},"content":{"rendered":"<h2 class=\"card__header\">Beskrivelse<\/h2>\n<div>K\u00f8b Dem <strong><a title=\"Elfenbar\" href=\"https:\/\/www.elementvape.de\/da\/product-brand\/elfbar\/\">Elf Bar<\/a><\/strong>\u00a0600 engangs-vapes til de bedste grossistpriser. Elf Bar 600 engangs-vape-puff-barekollektionen indeholder 27 fantastiske smagsvarianter. V\u00e6lg mellem jordb\u00e6r-banan, cremetobak, vandmelon, jordb\u00e6r-kiwi, limonade, cola og meget mere. Hver engangs-cigaret er fyldt med 2 ml af h\u00f8j kvalitet e-juice med 20 mg nikotinsalt og drives af et 550 mAh-batteri, der producerer cirka 600 aktiverede tr\u00e6k.<\/div>\n<div class=\"card__section\">\n<div class=\"rte text--pull\">\n<h3>\n<strong><br \/>\nElf Bar-smagsvarianter:<\/strong><\/h3>\n<p>Kokosn\u00f8dde-melon: Kokosn\u00f8dde og melon, de er sommerens koncentration. Sidde p\u00e5 stranden, ved pavillonen eller foran fjernsynet og drikke kokosn\u00f8ddesaft eller spise ismelon, det er en af de mest afslappende aktiviteter om sommeren. Let s\u00f8d kokosn\u00f8ddearoma og spr\u00f8d melonsmag med en let k\u00f8lende note. L\u00e6g dig ned og nyd hvert tr\u00e6k!<\/p>\n<p>\u00c6ble- fersken: Den syrlige og s\u00f8de aroma af \u00e6ble og den spr\u00f8dende duft af moden fersken giver denne fantastiske \u00e6ble-fersken-smag. Hvert tr\u00e6k er fuld af frugtige og forfriskende aromaer.<\/p>\n<p>Mango: Mango, en af de mest popul\u00e6re tropiske frugter, ber\u00f8mt for sin unikke spr\u00f8d, modne aroma og s\u00f8de smag. Nu g\u00f8r ELF BAR dem endnu mere tiltalende. Du kan lugte mangoduften, smage den varme damp, og derefter bliver der en s\u00f8d eftersmag p\u00e5 dine smagsl\u00f8g. Nyd tr\u00e6kningen!<\/p>\n<p>Gr\u00f8n mynte: Gr\u00f8n mynte lavet af enkle ingredienser med st\u00e6rk myntesmag, som en usynlig spyd, der blidt rammer direkte i din hals, men stadig er lidt s\u00f8d, definitivt en kraftfuld, forfriskende hj\u00e6lper, der giver dig en forfriskende f\u00f8lelse ved hver tr\u00e6k.<\/p>\n<p>Jordb\u00e6r-is: ELF BAR tilbyder varm, forfriskende jordb\u00e6r plus s\u00f8d, k\u00f8lende is-smag, hver tr\u00e6k er fuld af aroma af cremet s\u00f8dme og frisk, sur b\u00e6rfrugt, efterlader en k\u00f8lende menthol-eftersmag i munden og tilfredsstiller dine kr\u00e6sne smagsl\u00f8g fuldt ud.<\/p>\n<p>Litchi Ice: Det er kombinationen af ild og is. ELF BAR tilbyder de unikke eksotiske aromaer af litchi med et l\u00e6kkert menthol-twist. Den s\u00f8de smag af den tropiske litchi suppleres fremragende af den naturligt forfriskende menthol, hvilket skaber en perfekt afbalanceret damperoplevelse.<\/p>\n<p>Cola: At t\u00f8mme en hel flaske Ice Cola i et tr\u00e6k m\u00e5 v\u00e6re en af de gladeste aktiviteter p\u00e5 en varm sommerdag. Tag nu et tr\u00e6k fra denne engangs-vape-kapsel med colasmag og k\u00f8lende myntesmag og m\u00e6rk gl\u00e6den, som sommeren bringer.<\/p>\n<p>Cotton Candy Ice: Slik- og bolsjeliebere, pas p\u00e5! Smagen af Cotton Candy Ice er blandet med skumfidus og bolsjer samt forfriskende, k\u00f8lende mynte. Hvert tr\u00e6k er en mund fuld af s\u00f8d gl\u00e6de, det er alt.<\/p>\n<p>Mango M\u00e6lk Ice: Smagen af Mango M\u00e6lk Ice fanger den kraftige smag af tropisk mango og en glat, bl\u00f8d, cremet m\u00e6lkefinish. De s\u00f8de aromaer af den tropiske mango suppleres perfekt af den naturligt forfriskende menthol samt den bl\u00f8de og cremede m\u00e6lk, hvilket skaber en vidunderligt afbalanceret damperoplevelse, der giver dig en fyldig og k\u00f8lende dampeffekt.<\/p>\n<p>Cream Tobak: Som navnet antyder, er dette en tobakssmag med fl\u00f8de. Lyder sjovt, ikke? Smagen af Cream Tobak gengiver den traditionelle tobakssmag maksimalt og er derfor perfekt for rygere, der savner tobakssmag, og som \u00f8nsker en mindre skadelig dampoplevelse end rygning.<\/p>\n<p>Vandmelon: Vandmelon minder os altid om ubekymrede sommerdage, hvor vi sidder foran fjernsynet, nyder den k\u00f8lende vind fra aircondition og spiser en sk\u00e5l vandmelon. Det kan ikke blive enklere. Smagen af Vandmelon Ice bringer dig ikke kun den friske duft af vandmelon, men efterlader ogs\u00e5 en st\u00e6rk, k\u00f8lende menthol-eftersmag ved hvert tr\u00e6k.<\/p>\n<p>Bromb\u00e6r: Bromb\u00e6r er altid det f\u00f8rste valg p\u00e5 vores frugtspisekort p\u00e5 grund af deres s\u00f8d-syrlige smag, ligesom vape-saften. Du kan lugte den sprudlende bromb\u00e6raroma uden at dampe, mens den s\u00e6rligt forfriskende s\u00f8d-syrlige smag hurtigt d\u00e6kker dine smagsl\u00f8g ved tr\u00e6k og derefter efterlader en vandrende duft i munden.<\/p>\n<p>Blue Razz Lemonade: Blue Razz er blandet med bl\u00e5b\u00e6r- og hindb\u00e6rsmag, s\u00f8d, sur og saftig i smagen. Blue Razz Beco Bar vil garanteret tilfredsstille smagsl\u00f8gene. De naturligt s\u00f8de b\u00e6rsmag sikrer en l\u00e6kker damperoplevelse, der f\u00e5r dig til at \u00f8nske mere.<\/p>\n<p>Strawberry Ice: Strawberry Ice er en let og s\u00f8d blanding, hvor de kraftige frugtnoter suppleres med tilsat is. Oplev den forfriskende smag af sommeren hele dagen med Strawberry Ice ELF BAR. Fyldt med de fyldige smagsnuancer af britiske jordb\u00e6r, tilbyder denne ELF BAR en l\u00e6kker s\u00f8d damperoplevelse med et strejf af menthol. Hvis du leder efter en damper, der producerer uovertruffen smag med en velduftende aroma, er Strawberry Ice ELF BAR lige noget for dig.<\/p>\n<p>Vindrue: Den varme sol skinner p\u00e5 de saftige vindruer, og varmen f\u00e5r dem til at modnes fuldst\u00e6ndigt. Nu blandes essensen af den sprudlende aromatiske vindrue med E-liquid. Tag en drag og m\u00e6rk kraften af den saftige vindrue fra ELF BAR!<\/p>\n<p>Pink Lemonade: Smagen af Pink Lemonade er afbalanceret mellem frugt og brus, hvilket er s\u00f8dt og skarpt. Det er smagen af sommeren. Pink Lemonade Beco Bar er en blanding af forfriskende, krydret og uklar limonade og en s\u00f8d eksplosion af sprudlende sommerb\u00e6r. Smagsblandingen giver en perfekt afbalanceret E-saft med en unik damper-smag, der vil pirre dine smagsl\u00f8g.<\/p>\n<p>Banana Ice: En s\u00f8d og frugtig banansmag kombineret med et strejf af forfriskende menthol. Banana Ice ELF BAR giver dig med hver drag f\u00f8lelsen af en entusiastisk sommer. Den friske banan sikrer endel\u00f8se bid af cremet-s\u00f8d smag, der er perfekt underst\u00f8ttet af den opkvikkende myntefriskhed.<\/p>\n<p>Kiwi Passion Fruit Guava: Som navnet antyder, har ELF BAR skabt en s\u00e5 farverig blanding af tropiske frugter. Passionfrugt er kendt for sin duft af forskellige tropiske frugter, den fantastiske aroma minder om duften af moden mango, banan og lychee, blandet med kiwi og guava, hvilket g\u00f8r denne smag til en enest\u00e5ende blanding af tropiske frugter. Ind\u00e5nd den s\u00f8de og eksotiske duft med den helt rigtige nikotinstyrke, der helt sikkert vil fjerne din tr\u00e6thed og give dig din passionerede \u00e5nd tilbage.<\/p>\n<p>Strawberry Banana: Strawberry Banana ELF BAR er fuld af l\u00e6kre smagsnuancer af frugtig kvalitet og tilbyder dig endel\u00f8se bidder af velsmag. De l\u00e6kre aromaer af cremet banan og saftig jordb\u00e6r smelter perfekt sammen til en l\u00e6kker damperoplevelse.<\/p>\n<p>Ananas, fersken, mango: Lad os fejre en frugtfest! ELF BAR har forenet tre popul\u00e6re frugtaromaer i en engangs-vapebar: Ananas er kendt for sin forfriskende syre, fersken har en behagelig aroma, og mango er kendt for sin s\u00e6rligt s\u00f8de tropiske smag. V\u00e6lg nu denne vape-bar og nyd festen!<\/p>\n<p>Peach Ice: ELF BAR tilbyder den l\u00e6kre frugtige smag af fersken med en dejlig k\u00f8lende mentholnote. Den s\u00f8de og saftige smag af friske ferskner st\u00e5r i centrum og ledsages smukt af den forfriskende menthol-eftersmag, der v\u00e6kker minder om afslappede sommerdage med venner.<\/p>\n<p>Red Bull Ice: Har du savnet smagen af energidrikken Red Bull? Nu beh\u00f8ver du ikke l\u00e6ngere tage en Red Bull d\u00e5se eller flaske i h\u00e5nden for at nyde den unikke energidrik-smag. F\u00e5 blot en kompakt og lommervenlig engangs-vape-pod med Red Bull Ice-smag, og du kan til enhver tid nyde den energigivende og k\u00f8lende menthol-eftersmag.<\/p>\n<h3><strong>Hovedfunktioner:<\/strong><\/h3>\n<p>Moderne design med b\u00e6rbart hus<br \/>\n2 ml forudfyldt v\u00e6ske med 2 % nikotinstyrke<br \/>\nStor indbygget 550 mAh batteri til 600 drag<br \/>\nFlere smagsvarianter at v\u00e6lge imellem<\/p>\n<h3><strong>Specifikationer:<\/strong><\/h3>\n<p>St\u00f8rrelse: \u03a616 x 104 mm<br \/>\nE-Liquid kapacitet: 2 ml<br \/>\nNikotinstyrke: 2 % nikotin<br \/>\nBatteri: 550 mAh<br \/>\nTr\u00e6k: 600 Tr\u00e6k<\/p>\n<h3><strong>Indhold i pakken:<\/strong><\/h3>\n<p>1 x ELF BAR engangs-vape<\/p>\n<\/div>\n<\/div>","protected":false},"excerpt":{"rendered":"<p>600 engangs-vapes til de bedste grossistpriser. Elf Bar 600 engangs-vape-puff-barekollektionen indeholder 27 fantastiske smagsvarianter. V\u00e6lg mellem jordb\u00e6r-banan, cremetobak, vandmelon, jordb\u00e6r-kiwi, limonade, cola og meget mere. Hver engangs-cigaret er fyldt med 2 ml af h\u00f8j kvalitet e-juice med 20 mg nikotinsalt og drives af et 550 mAh-batteri, der producerer cirka 600 aktiverede tr\u00e6k.<\/p>","protected":false},"featured_media":10551,"template":"","meta":{"inline_featured_image":false},"product_cat":[78,750,737,736,749,79],"product_tag":[679],"tiered_pricing_type":"fixed","tiered_pricing_fixed_rules":[],"tiered_pricing_percentage_rules":[],"tiered_pricing_minimum":1,"_administrator_tiered_pricing_type":"fixed","_administrator_tiered_pricing_fixed_rules":[],"_editor_tiered_pricing_type":"fixed","_editor_tiered_pricing_fixed_rules":[],"_author_tiered_pricing_type":"fixed","_author_tiered_pricing_fixed_rules":[],"_contributor_tiered_pricing_type":"fixed","_contributor_tiered_pricing_fixed_rules":[],"_subscriber_tiered_pricing_type":"fixed","_subscriber_tiered_pricing_fixed_rules":[],"_customer_tiered_pricing_type":"fixed","_customer_tiered_pricing_fixed_rules":[],"_shop_manager_tiered_pricing_type":"fixed","_shop_manager_tiered_pricing_fixed_rules":[],"_wpseo_manager_tiered_pricing_type":"fixed","_wpseo_manager_tiered_pricing_fixed_rules":[],"_wpseo_editor_tiered_pricing_type":"fixed","_wpseo_editor_tiered_pricing_fixed_rules":[],"_wholesale_customer_tiered_pricing_type":"fixed","_wholesale_customer_tiered_pricing_fixed_rules":[],"_marketer_tiered_pricing_type":"fixed","_marketer_tiered_pricing_fixed_rules":[],"_sales_manager_tiered_pricing_type":"fixed","_sales_manager_tiered_pricing_fixed_rules":[],"_sales_rep_tiered_pricing_type":"fixed","_sales_rep_tiered_pricing_fixed_rules":[],"yoast_head":"<!-- This site is optimized with the Yoast SEO plugin v23.3 - https:\/\/yoast.com\/wordpress\/plugins\/seo\/ -->\n<title>Elf Bar 600 Einweg Vape 600 Z\u00fcge | ElementVape.de<\/title>\n<meta name=\"description\" content=\"Wir bieten Elf Bar 600 Einweg Vape 600 Z\u00fcge , Elementvape.de akzeptieren Gro\u00df-und Einzelhandel Bestellungen.\" \/>\n<meta name=\"robots\" content=\"index, follow, max-snippet:-1, max-image-preview:large, max-video-preview:-1\" \/>\n<link rel=\"canonical\" href=\"https:\/\/www.elementvape.de\/da\/produkt\/elf-bar-600-einweg-vape-600-zuege\/\" \/>\n<meta property=\"og:locale\" content=\"da_DK\" \/>\n<meta property=\"og:type\" content=\"article\" \/>\n<meta property=\"og:title\" content=\"Elf Bar 600 Einweg Vape 600 Z\u00fcge | ElementVape.de\" \/>\n<meta property=\"og:description\" content=\"Wir bieten Elf Bar 600 Einweg Vape 600 Z\u00fcge , Elementvape.de akzeptieren Gro\u00df-und Einzelhandel Bestellungen.\" \/>\n<meta property=\"og:url\" content=\"https:\/\/www.elementvape.de\/da\/produkt\/elf-bar-600-einweg-vape-600-zuege\/\" \/>\n<meta property=\"og:site_name\" content=\"ElementVape.de\" \/>\n<meta property=\"article:modified_time\" content=\"2024-09-12T10:31:45+00:00\" \/>\n<meta property=\"og:image\" content=\"https:\/\/www.elementvape.de\/wp-content\/uploads\/2024\/05\/Elf-Bar-600-Disposable-Vape-600-Puffs-22-621490.webp\" \/>\n\t<meta property=\"og:image:width\" content=\"600\" \/>\n\t<meta property=\"og:image:height\" content=\"600\" \/>\n\t<meta property=\"og:image:type\" content=\"image\/webp\" \/>\n<meta name=\"twitter:card\" content=\"summary_large_image\" \/>\n<meta name=\"twitter:label1\" content=\"Est. reading time\" \/>\n\t<meta name=\"twitter:data1\" content=\"7 minutter\" \/>\n<script type=\"application\/ld+json\" class=\"yoast-schema-graph\">{\"@context\":\"https:\/\/schema.org\",\"@graph\":[{\"@type\":\"WebPage\",\"@id\":\"https:\/\/www.elementvape.de\/en\/produkt\/elf-bar-600-einweg-vape-600-zuege\/\",\"url\":\"https:\/\/www.elementvape.de\/en\/produkt\/elf-bar-600-einweg-vape-600-zuege\/\",\"name\":\"Elf Bar 600 Einweg Vape 600 Z\u00fcge | ElementVape.de\",\"isPartOf\":{\"@id\":\"https:\/\/www.elementvape.de\/#website\"},\"primaryImageOfPage\":{\"@id\":\"https:\/\/www.elementvape.de\/en\/produkt\/elf-bar-600-einweg-vape-600-zuege\/#primaryimage\"},\"image\":{\"@id\":\"https:\/\/www.elementvape.de\/en\/produkt\/elf-bar-600-einweg-vape-600-zuege\/#primaryimage\"},\"thumbnailUrl\":\"https:\/\/www.elementvape.de\/wp-content\/uploads\/2024\/05\/Elf-Bar-600-Disposable-Vape-600-Puffs-22-621490.webp\",\"datePublished\":\"2024-05-25T06:47:07+00:00\",\"dateModified\":\"2024-09-12T10:31:45+00:00\",\"description\":\"Wir bieten Elf Bar 600 Einweg Vape 600 Z\u00fcge , Elementvape.de akzeptieren Gro\u00df-und Einzelhandel Bestellungen.\",\"breadcrumb\":{\"@id\":\"https:\/\/www.elementvape.de\/en\/produkt\/elf-bar-600-einweg-vape-600-zuege\/#breadcrumb\"},\"inLanguage\":\"da-DK\",\"potentialAction\":[{\"@type\":\"ReadAction\",\"target\":[\"https:\/\/www.elementvape.de\/en\/produkt\/elf-bar-600-einweg-vape-600-zuege\/\"]}]},{\"@type\":\"ImageObject\",\"inLanguage\":\"da-DK\",\"@id\":\"https:\/\/www.elementvape.de\/en\/produkt\/elf-bar-600-einweg-vape-600-zuege\/#primaryimage\",\"url\":\"https:\/\/www.elementvape.de\/wp-content\/uploads\/2024\/05\/Elf-Bar-600-Disposable-Vape-600-Puffs-22-621490.webp\",\"contentUrl\":\"https:\/\/www.elementvape.de\/wp-content\/uploads\/2024\/05\/Elf-Bar-600-Disposable-Vape-600-Puffs-22-621490.webp\",\"width\":600,\"height\":600,\"caption\":\"Elf-Bar-600-Disposable-Vape-600-Puffs-22-621490\"},{\"@type\":\"BreadcrumbList\",\"@id\":\"https:\/\/www.elementvape.de\/en\/produkt\/elf-bar-600-einweg-vape-600-zuege\/#breadcrumb\",\"itemListElement\":[{\"@type\":\"ListItem\",\"position\":1,\"name\":\"Home\",\"item\":\"https:\/\/www.elementvape.de\/\"},{\"@type\":\"ListItem\",\"position\":2,\"name\":\"Shop\",\"item\":\"https:\/\/www.elementvape.de\/shop\/\"},{\"@type\":\"ListItem\",\"position\":3,\"name\":\"Elf Bar 600 Einweg Vape 600 Z\u00fcge\"}]},{\"@type\":\"WebSite\",\"@id\":\"https:\/\/www.elementvape.de\/#website\",\"url\":\"https:\/\/www.elementvape.de\/\",\"name\":\"ElementVape.de\",\"description\":\"\",\"publisher\":{\"@id\":\"https:\/\/www.elementvape.de\/#organization\"},\"potentialAction\":[{\"@type\":\"SearchAction\",\"target\":{\"@type\":\"EntryPoint\",\"urlTemplate\":\"https:\/\/www.elementvape.de\/?s={search_term_string}\"},\"query-input\":\"required name=search_term_string\"}],\"inLanguage\":\"da-DK\"},{\"@type\":\"Organization\",\"@id\":\"https:\/\/www.elementvape.de\/#organization\",\"name\":\"ElementVape.DE\",\"url\":\"https:\/\/www.elementvape.de\/\",\"logo\":{\"@type\":\"ImageObject\",\"inLanguage\":\"da-DK\",\"@id\":\"https:\/\/www.elementvape.de\/#\/schema\/logo\/image\/\",\"url\":\"https:\/\/www.elementvape.de\/wp-content\/uploads\/2024\/09\/cropped-1elementvape-3.png\",\"contentUrl\":\"https:\/\/www.elementvape.de\/wp-content\/uploads\/2024\/09\/cropped-1elementvape-3.png\",\"width\":285,\"height\":228,\"caption\":\"ElementVape.DE\"},\"image\":{\"@id\":\"https:\/\/www.elementvape.de\/#\/schema\/logo\/image\/\"}}]}<\/script>\n<!-- \/ Yoast SEO plugin. -->","yoast_head_json":{"title":"Elf Bar 600 Einweg Vape 600 Z\u00fcge | ElementVape.de","description":"Wir bieten Elf Bar 600 Einweg Vape 600 Z\u00fcge , Elementvape.de akzeptieren Gro\u00df-und Einzelhandel Bestellungen.","robots":{"index":"index","follow":"follow","max-snippet":"max-snippet:-1","max-image-preview":"max-image-preview:large","max-video-preview":"max-video-preview:-1"},"canonical":"https:\/\/www.elementvape.de\/da\/produkt\/elf-bar-600-einweg-vape-600-zuege\/","og_locale":"da_DK","og_type":"article","og_title":"Elf Bar 600 Einweg Vape 600 Z\u00fcge | ElementVape.de","og_description":"Wir bieten Elf Bar 600 Einweg Vape 600 Z\u00fcge , Elementvape.de akzeptieren Gro\u00df-und Einzelhandel Bestellungen.","og_url":"https:\/\/www.elementvape.de\/da\/produkt\/elf-bar-600-einweg-vape-600-zuege\/","og_site_name":"ElementVape.de","article_modified_time":"2024-09-12T10:31:45+00:00","og_image":[{"width":600,"height":600,"url":"https:\/\/www.elementvape.de\/wp-content\/uploads\/2024\/05\/Elf-Bar-600-Disposable-Vape-600-Puffs-22-621490.webp","type":"image\/webp"}],"twitter_card":"summary_large_image","twitter_misc":{"Est. reading time":"7 minutter"},"schema":{"@context":"https:\/\/schema.org","@graph":[{"@type":"WebPage","@id":"https:\/\/www.elementvape.de\/en\/produkt\/elf-bar-600-einweg-vape-600-zuege\/","url":"https:\/\/www.elementvape.de\/en\/produkt\/elf-bar-600-einweg-vape-600-zuege\/","name":"Elf Bar 600 Einweg Vape 600 Z\u00fcge | ElementVape.de","isPartOf":{"@id":"https:\/\/www.elementvape.de\/#website"},"primaryImageOfPage":{"@id":"https:\/\/www.elementvape.de\/en\/produkt\/elf-bar-600-einweg-vape-600-zuege\/#primaryimage"},"image":{"@id":"https:\/\/www.elementvape.de\/en\/produkt\/elf-bar-600-einweg-vape-600-zuege\/#primaryimage"},"thumbnailUrl":"https:\/\/www.elementvape.de\/wp-content\/uploads\/2024\/05\/Elf-Bar-600-Disposable-Vape-600-Puffs-22-621490.webp","datePublished":"2024-05-25T06:47:07+00:00","dateModified":"2024-09-12T10:31:45+00:00","description":"Wir bieten Elf Bar 600 Einweg Vape 600 Z\u00fcge , Elementvape.de akzeptieren Gro\u00df-und Einzelhandel Bestellungen.","breadcrumb":{"@id":"https:\/\/www.elementvape.de\/en\/produkt\/elf-bar-600-einweg-vape-600-zuege\/#breadcrumb"},"inLanguage":"da-DK","potentialAction":[{"@type":"ReadAction","target":["https:\/\/www.elementvape.de\/en\/produkt\/elf-bar-600-einweg-vape-600-zuege\/"]}]},{"@type":"ImageObject","inLanguage":"da-DK","@id":"https:\/\/www.elementvape.de\/en\/produkt\/elf-bar-600-einweg-vape-600-zuege\/#primaryimage","url":"https:\/\/www.elementvape.de\/wp-content\/uploads\/2024\/05\/Elf-Bar-600-Disposable-Vape-600-Puffs-22-621490.webp","contentUrl":"https:\/\/www.elementvape.de\/wp-content\/uploads\/2024\/05\/Elf-Bar-600-Disposable-Vape-600-Puffs-22-621490.webp","width":600,"height":600,"caption":"Elf-Bar-600-Disposable-Vape-600-Puffs-22-621490"},{"@type":"BreadcrumbList","@id":"https:\/\/www.elementvape.de\/en\/produkt\/elf-bar-600-einweg-vape-600-zuege\/#breadcrumb","itemListElement":[{"@type":"ListItem","position":1,"name":"Home","item":"https:\/\/www.elementvape.de\/"},{"@type":"ListItem","position":2,"name":"Shop","item":"https:\/\/www.elementvape.de\/shop\/"},{"@type":"ListItem","position":3,"name":"Elf Bar 600 Einweg Vape 600 Z\u00fcge"}]},{"@type":"WebSite","@id":"https:\/\/www.elementvape.de\/#website","url":"https:\/\/www.elementvape.de\/","name":"ElementVape.de","description":"","publisher":{"@id":"https:\/\/www.elementvape.de\/#organization"},"potentialAction":[{"@type":"SearchAction","target":{"@type":"EntryPoint","urlTemplate":"https:\/\/www.elementvape.de\/?s={search_term_string}"},"query-input":"required name=search_term_string"}],"inLanguage":"da-DK"},{"@type":"Organization","@id":"https:\/\/www.elementvape.de\/#organization","name":"ElementVape.DE","url":"https:\/\/www.elementvape.de\/","logo":{"@type":"ImageObject","inLanguage":"da-DK","@id":"https:\/\/www.elementvape.de\/#\/schema\/logo\/image\/","url":"https:\/\/www.elementvape.de\/wp-content\/uploads\/2024\/09\/cropped-1elementvape-3.png","contentUrl":"https:\/\/www.elementvape.de\/wp-content\/uploads\/2024\/09\/cropped-1elementvape-3.png","width":285,"height":228,"caption":"ElementVape.DE"},"image":{"@id":"https:\/\/www.elementvape.de\/#\/schema\/logo\/image\/"}}]}},"_links":{"self":[{"href":"https:\/\/www.elementvape.de\/da\/wp-json\/wp\/v2\/product\/10541"}],"collection":[{"href":"https:\/\/www.elementvape.de\/da\/wp-json\/wp\/v2\/product"}],"about":[{"href":"https:\/\/www.elementvape.de\/da\/wp-json\/wp\/v2\/types\/product"}],"wp:featuredmedia":[{"embeddable":true,"href":"https:\/\/www.elementvape.de\/da\/wp-json\/wp\/v2\/media\/10551"}],"wp:attachment":[{"href":"https:\/\/www.elementvape.de\/da\/wp-json\/wp\/v2\/media?parent=10541"}],"wp:term":[{"taxonomy":"product_cat","embeddable":true,"href":"https:\/\/www.elementvape.de\/da\/wp-json\/wp\/v2\/product_cat?post=10541"},{"taxonomy":"product_tag","embeddable":true,"href":"https:\/\/www.elementvape.de\/da\/wp-json\/wp\/v2\/product_tag?post=10541"}],"curies":[{"name":"wp","href":"https:\/\/api.w.org\/{rel}","templated":true}]}}