{"id":10400,"date":"2024-05-08T08:31:27","date_gmt":"2024-05-08T08:31:27","guid":{"rendered":"https:\/\/www.elementvape.de\/?post_type=product&#038;p=10400"},"modified":"2024-09-12T10:31:46","modified_gmt":"2024-09-12T10:31:46","slug":"elf-bar-elfa-pods-2-ml","status":"publish","type":"product","link":"https:\/\/www.elementvape.de\/da\/produkt\/elf-bar-elfa-pods-2-ml\/","title":{"rendered":"ELF BAR ELFA Pods \u2013 2 ml"},"content":{"rendered":"<h2>ELFA-Kartuschen fra ELF BAR: Indeholder 20 mg nikotin<\/h2>\n<p>Elfa Pods er forudfyldte flydende pods (kapsler) af m\u00e6rket Elf Bar, der indeholder 2 ml Elfbar-fl\u00f8de i forskellige smagsvarianter, i pakker med 2 pods. I Elfa Pods bruges netspoler. Dette sikrer en rig smag og en mild aromatisk damp.<\/p>\n<p>\u2713 Mesh-spole<br \/>\n\u2713 Nem at installere<br \/>\n\u2713 Ingen udskiftning af spolen n\u00f8dvendig<br \/>\n\u2713 Intens smag helt til sidste bid<\/p>\n<h2>Hvilke typer af ELF BAR ELFA Pod findes der?<\/h2>\n<h3>Dette er sorterne af ELFA Pod:<\/h3>\n<p>Blue Razz Lemonade: Forfriskende limonade med bl\u00e5 hindb\u00e6r og krydret citron.<br \/>\nPink Lemonade: Rosa limonade med jordb\u00e6r, hindb\u00e6r og citron.<br \/>\nTropiske frugter: En tropisk frugtblanding af mango, ananas, papaya og kiwi.<br \/>\nBlandet b\u00e6r: En blanding af bl\u00e5b\u00e6r, bromb\u00e6r, jordb\u00e6r og hindb\u00e6r.<br \/>\n\u00c6blefersken: En klassisk kombination af saftige \u00e6bler og k\u00f8lige ferskner.<br \/>\nBanan: Frosne bananskiver med cremet tekstur.<br \/>\nBl\u00e5b\u00e6r: En h\u00e5ndfuld friske bl\u00e5b\u00e6r.<br \/>\nBlueberry Marshmallow: S\u00f8d marshmallow med bl\u00e5b\u00e6rsmag og et strejf af friskhed.<br \/>\nBlueberry Sour Raspberry: En frugtig blanding af bl\u00e5b\u00e6r og hindb\u00e6r med let syre og k\u00f8lig smag.<br \/>\nBlue Razz Lemonade: Forfriskende limonade med bl\u00e5 hindb\u00e6r og krydret citron.<br \/>\nKirseb\u00e6rkarameller: S\u00f8de og saftige kirseb\u00e6rkarameller.<br \/>\nCola: Klassisk cola-smag med k\u00f8lig eftersmag.<br \/>\nCranberry Grape: En frugtig kombination af traneb\u00e6r og druer, s\u00f8d og sur.<br \/>\nElfergy (Elfstorm): Iskold energidrik.<br \/>\nDruer: Den rene smag af modne druer med en s\u00f8d, frugtig aroma.<br \/>\nKiwi-Passionsfrugt: En tropisk blanding af kiwi og passionsfrugt.<br \/>\nMango: Moden mango med s\u00f8d, cremet aroma.<br \/>\nJordb\u00e6ris: Cremet jordb\u00e6ris, let afk\u00f8let.<br \/>\nSaftig fersken: Den saftige smag af ferskner med en s\u00f8d, frugtig aroma.<br \/>\nJordb\u00e6r-Kiwi: S\u00f8dmen fra jordb\u00e6r og frugtigheden af kiwi.<br \/>\nVandmelon: Saftig vandmelon med et strejf af k\u00f8lighed.<\/p>\n<p>Vi har testet Elf Bar Elfa Pods grundigt selv og er kommet frem til: Indtil 2024 vil der ikke v\u00e6re et bedre produkt i denne produktkategori (forudfyldte pods) fra Elf Bar eller et andet m\u00e6rke til prisen af disse pods. Billigt, af h\u00f8j kvalitet og med et s\u00e5 stort udvalg af forudfyldte pads vil du ikke finde et andet m\u00e6rke af forudfyldte pads. Med Elfa Pods har Elf Bar skabt et virkelig godt produkt.<\/p>","protected":false},"excerpt":{"rendered":"<p>ELFA-Kartuschen von ELF BAR: Enth\u00e4lt 20 mg Nikotin Elfa Pods sind vorgef\u00fcllte fl\u00fcssige Pods (Kapseln) der Marke Elf Bar, die 2 ml Elfbar-Fl\u00fcssigkeit in verschiedenen Geschmacksrichtungen enthalten, in Packungen mit 2 Pods. In Elfa Pods werden Netzspulen verwendet. Dies sorgt f\u00fcr ein reichhaltiges Aroma und einen mild aromatischen Dampf. \u2713 Mesh-Spule \u2713 Einfach zu installieren [&hellip;]<\/p>","protected":false},"featured_media":10401,"template":"","meta":{"inline_featured_image":false},"product_cat":[15,78,750,737,736,749,76],"product_tag":[],"tiered_pricing_type":"fixed","tiered_pricing_fixed_rules":[],"tiered_pricing_percentage_rules":[],"tiered_pricing_minimum":1,"_administrator_tiered_pricing_type":"fixed","_administrator_tiered_pricing_fixed_rules":[],"_editor_tiered_pricing_type":"fixed","_editor_tiered_pricing_fixed_rules":[],"_author_tiered_pricing_type":"fixed","_author_tiered_pricing_fixed_rules":[],"_contributor_tiered_pricing_type":"fixed","_contributor_tiered_pricing_fixed_rules":[],"_subscriber_tiered_pricing_type":"fixed","_subscriber_tiered_pricing_fixed_rules":[],"_customer_tiered_pricing_type":"fixed","_customer_tiered_pricing_fixed_rules":[],"_shop_manager_tiered_pricing_type":"fixed","_shop_manager_tiered_pricing_fixed_rules":[],"_wpseo_manager_tiered_pricing_type":"fixed","_wpseo_manager_tiered_pricing_fixed_rules":[],"_wpseo_editor_tiered_pricing_type":"fixed","_wpseo_editor_tiered_pricing_fixed_rules":[],"_wholesale_customer_tiered_pricing_type":"fixed","_wholesale_customer_tiered_pricing_fixed_rules":[],"_marketer_tiered_pricing_type":"fixed","_marketer_tiered_pricing_fixed_rules":[],"_sales_manager_tiered_pricing_type":"fixed","_sales_manager_tiered_pricing_fixed_rules":[],"_sales_rep_tiered_pricing_type":"fixed","_sales_rep_tiered_pricing_fixed_rules":[],"yoast_head":"<!-- This site is optimized with the Yoast SEO plugin v23.3 - https:\/\/yoast.com\/wordpress\/plugins\/seo\/ -->\n<title>ELF BAR ELFA Pods - 2 ml | ElementVape.de<\/title>\n<meta name=\"description\" content=\"Wir bieten ELF BAR ELFA Pods - 2 ml , Elementvape.de akzeptieren Gro\u00df-und Einzelhandel Bestellungen.\" \/>\n<meta name=\"robots\" content=\"index, follow, max-snippet:-1, max-image-preview:large, max-video-preview:-1\" \/>\n<link rel=\"canonical\" href=\"https:\/\/www.elementvape.de\/da\/produkt\/elf-bar-elfa-pods-2-ml\/\" \/>\n<meta property=\"og:locale\" content=\"da_DK\" \/>\n<meta property=\"og:type\" content=\"article\" \/>\n<meta property=\"og:title\" content=\"ELF BAR ELFA Pods - 2 ml | ElementVape.de\" \/>\n<meta property=\"og:description\" content=\"Wir bieten ELF BAR ELFA Pods - 2 ml , Elementvape.de akzeptieren Gro\u00df-und Einzelhandel Bestellungen.\" \/>\n<meta property=\"og:url\" content=\"https:\/\/www.elementvape.de\/da\/produkt\/elf-bar-elfa-pods-2-ml\/\" \/>\n<meta property=\"og:site_name\" content=\"ElementVape.de\" \/>\n<meta property=\"article:modified_time\" content=\"2024-09-12T10:31:46+00:00\" \/>\n<meta property=\"og:image\" content=\"https:\/\/www.elementvape.de\/wp-content\/uploads\/2024\/05\/Elf-Bar-Elfa-Pod.webp\" \/>\n\t<meta property=\"og:image:width\" content=\"800\" \/>\n\t<meta property=\"og:image:height\" content=\"800\" \/>\n\t<meta property=\"og:image:type\" content=\"image\/webp\" \/>\n<meta name=\"twitter:card\" content=\"summary_large_image\" \/>\n<meta name=\"twitter:label1\" content=\"Est. reading time\" \/>\n\t<meta name=\"twitter:data1\" content=\"3 minutter\" \/>\n<script type=\"application\/ld+json\" class=\"yoast-schema-graph\">{\"@context\":\"https:\/\/schema.org\",\"@graph\":[{\"@type\":\"WebPage\",\"@id\":\"https:\/\/www.elementvape.de\/produkt\/elf-bar-elfa-pods-2-ml\/\",\"url\":\"https:\/\/www.elementvape.de\/produkt\/elf-bar-elfa-pods-2-ml\/\",\"name\":\"ELF BAR ELFA Pods - 2 ml | ElementVape.de\",\"isPartOf\":{\"@id\":\"https:\/\/www.elementvape.de\/#website\"},\"primaryImageOfPage\":{\"@id\":\"https:\/\/www.elementvape.de\/produkt\/elf-bar-elfa-pods-2-ml\/#primaryimage\"},\"image\":{\"@id\":\"https:\/\/www.elementvape.de\/produkt\/elf-bar-elfa-pods-2-ml\/#primaryimage\"},\"thumbnailUrl\":\"https:\/\/www.elementvape.de\/wp-content\/uploads\/2024\/05\/Elf-Bar-Elfa-Pod.webp\",\"datePublished\":\"2024-05-08T08:31:27+00:00\",\"dateModified\":\"2024-09-12T10:31:46+00:00\",\"description\":\"Wir bieten ELF BAR ELFA Pods - 2 ml , Elementvape.de akzeptieren Gro\u00df-und Einzelhandel Bestellungen.\",\"breadcrumb\":{\"@id\":\"https:\/\/www.elementvape.de\/produkt\/elf-bar-elfa-pods-2-ml\/#breadcrumb\"},\"inLanguage\":\"da-DK\",\"potentialAction\":[{\"@type\":\"ReadAction\",\"target\":[\"https:\/\/www.elementvape.de\/produkt\/elf-bar-elfa-pods-2-ml\/\"]}]},{\"@type\":\"ImageObject\",\"inLanguage\":\"da-DK\",\"@id\":\"https:\/\/www.elementvape.de\/produkt\/elf-bar-elfa-pods-2-ml\/#primaryimage\",\"url\":\"https:\/\/www.elementvape.de\/wp-content\/uploads\/2024\/05\/Elf-Bar-Elfa-Pod.webp\",\"contentUrl\":\"https:\/\/www.elementvape.de\/wp-content\/uploads\/2024\/05\/Elf-Bar-Elfa-Pod.webp\",\"width\":800,\"height\":800,\"caption\":\"Elf-Bar-Elfa-Pod\"},{\"@type\":\"BreadcrumbList\",\"@id\":\"https:\/\/www.elementvape.de\/produkt\/elf-bar-elfa-pods-2-ml\/#breadcrumb\",\"itemListElement\":[{\"@type\":\"ListItem\",\"position\":1,\"name\":\"Home\",\"item\":\"https:\/\/www.elementvape.de\/\"},{\"@type\":\"ListItem\",\"position\":2,\"name\":\"Shop\",\"item\":\"https:\/\/www.elementvape.de\/shop\/\"},{\"@type\":\"ListItem\",\"position\":3,\"name\":\"ELF BAR ELFA Pods &#8211; 2 ml\"}]},{\"@type\":\"WebSite\",\"@id\":\"https:\/\/www.elementvape.de\/#website\",\"url\":\"https:\/\/www.elementvape.de\/\",\"name\":\"ElementVape.de\",\"description\":\"\",\"publisher\":{\"@id\":\"https:\/\/www.elementvape.de\/#organization\"},\"potentialAction\":[{\"@type\":\"SearchAction\",\"target\":{\"@type\":\"EntryPoint\",\"urlTemplate\":\"https:\/\/www.elementvape.de\/?s={search_term_string}\"},\"query-input\":\"required name=search_term_string\"}],\"inLanguage\":\"da-DK\"},{\"@type\":\"Organization\",\"@id\":\"https:\/\/www.elementvape.de\/#organization\",\"name\":\"ElementVape.DE\",\"url\":\"https:\/\/www.elementvape.de\/\",\"logo\":{\"@type\":\"ImageObject\",\"inLanguage\":\"da-DK\",\"@id\":\"https:\/\/www.elementvape.de\/#\/schema\/logo\/image\/\",\"url\":\"https:\/\/www.elementvape.de\/wp-content\/uploads\/2024\/09\/cropped-1elementvape-3.png\",\"contentUrl\":\"https:\/\/www.elementvape.de\/wp-content\/uploads\/2024\/09\/cropped-1elementvape-3.png\",\"width\":285,\"height\":228,\"caption\":\"ElementVape.DE\"},\"image\":{\"@id\":\"https:\/\/www.elementvape.de\/#\/schema\/logo\/image\/\"}}]}<\/script>\n<!-- \/ Yoast SEO plugin. -->","yoast_head_json":{"title":"ELF BAR ELFA Pods - 2 ml | ElementVape.de","description":"Wir bieten ELF BAR ELFA Pods - 2 ml , Elementvape.de akzeptieren Gro\u00df-und Einzelhandel Bestellungen.","robots":{"index":"index","follow":"follow","max-snippet":"max-snippet:-1","max-image-preview":"max-image-preview:large","max-video-preview":"max-video-preview:-1"},"canonical":"https:\/\/www.elementvape.de\/da\/produkt\/elf-bar-elfa-pods-2-ml\/","og_locale":"da_DK","og_type":"article","og_title":"ELF BAR ELFA Pods - 2 ml | ElementVape.de","og_description":"Wir bieten ELF BAR ELFA Pods - 2 ml , Elementvape.de akzeptieren Gro\u00df-und Einzelhandel Bestellungen.","og_url":"https:\/\/www.elementvape.de\/da\/produkt\/elf-bar-elfa-pods-2-ml\/","og_site_name":"ElementVape.de","article_modified_time":"2024-09-12T10:31:46+00:00","og_image":[{"width":800,"height":800,"url":"https:\/\/www.elementvape.de\/wp-content\/uploads\/2024\/05\/Elf-Bar-Elfa-Pod.webp","type":"image\/webp"}],"twitter_card":"summary_large_image","twitter_misc":{"Est. reading time":"3 minutter"},"schema":{"@context":"https:\/\/schema.org","@graph":[{"@type":"WebPage","@id":"https:\/\/www.elementvape.de\/produkt\/elf-bar-elfa-pods-2-ml\/","url":"https:\/\/www.elementvape.de\/produkt\/elf-bar-elfa-pods-2-ml\/","name":"ELF BAR ELFA Pods - 2 ml | ElementVape.de","isPartOf":{"@id":"https:\/\/www.elementvape.de\/#website"},"primaryImageOfPage":{"@id":"https:\/\/www.elementvape.de\/produkt\/elf-bar-elfa-pods-2-ml\/#primaryimage"},"image":{"@id":"https:\/\/www.elementvape.de\/produkt\/elf-bar-elfa-pods-2-ml\/#primaryimage"},"thumbnailUrl":"https:\/\/www.elementvape.de\/wp-content\/uploads\/2024\/05\/Elf-Bar-Elfa-Pod.webp","datePublished":"2024-05-08T08:31:27+00:00","dateModified":"2024-09-12T10:31:46+00:00","description":"Wir bieten ELF BAR ELFA Pods - 2 ml , Elementvape.de akzeptieren Gro\u00df-und Einzelhandel Bestellungen.","breadcrumb":{"@id":"https:\/\/www.elementvape.de\/produkt\/elf-bar-elfa-pods-2-ml\/#breadcrumb"},"inLanguage":"da-DK","potentialAction":[{"@type":"ReadAction","target":["https:\/\/www.elementvape.de\/produkt\/elf-bar-elfa-pods-2-ml\/"]}]},{"@type":"ImageObject","inLanguage":"da-DK","@id":"https:\/\/www.elementvape.de\/produkt\/elf-bar-elfa-pods-2-ml\/#primaryimage","url":"https:\/\/www.elementvape.de\/wp-content\/uploads\/2024\/05\/Elf-Bar-Elfa-Pod.webp","contentUrl":"https:\/\/www.elementvape.de\/wp-content\/uploads\/2024\/05\/Elf-Bar-Elfa-Pod.webp","width":800,"height":800,"caption":"Elf-Bar-Elfa-Pod"},{"@type":"BreadcrumbList","@id":"https:\/\/www.elementvape.de\/produkt\/elf-bar-elfa-pods-2-ml\/#breadcrumb","itemListElement":[{"@type":"ListItem","position":1,"name":"Home","item":"https:\/\/www.elementvape.de\/"},{"@type":"ListItem","position":2,"name":"Shop","item":"https:\/\/www.elementvape.de\/shop\/"},{"@type":"ListItem","position":3,"name":"ELF BAR ELFA Pods &#8211; 2 ml"}]},{"@type":"WebSite","@id":"https:\/\/www.elementvape.de\/#website","url":"https:\/\/www.elementvape.de\/","name":"ElementVape.de","description":"","publisher":{"@id":"https:\/\/www.elementvape.de\/#organization"},"potentialAction":[{"@type":"SearchAction","target":{"@type":"EntryPoint","urlTemplate":"https:\/\/www.elementvape.de\/?s={search_term_string}"},"query-input":"required name=search_term_string"}],"inLanguage":"da-DK"},{"@type":"Organization","@id":"https:\/\/www.elementvape.de\/#organization","name":"ElementVape.DE","url":"https:\/\/www.elementvape.de\/","logo":{"@type":"ImageObject","inLanguage":"da-DK","@id":"https:\/\/www.elementvape.de\/#\/schema\/logo\/image\/","url":"https:\/\/www.elementvape.de\/wp-content\/uploads\/2024\/09\/cropped-1elementvape-3.png","contentUrl":"https:\/\/www.elementvape.de\/wp-content\/uploads\/2024\/09\/cropped-1elementvape-3.png","width":285,"height":228,"caption":"ElementVape.DE"},"image":{"@id":"https:\/\/www.elementvape.de\/#\/schema\/logo\/image\/"}}]}},"_links":{"self":[{"href":"https:\/\/www.elementvape.de\/da\/wp-json\/wp\/v2\/product\/10400"}],"collection":[{"href":"https:\/\/www.elementvape.de\/da\/wp-json\/wp\/v2\/product"}],"about":[{"href":"https:\/\/www.elementvape.de\/da\/wp-json\/wp\/v2\/types\/product"}],"wp:featuredmedia":[{"embeddable":true,"href":"https:\/\/www.elementvape.de\/da\/wp-json\/wp\/v2\/media\/10401"}],"wp:attachment":[{"href":"https:\/\/www.elementvape.de\/da\/wp-json\/wp\/v2\/media?parent=10400"}],"wp:term":[{"taxonomy":"product_cat","embeddable":true,"href":"https:\/\/www.elementvape.de\/da\/wp-json\/wp\/v2\/product_cat?post=10400"},{"taxonomy":"product_tag","embeddable":true,"href":"https:\/\/www.elementvape.de\/da\/wp-json\/wp\/v2\/product_tag?post=10400"}],"curies":[{"name":"wp","href":"https:\/\/api.w.org\/{rel}","templated":true}]}}