{"id":10307,"date":"2024-04-29T08:01:21","date_gmt":"2024-04-29T08:01:21","guid":{"rendered":"https:\/\/www.elementvape.de\/?post_type=product&#038;p=10307"},"modified":"2026-01-05T19:11:18","modified_gmt":"2026-01-05T19:11:18","slug":"randm-tornado-9000-einweg-vape-9000-puffs-eu-lagerraum","status":"publish","type":"product","link":"https:\/\/www.elementvape.de\/da\/produkt\/randm-tornado-9000-einweg-vape-9000-puffs-eu-lagerraum\/","title":{"rendered":"Randm Tornado 9000 engangs vape 9000 puffs EU-lager"},"content":{"rendered":"<p>Minimumsbestillingsm\u00e6ngden for e-cigaretter er 1 pakke med 10 e-cigaretter. Du kan v\u00e6lge din yndlingssmag.<\/p>\n<p>Prisen for dette produkt g\u00e6lder for 10 vapes.<\/p>\n<p>E-mail: <a rel=\"noreferrer\">elementvapede@gmail.com<\/a><\/p>\n<hr \/>\n<h2><strong>RandM Tornado 9000: Den ultimative damperoplevelse<\/strong><\/h2>\n<p><strong>Vi pr\u00e6senterer: RandM Tornado 9000 \u2013 En smagsstorm frigivet<\/strong><\/p>\n<p>Nyd en enest\u00e5ende oplevelse med RandM Tornado 9000, en dampenhed kendt for sin rene og blide smag. Denne ekstraordin\u00e6re e-cigaret er udviklet til at give dig en berusende smagsrejse med hver drag. Uanset om du er en erfaren damper eller nybegynder, vil RandM Tornado 9000 uden tvivl give dig en sp\u00e6ndende damperoplevelse, der f\u00e5r dig til at vende tilbage igen og igen for at opdage mere.<\/p>\n<h3><strong>Uovertruffen batterilevetid og brugervenligt design<\/strong><\/h3>\n<p>RandM Tornado 9000 er udstyret med et kraftfuldt batteri, s\u00e5 du kan nyde l\u00e6ngere dampsessioner uden hyppig opladning. Sig farvel til besv\u00e6ret med at finde en str\u00f8mkilde. Denne damper er holdbar og giver dig en uafbrudt damperoplevelse.<\/p>\n<p>Det ergonomiske design af RandM Tornado 9000 er et bevis p\u00e5 dets overlegne h\u00e5ndv\u00e6rk. Enheden ligger godt i h\u00e5nden, er b\u00e6rbar og let at bruge overalt. Det slanke og alligevel robuste design sikrer en f\u00f8rsteklasses damperoplevelse uden klirren eller m\u00e6rkelige lyde under brug.<\/p>\n<p><strong>Omfang<\/strong><\/p>\n<ul>\n<li>2% Nikotinsalt<\/li>\n<li>18 ml E-v\u00e6ske<\/li>\n<li>Mesh-spole<\/li>\n<li>Genopladeligt batteri<\/li>\n<li>Indbygget 850-mAh batteri<\/li>\n<li>20 smagsvarianter tilg\u00e6ngelige<\/li>\n<li>Leveres i en pr\u00e6sentationsboks med 10 stk.<\/li>\n<li>200 stk. pr. kasse<\/li>\n<\/ul>\n<h4><strong>Dyk ned i farverige e-cigaretter<\/strong><\/h4>\n<p>RGB-belysningen p\u00e5 RandM Tornado 9000 er fascinerende. Mens du tager et drag, lyser bunden af enheden op og viser en r\u00e6kke fascinerende farver, fra glad gul til br\u00e6ndende r\u00f8d, beroligende bl\u00e5 til beroligende gr\u00f8n og fascinerende lilla. Lysene tilf\u00f8jer et visuelt element til din damperoplevelse. Lysene f\u00f8lger dine drag og blinker i cirka syv sekunder uden afbrydelse, hvilket skaber en virkelig immersiv oplevelse.<\/p>\n<p><strong>Justerbar luftstr\u00f8m og avancerede mesh-spoler<\/strong><\/p>\n<p>RandM Tornado 9000 har en h\u00f8j kvalitet mesh-spole, der sikrer fremragende smag og dampproduktion. Mesh-coil-teknologien sikrer en j\u00e6vn varmefordeling for en ensartet f\u00f8lelse. Du vil blive overrasket over smagens fylde og dybde.<\/p>\n<h3><strong>Bestil nu RandM Tornado 9000<\/strong><\/h3>\n<p>Er du klar til at forbedre din dampoplevelse? G\u00e5 ikke glip af de utrolige funktioner og smagsvarianter, som RandM Tornado 9000 har at tilbyde. Giv din ordre nu og dyk ned i en verden af duftende skyer og ubesv\u00e6ret rygning.<\/p>","protected":false},"excerpt":{"rendered":"<p>Die Mindestbestellmenge f\u00fcr E-Zigaretten betr\u00e4gt 1 Packung mit 10 E-Zigaretten. Sie k\u00f6nnen Ihren Lieblingsgeschmack w\u00e4hlen. Der Preis f\u00fcr dieses Produkt gilt f\u00fcr 10 Vapes. E-Mail: elementvapede@gmail.com RandM Tornado 9000: Das ultimative Dampferlebnis Wir stellen vor: RandM Tornado 9000 \u2013 Ein Geschmackssturm entfesselt Genie\u00dfen Sie ein au\u00dfergew\u00f6hnliches Erlebnis mit dem RandM Tornado 9000, einem Dampfger\u00e4t, das [&hellip;]<\/p>","protected":false},"featured_media":10315,"template":"","meta":{"inline_featured_image":false},"product_cat":[15,78,735,746,741,733,747,740,734,753,754,745,742,748,750,737,736,749,752,756,739,743,744,755,738,751],"product_tag":[710,709,684],"tiered_pricing_type":"fixed","tiered_pricing_fixed_rules":{"50":"7.92","110":"7.48","210":"7.04","510":"6.6","1100":"6.16"},"tiered_pricing_percentage_rules":[],"tiered_pricing_minimum":1,"_administrator_tiered_pricing_type":"fixed","_administrator_tiered_pricing_fixed_rules":[],"_editor_tiered_pricing_type":"fixed","_editor_tiered_pricing_fixed_rules":[],"_author_tiered_pricing_type":"fixed","_author_tiered_pricing_fixed_rules":[],"_contributor_tiered_pricing_type":"fixed","_contributor_tiered_pricing_fixed_rules":[],"_subscriber_tiered_pricing_type":"fixed","_subscriber_tiered_pricing_fixed_rules":[],"_customer_tiered_pricing_type":"fixed","_customer_tiered_pricing_fixed_rules":[],"_shop_manager_tiered_pricing_type":"fixed","_shop_manager_tiered_pricing_fixed_rules":[],"_wpseo_manager_tiered_pricing_type":"fixed","_wpseo_manager_tiered_pricing_fixed_rules":[],"_wpseo_editor_tiered_pricing_type":"fixed","_wpseo_editor_tiered_pricing_fixed_rules":[],"_wholesale_customer_tiered_pricing_type":"fixed","_wholesale_customer_tiered_pricing_fixed_rules":[],"_marketer_tiered_pricing_type":"fixed","_marketer_tiered_pricing_fixed_rules":[],"_sales_manager_tiered_pricing_type":"fixed","_sales_manager_tiered_pricing_fixed_rules":[],"_sales_rep_tiered_pricing_type":"fixed","_sales_rep_tiered_pricing_fixed_rules":[],"yoast_head":"<!-- This site is optimized with the Yoast SEO plugin v23.3 - https:\/\/yoast.com\/wordpress\/plugins\/seo\/ -->\n<title>Randm Tornado 9000 Einweg Vape 9000 Puffs Eu lagerraum | ElementVape.de<\/title>\n<meta name=\"description\" content=\"Wir bieten Randm Tornado 9000 Einweg Vape 9000 Puffs Eu lagerraum , Elementvape.de akzeptieren Gro\u00df-und Einzelhandel Bestellungen.\" \/>\n<meta name=\"robots\" content=\"index, follow, max-snippet:-1, max-image-preview:large, max-video-preview:-1\" \/>\n<link rel=\"canonical\" href=\"https:\/\/www.elementvape.de\/da\/produkt\/randm-tornado-9000-einweg-vape-9000-puffs-eu-lagerraum\/\" \/>\n<meta property=\"og:locale\" content=\"da_DK\" \/>\n<meta property=\"og:type\" content=\"article\" \/>\n<meta property=\"og:title\" content=\"Randm Tornado 9000 Einweg Vape 9000 Puffs Eu lagerraum | ElementVape.de\" \/>\n<meta property=\"og:description\" content=\"Wir bieten Randm Tornado 9000 Einweg Vape 9000 Puffs Eu lagerraum , Elementvape.de akzeptieren Gro\u00df-und Einzelhandel Bestellungen.\" \/>\n<meta property=\"og:url\" content=\"https:\/\/www.elementvape.de\/da\/produkt\/randm-tornado-9000-einweg-vape-9000-puffs-eu-lagerraum\/\" \/>\n<meta property=\"og:site_name\" content=\"ElementVape.de\" \/>\n<meta property=\"article:modified_time\" content=\"2026-01-05T19:11:18+00:00\" \/>\n<meta property=\"og:image\" content=\"https:\/\/www.elementvape.de\/wp-content\/uploads\/2024\/04\/RandM-Tornado-9000-Puffs-10.webp\" \/>\n\t<meta property=\"og:image:width\" content=\"800\" \/>\n\t<meta property=\"og:image:height\" content=\"800\" \/>\n\t<meta property=\"og:image:type\" content=\"image\/webp\" \/>\n<meta name=\"twitter:card\" content=\"summary_large_image\" \/>\n<meta name=\"twitter:label1\" content=\"Est. reading time\" \/>\n\t<meta name=\"twitter:data1\" content=\"3 minutter\" \/>\n<script type=\"application\/ld+json\" class=\"yoast-schema-graph\">{\"@context\":\"https:\/\/schema.org\",\"@graph\":[{\"@type\":\"WebPage\",\"@id\":\"https:\/\/www.elementvape.de\/produkt\/randm-tornado-9000-einweg-vape-9000-puffs-eu-lagerraum\/\",\"url\":\"https:\/\/www.elementvape.de\/produkt\/randm-tornado-9000-einweg-vape-9000-puffs-eu-lagerraum\/\",\"name\":\"Randm Tornado 9000 Einweg Vape 9000 Puffs Eu lagerraum | ElementVape.de\",\"isPartOf\":{\"@id\":\"https:\/\/www.elementvape.de\/#website\"},\"primaryImageOfPage\":{\"@id\":\"https:\/\/www.elementvape.de\/produkt\/randm-tornado-9000-einweg-vape-9000-puffs-eu-lagerraum\/#primaryimage\"},\"image\":{\"@id\":\"https:\/\/www.elementvape.de\/produkt\/randm-tornado-9000-einweg-vape-9000-puffs-eu-lagerraum\/#primaryimage\"},\"thumbnailUrl\":\"https:\/\/www.elementvape.de\/wp-content\/uploads\/2024\/04\/RandM-Tornado-9000-Puffs-10.webp\",\"datePublished\":\"2024-04-29T08:01:21+00:00\",\"dateModified\":\"2026-01-05T19:11:18+00:00\",\"description\":\"Wir bieten Randm Tornado 9000 Einweg Vape 9000 Puffs Eu lagerraum , Elementvape.de akzeptieren Gro\u00df-und Einzelhandel Bestellungen.\",\"breadcrumb\":{\"@id\":\"https:\/\/www.elementvape.de\/produkt\/randm-tornado-9000-einweg-vape-9000-puffs-eu-lagerraum\/#breadcrumb\"},\"inLanguage\":\"da-DK\",\"potentialAction\":[{\"@type\":\"ReadAction\",\"target\":[\"https:\/\/www.elementvape.de\/produkt\/randm-tornado-9000-einweg-vape-9000-puffs-eu-lagerraum\/\"]}]},{\"@type\":\"ImageObject\",\"inLanguage\":\"da-DK\",\"@id\":\"https:\/\/www.elementvape.de\/produkt\/randm-tornado-9000-einweg-vape-9000-puffs-eu-lagerraum\/#primaryimage\",\"url\":\"https:\/\/www.elementvape.de\/wp-content\/uploads\/2024\/04\/RandM-Tornado-9000-Puffs-10.webp\",\"contentUrl\":\"https:\/\/www.elementvape.de\/wp-content\/uploads\/2024\/04\/RandM-Tornado-9000-Puffs-10.webp\",\"width\":800,\"height\":800},{\"@type\":\"BreadcrumbList\",\"@id\":\"https:\/\/www.elementvape.de\/produkt\/randm-tornado-9000-einweg-vape-9000-puffs-eu-lagerraum\/#breadcrumb\",\"itemListElement\":[{\"@type\":\"ListItem\",\"position\":1,\"name\":\"Home\",\"item\":\"https:\/\/www.elementvape.de\/\"},{\"@type\":\"ListItem\",\"position\":2,\"name\":\"Shop\",\"item\":\"https:\/\/www.elementvape.de\/shop\/\"},{\"@type\":\"ListItem\",\"position\":3,\"name\":\"Randm Tornado 9000 Einweg Vape 9000 Puffs Eu lagerraum\"}]},{\"@type\":\"WebSite\",\"@id\":\"https:\/\/www.elementvape.de\/#website\",\"url\":\"https:\/\/www.elementvape.de\/\",\"name\":\"ElementVape.de\",\"description\":\"\",\"publisher\":{\"@id\":\"https:\/\/www.elementvape.de\/#organization\"},\"potentialAction\":[{\"@type\":\"SearchAction\",\"target\":{\"@type\":\"EntryPoint\",\"urlTemplate\":\"https:\/\/www.elementvape.de\/?s={search_term_string}\"},\"query-input\":\"required name=search_term_string\"}],\"inLanguage\":\"da-DK\"},{\"@type\":\"Organization\",\"@id\":\"https:\/\/www.elementvape.de\/#organization\",\"name\":\"ElementVape.DE\",\"url\":\"https:\/\/www.elementvape.de\/\",\"logo\":{\"@type\":\"ImageObject\",\"inLanguage\":\"da-DK\",\"@id\":\"https:\/\/www.elementvape.de\/#\/schema\/logo\/image\/\",\"url\":\"https:\/\/www.elementvape.de\/wp-content\/uploads\/2024\/09\/cropped-1elementvape-3.png\",\"contentUrl\":\"https:\/\/www.elementvape.de\/wp-content\/uploads\/2024\/09\/cropped-1elementvape-3.png\",\"width\":285,\"height\":228,\"caption\":\"ElementVape.DE\"},\"image\":{\"@id\":\"https:\/\/www.elementvape.de\/#\/schema\/logo\/image\/\"}}]}<\/script>\n<!-- \/ Yoast SEO plugin. -->","yoast_head_json":{"title":"Randm Tornado 9000 Einweg Vape 9000 Puffs Eu lagerraum | ElementVape.de","description":"Wir bieten Randm Tornado 9000 Einweg Vape 9000 Puffs Eu lagerraum , Elementvape.de akzeptieren Gro\u00df-und Einzelhandel Bestellungen.","robots":{"index":"index","follow":"follow","max-snippet":"max-snippet:-1","max-image-preview":"max-image-preview:large","max-video-preview":"max-video-preview:-1"},"canonical":"https:\/\/www.elementvape.de\/da\/produkt\/randm-tornado-9000-einweg-vape-9000-puffs-eu-lagerraum\/","og_locale":"da_DK","og_type":"article","og_title":"Randm Tornado 9000 Einweg Vape 9000 Puffs Eu lagerraum | ElementVape.de","og_description":"Wir bieten Randm Tornado 9000 Einweg Vape 9000 Puffs Eu lagerraum , Elementvape.de akzeptieren Gro\u00df-und Einzelhandel Bestellungen.","og_url":"https:\/\/www.elementvape.de\/da\/produkt\/randm-tornado-9000-einweg-vape-9000-puffs-eu-lagerraum\/","og_site_name":"ElementVape.de","article_modified_time":"2026-01-05T19:11:18+00:00","og_image":[{"width":800,"height":800,"url":"https:\/\/www.elementvape.de\/wp-content\/uploads\/2024\/04\/RandM-Tornado-9000-Puffs-10.webp","type":"image\/webp"}],"twitter_card":"summary_large_image","twitter_misc":{"Est. reading time":"3 minutter"},"schema":{"@context":"https:\/\/schema.org","@graph":[{"@type":"WebPage","@id":"https:\/\/www.elementvape.de\/produkt\/randm-tornado-9000-einweg-vape-9000-puffs-eu-lagerraum\/","url":"https:\/\/www.elementvape.de\/produkt\/randm-tornado-9000-einweg-vape-9000-puffs-eu-lagerraum\/","name":"Randm Tornado 9000 Einweg Vape 9000 Puffs Eu lagerraum | ElementVape.de","isPartOf":{"@id":"https:\/\/www.elementvape.de\/#website"},"primaryImageOfPage":{"@id":"https:\/\/www.elementvape.de\/produkt\/randm-tornado-9000-einweg-vape-9000-puffs-eu-lagerraum\/#primaryimage"},"image":{"@id":"https:\/\/www.elementvape.de\/produkt\/randm-tornado-9000-einweg-vape-9000-puffs-eu-lagerraum\/#primaryimage"},"thumbnailUrl":"https:\/\/www.elementvape.de\/wp-content\/uploads\/2024\/04\/RandM-Tornado-9000-Puffs-10.webp","datePublished":"2024-04-29T08:01:21+00:00","dateModified":"2026-01-05T19:11:18+00:00","description":"Wir bieten Randm Tornado 9000 Einweg Vape 9000 Puffs Eu lagerraum , Elementvape.de akzeptieren Gro\u00df-und Einzelhandel Bestellungen.","breadcrumb":{"@id":"https:\/\/www.elementvape.de\/produkt\/randm-tornado-9000-einweg-vape-9000-puffs-eu-lagerraum\/#breadcrumb"},"inLanguage":"da-DK","potentialAction":[{"@type":"ReadAction","target":["https:\/\/www.elementvape.de\/produkt\/randm-tornado-9000-einweg-vape-9000-puffs-eu-lagerraum\/"]}]},{"@type":"ImageObject","inLanguage":"da-DK","@id":"https:\/\/www.elementvape.de\/produkt\/randm-tornado-9000-einweg-vape-9000-puffs-eu-lagerraum\/#primaryimage","url":"https:\/\/www.elementvape.de\/wp-content\/uploads\/2024\/04\/RandM-Tornado-9000-Puffs-10.webp","contentUrl":"https:\/\/www.elementvape.de\/wp-content\/uploads\/2024\/04\/RandM-Tornado-9000-Puffs-10.webp","width":800,"height":800},{"@type":"BreadcrumbList","@id":"https:\/\/www.elementvape.de\/produkt\/randm-tornado-9000-einweg-vape-9000-puffs-eu-lagerraum\/#breadcrumb","itemListElement":[{"@type":"ListItem","position":1,"name":"Home","item":"https:\/\/www.elementvape.de\/"},{"@type":"ListItem","position":2,"name":"Shop","item":"https:\/\/www.elementvape.de\/shop\/"},{"@type":"ListItem","position":3,"name":"Randm Tornado 9000 Einweg Vape 9000 Puffs Eu lagerraum"}]},{"@type":"WebSite","@id":"https:\/\/www.elementvape.de\/#website","url":"https:\/\/www.elementvape.de\/","name":"ElementVape.de","description":"","publisher":{"@id":"https:\/\/www.elementvape.de\/#organization"},"potentialAction":[{"@type":"SearchAction","target":{"@type":"EntryPoint","urlTemplate":"https:\/\/www.elementvape.de\/?s={search_term_string}"},"query-input":"required name=search_term_string"}],"inLanguage":"da-DK"},{"@type":"Organization","@id":"https:\/\/www.elementvape.de\/#organization","name":"ElementVape.DE","url":"https:\/\/www.elementvape.de\/","logo":{"@type":"ImageObject","inLanguage":"da-DK","@id":"https:\/\/www.elementvape.de\/#\/schema\/logo\/image\/","url":"https:\/\/www.elementvape.de\/wp-content\/uploads\/2024\/09\/cropped-1elementvape-3.png","contentUrl":"https:\/\/www.elementvape.de\/wp-content\/uploads\/2024\/09\/cropped-1elementvape-3.png","width":285,"height":228,"caption":"ElementVape.DE"},"image":{"@id":"https:\/\/www.elementvape.de\/#\/schema\/logo\/image\/"}}]}},"_links":{"self":[{"href":"https:\/\/www.elementvape.de\/da\/wp-json\/wp\/v2\/product\/10307"}],"collection":[{"href":"https:\/\/www.elementvape.de\/da\/wp-json\/wp\/v2\/product"}],"about":[{"href":"https:\/\/www.elementvape.de\/da\/wp-json\/wp\/v2\/types\/product"}],"wp:featuredmedia":[{"embeddable":true,"href":"https:\/\/www.elementvape.de\/da\/wp-json\/wp\/v2\/media\/10315"}],"wp:attachment":[{"href":"https:\/\/www.elementvape.de\/da\/wp-json\/wp\/v2\/media?parent=10307"}],"wp:term":[{"taxonomy":"product_cat","embeddable":true,"href":"https:\/\/www.elementvape.de\/da\/wp-json\/wp\/v2\/product_cat?post=10307"},{"taxonomy":"product_tag","embeddable":true,"href":"https:\/\/www.elementvape.de\/da\/wp-json\/wp\/v2\/product_tag?post=10307"}],"curies":[{"name":"wp","href":"https:\/\/api.w.org\/{rel}","templated":true}]}}